{"id":9720,"date":"2021-02-24T17:49:58","date_gmt":"2021-02-24T16:49:58","guid":{"rendered":"https:\/\/monnaber.com\/?page_id=9720"},"modified":"2022-02-21T10:15:20","modified_gmt":"2022-02-21T09:15:20","slug":"exigences-voyager-majorque-covid","status":"publish","type":"page","link":"https:\/\/monnaber.com\/fr\/exigences-voyager-majorque-covid\/","title":{"rendered":"Exigences voyager \u00e0 Majorque \u00e0 l&rsquo;\u00e9poque de Covid"},"content":{"rendered":"<div class=\"wpb-content-wrapper\"><p>[vc_row][vc_column][vc_widget_sidebar sidebar_id=\u00a0\u00bbsidebar-book-fr\u00a0\u00bb][vc_column_text]<\/p>\n<div class=\"block ficha enlaces\">\n<h3 class=\"titleficha\">MESURES DE PR\u00c9VENTION CONTRE LE COVID-19<\/h3>\n<div class=\"more-little-box synthoms\">Si vous avez des sympt\u00f4mes, restez \u00e0 la maison ou sur le lieu de logement et confinez vous dans votre chambre<\/div>\n<div class=\"more-little-box distance\">Maintenez une distance de 1,5 m\u00e8tres entre les personnes<\/div>\n<div class=\"more-little-box hands\">Lavez-vous les mains fr\u00e9quemment et m\u00e9ticuleursement<\/div>\n<div class=\"more-little-box eyes\">\u00c9vitez de vous toucher les yeux, le nez et la bouche<\/div>\n<div class=\"more-little-box mouth\">Eternuez et toussez dans votre coude<\/div>\n<div class=\"more-little-box tissue\">Utilisez des mouchoirs jetables<\/div>\n<\/div>\n<div class=\"block information ficha\">\n<div>\n<p><strong>Alerte sanitaire Covid-19 en Espagne<\/strong><\/p>\n<p><strong>N&rsquo;OUBLIEZ PAS:\u00a0<\/strong>Si vous allez voyager, consultez votre compagnie a\u00e9rienne avant d&rsquo;aller \u00e0 l&rsquo;a\u00e9roport et n&rsquo;oubliez pas que l&rsquo;utilisation du\u00a0<strong>masque\u00a0<\/strong>est obligatoire dans tous les espaces publics ouverts et ferm\u00e9s s&rsquo;il n&rsquo;est pas possible de maintenir la distance de s\u00e9curit\u00e9. Suivez les mesures d&rsquo;hygi\u00e8ne, maintenez la distanciation physique de\u00a0<strong>1,5 m\u00e8tres\u00a0<\/strong>avec toute personne et r\u00e9cup\u00e9rez votre bagage vous m\u00eame.<\/p>\n<\/div>\n<div class=\"ico-img\"><\/div>\n<\/div>\n<div class=\"block iftravel ficha\">\n<h2>Si vous allez voyager en Espagne<\/h2>\n<div class=\"stop-virus\">\n<p>Si vous pr\u00e9parez un voyage en Espagne vous devez savoir que du fait de la crise sanitaire du COVID-19, il est obligatoire de compl\u00e9ter un Formulaire de Contr\u00f4le Sanitaire auquel il est possible d&rsquo;acc\u00e9der depuis la page spth.gob.es ou bien en le d\u00e9chargeant l&rsquo;appli sur votre portable depuis la m\u00eame page.<\/p>\n<\/div>\n<div class=\"spth\">\n<p>VOUS NE DEVEZ PAS VOYAGER si vous avez les sympt\u00f4mes compatibles avec le COVID-19: fi\u00e8vre, toux, difficult\u00e9 respiratoire, ayant d\u00e9but\u00e9s durant les 14 derniers jours<\/p>\n<p>,<\/p>\n<\/div>\n<\/div>\n<div class=\"steps p-grid\">\n<div class=\"p-col step1\"><strong>Avant le voyage:<\/strong><br \/>\nRemplissez votre formulaire, obtenez votre code QR<\/div>\n<div class=\"p-col step2\"><strong>A l&rsquo;a\u00e9roport :<\/strong><br \/>\nMontrez le code QR de votre voyage au point de contr\u00f4le<\/div>\n<div class=\"p-col step3\"><strong>Pendant votre s\u00e9jour:<\/strong><br \/>\nProfitez-en et contactez nous si vous en avez besoin<\/div>\n<\/div>\n<div class=\"block iftravel2 ficha\">\n<h2>Avant le voyage<\/h2>\n<div>\n<p>Vous devrez compl\u00e9ter tout le Formulaire depuis la page web ou depuis l&rsquo;appli, et \u00e0 partir de\u00a0<strong>48 HEURS\u00a0<\/strong>avant le vol vous pourrez envoyer le formulaire aux autorit\u00e9s santiaires. Une fois envoy\u00e9 vous recevrez un courrier avec un code QR qui vous permettra d&rsquo;acc\u00e9der \u00e0 l&rsquo;a\u00e9roport de destination. Vous devez l&#8217;emporter imprim\u00e9 ou bien sur le t\u00e9l\u00e9phone portable.<\/p>\n<\/div>\n<div class=\"ico-img\"><\/div>\n<\/div>\n<div class=\"block inairport ficha\">\n<h2>\u00c0 l&rsquo;a\u00e9roport<\/h2>\n<div class=\"qricon\">\n<p>Une fois \u00e0 l&rsquo;a\u00e9roport vous devrez montrer le code QR qui sera scann\u00e9 au contr\u00f4le sanitaire, afin de pouvoir acc\u00e9der au terminal et r\u00e9cup\u00e9rer vos bagages,<\/p>\n<\/div>\n<div class=\"sanidadicon\">\n<p>Maintenez la distanciation physique entre les personnes d&rsquo;au moins 1,5m, une hygi\u00e8ne des mains fr\u00e9quente et suivez l&rsquo;\u00e9tiquette respiratoire (se couvrir au moment de tousser ou \u00e9ternuer) dans l&rsquo;a\u00e9roport et durant le voyage.<\/p>\n<\/div>\n<\/div>\n<div class=\"block intravel ficha\">\n<h2>Pendant le voyage et votre s\u00e9jour<\/h2>\n<div>\n<p>VOL<br \/>\n-Si vous pr\u00e9sentez des sympt\u00f4mes (fi\u00e8vre, toux, difficult\u00e9 respiratoire) ou un malaise durant le voyage, avertissez l&rsquo;\u00e9quipage aussi vite que possible.<br \/>\n-L&rsquo;utilisation du masque est obligatoire dans les moyens de transport public.<\/p>\n<p>A\u00c9ROPORT<br \/>\n-Collaborez avec les contr\u00f4les sanitaires mis en place \u00e0 l&rsquo;a\u00e9roport.<br \/>\n&#8211; \u00c1 votre arriv\u00e9e \u00e0 destination, minimisez les interactions avec les personnes et le temps de passage dans l&rsquo;a\u00e9roport, pour r\u00e9duire le risque de transmission du virus<\/p>\n<p>S\u00c9JOUR<br \/>\n&#8211; Si durant votre s\u00e9jour en Espagne vous pr\u00e9sentez des sympt\u00f4mes compatibles avec le COVID-19 (fi\u00e8vre, difficult\u00e9 respiratoire, toux) ou d&rsquo;autres sympt\u00f4mes compatibles avec le COVID-19 comme une perte d&rsquo;odorat et du go\u00fbt, des frissons, mal de gorge, diarrh\u00e9e ou vomissements, vous devrez prendre contact avec les autorit\u00e9s sanitaires de la communaut\u00e9 autonome dans laquelle vous vous trouvez.<\/p>\n<\/div>\n<div class=\"ico-img\"><\/div>\n<\/div>\n<p>[\/vc_column_text][\/vc_column][\/vc_row]<\/p>\n<\/div>","protected":false},"excerpt":{"rendered":"<p>[vc_row][vc_column][vc_widget_sidebar sidebar_id=\u00a0\u00bbsidebar-book-fr\u00a0\u00bb][vc_column_text] MESURES DE PR\u00c9VENTION CONTRE LE COVID-19 Si vous avez des sympt\u00f4mes, restez \u00e0 la maison ou sur le lieu de logement et confinez vous<span class=\"excerpt-hellip\"> [\u2026]<\/span><\/p>\n","protected":false},"author":1,"featured_media":0,"parent":0,"menu_order":0,"comment_status":"closed","ping_status":"closed","template":"","meta":{"footnotes":""},"class_list":["post-9720","page","type-page","status-publish","hentry"],"_links":{"self":[{"href":"https:\/\/monnaber.com\/fr\/wp-json\/wp\/v2\/pages\/9720","targetHints":{"allow":["GET"]}}],"collection":[{"href":"https:\/\/monnaber.com\/fr\/wp-json\/wp\/v2\/pages"}],"about":[{"href":"https:\/\/monnaber.com\/fr\/wp-json\/wp\/v2\/types\/page"}],"author":[{"embeddable":true,"href":"https:\/\/monnaber.com\/fr\/wp-json\/wp\/v2\/users\/1"}],"replies":[{"embeddable":true,"href":"https:\/\/monnaber.com\/fr\/wp-json\/wp\/v2\/comments?post=9720"}],"version-history":[{"count":0,"href":"https:\/\/monnaber.com\/fr\/wp-json\/wp\/v2\/pages\/9720\/revisions"}],"wp:attachment":[{"href":"https:\/\/monnaber.com\/fr\/wp-json\/wp\/v2\/media?parent=9720"}],"curies":[{"name":"wp","href":"https:\/\/api.w.org\/{rel}","templated":true}]}}