{"id":5112,"date":"2017-04-28T11:12:36","date_gmt":"2017-04-28T09:12:36","guid":{"rendered":"https:\/\/monnaber.com\/fr\/hotel-de-luxe-y-charme-majorque-logement-majorque\/villa\/"},"modified":"2025-08-20T11:02:47","modified_gmt":"2025-08-20T09:02:47","slug":"villa","status":"publish","type":"page","link":"https:\/\/monnaber.com\/fr\/hotel-de-luxe-y-charme-majorque-logement-majorque\/villa\/","title":{"rendered":"Villa \u00ab\u00a0S&rsquo;era\u00a0\u00bb"},"content":{"rendered":"<div class=\"wpb-content-wrapper\"><p>[vc_row][vc_column][vc_widget_sidebar sidebar_id=\u00a0\u00bbsidebar-book-fr\u00a0\u00bb][\/vc_column][\/vc_row][vc_row css=\u00a0\u00bb.vc_custom_1431360458683{margin-top: 0px !important;}\u00a0\u00bb][vc_column width=\u00a0\u00bb1\/2&Prime;]<div class=\"fancy_heading fancy_heading_line\"><div class=\"fh-top\"><\/div><h1 class=\"title \">Villa exclusive et luxueuse S\u00b4Era \u00e0 Majorque<\/h1><\/div>\n[vc_column_text]La villa \u00abS&rsquo;era \u00bb est une cottage moderne idyllique (160m2) avec deux chambres s\u00e9par\u00e9es, deux salles de bains, grand salon, cuisine avec coin repas et entour\u00e9 par la fen\u00eatre. Il est situ\u00e9 \u00e0 l&rsquo;entr\u00e9e de la ferme, \u00e0 environ 1 km de la maison principale.<\/p>\n<p>Vous pourrez profiter de la vue sur la vall\u00e9e et les champs avec des fen\u00eatres panoramiques.<\/p>\n<p>Confidentialit\u00e9 garantie et une atmosph\u00e8re d\u00e9tendue promet un s\u00e9jour inoubliable.<\/p>\n<p>Et ne pas oublier que les clients peuvent \u00e9galement utiliser tous les \u00e9quipements de l&rsquo;h\u00f4tel.<\/p>\n<p>Veuillez noter que le nettoyage de la villa sera effectu\u00e9 tous les 3 jours avec changement des serviettes et des draps, il n&rsquo;y aura pas de nettoyage des ustensiles de cuisine et des ustensiles de cuisine.[\/vc_column_text][\/vc_column][vc_column width=\u00a0\u00bb1\/2&Prime;][vc_empty_space][vc_single_image image=\u00a0\u00bb5206&Prime; img_size=\u00a0\u00bbfull\u00a0\u00bb alignment=\u00a0\u00bbcenter\u00a0\u00bb onclick=\u00a0\u00bblink_image\u00a0\u00bb][\/vc_column][\/vc_row][vc_row][vc_column width=\u00a0\u00bb3\/4&Prime;][vc_video link=\u00a0\u00bbhttps:\/\/www.youtube.com\/watch?v=V3FaquV5W-U\u00a0\u00bb align=\u00a0\u00bbcenter\u00a0\u00bb][\/vc_column][vc_column width=\u00a0\u00bb1\/4&Prime;]<div class=\"infobox\" ><h3 class=\"title \">\nEn toute intimit\u00e9, mais aussi profiter des services et des installations de l'h\u00f4tel\n<\/h3><div class=\"infobox_wrapper\"><span class=\"ib-desc\"><\/p>\n<ul>\n<li>Satellite TV<\/li>\n<li>Safety Box<\/li>\n<li>Air Conditioning<\/li>\n<li>Heating<\/li>\n<li>Cuisine compl\u00e8te<\/li>\n<li>Telephone<\/li>\n<li>jacuzzi priv\u00e9, juste en \u00e9t\u00e9<\/li>\n<li>Hairdryer and Bathrobe<\/li>\n<li>2 Full bathroom with Amenities<\/li>\n<li>Wireless internet<\/li>\n<\/ul>\n<p><\/span><\/div><\/div>\n[\/vc_column][\/vc_row][vc_row][vc_column][vc_images_carousel images=\u00a0\u00bb6255,6256,6257,6258,6259,6260,6261,6262,6263,6264&Prime; img_size=\u00a0\u00bbfull\u00a0\u00bb speed=\u00a0\u00bb3000&Prime; autoplay=\u00a0\u00bbyes\u00a0\u00bb wrap=\u00a0\u00bbyes\u00a0\u00bb][\/vc_column][\/vc_row][vc_row][vc_column]<div class=\"fancy_heading fancy_heading_line\"><div class=\"fh-top\"><span class=\"slogan\">Combining Elegance and Comfort<\/span><\/div><h1 class=\"title \">360\u00ba Virtual Tour<\/h1><\/div>\n[vc_raw_html css=\u00a0\u00bb\u00a0\u00bb]JTNDaWZyYW1lJTIwaWQlM0QlMjJ2dF9pZnJhbWVfOGUyOTZhMDY3YTM3NTYzMzcwZGVkMDVmNWEzYmYzZWMlMjIlMjBhbGxvdyUzRCUyMmFjY2VsZXJvbWV0ZXIlM0IlMjBjYW1lcmElM0IlMjBkaXNwbGF5LWNhcHR1cmUlM0IlMjBmdWxsc2NyZWVuJTNCJTIwZ2VvbG9jYXRpb24lM0IlMjBneXJvc2NvcGUlM0IlMjBtYWduZXRvbWV0ZXIlM0IlMjBtaWNyb3Bob25lJTNCJTIwbWlkaSUzQiUyMHhyLXNwYXRpYWwtdHJhY2tpbmclM0IlMjIlMjB3aWR0aCUzRCUyMjEwMCUyNSUyMiUyMGhlaWdodCUzRCUyMjYwMHB4JTIyJTIwZnJhbWVib3JkZXIlM0QlMjIwJTIyJTIwc2Nyb2xsaW5nJTNEJTIybm8lMjIlMjBtYXJnaW5oZWlnaHQlM0QlMjIwJTIyJTIwbWFyZ2lud2lkdGglM0QlMjIwJTIyJTIwc3JjJTNEJTIyaHR0cHMlM0ElMkYlMkZ2cjM2MC5tYWxsb3JjYS51cyUyRnZpZXdlciUyRmluZGV4LnBocCUzRmNvZGUlM0Q4ZTI5NmEwNjdhMzc1NjMzNzBkZWQwNWY1YTNiZjNlYyUyMiUzRSUzQyUyRmlmcmFtZSUzRQ==[\/vc_raw_html][\/vc_column][\/vc_row][vc_row][vc_column][vc_raw_html]JTNDc2NyaXB0JTNFJTBBJTIwJTIwZ3RhZyUyOCUyN2V2ZW50JTI3JTJDJTIwJTI3Y29udmVyc2lvbiUyNyUyQyUyMCU3QiUyN3NlbmRfdG8lMjclM0ElMjAlMjdBVy0xMDcxMjIyNjc3JTJGNmpoWkNJemt3cXNCRUpXZjV2NEQlMjclN0QlMjklM0IlMEElM0MlMkZzY3JpcHQlM0U=[\/vc_raw_html][\/vc_column][\/vc_row]<\/p>\n<\/div>","protected":false},"excerpt":{"rendered":"<p>[vc_row][vc_column][vc_widget_sidebar sidebar_id=\u00a0\u00bbsidebar-book-fr\u00a0\u00bb][\/vc_column][\/vc_row][vc_row css=\u00a0\u00bb.vc_custom_1431360458683{margin-top: 0px !important;}\u00a0\u00bb][vc_column width=\u00a0\u00bb1\/2&Prime;][vc_column_text]La villa \u00abS&rsquo;era \u00bb est une cottage moderne idyllique (160m2) avec deux chambres s\u00e9par\u00e9es, deux salles de bains, grand salon, cuisine<span class=\"excerpt-hellip\"> [\u2026]<\/span><\/p>\n","protected":false},"author":1,"featured_media":-1,"parent":2302,"menu_order":0,"comment_status":"open","ping_status":"open","template":"","meta":{"footnotes":""},"class_list":["post-5112","page","type-page","status-publish","has-post-thumbnail","hentry"],"_links":{"self":[{"href":"https:\/\/monnaber.com\/fr\/wp-json\/wp\/v2\/pages\/5112","targetHints":{"allow":["GET"]}}],"collection":[{"href":"https:\/\/monnaber.com\/fr\/wp-json\/wp\/v2\/pages"}],"about":[{"href":"https:\/\/monnaber.com\/fr\/wp-json\/wp\/v2\/types\/page"}],"author":[{"embeddable":true,"href":"https:\/\/monnaber.com\/fr\/wp-json\/wp\/v2\/users\/1"}],"replies":[{"embeddable":true,"href":"https:\/\/monnaber.com\/fr\/wp-json\/wp\/v2\/comments?post=5112"}],"version-history":[{"count":2,"href":"https:\/\/monnaber.com\/fr\/wp-json\/wp\/v2\/pages\/5112\/revisions"}],"predecessor-version":[{"id":15553,"href":"https:\/\/monnaber.com\/fr\/wp-json\/wp\/v2\/pages\/5112\/revisions\/15553"}],"up":[{"embeddable":true,"href":"https:\/\/monnaber.com\/fr\/wp-json\/wp\/v2\/pages\/2302"}],"wp:featuredmedia":[{"embeddable":true,"href":"https:\/\/monnaber.com\/fr\/wp-json\/"}],"wp:attachment":[{"href":"https:\/\/monnaber.com\/fr\/wp-json\/wp\/v2\/media?parent=5112"}],"curies":[{"name":"wp","href":"https:\/\/api.w.org\/{rel}","templated":true}]}}