{"id":2321,"date":"2016-03-08T22:23:23","date_gmt":"2016-03-08T21:23:23","guid":{"rendered":"http:\/\/monnaber.com\/fr\/?page_id=2321"},"modified":"2025-02-19T18:45:26","modified_gmt":"2025-02-19T17:45:26","slug":"standard","status":"publish","type":"page","link":"https:\/\/monnaber.com\/fr\/hotel-de-luxe-y-charme-majorque-logement-majorque\/deluxe-standard-hotel-rural-de-luxe-majorque\/standard\/","title":{"rendered":"Standard"},"content":{"rendered":"<div class=\"wpb-content-wrapper\"><p>[vc_row][vc_column][vc_widget_sidebar sidebar_id=\u00a0\u00bbsidebar-book-fr\u00a0\u00bb][\/vc_column][\/vc_row][vc_row css=\u00a0\u00bb.vc_custom_1431360458683{margin-top: 10px !important;}\u00a0\u00bb][vc_column width=\u00a0\u00bb2\/3&Prime;]<div class=\"fancy_heading fancy_heading_line\"><div class=\"fh-top\"><\/div><h1 class=\"title \">Chambre avec balcon ou terrasse \u00e0 l'h\u00f4tel rural Monnaber Nou at Majorque<\/h1><\/div>\n[vc_column_text]Chambres confortables avec balcon ou terrasse, d\u00e9cor\u00e9es dans un style rustique majorquin et pleinement \u00e9quip\u00e9 pour satisfaire votre s\u00e9jour et d&rsquo;une superficie d&rsquo;environ 25 m\u00b2.<\/p>\n<p>Situ\u00e9 \u00e0 600 m\u00e8tres du noyau principal. vous trouvera dans le m\u00eame b\u00e2timent, la maison de campagne de charme \u00ab Hort de Monnaber \u00bb avec petit d\u00e9jeuner et\u00a0 Poolbar.[\/vc_column_text][\/vc_column][vc_column width=\u00a0\u00bb1\/3&Prime;][vc_empty_space][vc_single_image image=\u00a0\u00bb3174&Prime; img_size=\u00a0\u00bb\u00a0\u00bb alignment=\u00a0\u00bbcenter\u00a0\u00bb][\/vc_column][\/vc_row][vc_row][vc_column width=\u00a0\u00bb2\/3&Prime;][vc_gallery interval=\u00a0\u00bb3&Prime; images=\u00a0\u00bb9658,9663,9668,9673,9678&Prime; img_size=\u00a0\u00bbfull\u00a0\u00bb][\/vc_column][vc_column width=\u00a0\u00bb1\/3&Prime;]<div class=\"infobox\" ><h3 class=\"title \">\nServices et installations de la chambre standard\n<\/h3><div class=\"infobox_wrapper\"><span class=\"ib-desc\"><\/p>\n<ul>\n<li>Satellite TV<\/li>\n<li>Coffre-fort<\/li>\n<li>Air conditionn\u00e9<\/li>\n<li>Chauffage<\/li>\n<li>Minibar<\/li>\n<li>Tel\u00e9phone<\/li>\n<li>S\u00e8che cheveux et Sorties de Bain<\/li>\n<li>Baignoire<\/li>\n<li>Wireless internet<\/li>\n<\/ul>\n<p><\/span><\/div><\/div>\n[\/vc_column][\/vc_row][vc_row][vc_column]<div class=\"fancy_heading fancy_heading_line\"><div class=\"fh-top\"><span class=\"slogan\">Combining Elegance and Comfort<\/span><\/div><h1 class=\"title \">360\u00ba Virtual Tour<\/h1><\/div>\n[vc_raw_html css=\u00a0\u00bb\u00a0\u00bb]JTNDaWZyYW1lJTIwaWQlM0QlMjJ2dF9pZnJhbWVfNmY0OTIyZjQ1NTY4MTYxYThjZGY0YWQyMjk5ZjZkMjMlMjIlMjBhbGxvdyUzRCUyMmFjY2VsZXJvbWV0ZXIlM0IlMjBjYW1lcmElM0IlMjBkaXNwbGF5LWNhcHR1cmUlM0IlMjBmdWxsc2NyZWVuJTNCJTIwZ2VvbG9jYXRpb24lM0IlMjBneXJvc2NvcGUlM0IlMjBtYWduZXRvbWV0ZXIlM0IlMjBtaWNyb3Bob25lJTNCJTIwbWlkaSUzQiUyMHhyLXNwYXRpYWwtdHJhY2tpbmclM0IlMjIlMjB3aWR0aCUzRCUyMjEwMCUyNSUyMiUyMGhlaWdodCUzRCUyMjYwMHB4JTIyJTIwZnJhbWVib3JkZXIlM0QlMjIwJTIyJTIwc2Nyb2xsaW5nJTNEJTIybm8lMjIlMjBtYXJnaW5oZWlnaHQlM0QlMjIwJTIyJTIwbWFyZ2lud2lkdGglM0QlMjIwJTIyJTIwc3JjJTNEJTIyaHR0cHMlM0ElMkYlMkZ2cjM2MC5tYWxsb3JjYS51cyUyRnZpZXdlciUyRmluZGV4LnBocCUzRmNvZGUlM0Q2ZjQ5MjJmNDU1NjgxNjFhOGNkZjRhZDIyOTlmNmQyMyUyMiUzRSUzQyUyRmlmcmFtZSUzRQ==[\/vc_raw_html][\/vc_column][\/vc_row][vc_row][vc_column][vc_raw_html]JTNDc2NyaXB0JTNFJTBBJTIwJTIwZ3RhZyUyOCUyN2V2ZW50JTI3JTJDJTIwJTI3Y29udmVyc2lvbiUyNyUyQyUyMCU3QiUyN3NlbmRfdG8lMjclM0ElMjAlMjdBVy0xMDcxMjIyNjc3JTJGN29wdkNLUGF3cXNCRUpXZjV2NEQlMjclN0QlMjklM0IlMEElM0MlMkZzY3JpcHQlM0U=[\/vc_raw_html][\/vc_column][\/vc_row]<\/p>\n<\/div>","protected":false},"excerpt":{"rendered":"<p>[vc_row][vc_column][vc_widget_sidebar sidebar_id=\u00a0\u00bbsidebar-book-fr\u00a0\u00bb][\/vc_column][\/vc_row][vc_row css=\u00a0\u00bb.vc_custom_1431360458683{margin-top: 10px !important;}\u00a0\u00bb][vc_column width=\u00a0\u00bb2\/3&Prime;][vc_column_text]Chambres confortables avec balcon ou terrasse, d\u00e9cor\u00e9es dans un style rustique majorquin et pleinement \u00e9quip\u00e9 pour satisfaire votre s\u00e9jour et d&rsquo;une<span class=\"excerpt-hellip\"> [\u2026]<\/span><\/p>\n","protected":false},"author":1,"featured_media":0,"parent":2317,"menu_order":0,"comment_status":"open","ping_status":"open","template":"","meta":{"footnotes":""},"class_list":["post-2321","page","type-page","status-publish","hentry"],"_links":{"self":[{"href":"https:\/\/monnaber.com\/fr\/wp-json\/wp\/v2\/pages\/2321","targetHints":{"allow":["GET"]}}],"collection":[{"href":"https:\/\/monnaber.com\/fr\/wp-json\/wp\/v2\/pages"}],"about":[{"href":"https:\/\/monnaber.com\/fr\/wp-json\/wp\/v2\/types\/page"}],"author":[{"embeddable":true,"href":"https:\/\/monnaber.com\/fr\/wp-json\/wp\/v2\/users\/1"}],"replies":[{"embeddable":true,"href":"https:\/\/monnaber.com\/fr\/wp-json\/wp\/v2\/comments?post=2321"}],"version-history":[{"count":2,"href":"https:\/\/monnaber.com\/fr\/wp-json\/wp\/v2\/pages\/2321\/revisions"}],"predecessor-version":[{"id":15210,"href":"https:\/\/monnaber.com\/fr\/wp-json\/wp\/v2\/pages\/2321\/revisions\/15210"}],"up":[{"embeddable":true,"href":"https:\/\/monnaber.com\/fr\/wp-json\/wp\/v2\/pages\/2317"}],"wp:attachment":[{"href":"https:\/\/monnaber.com\/fr\/wp-json\/wp\/v2\/media?parent=2321"}],"curies":[{"name":"wp","href":"https:\/\/api.w.org\/{rel}","templated":true}]}}