{"id":2319,"date":"2016-03-08T22:22:09","date_gmt":"2016-03-08T21:22:09","guid":{"rendered":"http:\/\/monnaber.com\/fr\/?page_id=2319"},"modified":"2025-02-19T18:59:20","modified_gmt":"2025-02-19T17:59:20","slug":"deluxe","status":"publish","type":"page","link":"https:\/\/monnaber.com\/fr\/hotel-de-luxe-y-charme-majorque-logement-majorque\/deluxe-standard-hotel-rural-de-luxe-majorque\/deluxe\/","title":{"rendered":"Deluxe"},"content":{"rendered":"<div class=\"wpb-content-wrapper\"><p>[vc_row][vc_column][vc_widget_sidebar sidebar_id=\u00a0\u00bbsidebar-book-fr\u00a0\u00bb][\/vc_column][\/vc_row][vc_row css=\u00a0\u00bb.vc_custom_1431360458683{margin-top: 10px !important;}\u00a0\u00bb][vc_column width=\u00a0\u00bb2\/3&Prime;]<div class=\"fancy_heading fancy_heading_line\"><div class=\"fh-top\"><\/div><h1 class=\"title \">Chambre Deluxe \u00e0 l'h\u00f4tel Agritourisme Monnaber Nou \u00e2t Majorque<\/h1><\/div>\n[vc_column_text]\u00c9l\u00e9gamment d\u00e9cor\u00e9es et \u00e9quip\u00e9es pour r\u00e9pondre \u00e0 vos besoins.<br \/>\nSitu\u00e9 dans le noyau principal, respetant la distribution originale en raison de son caract\u00e8re historique qui donne un caract\u00e8re unique \u00e0 chaque pi\u00e8ce, avec une superficie d&rsquo;environ 25 m\u00b2.[\/vc_column_text][\/vc_column][vc_column width=\u00a0\u00bb1\/3&Prime;][vc_empty_space][vc_single_image image=\u00a0\u00bb3174&Prime; img_size=\u00a0\u00bb\u00a0\u00bb alignment=\u00a0\u00bbcenter\u00a0\u00bb][\/vc_column][\/vc_row][vc_row][vc_column width=\u00a0\u00bb2\/3&Prime;][vc_gallery interval=\u00a0\u00bb3&Prime; images=\u00a0\u00bb8736,8741,8716,8721,8726,8731&Prime; img_size=\u00a0\u00bbfull\u00a0\u00bb][\/vc_column][vc_column width=\u00a0\u00bb1\/3&Prime;]<div class=\"infobox\" ><h3 class=\"title \">\nServices et installations de la chambre de luxe\n<\/h3><div class=\"infobox_wrapper\"><span class=\"ib-desc\"><\/p>\n<ul>\n<li>Satellite TV<\/li>\n<li>Coffre-fort<\/li>\n<li>Air conditionn\u00e9<\/li>\n<li>Chauffage<\/li>\n<li>Minibar<\/li>\n<li>Tel\u00e9phone<\/li>\n<li>S\u00e8che cheveux et Sorties de Bain<\/li>\n<li>Baignoire<\/li>\n<li>Wireless internet<\/li>\n<\/ul>\n<p><\/span><\/div><\/div>\n[\/vc_column][\/vc_row][vc_row][vc_column]<div class=\"fancy_heading fancy_heading_line\"><div class=\"fh-top\"><span class=\"slogan\">Combining Elegance and Comfort<\/span><\/div><h1 class=\"title \">360\u00ba Virtual Tour<\/h1><\/div>\n[vc_raw_html css=\u00a0\u00bb\u00a0\u00bb]JTNDaWZyYW1lJTIwaWQlM0QlMjJ2dF9pZnJhbWVfOWJmMzFjN2ZmMDYyOTM2YTk2ZDNjOGJkMWY4ZjJmZjMlMjIlMjBhbGxvdyUzRCUyMmFjY2VsZXJvbWV0ZXIlM0IlMjBjYW1lcmElM0IlMjBkaXNwbGF5LWNhcHR1cmUlM0IlMjBmdWxsc2NyZWVuJTNCJTIwZ2VvbG9jYXRpb24lM0IlMjBneXJvc2NvcGUlM0IlMjBtYWduZXRvbWV0ZXIlM0IlMjBtaWNyb3Bob25lJTNCJTIwbWlkaSUzQiUyMHhyLXNwYXRpYWwtdHJhY2tpbmclM0IlMjIlMjB3aWR0aCUzRCUyMjEwMCUyNSUyMiUyMGhlaWdodCUzRCUyMjYwMHB4JTIyJTIwZnJhbWVib3JkZXIlM0QlMjIwJTIyJTIwc2Nyb2xsaW5nJTNEJTIybm8lMjIlMjBtYXJnaW5oZWlnaHQlM0QlMjIwJTIyJTIwbWFyZ2lud2lkdGglM0QlMjIwJTIyJTIwc3JjJTNEJTIyaHR0cHMlM0ElMkYlMkZ2cjM2MC5tYWxsb3JjYS51cyUyRnZpZXdlciUyRmluZGV4LnBocCUzRmNvZGUlM0Q5YmYzMWM3ZmYwNjI5MzZhOTZkM2M4YmQxZjhmMmZmMyUyMiUzRSUzQyUyRmlmcmFtZSUzRQ==[\/vc_raw_html][\/vc_column][\/vc_row][vc_row][vc_column][vc_raw_html]JTNDc2NyaXB0JTNFJTBBJTIwJTIwZ3RhZyUyOCUyN2V2ZW50JTI3JTJDJTIwJTI3Y29udmVyc2lvbiUyNyUyQyUyMCU3QiUyN3NlbmRfdG8lMjclM0ElMjAlMjdBVy0xMDcxMjIyNjc3JTJGaTllR0NJbmJ3cXNCRUpXZjV2NEQlMjclN0QlMjklM0IlMEElM0MlMkZzY3JpcHQlM0U=[\/vc_raw_html][\/vc_column][\/vc_row]<\/p>\n<\/div>","protected":false},"excerpt":{"rendered":"<p>[vc_row][vc_column][vc_widget_sidebar sidebar_id=\u00a0\u00bbsidebar-book-fr\u00a0\u00bb][\/vc_column][\/vc_row][vc_row css=\u00a0\u00bb.vc_custom_1431360458683{margin-top: 10px !important;}\u00a0\u00bb][vc_column width=\u00a0\u00bb2\/3&Prime;][vc_column_text]\u00c9l\u00e9gamment d\u00e9cor\u00e9es et \u00e9quip\u00e9es pour r\u00e9pondre \u00e0 vos besoins. Situ\u00e9 dans le noyau principal, respetant la distribution originale en raison de<span class=\"excerpt-hellip\"> [\u2026]<\/span><\/p>\n","protected":false},"author":1,"featured_media":0,"parent":2317,"menu_order":0,"comment_status":"open","ping_status":"open","template":"","meta":{"footnotes":""},"class_list":["post-2319","page","type-page","status-publish","hentry"],"_links":{"self":[{"href":"https:\/\/monnaber.com\/fr\/wp-json\/wp\/v2\/pages\/2319","targetHints":{"allow":["GET"]}}],"collection":[{"href":"https:\/\/monnaber.com\/fr\/wp-json\/wp\/v2\/pages"}],"about":[{"href":"https:\/\/monnaber.com\/fr\/wp-json\/wp\/v2\/types\/page"}],"author":[{"embeddable":true,"href":"https:\/\/monnaber.com\/fr\/wp-json\/wp\/v2\/users\/1"}],"replies":[{"embeddable":true,"href":"https:\/\/monnaber.com\/fr\/wp-json\/wp\/v2\/comments?post=2319"}],"version-history":[{"count":2,"href":"https:\/\/monnaber.com\/fr\/wp-json\/wp\/v2\/pages\/2319\/revisions"}],"predecessor-version":[{"id":15239,"href":"https:\/\/monnaber.com\/fr\/wp-json\/wp\/v2\/pages\/2319\/revisions\/15239"}],"up":[{"embeddable":true,"href":"https:\/\/monnaber.com\/fr\/wp-json\/wp\/v2\/pages\/2317"}],"wp:attachment":[{"href":"https:\/\/monnaber.com\/fr\/wp-json\/wp\/v2\/media?parent=2319"}],"curies":[{"name":"wp","href":"https:\/\/api.w.org\/{rel}","templated":true}]}}