{"id":2317,"date":"2016-03-08T22:20:53","date_gmt":"2016-03-08T21:20:53","guid":{"rendered":"http:\/\/monnaber.com\/fr\/?page_id=2317"},"modified":"2022-02-21T10:24:21","modified_gmt":"2022-02-21T09:24:21","slug":"deluxe-standard-hotel-rural-de-luxe-majorque","status":"publish","type":"page","link":"https:\/\/monnaber.com\/fr\/hotel-de-luxe-y-charme-majorque-logement-majorque\/deluxe-standard-hotel-rural-de-luxe-majorque\/","title":{"rendered":"Deluxe &#038; Standard"},"content":{"rendered":"<div class=\"wpb-content-wrapper\"><p>[vc_row][vc_column][vc_widget_sidebar sidebar_id=\u00a0\u00bbsidebar-book-fr\u00a0\u00bb][\/vc_column][\/vc_row][vc_row css=\u00a0\u00bb.vc_custom_1431360458683{margin-top: 10px !important;}\u00a0\u00bb][vc_column]<div class=\"fancy_heading fancy_heading_line\"><div class=\"fh-top\"><\/div><h2 class=\"title\">Deluxe &amp; Standard Chambres<\/h2><div class=\"inside\">Egalement pr\u00e9vue pour un usage individuel, ces pi\u00e8ces respectent \u00e0 merveille la distribution originale de l&rsquo;\u00e9difice et disposent d\u00b4une superficie approximative de 23 m2 pr\u00e9vue pour satisfaire tous vos besoins.<\/div><\/div>\n[\/vc_column][\/vc_row][vc_row][vc_column width=\u00a0\u00bb1\/3&Prime;][vc_column_text]<\/p>\n<h2 style=\"text-align: center;\"><a class=\"button button_theme\" href=\"https:\/\/monnaber.com\/fr\/hotel-de-luxe-y-charme-majorque-logement-majorque\/deluxe-standard-hotel-rural-de-luxe-majorque\/deluxe\/\">Chambres Deluxe<\/a><\/h2>\n<p><a href=\"http:\/\/monnaber.com\/accomodation\/deluxe-standart\/deluxe\/\"><img loading=\"lazy\" decoding=\"async\" class=\"aligncenter size-medium wp-image-295\" src=\"http:\/\/monnaber.com\/wp-content\/uploads\/2015\/05\/twin-1-1-300x163.jpg\" alt=\"twin-1 (1)\" width=\"300\" height=\"163\" title=\"- -\" srcset=\"https:\/\/monnaber.com\/wp-content\/uploads\/2015\/05\/twin-1-1-300x163.jpg 300w, https:\/\/monnaber.com\/wp-content\/uploads\/2015\/05\/twin-1-1-260x142.jpg 260w, https:\/\/monnaber.com\/wp-content\/uploads\/2015\/05\/twin-1-1-50x27.jpg 50w, https:\/\/monnaber.com\/wp-content\/uploads\/2015\/05\/twin-1-1-576x314.jpg 576w, https:\/\/monnaber.com\/wp-content\/uploads\/2015\/05\/twin-1-1-138x75.jpg 138w, https:\/\/monnaber.com\/wp-content\/uploads\/2015\/05\/twin-1-1.jpg 793w\" sizes=\"auto, (max-width:767px) 300px, 300px\" \/><\/a><\/p>\n<p style=\"text-align: center;\">Egalement pr\u00e9vues pour un usage individuel, nos \u00e9l\u00e9gantes chambres Deluxe respectent \u00e0 merveille la distribution originale de l&rsquo;\u00e9difice et disposent d\u00b4une superficie approximative de 23 m\u00b2 pr\u00e9vue pour satisfaire tous vos besoins.<\/p>\n<p>[\/vc_column_text][\/vc_column][vc_column width=\u00a0\u00bb1\/3&Prime;][vc_column_text]<\/p>\n<h2 style=\"text-align: center;\"><a class=\"button button_theme\" href=\"https:\/\/monnaber.com\/fr\/hotel-de-luxe-y-charme-majorque-logement-majorque\/deluxe-standard-hotel-rural-de-luxe-majorque\/standard\/\">Chambres Standard<\/a><\/h2>\n<p><a href=\"http:\/\/monnaber.com\/accomodation\/deluxe-standart\/standard-room\/\"><img loading=\"lazy\" decoding=\"async\" class=\"aligncenter size-medium wp-image-301\" src=\"http:\/\/monnaber.com\/wp-content\/uploads\/2015\/05\/doble-standard-01-1-300x163.jpg\" alt=\"doble-standard-01 (1)\" width=\"300\" height=\"163\" title=\"- -\" srcset=\"https:\/\/monnaber.com\/wp-content\/uploads\/2015\/05\/doble-standard-01-1-300x163.jpg 300w, https:\/\/monnaber.com\/wp-content\/uploads\/2015\/05\/doble-standard-01-1-260x142.jpg 260w, https:\/\/monnaber.com\/wp-content\/uploads\/2015\/05\/doble-standard-01-1-50x27.jpg 50w, https:\/\/monnaber.com\/wp-content\/uploads\/2015\/05\/doble-standard-01-1-576x314.jpg 576w, https:\/\/monnaber.com\/wp-content\/uploads\/2015\/05\/doble-standard-01-1-138x75.jpg 138w, https:\/\/monnaber.com\/wp-content\/uploads\/2015\/05\/doble-standard-01-1.jpg 793w\" sizes=\"auto, (max-width:767px) 300px, 300px\" \/><\/a><\/p>\n<p style=\"text-align: center;\">Nos chambres Standard disposent de toutes les commodit\u00e9s et services, comme les autres cat\u00e9gories de chambres. Les chambres standard sont situ\u00e9es dans un b\u00e2timent adjacent et sont environ 20m \u00b2.<\/p>\n<p>[\/vc_column_text][\/vc_column][vc_column width=\u00a0\u00bb1\/3&Prime;]<div class=\"infobox\" ><h3 class=\"title \">H\u00e9bergement et Services ****<\/h3><div class=\"infobox_wrapper\"><span class=\"ib-desc\"><\/p>\n<ul>\n<li>Satellite TV<\/li>\n<li>Coffre-fort<\/li>\n<li>Air conditionn\u00e9<\/li>\n<li>Chauffage central<\/li>\n<li>Minibar<\/li>\n<li>Tel\u00e9phone<\/li>\n<li>Service de chambre<\/li>\n<li>S\u00e8che cheveux et Sorties de Bain<\/li>\n<li>Baignoire<\/li>\n<li>Wireless internet<\/li>\n<\/ul>\n<p><\/span><\/div><\/div>\n[\/vc_column][\/vc_row]<\/p>\n<\/div>","protected":false},"excerpt":{"rendered":"<p>[vc_row][vc_column][vc_widget_sidebar sidebar_id=\u00a0\u00bbsidebar-book-fr\u00a0\u00bb][\/vc_column][\/vc_row][vc_row css=\u00a0\u00bb.vc_custom_1431360458683{margin-top: 10px !important;}\u00a0\u00bb][vc_column][\/vc_column][\/vc_row][vc_row][vc_column width=\u00a0\u00bb1\/3&Prime;][vc_column_text] Chambres Deluxe Egalement pr\u00e9vues pour un usage individuel, nos \u00e9l\u00e9gantes chambres Deluxe respectent \u00e0 merveille la distribution originale de l&rsquo;\u00e9difice<span class=\"excerpt-hellip\"> [\u2026]<\/span><\/p>\n","protected":false},"author":1,"featured_media":0,"parent":2302,"menu_order":0,"comment_status":"open","ping_status":"open","template":"","meta":{"footnotes":""},"class_list":["post-2317","page","type-page","status-publish","hentry"],"_links":{"self":[{"href":"https:\/\/monnaber.com\/fr\/wp-json\/wp\/v2\/pages\/2317","targetHints":{"allow":["GET"]}}],"collection":[{"href":"https:\/\/monnaber.com\/fr\/wp-json\/wp\/v2\/pages"}],"about":[{"href":"https:\/\/monnaber.com\/fr\/wp-json\/wp\/v2\/types\/page"}],"author":[{"embeddable":true,"href":"https:\/\/monnaber.com\/fr\/wp-json\/wp\/v2\/users\/1"}],"replies":[{"embeddable":true,"href":"https:\/\/monnaber.com\/fr\/wp-json\/wp\/v2\/comments?post=2317"}],"version-history":[{"count":0,"href":"https:\/\/monnaber.com\/fr\/wp-json\/wp\/v2\/pages\/2317\/revisions"}],"up":[{"embeddable":true,"href":"https:\/\/monnaber.com\/fr\/wp-json\/wp\/v2\/pages\/2302"}],"wp:attachment":[{"href":"https:\/\/monnaber.com\/fr\/wp-json\/wp\/v2\/media?parent=2317"}],"curies":[{"name":"wp","href":"https:\/\/api.w.org\/{rel}","templated":true}]}}