{"id":2315,"date":"2016-03-08T22:18:35","date_gmt":"2016-03-08T21:18:35","guid":{"rendered":"http:\/\/monnaber.com\/fr\/?page_id=2315"},"modified":"2025-02-19T18:49:32","modified_gmt":"2025-02-19T17:49:32","slug":"appartement-superieur","status":"publish","type":"page","link":"https:\/\/monnaber.com\/fr\/hotel-de-luxe-y-charme-majorque-logement-majorque\/appartementshotel-majorque\/appartement-superieur\/","title":{"rendered":"Appartement Sup\u00e9rieur"},"content":{"rendered":"<div class=\"wpb-content-wrapper\"><p>[vc_row][vc_column][vc_widget_sidebar sidebar_id=\u00a0\u00bbsidebar-book-fr\u00a0\u00bb][\/vc_column][\/vc_row][vc_row css=\u00a0\u00bb.vc_custom_1431360458683{margin-top: 10px !important;}\u00a0\u00bb][vc_column width=\u00a0\u00bb2\/3&Prime;]<div class=\"fancy_heading fancy_heading_line\"><div class=\"fh-top\"><span class=\"slogan\">Pour 4 personnes maximum<\/span><\/div><h1 class=\"title \">Appartement sup\u00e9rieur avec terrasse priv\u00e9e de l'h\u00f4tel Monnaber Nou \u00e2t Majorque<\/h1><\/div>\n[vc_column_text]Appartement confortable avec chambre s\u00e9par\u00e9e, grand salon avec cuisine et terrasse. Situ\u00e9 dans l&rsquo;un des b\u00e2timents du noyau principal, \u00e0 c\u00f4t\u00e9 du spa et un restaurant. L&rsquo;endroit id\u00e9al pour profiter d\u00b4\u00a0une plus grande ind\u00e9pendance avec toutes les options de services h\u00f4teliers.<\/p>\n<p>Surface de 40 m\u00b2 Situ\u00e9 dans l&rsquo;un des b\u00e2timents du noyauprincipal.[\/vc_column_text][\/vc_column][vc_column width=\u00a0\u00bb1\/3&Prime;][vc_empty_space][vc_single_image image=\u00a0\u00bb216&Prime; img_size=\u00a0\u00bbfull\u00a0\u00bb alignment=\u00a0\u00bbcenter\u00a0\u00bb][\/vc_column][\/vc_row][vc_row][vc_column width=\u00a0\u00bb3\/4&Prime;][vc_gallery interval=\u00a0\u00bb3&Prime; images=\u00a0\u00bb13263,13268,13273,13278,13283,13288&Prime; img_size=\u00a0\u00bbfull\u00a0\u00bb][\/vc_column][vc_column width=\u00a0\u00bb1\/4&Prime;]<div class=\"infobox\" ><h3 class=\"title \">\nServices et installations de l'appartement sup\u00e9rieur\n<\/h3><div class=\"infobox_wrapper\"><span class=\"ib-desc\"><\/p>\n<ul>\n<li>Satellite TV<\/li>\n<li>Coffre-fort<\/li>\n<li>Air conditionn\u00e9<\/li>\n<li>Chauffage<\/li>\n<li>Minibar<\/li>\n<li>Tel\u00e9phone<\/li>\n<li>Kitchenette \u00e9lectrique<\/li>\n<li>Micro-ondes<\/li>\n<li>S\u00e8che cheveux et Sorties de Bain<\/li>\n<li>Baignoire<\/li>\n<li>Wireless internet<\/li>\n<\/ul>\n<p><\/span><\/div><\/div>\n[\/vc_column][\/vc_row][vc_row][vc_column]<div class=\"fancy_heading fancy_heading_line\"><div class=\"fh-top\"><span class=\"slogan\">Combining Elegance and Comfort<\/span><\/div><h1 class=\"title \">360\u00ba Virtual Tour<\/h1><\/div>\n[vc_raw_html css=\u00a0\u00bb\u00a0\u00bb]JTNDaWZyYW1lJTIwaWQlM0QlMjJ2dF9pZnJhbWVfNzBlZmRmMmVjOWIwODYwNzk3OTVjNDQyNjM2YjU1ZmIlMjIlMjBhbGxvdyUzRCUyMmFjY2VsZXJvbWV0ZXIlM0IlMjBjYW1lcmElM0IlMjBkaXNwbGF5LWNhcHR1cmUlM0IlMjBmdWxsc2NyZWVuJTNCJTIwZ2VvbG9jYXRpb24lM0IlMjBneXJvc2NvcGUlM0IlMjBtYWduZXRvbWV0ZXIlM0IlMjBtaWNyb3Bob25lJTNCJTIwbWlkaSUzQiUyMHhyLXNwYXRpYWwtdHJhY2tpbmclM0IlMjIlMjB3aWR0aCUzRCUyMjEwMCUyNSUyMiUyMGhlaWdodCUzRCUyMjYwMHB4JTIyJTIwZnJhbWVib3JkZXIlM0QlMjIwJTIyJTIwc2Nyb2xsaW5nJTNEJTIybm8lMjIlMjBtYXJnaW5oZWlnaHQlM0QlMjIwJTIyJTIwbWFyZ2lud2lkdGglM0QlMjIwJTIyJTIwc3JjJTNEJTIyaHR0cHMlM0ElMkYlMkZ2cjM2MC5tYWxsb3JjYS51cyUyRnZpZXdlciUyRmluZGV4LnBocCUzRmNvZGUlM0Q3MGVmZGYyZWM5YjA4NjA3OTc5NWM0NDI2MzZiNTVmYiUyMiUzRSUzQyUyRmlmcmFtZSUzRQ==[\/vc_raw_html][\/vc_column][\/vc_row][vc_row][vc_column][vc_raw_html]JTNDc2NyaXB0JTNFJTBBJTIwJTIwZ3RhZyUyOCUyN2V2ZW50JTI3JTJDJTIwJTI3Y29udmVyc2lvbiUyNyUyQyUyMCU3QiUyN3NlbmRfdG8lMjclM0ElMjAlMjdBVy0xMDcxMjIyNjc3JTJGQWZWTENOYmd3cXNCRUpXZjV2NEQlMjclN0QlMjklM0IlMEElM0MlMkZzY3JpcHQlM0U=[\/vc_raw_html][\/vc_column][\/vc_row]<\/p>\n<\/div>","protected":false},"excerpt":{"rendered":"<p>[vc_row][vc_column][vc_widget_sidebar sidebar_id=\u00a0\u00bbsidebar-book-fr\u00a0\u00bb][\/vc_column][\/vc_row][vc_row css=\u00a0\u00bb.vc_custom_1431360458683{margin-top: 10px !important;}\u00a0\u00bb][vc_column width=\u00a0\u00bb2\/3&Prime;][vc_column_text]Appartement confortable avec chambre s\u00e9par\u00e9e, grand salon avec cuisine et terrasse. Situ\u00e9 dans l&rsquo;un des b\u00e2timents du noyau principal, \u00e0 c\u00f4t\u00e9<span class=\"excerpt-hellip\"> [\u2026]<\/span><\/p>\n","protected":false},"author":1,"featured_media":0,"parent":2308,"menu_order":0,"comment_status":"open","ping_status":"open","template":"","meta":{"footnotes":""},"class_list":["post-2315","page","type-page","status-publish","hentry"],"_links":{"self":[{"href":"https:\/\/monnaber.com\/fr\/wp-json\/wp\/v2\/pages\/2315","targetHints":{"allow":["GET"]}}],"collection":[{"href":"https:\/\/monnaber.com\/fr\/wp-json\/wp\/v2\/pages"}],"about":[{"href":"https:\/\/monnaber.com\/fr\/wp-json\/wp\/v2\/types\/page"}],"author":[{"embeddable":true,"href":"https:\/\/monnaber.com\/fr\/wp-json\/wp\/v2\/users\/1"}],"replies":[{"embeddable":true,"href":"https:\/\/monnaber.com\/fr\/wp-json\/wp\/v2\/comments?post=2315"}],"version-history":[{"count":2,"href":"https:\/\/monnaber.com\/fr\/wp-json\/wp\/v2\/pages\/2315\/revisions"}],"predecessor-version":[{"id":15219,"href":"https:\/\/monnaber.com\/fr\/wp-json\/wp\/v2\/pages\/2315\/revisions\/15219"}],"up":[{"embeddable":true,"href":"https:\/\/monnaber.com\/fr\/wp-json\/wp\/v2\/pages\/2308"}],"wp:attachment":[{"href":"https:\/\/monnaber.com\/fr\/wp-json\/wp\/v2\/media?parent=2315"}],"curies":[{"name":"wp","href":"https:\/\/api.w.org\/{rel}","templated":true}]}}