{"id":2310,"date":"2016-03-08T22:13:09","date_gmt":"2016-03-08T21:13:09","guid":{"rendered":"http:\/\/monnaber.com\/fr\/?page_id=2310"},"modified":"2025-02-19T18:53:02","modified_gmt":"2025-02-19T17:53:02","slug":"appartement-familial","status":"publish","type":"page","link":"https:\/\/monnaber.com\/fr\/hotel-de-luxe-y-charme-majorque-logement-majorque\/appartementshotel-majorque\/appartement-familial\/","title":{"rendered":"Appartement de familie"},"content":{"rendered":"<div class=\"wpb-content-wrapper\"><p>[vc_row][vc_column][vc_widget_sidebar sidebar_id=\u00a0\u00bbsidebar-book-fr\u00a0\u00bb][\/vc_column][\/vc_row][vc_row css=\u00a0\u00bb.vc_custom_1431360458683{margin-top: 0px !important;}\u00a0\u00bb][vc_column width=\u00a0\u00bb2\/3&Prime;]<div class=\"fancy_heading fancy_heading_line\"><div class=\"fh-top\"><span class=\"slogan\">Pour 5 personnes maximum<\/span><\/div><h1 class=\"title \">L'appartement familial \u00e0 Majorque de l'h\u00f4tel rural Monnaber Nou.<\/h1><\/div>\n[vc_column_text]Appartement spacieux avec deux chambres s\u00e9par\u00e9es, un salon avec cuisine et terrasse. L&rsquo;endroit id\u00e9al pour profiter une plus grande ind\u00e9pendance avec votre famille ou entre amis, et toutes les options des services h\u00f4teliers.<\/p>\n<p>Surface 52m\u00b2 Situ\u00e9 dans l&rsquo;un des b\u00e2timents du noyau principal.[\/vc_column_text][\/vc_column][vc_column width=\u00a0\u00bb1\/3&Prime;][vc_empty_space][vc_single_image image=\u00a0\u00bb243&Prime; img_size=\u00a0\u00bbfull\u00a0\u00bb alignment=\u00a0\u00bbcenter\u00a0\u00bb][\/vc_column][\/vc_row][vc_row][vc_column width=\u00a0\u00bb3\/4&Prime;][vc_gallery interval=\u00a0\u00bb3&Prime; images=\u00a0\u00bb8596,8591,8566,8571,8581,8576,8586&Prime; img_size=\u00a0\u00bbfull\u00a0\u00bb][\/vc_column][vc_column width=\u00a0\u00bb1\/4&Prime;]<div class=\"infobox\" ><h3 class=\"title \">H\u00e9bergement et Services ****<\/h3><div class=\"infobox_wrapper\"><span class=\"ib-desc\"><\/p>\n<ul>\n<li>Satellite TV<\/li>\n<li>Coffre-fort<\/li>\n<li>Air conditionn\u00e9<\/li>\n<li>Chauffage<\/li>\n<li>Minibar<\/li>\n<li>Tel\u00e9phone<\/li>\n<li>Kitchenette \u00e9lectrique<\/li>\n<li>Micro-ondes<\/li>\n<li>S\u00e8che cheveux et Sorties de Bain<\/li>\n<li>Baignoire<\/li>\n<li>Wireless internet<\/li>\n<\/ul>\n<p><\/span><\/div><\/div>\n[\/vc_column][\/vc_row][vc_row][vc_column]<div class=\"fancy_heading fancy_heading_line\"><div class=\"fh-top\"><span class=\"slogan\">Combining Elegance and Comfort<\/span><\/div><h1 class=\"title \">360\u00ba Virtual Tour<\/h1><\/div>\n[vc_raw_html css=\u00a0\u00bb\u00a0\u00bb]JTNDaWZyYW1lJTIwaWQlM0QlMjJ2dF9pZnJhbWVfYzc0ZDk3YjAxZWFlMjU3ZTQ0YWE5ZDViYWRlOTdiYWYlMjIlMjBhbGxvdyUzRCUyMmFjY2VsZXJvbWV0ZXIlM0IlMjBjYW1lcmElM0IlMjBkaXNwbGF5LWNhcHR1cmUlM0IlMjBmdWxsc2NyZWVuJTNCJTIwZ2VvbG9jYXRpb24lM0IlMjBneXJvc2NvcGUlM0IlMjBtYWduZXRvbWV0ZXIlM0IlMjBtaWNyb3Bob25lJTNCJTIwbWlkaSUzQiUyMHhyLXNwYXRpYWwtdHJhY2tpbmclM0IlMjIlMjB3aWR0aCUzRCUyMjEwMCUyNSUyMiUyMGhlaWdodCUzRCUyMjYwMHB4JTIyJTIwZnJhbWVib3JkZXIlM0QlMjIwJTIyJTIwc2Nyb2xsaW5nJTNEJTIybm8lMjIlMjBtYXJnaW5oZWlnaHQlM0QlMjIwJTIyJTIwbWFyZ2lud2lkdGglM0QlMjIwJTIyJTIwc3JjJTNEJTIyaHR0cHMlM0ElMkYlMkZ2cjM2MC5tYWxsb3JjYS51cyUyRnZpZXdlciUyRmluZGV4LnBocCUzRmNvZGUlM0RjNzRkOTdiMDFlYWUyNTdlNDRhYTlkNWJhZGU5N2JhZiUyMiUzRSUzQyUyRmlmcmFtZSUzRQ==[\/vc_raw_html][\/vc_column][\/vc_row][vc_row][vc_column][vc_raw_html]JTNDc2NyaXB0JTNFJTBBJTIwJTIwZ3RhZyUyOCUyN2V2ZW50JTI3JTJDJTIwJTI3Y29udmVyc2lvbiUyNyUyQyUyMCU3QiUyN3NlbmRfdG8lMjclM0ElMjAlMjdBVy0xMDcxMjIyNjc3JTJGQWZWTENOYmd3cXNCRUpXZjV2NEQlMjclN0QlMjklM0IlMEElM0MlMkZzY3JpcHQlM0U=[\/vc_raw_html][\/vc_column][\/vc_row]<\/p>\n<\/div>","protected":false},"excerpt":{"rendered":"<p>[vc_row][vc_column][vc_widget_sidebar sidebar_id=\u00a0\u00bbsidebar-book-fr\u00a0\u00bb][\/vc_column][\/vc_row][vc_row css=\u00a0\u00bb.vc_custom_1431360458683{margin-top: 0px !important;}\u00a0\u00bb][vc_column width=\u00a0\u00bb2\/3&Prime;][vc_column_text]Appartement spacieux avec deux chambres s\u00e9par\u00e9es, un salon avec cuisine et terrasse. L&rsquo;endroit id\u00e9al pour profiter une plus grande ind\u00e9pendance avec<span class=\"excerpt-hellip\"> [\u2026]<\/span><\/p>\n","protected":false},"author":1,"featured_media":0,"parent":2308,"menu_order":0,"comment_status":"open","ping_status":"open","template":"","meta":{"footnotes":""},"class_list":["post-2310","page","type-page","status-publish","hentry"],"_links":{"self":[{"href":"https:\/\/monnaber.com\/fr\/wp-json\/wp\/v2\/pages\/2310","targetHints":{"allow":["GET"]}}],"collection":[{"href":"https:\/\/monnaber.com\/fr\/wp-json\/wp\/v2\/pages"}],"about":[{"href":"https:\/\/monnaber.com\/fr\/wp-json\/wp\/v2\/types\/page"}],"author":[{"embeddable":true,"href":"https:\/\/monnaber.com\/fr\/wp-json\/wp\/v2\/users\/1"}],"replies":[{"embeddable":true,"href":"https:\/\/monnaber.com\/fr\/wp-json\/wp\/v2\/comments?post=2310"}],"version-history":[{"count":2,"href":"https:\/\/monnaber.com\/fr\/wp-json\/wp\/v2\/pages\/2310\/revisions"}],"predecessor-version":[{"id":15229,"href":"https:\/\/monnaber.com\/fr\/wp-json\/wp\/v2\/pages\/2310\/revisions\/15229"}],"up":[{"embeddable":true,"href":"https:\/\/monnaber.com\/fr\/wp-json\/wp\/v2\/pages\/2308"}],"wp:attachment":[{"href":"https:\/\/monnaber.com\/fr\/wp-json\/wp\/v2\/media?parent=2310"}],"curies":[{"name":"wp","href":"https:\/\/api.w.org\/{rel}","templated":true}]}}