{"id":2302,"date":"2016-03-08T22:00:43","date_gmt":"2016-03-08T21:00:43","guid":{"rendered":"http:\/\/monnaber.com\/fr\/?page_id=2302"},"modified":"2022-02-21T10:22:16","modified_gmt":"2022-02-21T09:22:16","slug":"hotel-de-luxe-y-charme-majorque-logement-majorque","status":"publish","type":"page","link":"https:\/\/monnaber.com\/fr\/hotel-de-luxe-y-charme-majorque-logement-majorque\/","title":{"rendered":"Logement"},"content":{"rendered":"<div class=\"wpb-content-wrapper\"><p>[vc_row css=\u00a0\u00bb.vc_custom_1431360536519{margin-top: 10px !important;}\u00a0\u00bb][vc_column][vc_widget_sidebar sidebar_id=\u00a0\u00bbsidebar-book-fr\u00a0\u00bb]<div class=\"fancy_heading fancy_heading_line\"><div class=\"fh-top\"><\/div><h1 class=\"title \">Chambres, Suites et Appartements de l'hotel agritourisme Monnaber Nou a Majorque<\/h1><\/div>\n[\/vc_column][\/vc_row][vc_row][vc_column width=\u00a0\u00bb1\/3&Prime;][vc_column_text]<\/p>\n<h2 class=\"title\" style=\"text-align: center;\"><a class=\"button button_theme\" href=\"https:\/\/monnaber.com\/fr\/hotel-de-luxe-y-charme-majorque-logement-majorque\/deluxe-standard-hotel-rural-de-luxe-majorque\/standard\/\">Chambre\u00a0avec balcon ou terrasse<\/a><\/h2>\n<p><a href=\"https:\/\/monnaber.com\/fr\/hotel-de-luxe-y-charme-majorque-logement-majorque\/deluxe-standard-hotel-rural-de-luxe-majorque\/standard\/\"><img loading=\"lazy\" decoding=\"async\" class=\"aligncenter wp-image-3574 size-medium\" src=\"http:\/\/monnaber.com\/wp-content\/uploads\/2015\/05\/monnaber_nou_accomodation_standard_1-300x163.jpg\" alt=\"- -\" width=\"300\" height=\"163\" title=\"- -\" srcset=\"https:\/\/monnaber.com\/wp-content\/uploads\/2015\/05\/monnaber_nou_accomodation_standard_1-300x163.jpg 300w, https:\/\/monnaber.com\/wp-content\/uploads\/2015\/05\/monnaber_nou_accomodation_standard_1-260x141.jpg 260w, https:\/\/monnaber.com\/wp-content\/uploads\/2015\/05\/monnaber_nou_accomodation_standard_1-50x27.jpg 50w, https:\/\/monnaber.com\/wp-content\/uploads\/2015\/05\/monnaber_nou_accomodation_standard_1-138x75.jpg 138w, https:\/\/monnaber.com\/wp-content\/uploads\/2015\/05\/monnaber_nou_accomodation_standard_1.jpg 700w\" sizes=\"auto, (max-width:767px) 300px, 300px\" \/><\/a><\/p>\n<p style=\"text-align: center;\">Nos chambres avec balcon ou terrasse disposent de toutes les commodit\u00e9s et services que le reste situ\u00e9e dans le b\u00e2timent annexe \u00e0 600 m\u00e8tres du noyau principal.\u00a0 et superficie d\u2019environ 23m \u00b2.<\/p>\n<p>[\/vc_column_text][\/vc_column][vc_column width=\u00a0\u00bb1\/3&Prime;][vc_column_text]<\/p>\n<h2 class=\"title\" style=\"text-align: center;\"><a class=\"button button_theme\" href=\"https:\/\/monnaber.com\/fr\/hotel-de-luxe-y-charme-majorque-logement-majorque\/deluxe-standard-hotel-rural-de-luxe-majorque\/deluxe\/\">Chambres Deluxe<\/a><\/h2>\n<p><a href=\"https:\/\/monnaber.com\/fr\/hotel-de-luxe-y-charme-majorque-logement-majorque\/deluxe-standard-hotel-rural-de-luxe-majorque\/deluxe\/\"><img loading=\"lazy\" decoding=\"async\" class=\"aligncenter wp-image-3580 size-medium\" src=\"http:\/\/monnaber.com\/wp-content\/uploads\/2015\/05\/monnaber_nou_accomodation_deluxe-300x163.jpg\" alt=\"- -\" width=\"300\" height=\"163\" title=\"- -\" srcset=\"https:\/\/monnaber.com\/wp-content\/uploads\/2015\/05\/monnaber_nou_accomodation_deluxe-300x163.jpg 300w, https:\/\/monnaber.com\/wp-content\/uploads\/2015\/05\/monnaber_nou_accomodation_deluxe-260x141.jpg 260w, https:\/\/monnaber.com\/wp-content\/uploads\/2015\/05\/monnaber_nou_accomodation_deluxe-50x27.jpg 50w, https:\/\/monnaber.com\/wp-content\/uploads\/2015\/05\/monnaber_nou_accomodation_deluxe-138x75.jpg 138w, https:\/\/monnaber.com\/wp-content\/uploads\/2015\/05\/monnaber_nou_accomodation_deluxe.jpg 700w\" sizes=\"auto, (max-width:767px) 300px, 300px\" \/><\/a><\/p>\n<p style=\"text-align: center;\">Egalement pr\u00e9vues pour un usage individuel, nos \u00e9l\u00e9gantes chambres Deluxe respectent \u00e0 merveille la distribution originale de l\u2019\u00e9difice et disposent d\u00b4une superficie approximative de 25 m\u00b2 pr\u00e9vue pour satisfaire tous vos besoins.<\/p>\n<p>[\/vc_column_text][\/vc_column][vc_column width=\u00a0\u00bb1\/3&Prime;][vc_column_text]<\/p>\n<h2 style=\"text-align: center;\"><a class=\"button button_theme\" href=\"https:\/\/monnaber.com\/fr\/hotel-de-luxe-y-charme-majorque-logement-majorque\/suites\/\">Suite<\/a><\/h2>\n<p style=\"text-align: center;\"><a href=\"https:\/\/monnaber.com\/fr\/hotel-de-luxe-y-charme-majorque-logement-majorque\/suites\/\"><img loading=\"lazy\" decoding=\"async\" class=\"aligncenter wp-image-113 size-medium\" src=\"http:\/\/monnaber.com\/wp-content\/uploads\/2015\/05\/suite-1-300x163.jpg\" alt=\"suite-1\" width=\"300\" height=\"163\" title=\"- -\" srcset=\"https:\/\/monnaber.com\/wp-content\/uploads\/2015\/05\/suite-1-300x163.jpg 300w, https:\/\/monnaber.com\/wp-content\/uploads\/2015\/05\/suite-1-260x142.jpg 260w, https:\/\/monnaber.com\/wp-content\/uploads\/2015\/05\/suite-1-50x27.jpg 50w, https:\/\/monnaber.com\/wp-content\/uploads\/2015\/05\/suite-1-576x314.jpg 576w, https:\/\/monnaber.com\/wp-content\/uploads\/2015\/05\/suite-1-138x75.jpg 138w, https:\/\/monnaber.com\/wp-content\/uploads\/2015\/05\/suite-1.jpg 793w\" sizes=\"auto, (max-width:767px) 300px, 300px\" \/><\/a><br \/>\nPour ceux qui pr\u00e9f\u00e8rent plus d\u2019intimit\u00e9 et une plus grande superficie (approximativement 35m2) ; notre suites disposent d\u00b4une salle s\u00e9jour et d\u00b4une chambre s\u00e9par\u00e9e, et d\u00e9cor\u00e9es d\u2019 un style rustique Majorquin et dot\u00e9es de vues panoramiques inoubliables.<\/p>\n<p>[\/vc_column_text][\/vc_column][\/vc_row][vc_row][vc_column width=\u00a0\u00bb1\/3&Prime;][vc_column_text]<\/p>\n<h2 style=\"text-align: center;\"><a class=\"button button_theme\" href=\"https:\/\/monnaber.com\/fr\/hotel-de-luxe-y-charme-majorque-logement-majorque\/appartementshotel-majorque\/suite-appartementhotel\/\">Suite Appartement<\/a><\/h2>\n<p style=\"text-align: center;\"><a href=\"https:\/\/monnaber.com\/fr\/hotel-de-luxe-y-charme-majorque-logement-majorque\/appartementshotel-majorque\/suite-appartementhotel\/\"><img loading=\"lazy\" decoding=\"async\" class=\"alignnone wp-image-114 size-medium\" src=\"http:\/\/monnaber.com\/wp-content\/uploads\/2015\/05\/suite-1-300x163.jpg\" alt=\"- -\" width=\"300\" height=\"163\" title=\"- -\" srcset=\"https:\/\/monnaber.com\/wp-content\/uploads\/2015\/05\/suite-1-300x163.jpg 300w, https:\/\/monnaber.com\/wp-content\/uploads\/2015\/05\/suite-1-260x142.jpg 260w, https:\/\/monnaber.com\/wp-content\/uploads\/2015\/05\/suite-1-50x27.jpg 50w, https:\/\/monnaber.com\/wp-content\/uploads\/2015\/05\/suite-1-576x314.jpg 576w, https:\/\/monnaber.com\/wp-content\/uploads\/2015\/05\/suite-1-138x75.jpg 138w, https:\/\/monnaber.com\/wp-content\/uploads\/2015\/05\/suite-1.jpg 793w\" sizes=\"auto, (max-width:767px) 300px, 300px\" \/><\/a><\/p>\n<p style=\"text-align: center;\">Une Chambre, un salon-cuisine, un balcon, le tout d\u00b4une superficie approximative de 32m2.<\/p>\n<p>[\/vc_column_text][\/vc_column][vc_column width=\u00a0\u00bb1\/3&Prime;][vc_column_text]<\/p>\n<h2 class=\"title\" style=\"text-align: center;\"><a class=\"button button_theme\" href=\"https:\/\/monnaber.com\/fr\/hotel-de-luxe-y-charme-majorque-logement-majorque\/appartementshotel-majorque\/appartement-superieur\/\">Appartement Sup\u00e9rieur<\/a><\/h2>\n<p style=\"text-align: center;\"><a href=\"https:\/\/monnaber.com\/fr\/hotel-de-luxe-y-charme-majorque-logement-majorque\/appartementshotel-majorque\/appartement-superieur\/\"><img loading=\"lazy\" decoding=\"async\" class=\"aligncenter wp-image-3590 size-medium\" src=\"http:\/\/monnaber.com\/wp-content\/uploads\/2015\/05\/monnaber_nou_accomodation_ap_superior-300x163.jpg\" alt=\"- -\" width=\"300\" height=\"163\" title=\"- -\" srcset=\"https:\/\/monnaber.com\/wp-content\/uploads\/2015\/05\/monnaber_nou_accomodation_ap_superior-300x163.jpg 300w, https:\/\/monnaber.com\/wp-content\/uploads\/2015\/05\/monnaber_nou_accomodation_ap_superior-260x142.jpg 260w, https:\/\/monnaber.com\/wp-content\/uploads\/2015\/05\/monnaber_nou_accomodation_ap_superior-50x27.jpg 50w, https:\/\/monnaber.com\/wp-content\/uploads\/2015\/05\/monnaber_nou_accomodation_ap_superior-138x75.jpg 138w, https:\/\/monnaber.com\/wp-content\/uploads\/2015\/05\/monnaber_nou_accomodation_ap_superior.jpg 700w\" sizes=\"auto, (max-width:767px) 300px, 300px\" \/><\/a><br \/>\nUne Chambre, un vaste salon \u2013 cuisine, une terrasse priv\u00e9e, le tout d\u00b4une superficie approximative de 40m2.<\/p>\n<p>[\/vc_column_text][\/vc_column][vc_column width=\u00a0\u00bb1\/3&Prime;][vc_column_text]<\/p>\n<h2 class=\"title\" style=\"text-align: center;\"><a class=\"button button_theme\" href=\"https:\/\/monnaber.com\/fr\/hotel-de-luxe-y-charme-majorque-logement-majorque\/appartementshotel-majorque\/appartement-familial\/\">Appartement de familie<\/a><\/h2>\n<p style=\"text-align: center;\"><a href=\"https:\/\/monnaber.com\/fr\/hotel-de-luxe-y-charme-majorque-logement-majorque\/appartementshotel-majorque\/appartement-familial\/\"><img loading=\"lazy\" decoding=\"async\" class=\"aligncenter wp-image-3596 size-medium\" src=\"http:\/\/monnaber.com\/wp-content\/uploads\/2015\/05\/monnaber_nou_accomodation_ap_familiar-300x163.jpg\" alt=\"- -\" width=\"300\" height=\"163\" title=\"- -\" srcset=\"https:\/\/monnaber.com\/wp-content\/uploads\/2015\/05\/monnaber_nou_accomodation_ap_familiar-300x163.jpg 300w, https:\/\/monnaber.com\/wp-content\/uploads\/2015\/05\/monnaber_nou_accomodation_ap_familiar-260x141.jpg 260w, https:\/\/monnaber.com\/wp-content\/uploads\/2015\/05\/monnaber_nou_accomodation_ap_familiar-50x27.jpg 50w, https:\/\/monnaber.com\/wp-content\/uploads\/2015\/05\/monnaber_nou_accomodation_ap_familiar-138x75.jpg 138w, https:\/\/monnaber.com\/wp-content\/uploads\/2015\/05\/monnaber_nou_accomodation_ap_familiar.jpg 700w\" sizes=\"auto, (max-width:767px) 300px, 300px\" \/><\/a><br \/>\nDeux chambres, un vaste salon- cuisine, une terrasse priv\u00e9e, le tout d\u00b4une superficie approximative de 52m2.<\/p>\n<p>[\/vc_column_text][\/vc_column][\/vc_row][vc_row][vc_column width=\u00a0\u00bb3\/4&Prime;][vc_column_text]<\/p>\n<h2 style=\"text-align: center;\"><a class=\"button button_theme\" href=\"https:\/\/monnaber.com\/fr\/hotel-de-luxe-y-charme-majorque-logement-majorque\/villa\/\">Villa S&rsquo;Era<\/a><\/h2>\n<p><a href=\"https:\/\/monnaber.com\/fr\/hotel-de-luxe-y-charme-majorque-logement-majorque\/villa\/\"><img loading=\"lazy\" decoding=\"async\" class=\"alignnone wp-image-3595 size-full\" src=\"https:\/\/monnaber.com\/wp-content\/uploads\/2018\/08\/villaera-1principal-1024x684.jpg\" alt=\"- -\" width=\"700\" height=\"380\" title=\"- -\"><\/a><\/p>\n<p>La villa \u00abS\u2019era \u00bb est une cottage moderne idyllique (160m2) avec deux chambres s\u00e9par\u00e9es, deux salles de bains, grand salon, cuisine avec coin repas et entour\u00e9 par la fen\u00eatre. Il est situ\u00e9 \u00e0 l\u2019entr\u00e9e de la ferme, \u00e0 environ 1 km de la maison principale.[\/vc_column_text][\/vc_column][vc_column width=\u00a0\u00bb1\/4&Prime;]<div class=\"infobox\" ><h3 class=\"title \">H\u00e9bergement et Services ****<\/h3><div class=\"infobox_wrapper\"><span class=\"ib-desc\"><\/p>\n<ul>\n<li>Satellite TV<\/li>\n<li>Coffre-fort<\/li>\n<li>Air conditionn\u00e9<\/li>\n<li>Chauffage<\/li>\n<li>Minibar<\/li>\n<li>Tel\u00e9phone<\/li>\n<li>S\u00e8che cheveux et Sorties de Bain<\/li>\n<li>Baignoire<\/li>\n<li>Wireless internet<\/li>\n<\/ul>\n<p><\/span><\/div><\/div>\n[\/vc_column][\/vc_row]<\/p>\n<\/div>","protected":false},"excerpt":{"rendered":"<p>[vc_row css=\u00a0\u00bb.vc_custom_1431360536519{margin-top: 10px !important;}\u00a0\u00bb][vc_column][vc_widget_sidebar sidebar_id=\u00a0\u00bbsidebar-book-fr\u00a0\u00bb][\/vc_column][\/vc_row][vc_row][vc_column width=\u00a0\u00bb1\/3&Prime;][vc_column_text] Chambre\u00a0avec balcon ou terrasse Nos chambres avec balcon ou terrasse disposent de toutes les commodit\u00e9s et services que le reste<span class=\"excerpt-hellip\"> [\u2026]<\/span><\/p>\n","protected":false},"author":1,"featured_media":0,"parent":0,"menu_order":0,"comment_status":"open","ping_status":"closed","template":"","meta":{"footnotes":""},"class_list":["post-2302","page","type-page","status-publish","hentry"],"_links":{"self":[{"href":"https:\/\/monnaber.com\/fr\/wp-json\/wp\/v2\/pages\/2302","targetHints":{"allow":["GET"]}}],"collection":[{"href":"https:\/\/monnaber.com\/fr\/wp-json\/wp\/v2\/pages"}],"about":[{"href":"https:\/\/monnaber.com\/fr\/wp-json\/wp\/v2\/types\/page"}],"author":[{"embeddable":true,"href":"https:\/\/monnaber.com\/fr\/wp-json\/wp\/v2\/users\/1"}],"replies":[{"embeddable":true,"href":"https:\/\/monnaber.com\/fr\/wp-json\/wp\/v2\/comments?post=2302"}],"version-history":[{"count":0,"href":"https:\/\/monnaber.com\/fr\/wp-json\/wp\/v2\/pages\/2302\/revisions"}],"wp:attachment":[{"href":"https:\/\/monnaber.com\/fr\/wp-json\/wp\/v2\/media?parent=2302"}],"curies":[{"name":"wp","href":"https:\/\/api.w.org\/{rel}","templated":true}]}}