{"id":12292,"date":"2020-01-14T17:57:38","date_gmt":"2020-01-14T16:57:38","guid":{"rendered":"https:\/\/monnaber.com\/summer-offer-hotel-monnaber-nou-majorca\/"},"modified":"2022-07-13T08:42:00","modified_gmt":"2022-07-13T06:42:00","slug":"offre-ete-hotel-monnaber-nou-mallorca","status":"publish","type":"page","link":"https:\/\/monnaber.com\/fr\/offre-ete-hotel-monnaber-nou-mallorca\/","title":{"rendered":"Que rien change votre envie de venir \u00e0 Majorque, nous vous attendons prochainement \u00e0 Monnaber nou!"},"content":{"rendered":"<div class=\"wpb-content-wrapper\"><p>[vc_row][vc_column][vc_widget_sidebar sidebar_id=\u00a0\u00bbsidebar-book-fr\u00a0\u00bb][vc_custom_heading text=\u00a0\u00bbVoyage en toute s\u00e9curit\u00e9 avec annulation 100% gratuite. R\u00e9servez d\u00e8s maintenant \u00e0 l&rsquo;H\u00f4tel Rural &amp; Spa Monnaber nou!\u00a0\u00bb font_container=\u00a0\u00bbtag:h1|font_size:35px|text_align:center|color:%23000000|line_height:38px\u00a0\u00bb google_fonts=\u00a0\u00bbfont_family:ABeeZee%3Aregular%2Citalic|font_style:400%20regular%3A400%3Anormal\u00a0\u00bb][vc_empty_space height=\u00a0\u00bb5px\u00a0\u00bb][\/vc_column][\/vc_row][vc_row][vc_column width=\u00a0\u00bb1\/2&Prime;][vc_column_text]Nous comprenons qu&rsquo;il est difficile de s&rsquo;engager \u00e0 planifier des voyages pour le moment, voici comment nous pouvons vous aider:<\/p>\n<p>Nous vous proposons une politique d&rsquo;<strong>annulation 100% gratuite<\/strong> pour votre prochaine r\u00e9servation, sans engagement. R\u00e9servez maintenant sans soucis. Vous pouvez annuler \u00e0 tout moment jusqu&rsquo;\u00e0 5 jours avant la date d&rsquo;arriv\u00e9e pour un remboursement complet.<br \/>\nEt si pour quelque raisons vous arrive pas, ou vous modifiez pas la r\u00e9servation avant la date limite, l&rsquo;\u00e9tablissement ne facturera que le total de la premi\u00e8re nuit. Restant le montant en d\u00e9p\u00f4t pendant 1 an afin que vous ayez la possibilit\u00e9 de venir nous rendre visite.<\/p>\n<p><strong>Payez plus tard<\/strong>: L&rsquo;\u00e9tablissement ne facturera que le montant de la premi\u00e8re nuit au moment de la r\u00e9servation et le reste sera pay\u00e9 \u00e0 l&rsquo;arriv\u00e9e \u00e0 l&rsquo;h\u00f4tel.[\/vc_column_text][vc_message message_box_style=\u00a0\u00bbsolid-icon\u00a0\u00bb]<\/p>\n<h2 style=\"text-align: center;\"><strong>Profitez de 5% de r\u00e9duction avec le code: <span style=\"color: #ff0000;\"><em>finca05<\/em><\/span><\/strong><\/h2>\n<p>[\/vc_message][vc_column_text]Notre engagement est que nos clients disposent des meilleures conditions et tarifs garantis avec une remise de 5% sur les chambres d&rsquo;h\u00f4tes, quel que soit le type de chambre, la dur\u00e9e du s\u00e9jour ou la p\u00e9riode du voyage, tandis que le non cumulable avec une autre offre ou remise.<\/p>\n<p><span style=\"color: #008000;\">Cette remise <strong>sp\u00e9ciale de -5%<\/strong> pour les clients est exclusivement <\/span><span style=\"color: #008000;\">notre site Web ou notre centre d&rsquo;appels. Utilisation du code de r\u00e9duction <strong>FINCA05 :<\/strong><\/span>[\/vc_column_text][vc_btn title=\u00a0\u00bbCLIQUEZ ICI PER R\u00c9SERVER\u00a0\u00bb style=\u00a0\u00bboutline\u00a0\u00bb color=\u00a0\u00bbdanger\u00a0\u00bb align=\u00a0\u00bbcenter\u00a0\u00bb i_icon_fontawesome=\u00a0\u00bbfas fa-hand-point-right\u00a0\u00bb add_icon=\u00a0\u00bbtrue\u00a0\u00bb link=\u00a0\u00bburl:https%3A%2F%2Fmonnaber.com%2Fbooking%2Freserva.php%3Flang%3Dfr|||\u00a0\u00bb][vc_column_text]<span style=\"color: #008000;\">il vous suffit de saisir le code promotionnel:\u00a0<em><strong>finca05\u00a0<\/strong><\/em>da RECHERCHER\u00a0\u00bbet apr\u00e8s cliquer sur \u00ab\u00a0RECHERCHER\u00a0\u00bb et la remise se fera automatiquement.<\/span><\/p>\n<p>* Ce code n&rsquo;est pas cumulable avec d&rsquo;autres offres ou remises et n&rsquo;est pas applicable les jours f\u00e9ri\u00e9s ou \u00e0 la veille de jours f\u00e9ri\u00e9s et d&rsquo;\u00e9v\u00e9nements organis\u00e9s par l&rsquo;h\u00f4tel.<\/p>\n<p>Merci beaucoup et nous esp\u00e9rons vous accueillir dans notre \u00e9tablissement,<\/p>\n<p>\u00c9quipe \u00a0Monnaber Nou[\/vc_column_text][\/vc_column][vc_column width=\u00a0\u00bb1\/2&Prime;][vc_single_image image=\u00a0\u00bb3318&Prime; img_size=\u00a0\u00bbfull\u00a0\u00bb onclick=\u00a0\u00bblink_image\u00a0\u00bb][vc_single_image image=\u00a0\u00bb3333&Prime; img_size=\u00a0\u00bbfull\u00a0\u00bb onclick=\u00a0\u00bblink_image\u00a0\u00bb][\/vc_column][\/vc_row]<\/p>\n<\/div>","protected":false},"excerpt":{"rendered":"<p>[vc_row][vc_column][vc_widget_sidebar sidebar_id=\u00a0\u00bbsidebar-book-fr\u00a0\u00bb][vc_custom_heading text=\u00a0\u00bbVoyage en toute s\u00e9curit\u00e9 avec annulation 100% gratuite. R\u00e9servez d\u00e8s maintenant \u00e0 l&rsquo;H\u00f4tel Rural &amp; Spa Monnaber nou!\u00a0\u00bb font_container=\u00a0\u00bbtag:h1|font_size:35px|text_align:center|color:%23000000|line_height:38px\u00a0\u00bb google_fonts=\u00a0\u00bbfont_family:ABeeZee%3Aregular%2Citalic|font_style:400%20regular%3A400%3Anormal\u00a0\u00bb][vc_empty_space height=\u00a0\u00bb5px\u00a0\u00bb][\/vc_column][\/vc_row][vc_row][vc_column width=\u00a0\u00bb1\/2&Prime;][vc_column_text]Nous comprenons qu&rsquo;il<span class=\"excerpt-hellip\"> [\u2026]<\/span><\/p>\n","protected":false},"author":1,"featured_media":12294,"parent":0,"menu_order":0,"comment_status":"closed","ping_status":"closed","template":"","meta":{"footnotes":""},"class_list":["post-12292","page","type-page","status-publish","has-post-thumbnail","hentry"],"_links":{"self":[{"href":"https:\/\/monnaber.com\/fr\/wp-json\/wp\/v2\/pages\/12292","targetHints":{"allow":["GET"]}}],"collection":[{"href":"https:\/\/monnaber.com\/fr\/wp-json\/wp\/v2\/pages"}],"about":[{"href":"https:\/\/monnaber.com\/fr\/wp-json\/wp\/v2\/types\/page"}],"author":[{"embeddable":true,"href":"https:\/\/monnaber.com\/fr\/wp-json\/wp\/v2\/users\/1"}],"replies":[{"embeddable":true,"href":"https:\/\/monnaber.com\/fr\/wp-json\/wp\/v2\/comments?post=12292"}],"version-history":[{"count":0,"href":"https:\/\/monnaber.com\/fr\/wp-json\/wp\/v2\/pages\/12292\/revisions"}],"wp:featuredmedia":[{"embeddable":true,"href":"https:\/\/monnaber.com\/fr\/wp-json\/wp\/v2\/media\/12294"}],"wp:attachment":[{"href":"https:\/\/monnaber.com\/fr\/wp-json\/wp\/v2\/media?parent=12292"}],"curies":[{"name":"wp","href":"https:\/\/api.w.org\/{rel}","templated":true}]}}