{"id":9717,"date":"2021-02-24T17:48:40","date_gmt":"2021-02-24T16:48:40","guid":{"rendered":"https:\/\/monnaber.com\/?page_id=9717"},"modified":"2022-02-21T11:30:14","modified_gmt":"2022-02-21T10:30:14","slug":"requisitos-viajar-mallorca-covid","status":"publish","type":"page","link":"https:\/\/monnaber.com\/es\/requisitos-viajar-mallorca-covid\/","title":{"rendered":"Requisitos viajar a Mallorca en tiempos de covid"},"content":{"rendered":"<div class=\"wpb-content-wrapper\"><p>[vc_row][vc_column][vc_widget_sidebar sidebar_id=\u00bbsidebar-book-es\u00bb][vc_column_text]<\/p>\n<div class=\"block ficha enlaces\">\n<h3 class=\"titleficha\">MEDIDAS DE PREVENCI\u00d3N FRENTE A COVID-19<\/h3>\n<div class=\"more-little-box synthoms\">Si tiene s\u00edntomas, qu\u00e9dese en casa o lugar de alojamiento y a\u00edslese en su habitaci\u00f3n<\/div>\n<div class=\"more-little-box distance\">Mantenga \u200b1,5 metros de \u200bdistancia entre personas<\/div>\n<div class=\"more-little-box hands\">L\u00e1vese las manos frecuentemente y \u200bmeticulosamente<\/div>\n<div class=\"more-little-box eyes\">Evite tocarse \u200bojos, nariz \u200by boca<\/div>\n<div class=\"more-little-box mouth\">Cubra boca y \u200bnariz con el codo \u200bflexionado al toser \u200bo estornudar<\/div>\n<div class=\"more-little-box tissue\">Use \u200bpa\u00f1uelos desechables<\/div>\n<\/div>\n<div class=\"block information ficha\">\n<div>\n<p><strong>Alerta sanitaria Covid-19 en Espa\u00f1a<\/strong><\/p>\n<p><strong>RECUERDE:\u00a0<\/strong>Si va a viajar, consulte con su aerol\u00ednea antes de ir al aeropuerto y recuerde que es obligatorio el uso de\u00a0<strong>mascarilla\u00a0<\/strong>en todos los espacios p\u00fablicos al aire libre y cerrados si no es posible mantener la distancia de seguridad. Siga las medidas higi\u00e9nicas, mantenga la distancia f\u00edsica de\u00a0<strong>1,5 metros\u00a0<\/strong>con cualquier persona y ac\u00e9rquese a recoger su equipaje de forma individual.<\/div>\n<div class=\"ico-img\"><\/div>\n<\/div>\n<div class=\"block iftravel ficha\">\n<h2>Si va a viajar a Espa\u00f1a<\/h2>\n<div class=\"stop-virus\">\n<p>Si est\u00e1 preparando un viaje a Espa\u00f1a tiene que saber que debido a la crisis sanitaria del COVID-19, es obligatorio rellenar un Formulario de Control Sanitario al que se puede acceder desde la p\u00e1gina spth.gob.es o bien descarg\u00e1ndose la app en el m\u00f3vil desde la misma p\u00e1gina.<\/p><\/div>\n<div class=\"spth\">\n<p>NO DEBE VIAJAR si tiene s\u00edntomas compatibles con COVID-19: fiebre, tos, dificultad respiratoria, de inicio en los \u00faltimos 14 d\u00edas o ha sido diagnosticado de COVID-19 en los \u00faltimos 14 d\u00edas<\/p><\/div>\n<\/div>\n<div class=\"steps p-grid\">\n<div class=\"p-col step1\"><strong>Antes del viaje:<\/strong><br \/>\nComplete su formulario, obtenga su c\u00f3digo QR<\/div>\n<div class=\"p-col step2\"><strong>En el aeropuerto:<\/strong><br \/>\nMuestre el C\u00f3digo QR de su viaje en el control<\/div>\n<div class=\"p-col step3\"><strong>Durante su estancia:<\/strong><br \/>\nDisfrute y contacte si lo necesita<\/div>\n<\/div>\n<div class=\"block iftravel2 ficha\">\n<h2>Antes del viaje<\/h2>\n<div>\n<p>Deber\u00e1 cumplimentar todo el Formulario desde la p\u00e1gina web o desde la app, y a partir de\u00a0<strong>48 HORAS\u00a0<\/strong>antes del vuelo podr\u00e1 enviar el formulario a las autoridades sanitarias. Una vez enviado recibir\u00e1 un correo con un c\u00f3digo QR que le permitir\u00e1 acceder al aeropuerto destino. Debe llevarlo impreso o en el tel\u00e9fono m\u00f3vil.\u200b<\/div>\n<div class=\"ico-img\"><\/div>\n<\/div>\n<div class=\"block inairport ficha\">\n<h2>En el aeropuerto<\/h2>\n<div class=\"qricon\">\n<p>Una vez en el aeropuerto deber\u00e1 mostrar el c\u00f3digo QR que ser\u00e1 escaneado en el control sanitario, para poder acceder al terminal y a recoger su equipaje.<\/p><\/div>\n<div class=\"sanidadicon\">\n<p>Mantenga la distancia f\u00edsica interpersonal de al menos 1,5m, una higiene de manos frecuente y sigua la etiqueta respiratoria (cubrirse al toser o estornudar) en el aeropuerto y durante el viaje.<\/p><\/div>\n<\/div>\n<div class=\"block intravel ficha\">\n<h2>Durante el viaje y su estancia<\/h2>\n<div>\n<p>VUELO\u200b<br \/>\n&#8211; Si presenta s\u00edntomas (fiebre, tos, dificultad respiratoria) o malestar durante el viaje, avise a la tripulaci\u00f3n lo antes posible.<br \/>\n\u200b- El uso de mascarilla es obligatorio en los medios de transporte p\u00fablico.<\/p>\n<p>AEROPUERTO\u200b<br \/>\n&#8211; Colabore con los controles sanitarios establecidos en el aeropuerto.\u200b<br \/>\n&#8211; A su llegada al destino, minimice las interacciones con personas y el tiempo de estancia en el aeropuerto, para reducir el riesgo de transmisi\u00f3n del virus<\/p>\n<p>ESTANCIA\u200b<br \/>\n&#8211; Si durante su estancia en Espa\u00f1a presenta presenta s\u00edntomas compatibles con la COVID-19 (fiebre, dificultad respiratoria, tos) u otros s\u00edntomas compatibles con COVID-19 como disminuci\u00f3n del olfato y del gusto, escalofr\u00edos, dolor de garganta, diarrea o v\u00f3mitos, deber\u00e1 ponerse en contacto con las autoridades sanitarias de la comunidad aut\u00f3noma en la que se encuentre.<\/div>\n<\/div>\n<p>[\/vc_column_text][\/vc_column][\/vc_row]<\/p>\n<\/div>","protected":false},"excerpt":{"rendered":"<p>[vc_row][vc_column][vc_widget_sidebar sidebar_id=\u00bbsidebar-book-es\u00bb][vc_column_text] MEDIDAS DE PREVENCI\u00d3N FRENTE A COVID-19 Si tiene s\u00edntomas, qu\u00e9dese en casa o lugar de alojamiento y a\u00edslese en su habitaci\u00f3n Mantenga \u200b1,5 metros<span class=\"excerpt-hellip\"> [\u2026]<\/span><\/p>\n","protected":false},"author":1,"featured_media":0,"parent":0,"menu_order":0,"comment_status":"closed","ping_status":"closed","template":"","meta":{"footnotes":""},"class_list":["post-9717","page","type-page","status-publish","hentry"],"_links":{"self":[{"href":"https:\/\/monnaber.com\/es\/wp-json\/wp\/v2\/pages\/9717","targetHints":{"allow":["GET"]}}],"collection":[{"href":"https:\/\/monnaber.com\/es\/wp-json\/wp\/v2\/pages"}],"about":[{"href":"https:\/\/monnaber.com\/es\/wp-json\/wp\/v2\/types\/page"}],"author":[{"embeddable":true,"href":"https:\/\/monnaber.com\/es\/wp-json\/wp\/v2\/users\/1"}],"replies":[{"embeddable":true,"href":"https:\/\/monnaber.com\/es\/wp-json\/wp\/v2\/comments?post=9717"}],"version-history":[{"count":0,"href":"https:\/\/monnaber.com\/es\/wp-json\/wp\/v2\/pages\/9717\/revisions"}],"wp:attachment":[{"href":"https:\/\/monnaber.com\/es\/wp-json\/wp\/v2\/media?parent=9717"}],"curies":[{"name":"wp","href":"https:\/\/api.w.org\/{rel}","templated":true}]}}