{"id":9384,"date":"2020-11-19T18:06:14","date_gmt":"2020-11-19T17:06:14","guid":{"rendered":"https:\/\/monnaber.com\/?page_id=9384"},"modified":"2022-02-21T11:17:46","modified_gmt":"2022-02-21T10:17:46","slug":"oferta-black-friday-hotel-monnaber-nou-mallorca","status":"publish","type":"page","link":"https:\/\/monnaber.com\/es\/oferta-black-friday-hotel-monnaber-nou-mallorca\/","title":{"rendered":"Especial Black Friday -10% dto. Codigo: BLACKF10"},"content":{"rendered":"<div class=\"wpb-content-wrapper\"><p>[vc_row parallax=\u00bbcontent-moving-fade\u00bb parallax_image=\u00bb417&#8243;][vc_column][vc_widget_sidebar sidebar_id=\u00bbsidebar-book-es\u00bb][\/vc_column][\/vc_row][vc_row][vc_column][vc_custom_heading text=\u00bbViaja seguro con cancelaci\u00f3n 100% gratuita.Reserva ahora en el Hotel Rural &amp; Spa Monnaber nou\u00bb font_container=\u00bbtag:h1|font_size:35px|text_align:center|color:%23000000|line_height:38px\u00bb google_fonts=\u00bbfont_family:ABeeZee%3Aregular%2Citalic|font_style:400%20regular%3A400%3Anormal\u00bb][vc_empty_space height=\u00bb5px\u00bb][\/vc_column][\/vc_row][vc_row][vc_column width=\u00bb1\/2&#8243;][vc_column_text]Entendemos que es dif\u00edcil comprometerse con planes de viaje en este momento, as\u00ed es como podemos ayudarte:<br \/>\nTe ofrecemos\u00a0 una pol\u00edtica de\u00a0<strong>100%<\/strong> <strong>cancelaci\u00f3n gratuita<\/strong>\u00a0para tu pr\u00f3xima\u00a0reserva, sin compromisos. Reserva ahora sin preocupaciones. Puedes cancelar en cualquier momento hasta 2 d\u00edas anterior a tu llegada para obtener un reembolso completo.<\/p>\n<p>Y Si cancelas, no te presentas o modificas la reserva fuera de plazo, el establecimiento cargar\u00e1 s\u00f3lo el total de la primera noche. Quedando el importe en dep\u00f3sito durante 1 a\u00f1o para que tengas la oportunidad de venir a visitarnos.<\/p>\n<p><strong>Paga despu\u00e9s:<\/strong>\u00a0El establecimiento cargar\u00e1 s\u00f3lo el importe de la primera noche en el momento de efectuar la reserva y el resto se pagar\u00e1 al llegar al hotel.[\/vc_column_text][vc_message message_box_style=\u00bbsolid-icon\u00bb]<\/p>\n<h2 style=\"text-align: center;\"><strong><span style=\"font-family: Arial;\">Disfruta del 10% descuento con el c\u00f3digo: <span style=\"color: #ff0000;\"><em>BLACKF10<\/em><\/span><\/span><\/strong><\/h2>\n<p>[\/vc_message][vc_column_text]Este\u00a0d<strong>escuento especial del -10%<\/strong> al reservar exclusivamente a trav\u00e9s de nuestra web o call-center. \u00a0Haciendo valer el codigo descuento\u00a0 <strong>BLACKF10 con estancia hasta el 15\/07\/2021 sujeto a disponibilidad y del 24\/12\/2020 al 31\/12\/2020 no incluidos.<\/strong><\/p>\n<p>Nuestro compromiso es que nuestros clientes tengan las mejores condiciones y tarifas garantizada \u00a0a su disposici\u00f3n con un 10% de descuento sobre el alojamiento y desayuno, sin importar el tipo de habitaci\u00f3n , la duraci\u00f3n de la\u00a0 estancia o el periodo del viaje, mientras este en vigor la oferta, no siendo esta acumulable\u00a0 con otra oferta o descuento.<\/p>\n<p><span style=\"color: #008000;\">Aprovecha el descuento especial del 10% al reservar directamente introduciendo este c\u00f3digo: <strong>BLACKF10<\/strong> al hacer la reserva:<\/span>[\/vc_column_text][vc_btn title=\u00bbCLICK AQU\u00cd PARA RESERVAR\u00bb style=\u00bboutline\u00bb color=\u00bbdanger\u00bb align=\u00bbcenter\u00bb i_icon_fontawesome=\u00bbfas fa-hand-point-right\u00bb add_icon=\u00bbtrue\u00bb link=\u00bburl:https%3A%2F%2Fmonnaber.com%2Fbooking%2Freserva.php%3Flang%3Des|||\u00bb][vc_column_text]<span style=\"color: #008000;\">Basta con introducir el c\u00f3digo promocional <strong>BLACKF10<\/strong> en la casilla y despu\u00e9s pulsar en \u201cBUSCAR\u201d y le realizara el descuento autom\u00e1ticamente.<\/span><\/p>\n<p>*Este c\u00f3digo no es no combinable con cualquier otra oferta o descuento as\u00ed como no aplicable en festivos o v\u00edsperas de festivos y eventos organizados por el Hotel.<\/p>\n<p>Much\u00edsimas gracias y esperamos darle la bienvenida en nuestro establecimiento,<\/p>\n<p>Equipo de Monnaber Nou[\/vc_column_text][\/vc_column][vc_column width=\u00bb1\/2&#8243;][vc_single_image image=\u00bb3318&#8243; img_size=\u00bbfull\u00bb onclick=\u00bblink_image\u00bb][vc_single_image image=\u00bb3333&#8243; img_size=\u00bbfull\u00bb onclick=\u00bblink_image\u00bb][\/vc_column][\/vc_row][vc_row][vc_column][vc_column_text]<\/p>\n<h3 style=\"text-align: center;\"><strong>COVID-19 medidas de seguridad en el Hotel &amp; Spa Monnaber Nou<\/strong><\/h3>\n<p>La seguridad de nuestros hu\u00e9spedes y personal sigue siendo nuestra m\u00e1xima prioridad. En respuesta al coronavirus, hemos tomado medidas adicionales de salud y seguridad para ayudar a mantener seguros a nuestros hu\u00e9spedes y empleados:<\/p>\n<ul>\n<li>Todo el personal de limpieza desinfecta habitaciones cada d\u00eda.<\/li>\n<li>Hemos aumentado la frecuencia de limpieza de nuestras \u00e1reas comunes y objetos de uso com\u00fan (salones, tiradores de puertas, ba\u00f1os p\u00fablicos, tarjetas de habitaciones, etc.)<\/li>\n<li>El desinfectante para manos estar\u00e1 disponible en las \u00e1reas comunes para su uso.<\/li>\n<\/ul>\n<p>El personal ha sido capacitado para prevenir la propagaci\u00f3n del coronavirus y continuaremos asegurando que la higiene y la limpieza sean nuestra principal prioridad en toda nuestra operativa.[\/vc_column_text][\/vc_column][\/vc_row]<\/p>\n<\/div>","protected":false},"excerpt":{"rendered":"<p>[vc_row parallax=\u00bbcontent-moving-fade\u00bb parallax_image=\u00bb417&#8243;][vc_column][vc_widget_sidebar sidebar_id=\u00bbsidebar-book-es\u00bb][\/vc_column][\/vc_row][vc_row][vc_column][vc_custom_heading text=\u00bbViaja seguro con cancelaci\u00f3n 100% gratuita.Reserva ahora en el Hotel Rural &amp; Spa Monnaber nou\u00bb font_container=\u00bbtag:h1|font_size:35px|text_align:center|color:%23000000|line_height:38px\u00bb google_fonts=\u00bbfont_family:ABeeZee%3Aregular%2Citalic|font_style:400%20regular%3A400%3Anormal\u00bb][vc_empty_space height=\u00bb5px\u00bb][\/vc_column][\/vc_row][vc_row][vc_column width=\u00bb1\/2&#8243;][vc_column_text]Entendemos que es dif\u00edcil<span class=\"excerpt-hellip\"> [\u2026]<\/span><\/p>\n","protected":false},"author":1,"featured_media":416,"parent":0,"menu_order":0,"comment_status":"closed","ping_status":"closed","template":"","meta":{"footnotes":""},"class_list":["post-9384","page","type-page","status-publish","has-post-thumbnail","hentry"],"_links":{"self":[{"href":"https:\/\/monnaber.com\/es\/wp-json\/wp\/v2\/pages\/9384","targetHints":{"allow":["GET"]}}],"collection":[{"href":"https:\/\/monnaber.com\/es\/wp-json\/wp\/v2\/pages"}],"about":[{"href":"https:\/\/monnaber.com\/es\/wp-json\/wp\/v2\/types\/page"}],"author":[{"embeddable":true,"href":"https:\/\/monnaber.com\/es\/wp-json\/wp\/v2\/users\/1"}],"replies":[{"embeddable":true,"href":"https:\/\/monnaber.com\/es\/wp-json\/wp\/v2\/comments?post=9384"}],"version-history":[{"count":0,"href":"https:\/\/monnaber.com\/es\/wp-json\/wp\/v2\/pages\/9384\/revisions"}],"wp:featuredmedia":[{"embeddable":true,"href":"https:\/\/monnaber.com\/es\/wp-json\/wp\/v2\/media\/416"}],"wp:attachment":[{"href":"https:\/\/monnaber.com\/es\/wp-json\/wp\/v2\/media?parent=9384"}],"curies":[{"name":"wp","href":"https:\/\/api.w.org\/{rel}","templated":true}]}}