{"id":7719,"date":"2019-06-19T11:41:47","date_gmt":"2019-06-19T09:41:47","guid":{"rendered":"https:\/\/monnaber.com\/?page_id=7719"},"modified":"2022-02-21T11:30:53","modified_gmt":"2022-02-21T10:30:53","slug":"ruta-binifaldo","status":"publish","type":"page","link":"https:\/\/monnaber.com\/es\/ruta-binifaldo\/","title":{"rendered":"Ruta Binifaldo"},"content":{"rendered":"<div class=\"wpb-content-wrapper\"><p>[vc_row title=\u00bb\u00bb sidebar_id=\u00bbsidebar-book-es\u00bb][vc_column][vc_widget_sidebar sidebar_id=\u00bbsidebar-book-es\u00bb][\/vc_column][\/vc_row][vc_row css=\u00bb.vc_custom_1431360458683{margin-top: 10px !important;}\u00bb][vc_column width=\u00bb2\/3&#8243;]<div class=\"fancy_heading fancy_heading_line\"><div class=\"fh-top\"><span class=\"slogan\">Ruta Lluc \u2013 Moleta de Binifaldo<\/span><\/div><h2 class=\"title\">Lluc - Binifaldo<\/h2><\/div>\n[vc_column_text]<\/p>\n<h3 style=\"text-align: center;\"><strong>INFORMACI\u00d3N<\/strong><\/h3>\n<p>El monasterio de Lluc es la ciudad religiosa m\u00e1s importante de Mallorca, rodeado por las verdes laderas de la Sierra de Tramuntana es una atracci\u00f3n cl\u00e1sica para turistas, y tambi\u00e9n para los mallorquines. Los alrededores del monasterio de Lluc est\u00e1n densamente boscosos y sorprendentemente tranquilos, a pocos minutos de distancia del monasterio parece, que uno se encuentra en otro mundo. Las piedras calizas muy erosionadas y con formas extra\u00f1as han formado un paisaje de excepcional belleza. En un relajante paseo por los alrededores del monasterio, tendr\u00e1 la oportunidad de acortar la ruta de regreso desde Bibifald\u00f3 hacia Lluc, o de a\u00f1adir una adicional subida al Coll de Pedregat. Esta caminata es ideal para toda la familia y un complemento perfecto para una visita al monasterio de Lluc.<\/p>\n<p><img loading=\"lazy\" decoding=\"async\" class=\"aligncenter wp-image-7631 size-large\" src=\"https:\/\/monnaber.com\/wp-content\/uploads\/2019\/06\/binifaldo-gallery-web021-1024x768.jpg\" alt=\"- -\" width=\"1024\" height=\"768\" title=\"- -\" srcset=\"https:\/\/monnaber.com\/wp-content\/uploads\/2019\/06\/binifaldo-gallery-web021-1024x768.jpg 1024w, https:\/\/monnaber.com\/wp-content\/uploads\/2019\/06\/binifaldo-gallery-web021-300x225.jpg 300w, https:\/\/monnaber.com\/wp-content\/uploads\/2019\/06\/binifaldo-gallery-web021-768x576.jpg 768w, https:\/\/monnaber.com\/wp-content\/uploads\/2019\/06\/binifaldo-gallery-web021-195x146.jpg 195w, https:\/\/monnaber.com\/wp-content\/uploads\/2019\/06\/binifaldo-gallery-web021-50x38.jpg 50w, https:\/\/monnaber.com\/wp-content\/uploads\/2019\/06\/binifaldo-gallery-web021-100x75.jpg 100w, https:\/\/monnaber.com\/wp-content\/uploads\/2019\/06\/binifaldo-gallery-web021.jpg 1440w\" sizes=\"auto, (max-width:767px) 480px, (max-width:1024px) 100vw, 1024px\" \/><\/p>\n<h3 style=\"text-align: center;\"><strong>RUT\u00d3METRO<\/strong><\/h3>\n<p><strong>\u00a0<\/strong><\/p>\n<p><strong>Km 0.00\u00a0 \u00a0\u00a0\u00a0\u00a0\u00a0\u00a0\u00a0 WP M023\u00a0\u00a0 Restaurante Ca S\u00b4Amitger<\/strong><\/p>\n<ol>\n<li>con la espalda hacia la entrada; girar a la izquierda (atraviese del arco en direcci\u00f3n monasterio)<\/li>\n<li>despu\u00e9s de 150 m; Plaza delante de la entrada principal: girar a la derecha (a trav\u00e9s del arco cerca de la tienda de souvenir)<\/li>\n<li>despu\u00e9s de 300 m; desv\u00edo: girar a la izquierda (pase a trav\u00e9s de una pared de piedra, cerca del arco, justo antes de llegar a la carretera principal)<\/li>\n<li>despu\u00e9s de 50 m; atraviese una entrada en la verja y cruza el campo de futbol, y sal por su lado izquierdo, donde hay una puerta abierta.<\/li>\n<li>despu\u00e9s de 100 m; pase por el arco y camine al lado del torrente<\/li>\n<li>inmediatamente; girar a la izquierda (cruzar un puente de madera)(direcci\u00f3n \u201ces Camell\u201d)<strong>WP 060<\/strong><\/li>\n<li>sigue el camino estrecho entre las rocas (Moj\u00f3n, despu\u00e9s escaleras)<\/li>\n<li>despu\u00e9s de 200 m; desv\u00edo: girar a la derecha (Direcci\u00f3n \u201cEs Camell\u201d, justo antes de un contenedor de basura de madera)<\/li>\n<li>despu\u00e9s de 100 m; fin del camino<\/li>\n<\/ol>\n<p>&nbsp;<\/p>\n<p><strong>KM 0.90\u00a0\u00a0\u00a0\u00a0\u00a0\u00a0\u00a0\u00a0\u00a0 WP051\u00a0\u00a0 Es Camell<\/strong><\/p>\n<ol>\n<li>vuelve por el mismo camino hasta el punto<strong> WP060<\/strong><\/li>\n<\/ol>\n<p>Con la espalda hacia el puente gire a la izquierda(suave subida por un camino ancho)<\/p>\n<ol start=\"2\">\n<li>unos metros mas adelante cruzamos el torrente y encontramos un cruce.<\/li>\n<\/ol>\n<p>3.seguimos recto por el camino principal(el torrente nos queda a la derecha)<\/p>\n<p>4.ignoramos todos los desviamientos a nuestra\u00a0 derecha(todos son accesos a la antigua zona de acampada)\/seguimos siempre por el camino principal hasta llegar a la carretera(subida).<\/p>\n<p>5.en la carretera giraremos a la izquierda, seguiremos unos 65m por el arc\u00e9n hasta el <strong>km17,4(WP,52)<\/strong><\/p>\n<p>6.en la otra parte de la carretera esta la entrada se\u00f1alizada que va \u201cMenut\u201d y \u201cBinifaldo\u201d-<\/p>\n<p>7.cruzamos la carretera(<strong>cuidado con los coches<\/strong>)y entramos por la entrada que pone \u201cMenut\u201d,\u201dBinifaldo\u201d<\/p>\n<p>seguimos el camino asfaltado hasta llegar a un cruce en forma Y con barreras.<\/p>\n<p>8.hiremos a la izquierda rodeando la barrera por el lado izquierdo(el camino de la derecha nos conduce a \u201cMenut\u201d-vivero forestal <strong>M060<\/strong><em>(<\/em> &#8211;<em>Mirar mapa-ruta alternativa)<\/em><\/p>\n<p>9.seguimos el camino asfaltado hasta el siguiente cruce.<\/p>\n<p>10.giramos a la derecha siguiendo el camino asfaltado, y a los pocos m llegamos a \u201cBinifaldo\u201d(<strong>M053)<\/strong><\/p>\n<p>&nbsp;<\/p>\n<p><strong>WP M 053\u00a0\u00a0 Centro de Educaci\u00f3n Ambiental Binifald\u00f3<\/strong><\/p>\n<ol>\n<li>seguir el camino asfaltado(GR 221 Direcci\u00f3n \u201cSon Amer\u201d)<\/li>\n<li>despu\u00e9s de 650 m:<\/li>\n<\/ol>\n<p>&nbsp;<\/p>\n<p><strong>Km 6.25\u00a0\u00a0\u00a0\u00a0\u00a0\u00a0\u00a0\u00a0\u00a0 WP M024\u00a0\u00a0 Pass coll des Pedregaret <\/strong><\/p>\n<ol>\n<li>tome las escaleras para sobrepasar la pared, al lado de la barrera de madera<\/li>\n<li>inmediatamente cruce de 3 caminos: girar a la derecha (GR 221 Direcci\u00f3n Son Amer)<\/li>\n<li>despu\u00e9s de 1 km; cruce de 3 caminos: girar a la derecha (camino de grava ancho, GR post)<\/li>\n<li>despu\u00e9s de 500 m; cruce de 3 caminos: girar a la izquierda (GR 221 Direcci\u00f3n Son Amer)<\/li>\n<li>despu\u00e9s de 150 m; cruce de 3 caminos: girar a la derecha (Moj\u00f3n; GR post)<\/li>\n<li>despu\u00e9s de 30 m; parad de piedra con escaleras, sigue recto (GR Direcci\u00f3n Son Amer)<\/li>\n<li>inmediatamente: Bifurcaci\u00f3n en Y: girar a la izquierda (bajando)<\/li>\n<li>despu\u00e9s de 70 m; ignorar desvi\u00f3 a la derecha<\/li>\n<li>despu\u00e9s de 50 m; cruce de 3 caminos: girar a la izquierda (bajando)<\/li>\n<\/ol>\n<p><em>Vistas sobre el valle de Lluc: <\/em><\/p>\n<ol>\n<li><em> cruce de 3 caminos: girar a la izquierda<\/em><\/li>\n<li><em> despu\u00e9s de 200 m: WP M 020, vistas Lluc<\/em><\/li>\n<li><em> vuelve por el mismo camino a la bifurcaci\u00f3n de 3 caminos y girar a la derecha<\/em><\/li>\n<\/ol>\n<p>&nbsp;<\/p>\n<ol start=\"10\">\n<li>despu\u00e9s de 100 m; Bifurcaci\u00f3n en Y: girar a la derecha (bajando, sigue en el camino principal)<\/li>\n<\/ol>\n<p>11. despu\u00e9s de 250 m:<\/p>\n<p><strong>Km 8.50\u00a0\u00a0\u00a0\u00a0\u00a0\u00a0\u00a0\u00a0\u00a0 WP M019\u00a0\u00a0 cruce de 3 caminos cerda de las fuentes Font de S\u2019ermita <\/strong>(despu\u00e9s de 30 m a su derecha)<\/p>\n<ol>\n<li>cruce de 3 caminos: girar a la derecha (en Direcci\u00f3n S\u2019ermita)<\/li>\n<li>despu\u00e9s de 300 m; Cruce: girar a la derecha (GR post)<\/li>\n<li>despu\u00e9s de 500 m; cruce de 3 caminos: sigue recto (camino por medio de un muro)<\/li>\n<li>despu\u00e9s de 50 m; Bifurcaci\u00f3n en Y: girar a la derecha (GR post)<\/li>\n<li>despu\u00e9s de 150 m; Bifurcaci\u00f3n en T: girar a la izquierda (justo despu\u00e9s del puente)<\/li>\n<li>despu\u00e9s de 50 m; desv\u00edo: girar a la derecha (justo antes de la barrera de madera, escalera bajando)<\/li>\n<li>despu\u00e9s de 70 m; Cruce: sigue recto (cruzar la carretera de asfalto, pase dos veces por una barrera<\/li>\n<li>despu\u00e9s de 200 m:<\/li>\n<\/ol>\n<p>&nbsp;<\/p>\n<p><strong>Km 9.95\u00a0\u00a0\u00a0\u00a0\u00a0\u00a0\u00a0\u00a0\u00a0 WP M023\u00a0\u00a0 barrera parking Refugi Son Amer<\/strong><\/p>\n<ol>\n<li>despu\u00e9s de 150 m; cruce de 3 caminos: girar a la derecha (escalera subiendo, se cruzan GR 221 y GR222)<\/li>\n<li>despu\u00e9s de 100 m; Bifurcaci\u00f3n en Y: girar a la derecha (Direcci\u00f3n Lluc)<\/li>\n<li>despu\u00e9s de 100 m:<\/li>\n<\/ol>\n<p>&nbsp;<\/p>\n<p><strong>Km 10.45\u00a0\u00a0\u00a0\u00a0\u00a0\u00a0\u00a0 WP M 022\u00a0\u00a0 Entrada Refugio Son Amer <\/strong>(por la terraza)<\/p>\n<ol>\n<li>con la espalda hacia la entrada: girar a la izquierda (bajando, Direcci\u00f3n Lluc)<\/li>\n<li>despu\u00e9s de 150 m; Cruce: sigue recto (barrera de madera)<\/li>\n<li>despu\u00e9s de 450 m; Barrera de hierro: sigue recto<\/li>\n<li>inmediatamente; Bifurcaci\u00f3n en T: girar a la izquierda (cruzar la carretera)<\/li>\n<li>despu\u00e9s de 250 m:<\/li>\n<\/ol>\n<p>&nbsp;<\/p>\n<p><strong>Km 11.50\u00a0\u00a0\u00a0\u00a0\u00a0\u00a0\u00a0 WP M023\u00a0\u00a0 Restaurante Ca S\u00b4Amitger<\/strong><\/p>\n<p>Fin de la excursi\u00f3n[\/vc_column_text][\/vc_column][vc_column width=\u00bb1\/3&#8243;][vc_column_text]<img loading=\"lazy\" decoding=\"async\" class=\"aligncenter wp-image-7499 size-medium\" src=\"https:\/\/monnaber.com\/wp-content\/uploads\/2019\/06\/Hiking-icon-monnaber-300x300.jpg\" alt=\"- -\" width=\"300\" height=\"300\" title=\"- -\" srcset=\"https:\/\/monnaber.com\/wp-content\/uploads\/2019\/06\/Hiking-icon-monnaber-300x300.jpg 300w, https:\/\/monnaber.com\/wp-content\/uploads\/2019\/06\/Hiking-icon-monnaber-150x150.jpg 150w, https:\/\/monnaber.com\/wp-content\/uploads\/2019\/06\/Hiking-icon-monnaber-768x768.jpg 768w, https:\/\/monnaber.com\/wp-content\/uploads\/2019\/06\/Hiking-icon-monnaber-146x146.jpg 146w, https:\/\/monnaber.com\/wp-content\/uploads\/2019\/06\/Hiking-icon-monnaber-50x50.jpg 50w, https:\/\/monnaber.com\/wp-content\/uploads\/2019\/06\/Hiking-icon-monnaber-75x75.jpg 75w, https:\/\/monnaber.com\/wp-content\/uploads\/2019\/06\/Hiking-icon-monnaber-85x85.jpg 85w, https:\/\/monnaber.com\/wp-content\/uploads\/2019\/06\/Hiking-icon-monnaber-80x80.jpg 80w, https:\/\/monnaber.com\/wp-content\/uploads\/2019\/06\/Hiking-icon-monnaber.jpg 1024w\" sizes=\"auto, (max-width:767px) 300px, 300px\" \/>[\/vc_column_text][vc_single_image image=\u00bb7632&#8243; img_size=\u00bbfull\u00bb alignment=\u00bbcenter\u00bb]<div class=\"infobox\" ><h3 class=\"title \">Prepare la excursi\u00f3n:<\/h3><div class=\"infobox_wrapper\"><span class=\"ib-desc\">&#8211; Utilice calzado adecuado<br \/>\n&#8211; Se recomienda utilizar bastones<br \/>\n&#8211; Lleve siempre un sombrero o un mocador para protegerse de sol<br \/>\n&#8211; Utilice protector solar<br \/>\n&#8211; Lleve al menos 2 litros de agua<br \/>\n&#8211; Hidratarse cada 30 minutos<br \/>\n&#8211; Lleve siempre un impermeable o roba de abrigo<br \/>\n&#8211; No deje residuos<br \/>\n&#8211; Respete los caminos y las descripciones que le acompa\u00f1en<br \/>\n&#8211; No moleste a los animales de la zona<br \/>\n&#8211; Respete a la flora de la zona<br \/>\n&#8211; No haga fuego y tena especial precauci\u00f3n con los cigarrillos<br \/>\n&#8211; Si no tiene un nivel de condici\u00f3n f\u00edsica alto le recomendamos que no haga esta excursi\u00f3n<br \/>\n&#8211; Pida informaci\u00f3n de la ruta al la recepci\u00f3n del hotel<br \/>\n<\/span><\/div><\/div>\n[vc_column_text]<img loading=\"lazy\" decoding=\"async\" class=\"aligncenter wp-image-7608 size-medium\" src=\"https:\/\/monnaber.com\/wp-content\/uploads\/2019\/06\/doc003-300x296.jpg\" alt=\"- -\" width=\"300\" height=\"296\" title=\"- -\" srcset=\"https:\/\/monnaber.com\/wp-content\/uploads\/2019\/06\/doc003-300x296.jpg 300w, https:\/\/monnaber.com\/wp-content\/uploads\/2019\/06\/doc003-148x146.jpg 148w, https:\/\/monnaber.com\/wp-content\/uploads\/2019\/06\/doc003-50x50.jpg 50w, https:\/\/monnaber.com\/wp-content\/uploads\/2019\/06\/doc003-76x75.jpg 76w, https:\/\/monnaber.com\/wp-content\/uploads\/2019\/06\/doc003-85x85.jpg 85w, https:\/\/monnaber.com\/wp-content\/uploads\/2019\/06\/doc003-80x80.jpg 80w, https:\/\/monnaber.com\/wp-content\/uploads\/2019\/06\/doc003.jpg 389w\" sizes=\"auto, (max-width:767px) 300px, 300px\" \/>[\/vc_column_text][vc_empty_space]<div class=\"infobox\" ><h3 class=\"title \">Datos de la ruta<\/h3><div class=\"infobox_wrapper\"><span class=\"ib-desc\">Distancia:<br \/>\n10km<\/p>\n<p>Duraci\u00f3n:<br \/>\n3 horas<\/p>\n<p>Desnivel Positivo:<br \/>\n300m<\/p>\n<p>Desnivel Negativo:<br \/>\n288m<\/p>\n<p>Dificultad:<br \/>\nBaja \u00a8<\/p>\n<p>Altura m\u00e1xima:<br \/>\n639m<\/p>\n<p>Altura m\u00ednima<br \/>\n425m<br \/>\n<\/span><\/div><\/div>\n[vc_column_text]<img loading=\"lazy\" decoding=\"async\" class=\"aligncenter wp-image-7607 size-medium\" src=\"https:\/\/monnaber.com\/wp-content\/uploads\/2019\/06\/doc002-300x284.jpg\" alt=\"- -\" width=\"300\" height=\"284\" title=\"- -\" srcset=\"https:\/\/monnaber.com\/wp-content\/uploads\/2019\/06\/doc002-300x284.jpg 300w, https:\/\/monnaber.com\/wp-content\/uploads\/2019\/06\/doc002-154x146.jpg 154w, https:\/\/monnaber.com\/wp-content\/uploads\/2019\/06\/doc002-50x47.jpg 50w, https:\/\/monnaber.com\/wp-content\/uploads\/2019\/06\/doc002-79x75.jpg 79w, https:\/\/monnaber.com\/wp-content\/uploads\/2019\/06\/doc002.jpg 389w\" sizes=\"auto, (max-width:767px) 300px, 300px\" \/>[\/vc_column_text][vc_column_text]<\/p>\n<p style=\"text-align: center;\"><a href=\"\/wp-content\/uploads\/2019\/06\/5-Lluc-Moleta-Binifaldo-ES.pdf\" target=\"_blank\" rel=\"noopener\"><img loading=\"lazy\" decoding=\"async\" class=\"aligncenter wp-image-7592 size-thumbnail\" src=\"https:\/\/monnaber.com\/wp-content\/uploads\/2019\/06\/pdf-150x150.png\" alt=\"- -\" width=\"150\" height=\"150\" title=\"- -\" srcset=\"https:\/\/monnaber.com\/wp-content\/uploads\/2019\/06\/pdf-150x150.png 150w, https:\/\/monnaber.com\/wp-content\/uploads\/2019\/06\/pdf-300x300.png 300w, https:\/\/monnaber.com\/wp-content\/uploads\/2019\/06\/pdf-146x146.png 146w, https:\/\/monnaber.com\/wp-content\/uploads\/2019\/06\/pdf-50x50.png 50w, https:\/\/monnaber.com\/wp-content\/uploads\/2019\/06\/pdf-75x75.png 75w, https:\/\/monnaber.com\/wp-content\/uploads\/2019\/06\/pdf-85x85.png 85w, https:\/\/monnaber.com\/wp-content\/uploads\/2019\/06\/pdf-80x80.png 80w, https:\/\/monnaber.com\/wp-content\/uploads\/2019\/06\/pdf.png 512w\" sizes=\"auto, (max-width:767px) 150px, 150px\" \/><\/a>Download PDF<\/p>\n<p>[\/vc_column_text][\/vc_column][\/vc_row][vc_row][vc_column][vc_gallery type=\u00bbflexslider_slide\u00bb interval=\u00bb0&#8243; images=\u00bb7611,7631,7612,7613,7615,7617,7621,7623,7625,7626,7627,7628,7630&#8243; img_size=\u00bblarge\u00bb onclick=\u00bb\u00bb][vc_empty_space][vc_column_text]<\/p>\n<h2 style=\"text-align: center;\">Otras rutas<\/h2>\n<p>[\/vc_column_text][\/vc_column][\/vc_row][vc_row][vc_column width=\u00bb1\/4&#8243;]<div class=\"pricing-box  pricing-box-box\"><div class=\"plan-header\"><div class=\"image\"><img loading=\"lazy\" decoding=\"async\" class=\"scale-with-grid\" src=\"https:\/\/monnaber.com\/wp-content\/uploads\/2019\/06\/CIMG0899web.jpg\" alt=\"campanet-route\" width=\"1440\" height=\"1080\" title=\"- -\"><\/div><\/div><div class=\"plan-footer\"><a href=\"\/es\/ruta-campanet\/\" class=\"button button_theme has-icon\" target=\"_blank\" title=\"Campanet\"><span class=\"button_icon\"><i class=\"icon-info-circled\" aria-hidden=\"true\"><\/i><\/span><span class=\"button_label\">Campanet<\/span><\/a><\/div><\/div>\n[\/vc_column][vc_column width=\u00bb1\/4&#8243;]<div class=\"pricing-box  pricing-box-featured pricing-box-box\"><div class=\"plan-header\"><div class=\"image\"><img loading=\"lazy\" decoding=\"async\" class=\"scale-with-grid\" src=\"https:\/\/monnaber.com\/wp-content\/uploads\/2019\/06\/CIMG1053web.jpg\" alt=\"CIMG1053web\" width=\"1440\" height=\"1080\" title=\"- -\"><\/div><h2 class=\"title \">Lluc - Binifaldo<\/h2><\/div><\/div>\n[\/vc_column][vc_column width=\u00bb1\/4&#8243;]<div class=\"pricing-box  pricing-box-box\"><div class=\"plan-header\"><div class=\"image\"><img loading=\"lazy\" decoding=\"async\" class=\"scale-with-grid\" src=\"https:\/\/monnaber.com\/wp-content\/uploads\/2019\/06\/penya-des-migdia.jpg\" alt=\"penya-des-migdia\" width=\"1446\" height=\"1080\" title=\"- -\"><\/div><\/div><div class=\"plan-footer\"><a href=\"\/es\/ruta-penya-des-migdia\/\" class=\"button button_theme has-icon\" target=\"_blank\" title=\"Penya d\u00b4es Migdia\"><span class=\"button_icon\"><i class=\"icon-info-circled\" aria-hidden=\"true\"><\/i><\/span><span class=\"button_label\">Penya d\u00b4es Migdia<\/span><\/a><\/div><\/div>\n[\/vc_column][vc_column width=\u00bb1\/4&#8243;]<div class=\"pricing-box  pricing-box-box\"><div class=\"plan-header\"><div class=\"image\"><img loading=\"lazy\" decoding=\"async\" class=\"scale-with-grid\" src=\"https:\/\/monnaber.com\/wp-content\/uploads\/2019\/06\/CIMG1024web.jpg\" alt=\"CIMG1024web\" width=\"1440\" height=\"1080\" title=\"- -\"><\/div><\/div><div class=\"plan-footer\"><a href=\"\/es\/ruta-puig-galileu\/\" class=\"button button_theme has-icon\" target=\"_blank\" title=\"Puig Galileu\"><span class=\"button_icon\"><i class=\"icon-info-circled\" aria-hidden=\"true\"><\/i><\/span><span class=\"button_label\">Puig Galileu<\/span><\/a><\/div><\/div>\n[\/vc_column][\/vc_row]<\/p>\n<\/div>","protected":false},"excerpt":{"rendered":"<p>[vc_row title=\u00bb\u00bb sidebar_id=\u00bbsidebar-book-es\u00bb][vc_column][vc_widget_sidebar sidebar_id=\u00bbsidebar-book-es\u00bb][\/vc_column][\/vc_row][vc_row css=\u00bb.vc_custom_1431360458683{margin-top: 10px !important;}\u00bb][vc_column width=\u00bb2\/3&#8243;][vc_column_text] INFORMACI\u00d3N El monasterio de Lluc es la ciudad religiosa m\u00e1s importante de Mallorca, rodeado por las verdes laderas<span class=\"excerpt-hellip\"> [\u2026]<\/span><\/p>\n","protected":false},"author":1,"featured_media":0,"parent":0,"menu_order":0,"comment_status":"closed","ping_status":"closed","template":"","meta":{"footnotes":""},"class_list":["post-7719","page","type-page","status-publish","hentry"],"_links":{"self":[{"href":"https:\/\/monnaber.com\/es\/wp-json\/wp\/v2\/pages\/7719","targetHints":{"allow":["GET"]}}],"collection":[{"href":"https:\/\/monnaber.com\/es\/wp-json\/wp\/v2\/pages"}],"about":[{"href":"https:\/\/monnaber.com\/es\/wp-json\/wp\/v2\/types\/page"}],"author":[{"embeddable":true,"href":"https:\/\/monnaber.com\/es\/wp-json\/wp\/v2\/users\/1"}],"replies":[{"embeddable":true,"href":"https:\/\/monnaber.com\/es\/wp-json\/wp\/v2\/comments?post=7719"}],"version-history":[{"count":0,"href":"https:\/\/monnaber.com\/es\/wp-json\/wp\/v2\/pages\/7719\/revisions"}],"wp:attachment":[{"href":"https:\/\/monnaber.com\/es\/wp-json\/wp\/v2\/media?parent=7719"}],"curies":[{"name":"wp","href":"https:\/\/api.w.org\/{rel}","templated":true}]}}