{"id":7714,"date":"2019-06-19T11:20:01","date_gmt":"2019-06-19T09:20:01","guid":{"rendered":"https:\/\/monnaber.com\/?page_id=7714"},"modified":"2022-02-21T11:31:31","modified_gmt":"2022-02-21T10:31:31","slug":"ruta-penya-des-migdia","status":"publish","type":"page","link":"https:\/\/monnaber.com\/es\/ruta-penya-des-migdia\/","title":{"rendered":"Ruta Penya des Migdia"},"content":{"rendered":"<div class=\"wpb-content-wrapper\"><p>[vc_row title=\u00bb\u00bb sidebar_id=\u00bbsidebar-book-es\u00bb][vc_column][vc_widget_sidebar sidebar_id=\u00bbsidebar-book-es\u00bb][\/vc_column][\/vc_row][vc_row css=\u00bb.vc_custom_1431360458683{margin-top: 10px !important;}\u00bb][vc_column width=\u00bb2\/3&#8243;]<div class=\"fancy_heading fancy_heading_line\"><div class=\"fh-top\"><span class=\"slogan\">6km inolvidables \u2013 3 horas de puro trekking \u2013 780m de sensaciones incre\u00edbles<\/span><\/div><h2 class=\"title\">Penya d'es Migdia<\/h2><\/div>\n[vc_column_text]<\/p>\n<h3 style=\"text-align: center;\"><strong>INFORMACI\u00d3N<\/strong><\/h3>\n<p>Una excursi\u00f3n corta pero con un desnivel positivo muy exigente hasta la cima de la monta\u00f1a. La \u201cPenya d\u2019es Migdia\u201d es la primera monta\u00f1a de la Sierra de Tramuntana (Patrimonio de la Humanidad) m\u00e1s pr\u00f3xima a la zona de Monnaber.<br \/>\nDespu\u00e9s de un corto recorrido por una pista de tierra que separa la zona agr\u00edcola de la monta\u00f1a donde se unen los algarrobos y las oliveras caminamos hasta el habitualmente seco, Torrente de Carros.<br \/>\nDurante el primer tramo de la ruta encontramos que compartimos ruta durante unos metros, la ruta amarilla y la azul, En esta ocasi\u00f3n seguiremos la azul.<br \/>\nLlegaremos al Torrente de Carros donde cruzaremos por debajo de un peque\u00f1o puente dentro un alsinar t\u00edpico de la Sierra, donde abriremos y cerraremos una barrera que siempre se encuentra cerrada peor respetar la actividad agr\u00edcola de la zona.<br \/>\nUna vez superada la barrera continuaremos por dentro del torrente hasta encontrar el cartel de \u201cPuig d\u2019es Migdia\u201d, donde iniciaremos el ascenso a la cima.<\/p>\n<h3 style=\"text-align: center;\"><strong><img loading=\"lazy\" decoding=\"async\" class=\"aligncenter wp-image-7573 size-large\" src=\"https:\/\/monnaber.com\/wp-content\/uploads\/2019\/06\/Gallery-migdia014-1024x765.jpg\" alt=\"- -\" width=\"1024\" height=\"765\" title=\"- -\" srcset=\"https:\/\/monnaber.com\/wp-content\/uploads\/2019\/06\/Gallery-migdia014-1024x765.jpg 1024w, https:\/\/monnaber.com\/wp-content\/uploads\/2019\/06\/Gallery-migdia014-300x224.jpg 300w, https:\/\/monnaber.com\/wp-content\/uploads\/2019\/06\/Gallery-migdia014-768x574.jpg 768w, https:\/\/monnaber.com\/wp-content\/uploads\/2019\/06\/Gallery-migdia014-195x146.jpg 195w, https:\/\/monnaber.com\/wp-content\/uploads\/2019\/06\/Gallery-migdia014-50x37.jpg 50w, https:\/\/monnaber.com\/wp-content\/uploads\/2019\/06\/Gallery-migdia014-100x75.jpg 100w, https:\/\/monnaber.com\/wp-content\/uploads\/2019\/06\/Gallery-migdia014.jpg 1446w\" sizes=\"auto, (max-width:767px) 480px, (max-width:1024px) 100vw, 1024px\" \/><\/strong><\/h3>\n<h3 style=\"text-align: center;\"><strong>RUT\u00d3METRO<\/strong><\/h3>\n<p><strong>\u00a0<\/strong><\/p>\n<p><strong>Km0 WP M008 ENTRADA PRINCIPAL MONNABER<\/strong><\/p>\n<ol>\n<li>Con la espalda hacia el arco de entrada : girar a la derecha ( bajando , direcci\u00f3n arco )<\/li>\n<li>Despu\u00e9s de 80m ; cruce de caminos : girar a la derecha (fuente a la izquierda , sigue camino curva hacia la derecha )<\/li>\n<li>Despu\u00e9s de 70m , desv\u00edo : girar a la izquierda ( camino asfaltado )<\/li>\n<li>Despu\u00e9s de 40m ; bifurcaci\u00f3n en T : girar a la derecha<\/li>\n<li>Despu\u00e9s de 100m ; bifurcaci\u00f3n en Y: girar a la izquierda ( pasar por el punto verde del hotel)<\/li>\n<li>Despu\u00e9s de 50m ; barrera de hierro, sigue recta ( ignorar desv\u00edo a la derecha )<\/li>\n<li>Despu\u00e9s de 50m , barrera de hierro : sigue recta (cruzar el campo de almendros , diagonal hacia la derecha , camino de tierra )<\/li>\n<li>Despu\u00e9s de 200m , barrera de hierro : sigue recta.<\/li>\n<li>Inmediatamente : bifurcaci\u00f3n en T : girar a la derecha ( traspasar una barrera )<\/li>\n<li>Despu\u00e9s de 100m :<\/li>\n<\/ol>\n<p><strong>\u00a0<\/strong><\/p>\n<p><strong>Km0,7 WP M036 GRANERO BLANCO<\/strong><\/p>\n<p>1- Crucero : sigue recto ( subida, direcci\u00f3n indicador \u00bb TRAMUNTANA \u00ab<\/p>\n<p>2- Despu\u00e9s de 400m , Portal de piedra, sigue recto ( marcaci\u00f3n azul \/ amarillo )<\/p>\n<p>3- Despu\u00e9s de 100m , ignorar desv\u00edo a la derecha (sigue las marcaciones en azul \/ amarillo )<\/p>\n<p>4- Despu\u00e9s de 15m<\/p>\n<p><strong>\u00a0<\/strong><\/p>\n<p><strong>Km1.2 WP M037 CRUCERO RUTA AZUL \/ amarilla<\/strong><\/p>\n<ol>\n<li>Inmediatamente desv\u00edo : girar a la izquierda (Direcci\u00f3n Pe\u00f1a de se Mediod\u00eda)<\/li>\n<li>Sigue el camino en zigzag subiendo , luego seguir al lado de una pared de piedra y del margen que cada vez queda m\u00e1s peque\u00f1o. Siempre hay que seguir subiendo<\/li>\n<li>Despu\u00e9s de 350m subir con la ayuda de una cuerda<\/li>\n<li>Despu\u00e9s de 450m<\/li>\n<\/ol>\n<p><strong>\u00a0<\/strong><\/p>\n<p><strong>Km2 WP M038 TERRENO PLANO CON VISTAS FANT\u00c1STICAS<\/strong><\/p>\n<p>La marcaci\u00f3n a seguir es la azul, encontrar\u00e1 palos con la marcaci\u00f3n azul para seguir el camino.<\/p>\n<p>Despu\u00e9s de 150m girar la roca grande por la izquierda y sigue subiendo.<\/p>\n<p>Despu\u00e9s de 150m llegamos al segundo terreno plano ( a partir de aqu\u00ed el camino se estrecha )<\/p>\n<p>Sigue el camino recto<\/p>\n<p>Despu\u00e9s de 100m , pase por rocas de calcio recuerde marcaci\u00f3n azul<\/p>\n<p>Despu\u00e9s de 400m<\/p>\n<p><strong>\u00a0<\/strong><\/p>\n<p><strong>Km2.8 WP M039 CIMA DE LA PE\u00d1A DE ES MEDIOD\u00cdA<\/strong><\/p>\n<ol>\n<li>Vuelva por la misma ruta, siga el recorrido que ha realizado para llegar a la cima.<\/li>\n<li>1,55km aproximadamente despu\u00e9s;<\/li>\n<\/ol>\n<p><strong>\u00a0<\/strong><\/p>\n<p><strong>Km4,25 WP M037 CRUCERO RUTA AZUL \/ AMARILLA<\/strong><\/p>\n<ol>\n<li>Ignorar desv\u00edos, seguir recto ( pasar por debajo del puente<\/li>\n<li>Despu\u00e9s de 100m desv\u00edo , girar a la izquierda (por el lado de la barrera, cruzando el olivar )<\/li>\n<li>Despu\u00e9s de 400m.<\/li>\n<\/ol>\n<p><strong>\u00a0<\/strong><\/p>\n<p><strong>KM4,75 GRANERO BLANCO<\/strong><\/p>\n<ol>\n<li>Crucero recto (sigue por el camino de grava )<\/li>\n<li>Despu\u00e9s de 70m ; crucero girar a la izquierda (pasar por barrera de hierro )<\/li>\n<li>Pasar por el camino de almendros , mantener diagonal a la derecha por el camino de tierra<\/li>\n<li>Despu\u00e9s de 200m , barrera de hierro y seguir recta.<\/li>\n<li>Despu\u00e9s de 50m, barrera de hierro, seguir recto , ignorar desv\u00edo a la izquierda .<\/li>\n<li>Despu\u00e9s de 50m , crucero de 3 caminos, girar a la derecha ( cerca del punto verde)<\/li>\n<li>Despu\u00e9s de 100m , desv\u00edo , girar a la izquierda .<\/li>\n<li>Despu\u00e9s de 40m bifurcaci\u00f3n en T : girar a la derecha (seguir camino , curva a la izquierda , pasar por la fuente )<\/li>\n<li>Despu\u00e9s de 70m crucero de 3 caminos, girar a la izquierda y pasar por debajo arco.<\/li>\n<li>Despu\u00e9s de 80m :<\/li>\n<\/ol>\n<p><strong>Km 5,3 WP M008 ENTRADA PRINCIPAL PATIO DE Monn\u00e0ber Nou<\/strong><\/p>\n<p><strong>FIN DE LA EXCURSI\u00d3N<\/strong><\/p>\n<p><em>\u00a0\u00a0 \u00a0<\/em>[\/vc_column_text][\/vc_column][vc_column width=\u00bb1\/3&#8243;][vc_column_text]<img loading=\"lazy\" decoding=\"async\" class=\"aligncenter wp-image-7499 size-medium\" src=\"https:\/\/monnaber.com\/wp-content\/uploads\/2019\/06\/Hiking-icon-monnaber-300x300.jpg\" alt=\"- -\" width=\"300\" height=\"300\" title=\"- -\" srcset=\"https:\/\/monnaber.com\/wp-content\/uploads\/2019\/06\/Hiking-icon-monnaber-300x300.jpg 300w, https:\/\/monnaber.com\/wp-content\/uploads\/2019\/06\/Hiking-icon-monnaber-150x150.jpg 150w, https:\/\/monnaber.com\/wp-content\/uploads\/2019\/06\/Hiking-icon-monnaber-768x768.jpg 768w, https:\/\/monnaber.com\/wp-content\/uploads\/2019\/06\/Hiking-icon-monnaber-146x146.jpg 146w, https:\/\/monnaber.com\/wp-content\/uploads\/2019\/06\/Hiking-icon-monnaber-50x50.jpg 50w, https:\/\/monnaber.com\/wp-content\/uploads\/2019\/06\/Hiking-icon-monnaber-75x75.jpg 75w, https:\/\/monnaber.com\/wp-content\/uploads\/2019\/06\/Hiking-icon-monnaber-85x85.jpg 85w, https:\/\/monnaber.com\/wp-content\/uploads\/2019\/06\/Hiking-icon-monnaber-80x80.jpg 80w, https:\/\/monnaber.com\/wp-content\/uploads\/2019\/06\/Hiking-icon-monnaber.jpg 1024w\" sizes=\"auto, (max-width:767px) 300px, 300px\" \/>[\/vc_column_text][vc_single_image image=\u00bb7533&#8243; img_size=\u00bbfull\u00bb alignment=\u00bbcenter\u00bb]<div class=\"infobox\" ><h3 class=\"title \">Prepare la excursi\u00f3n:<\/h3><div class=\"infobox_wrapper\"><span class=\"ib-desc\"><br \/>\n&#8211; Utilice calzado adecuado<br \/>\n&#8211; Se recomienda utilizar bastones<br \/>\n&#8211; Lleve siempre un sombrero o un pa\u00f1uelo para protegerse del sol<br \/>\n&#8211; Use protector solar<br \/>\n&#8211; Lleve al menos 2 litros de agua<br \/>\n&#8211; Hidratar cada 30 minutos<br \/>\n&#8211; Lleve siempre un impermeable o ropa de abrigo<br \/>\n&#8211; No deje residuos<br \/>\n&#8211; Respete los caminos y las descripciones que la acompa\u00f1an<br \/>\n&#8211; No moleste a los animales de la zona<br \/>\n&#8211; Respete la flora de la zona<br \/>\n&#8211; No haga fuego y tenga especial precauci\u00f3n con los cigarrillos<br \/>\n<\/span><\/div><\/div>\n[vc_column_text]<img loading=\"lazy\" decoding=\"async\" class=\"aligncenter wp-image-7558 size-medium\" src=\"https:\/\/monnaber.com\/wp-content\/uploads\/2019\/06\/Migdia001-300x224.jpg\" alt=\"- -\" width=\"300\" height=\"224\" title=\"- -\" srcset=\"https:\/\/monnaber.com\/wp-content\/uploads\/2019\/06\/Migdia001-300x224.jpg 300w, https:\/\/monnaber.com\/wp-content\/uploads\/2019\/06\/Migdia001-768x574.jpg 768w, https:\/\/monnaber.com\/wp-content\/uploads\/2019\/06\/Migdia001-1024x765.jpg 1024w, https:\/\/monnaber.com\/wp-content\/uploads\/2019\/06\/Migdia001-195x146.jpg 195w, https:\/\/monnaber.com\/wp-content\/uploads\/2019\/06\/Migdia001-50x37.jpg 50w, https:\/\/monnaber.com\/wp-content\/uploads\/2019\/06\/Migdia001-100x75.jpg 100w, https:\/\/monnaber.com\/wp-content\/uploads\/2019\/06\/Migdia001.jpg 1446w\" sizes=\"auto, (max-width:767px) 300px, 300px\" \/>[\/vc_column_text][vc_empty_space]<div class=\"infobox\" ><h3 class=\"title \">Datos de la ruta:<\/h3><div class=\"infobox_wrapper\"><span class=\"ib-desc\">Distancia:<br \/>\n6km<\/p>\n<p>Duraci\u00f3n:<br \/>\n2 horas y 30 minutos<\/p>\n<p>Desnivel Positivo:<br \/>\n500m<\/p>\n<p>Desnivel Negativo:<br \/>\n500m<\/p>\n<p>Dificultad:<br \/>\nAlta ****<\/p>\n<p>Altura m\u00e1xima:<br \/>\n484m<\/p>\n<p>Altura m\u00ednima:<br \/>\n69m<br \/>\n<\/span><\/div><\/div>\n[vc_column_text]<img loading=\"lazy\" decoding=\"async\" class=\"wp-image-7560 size-medium aligncenter\" src=\"https:\/\/monnaber.com\/wp-content\/uploads\/2019\/06\/Migdia003-300x224.jpg\" alt=\"- -\" width=\"300\" height=\"224\" title=\"- -\" srcset=\"https:\/\/monnaber.com\/wp-content\/uploads\/2019\/06\/Migdia003-300x224.jpg 300w, https:\/\/monnaber.com\/wp-content\/uploads\/2019\/06\/Migdia003-768x574.jpg 768w, https:\/\/monnaber.com\/wp-content\/uploads\/2019\/06\/Migdia003-1024x765.jpg 1024w, https:\/\/monnaber.com\/wp-content\/uploads\/2019\/06\/Migdia003-195x146.jpg 195w, https:\/\/monnaber.com\/wp-content\/uploads\/2019\/06\/Migdia003-50x37.jpg 50w, https:\/\/monnaber.com\/wp-content\/uploads\/2019\/06\/Migdia003-100x75.jpg 100w, https:\/\/monnaber.com\/wp-content\/uploads\/2019\/06\/Migdia003.jpg 1446w\" sizes=\"auto, (max-width:767px) 300px, 300px\" \/>[\/vc_column_text][vc_column_text]<\/p>\n<p style=\"text-align: center;\"><a href=\"\/wp-content\/uploads\/2019\/06\/4-Penya-des-Migdia-ES.pdf\" target=\"_blank\" rel=\"noopener\"><img loading=\"lazy\" decoding=\"async\" class=\"aligncenter wp-image-7592 size-thumbnail\" src=\"https:\/\/monnaber.com\/wp-content\/uploads\/2019\/06\/pdf-150x150.png\" alt=\"- -\" width=\"150\" height=\"150\" title=\"- -\" srcset=\"https:\/\/monnaber.com\/wp-content\/uploads\/2019\/06\/pdf-150x150.png 150w, https:\/\/monnaber.com\/wp-content\/uploads\/2019\/06\/pdf-300x300.png 300w, https:\/\/monnaber.com\/wp-content\/uploads\/2019\/06\/pdf-146x146.png 146w, https:\/\/monnaber.com\/wp-content\/uploads\/2019\/06\/pdf-50x50.png 50w, https:\/\/monnaber.com\/wp-content\/uploads\/2019\/06\/pdf-75x75.png 75w, https:\/\/monnaber.com\/wp-content\/uploads\/2019\/06\/pdf-85x85.png 85w, https:\/\/monnaber.com\/wp-content\/uploads\/2019\/06\/pdf-80x80.png 80w, https:\/\/monnaber.com\/wp-content\/uploads\/2019\/06\/pdf.png 512w\" sizes=\"auto, (max-width:767px) 150px, 150px\" \/><\/a>Download PDF<\/p>\n<p>[\/vc_column_text][\/vc_column][\/vc_row][vc_row][vc_column][vc_gallery type=\u00bbflexslider_slide\u00bb interval=\u00bb0&#8243; images=\u00bb7576,7574,7572,7570,7568,7567&#8243; img_size=\u00bblarge\u00bb onclick=\u00bb\u00bb][vc_empty_space][vc_column_text]<\/p>\n<h2 style=\"text-align: center;\">Otras rutas<\/h2>\n<p>[\/vc_column_text][\/vc_column][\/vc_row][vc_row][vc_column width=\u00bb1\/4&#8243;]<div class=\"pricing-box  pricing-box-box\"><div class=\"plan-header\"><div class=\"image\"><img loading=\"lazy\" decoding=\"async\" class=\"scale-with-grid\" src=\"https:\/\/monnaber.com\/wp-content\/uploads\/2019\/06\/CIMG0899web.jpg\" alt=\"campanet-route\" width=\"1440\" height=\"1080\" title=\"- -\"><\/div><\/div><div class=\"plan-footer\"><a href=\"\/es\/ruta-campanet\/\" class=\"button button_theme has-icon\" target=\"_blank\" title=\"Campanet\"><span class=\"button_icon\"><i class=\"icon-info-circled\" aria-hidden=\"true\"><\/i><\/span><span class=\"button_label\">Campanet<\/span><\/a><\/div><\/div>\n[\/vc_column][vc_column width=\u00bb1\/4&#8243;]<div class=\"pricing-box  pricing-box-box\"><div class=\"plan-header\"><div class=\"image\"><img loading=\"lazy\" decoding=\"async\" class=\"scale-with-grid\" src=\"https:\/\/monnaber.com\/wp-content\/uploads\/2019\/06\/CIMG1053web.jpg\" alt=\"CIMG1053web\" width=\"1440\" height=\"1080\" title=\"- -\"><\/div><\/div><div class=\"plan-footer\"><a href=\"\/es\/ruta-binifaldo\/\" class=\"button button_theme has-icon\" target=\"_blank\" title=\"Lluc - Binifaldo\"><span class=\"button_icon\"><i class=\"icon-info-circled\" aria-hidden=\"true\"><\/i><\/span><span class=\"button_label\">Lluc - Binifaldo<\/span><\/a><\/div><\/div>\n[\/vc_column][vc_column width=\u00bb1\/4&#8243;]<div class=\"pricing-box  pricing-box-featured pricing-box-box\"><div class=\"plan-header\"><div class=\"image\"><img loading=\"lazy\" decoding=\"async\" class=\"scale-with-grid\" src=\"https:\/\/monnaber.com\/wp-content\/uploads\/2019\/06\/penya-des-migdia.jpg\" alt=\"penya-des-migdia\" width=\"1446\" height=\"1080\" title=\"- -\"><\/div><h2 class=\"title \">Penya d\u00b4es Migdia<\/h2><\/div><\/div>\n[\/vc_column][vc_column width=\u00bb1\/4&#8243;]<div class=\"pricing-box  pricing-box-box\"><div class=\"plan-header\"><div class=\"image\"><img loading=\"lazy\" decoding=\"async\" class=\"scale-with-grid\" src=\"https:\/\/monnaber.com\/wp-content\/uploads\/2019\/06\/CIMG1024web.jpg\" alt=\"CIMG1024web\" width=\"1440\" height=\"1080\" title=\"- -\"><\/div><\/div><div class=\"plan-footer\"><a href=\"\/es\/ruta-puig-galileu\/\" class=\"button button_theme has-icon\" target=\"_blank\" title=\"Puig Galileu\"><span class=\"button_icon\"><i class=\"icon-info-circled\" aria-hidden=\"true\"><\/i><\/span><span class=\"button_label\">Puig Galileu<\/span><\/a><\/div><\/div>\n[\/vc_column][\/vc_row]<\/p>\n<\/div>","protected":false},"excerpt":{"rendered":"<p>[vc_row title=\u00bb\u00bb sidebar_id=\u00bbsidebar-book-es\u00bb][vc_column][vc_widget_sidebar sidebar_id=\u00bbsidebar-book-es\u00bb][\/vc_column][\/vc_row][vc_row css=\u00bb.vc_custom_1431360458683{margin-top: 10px !important;}\u00bb][vc_column width=\u00bb2\/3&#8243;][vc_column_text] INFORMACI\u00d3N Una excursi\u00f3n corta pero con un desnivel positivo muy exigente hasta la cima de la monta\u00f1a. La<span class=\"excerpt-hellip\"> [\u2026]<\/span><\/p>\n","protected":false},"author":1,"featured_media":0,"parent":0,"menu_order":0,"comment_status":"closed","ping_status":"closed","template":"","meta":{"footnotes":""},"class_list":["post-7714","page","type-page","status-publish","hentry"],"_links":{"self":[{"href":"https:\/\/monnaber.com\/es\/wp-json\/wp\/v2\/pages\/7714","targetHints":{"allow":["GET"]}}],"collection":[{"href":"https:\/\/monnaber.com\/es\/wp-json\/wp\/v2\/pages"}],"about":[{"href":"https:\/\/monnaber.com\/es\/wp-json\/wp\/v2\/types\/page"}],"author":[{"embeddable":true,"href":"https:\/\/monnaber.com\/es\/wp-json\/wp\/v2\/users\/1"}],"replies":[{"embeddable":true,"href":"https:\/\/monnaber.com\/es\/wp-json\/wp\/v2\/comments?post=7714"}],"version-history":[{"count":0,"href":"https:\/\/monnaber.com\/es\/wp-json\/wp\/v2\/pages\/7714\/revisions"}],"wp:attachment":[{"href":"https:\/\/monnaber.com\/es\/wp-json\/wp\/v2\/media?parent=7714"}],"curies":[{"name":"wp","href":"https:\/\/api.w.org\/{rel}","templated":true}]}}