{"id":7706,"date":"2019-06-18T13:37:32","date_gmt":"2019-06-18T11:37:32","guid":{"rendered":"https:\/\/monnaber.com\/?page_id=7706"},"modified":"2022-02-21T11:31:48","modified_gmt":"2022-02-21T10:31:48","slug":"ruta-puig-galileu","status":"publish","type":"page","link":"https:\/\/monnaber.com\/es\/ruta-puig-galileu\/","title":{"rendered":"Ruta Puig Galileu"},"content":{"rendered":"<div class=\"wpb-content-wrapper\"><p>[vc_row title=\u00bb\u00bb sidebar_id=\u00bbsidebar-book-es\u00bb][vc_column][vc_widget_sidebar sidebar_id=\u00bbsidebar-book-es\u00bb][\/vc_column][\/vc_row][vc_row css=\u00bb.vc_custom_1431360458683{margin-top: 10px !important;}\u00bb][vc_column width=\u00bb2\/3&#8243;]<div class=\"fancy_heading fancy_heading_line\"><div class=\"fh-top\"><span class=\"slogan\">Ruta Son Masip \u2013 Puig Galileu<\/span><\/div><h2 class=\"title\">Puig Galileu<\/h2><\/div>\n[vc_column_text]<\/p>\n<h3 style=\"text-align: center;\"><strong>INFORMACI\u00d3N<\/strong><\/h3>\n<p>La que hoy es una de las rutas senderistas por excelencia de la Serra de Tramuntana, tiempo atr\u00e1s fue el camino que utilizaron en la antig\u00fcedad cuando se realizaba el camino de Lluc a Soller, en carro para buscar carb\u00f3n o con un asno para recoger la nieve.<br \/>\nSiguiendo las indicaciones del camino, no tiene p\u00e9rdida , pero hay que tener un m\u00ednimo de buena forma f\u00edsica por el importante desnivel del itinerario.<br \/>\nIniciamos la ruta desde la urbanizaci\u00f3n de Son Macip , donde hay lugar para dejar el nuestro coche. Esta ruta tambi\u00e9n se puede iniciar desde la Font Coberta junto al aparcamiento de Lluc. Pasamos por el encinar de la finca p\u00fablica de Son Macip, uno de los m\u00e1s emblem\u00e1ticos de la Sierra, donde podremos encontrar , casi a cada paso , carboneras y barracas , antiguos testigos de la actividad carbonera que hubo antiguamente en este bosque emblem\u00e1tico .<br \/>\nEl camino carretero termina al pie de ses Voltes de Galileu . El top\u00f3nimo hace referencia en las curvas que hace el camino para salvar los 250 metros de desnivel y el mote de quien lo construy\u00f3, Antoni Catal\u00e0 &lt;&lt; Galileu &gt;&gt; , que en 1692 se comprometi\u00f3 a hacer de nuevo las casas de nieve.<\/p>\n<p><img loading=\"lazy\" decoding=\"async\" class=\"aligncenter wp-image-7657 size-large\" src=\"https:\/\/monnaber.com\/wp-content\/uploads\/2019\/06\/Galileu-gallery-web010-1024x768.jpg\" alt=\"- -\" width=\"1024\" height=\"768\" title=\"- -\" srcset=\"https:\/\/monnaber.com\/wp-content\/uploads\/2019\/06\/Galileu-gallery-web010-1024x768.jpg 1024w, https:\/\/monnaber.com\/wp-content\/uploads\/2019\/06\/Galileu-gallery-web010-300x225.jpg 300w, https:\/\/monnaber.com\/wp-content\/uploads\/2019\/06\/Galileu-gallery-web010-768x576.jpg 768w, https:\/\/monnaber.com\/wp-content\/uploads\/2019\/06\/Galileu-gallery-web010-195x146.jpg 195w, https:\/\/monnaber.com\/wp-content\/uploads\/2019\/06\/Galileu-gallery-web010-50x38.jpg 50w, https:\/\/monnaber.com\/wp-content\/uploads\/2019\/06\/Galileu-gallery-web010-100x75.jpg 100w, https:\/\/monnaber.com\/wp-content\/uploads\/2019\/06\/Galileu-gallery-web010.jpg 1440w\" sizes=\"auto, (max-width:767px) 480px, (max-width:1024px) 100vw, 1024px\" \/><\/p>\n<h3 style=\"text-align: center;\"><strong>RUTOMETRO<\/strong><\/h3>\n<p><strong>Para llevar a cabo esta ruta, hay que desplazarse hasta Lluc en coche o bien hasta la urbanizaci\u00f3n de Son Masip. Para llegar salir del hotel en direcci\u00f3n Caimari y all\u00ed subiremos por la carretera hasta el Coll de \u201csa Batalla\u201d donde podemos ir o bien hacia Lluc o directo a la urbanizaci\u00f3n de Son Masip.<\/strong><\/p>\n<p><strong>Km0 WP01 SALIDA SON MASIP<\/strong><\/p>\n<p>Opci\u00f3n A , salida de Lluc y seguir los indicadores hacia Puig Galileu.<\/p>\n<p>Opci\u00f3n B , salir desde Son Masip. Nosotros hemos elegido la opci\u00f3n B.<\/p>\n<p>El itinerario transcurre por la ruta GR -221 ( Ruta de Pedra en Sec ) .<\/p>\n<p>Seguimos el camino con las indicaciones que tiene el mismo en direcci\u00f3n vueltas de Galileu o Puig Galileu.<\/p>\n<ol>\n<li>Empezamos ruta por dentro del encinar de Son Masip.<\/li>\n<li>Seguimos por los hitos de la ruta ( es una ruta muy se\u00f1alizada y muy transitada )<\/li>\n<\/ol>\n<p>&nbsp;<\/p>\n<p><strong>WP02 CASAS DE NIEVE DE SON MASIP<\/strong><\/p>\n<ol>\n<li>A la derecha del camino est\u00e1n las casas de nieve de Son Masip.<\/li>\n<li>Dejando las casas a la derecha, seguimos subiendo por el camino<\/li>\n<li>Seguimos por dentro del encinar .<\/li>\n<\/ol>\n<p>&nbsp;<\/p>\n<p><strong>WP03 VOLTES D\u2019EN GALILEU<\/strong><\/p>\n<ol>\n<li>Empezamos la subida a las vueltas, camino de piedras.<\/li>\n<li>El camino va realizando giros a derecha e izquierda con una fuerte subida.<\/li>\n<li>Seguimos hasta la llanura<\/li>\n<\/ol>\n<p>&nbsp;<\/p>\n<p><strong>WP04 LLANURA<\/strong><\/p>\n<ol>\n<li>Salimos de las vueltas de Galileu<\/li>\n<li>Llegamos a una zona de llanura , llena de carrizo .<\/li>\n<li>Seguimos en direcci\u00f3n las casas de nieve de Galileu<\/li>\n<\/ol>\n<p>&nbsp;<\/p>\n<p><strong>WP05 CASAS DE NIEVE \u00a0\u201cD\u2019EN GALILEU\u201d<\/strong><\/p>\n<ol>\n<li>Siguiendo los indicadores llegamos a las casas.<\/li>\n<li>Las casas se encuentran restauradas y justo antes de comenzar el ascenso a la cima.<\/li>\n<li>Seguimos hacia la cumbre.<\/li>\n<\/ol>\n<p>&nbsp;<\/p>\n<p><strong>WP06 PUIG D\u2019EN GALILEU<\/strong><\/p>\n<ol>\n<li>Cumbre, para llegar hay que subir por unas rocas grandes ( alerta, porque hay peligro de caer )<\/li>\n<li>La ruta de retorno es la misma por la que hemos llegado a la cima.<\/li>\n<\/ol>\n<p><strong>FIN DE LA EXCURSI\u00d3N<\/strong>[\/vc_column_text][\/vc_column][vc_column width=\u00bb1\/3&#8243;][vc_column_text]<img loading=\"lazy\" decoding=\"async\" class=\"aligncenter wp-image-7499 size-medium\" src=\"https:\/\/monnaber.com\/wp-content\/uploads\/2019\/06\/Hiking-icon-monnaber-300x300.jpg\" alt=\"- -\" width=\"300\" height=\"300\" title=\"- -\" srcset=\"https:\/\/monnaber.com\/wp-content\/uploads\/2019\/06\/Hiking-icon-monnaber-300x300.jpg 300w, https:\/\/monnaber.com\/wp-content\/uploads\/2019\/06\/Hiking-icon-monnaber-150x150.jpg 150w, https:\/\/monnaber.com\/wp-content\/uploads\/2019\/06\/Hiking-icon-monnaber-768x768.jpg 768w, https:\/\/monnaber.com\/wp-content\/uploads\/2019\/06\/Hiking-icon-monnaber-146x146.jpg 146w, https:\/\/monnaber.com\/wp-content\/uploads\/2019\/06\/Hiking-icon-monnaber-50x50.jpg 50w, https:\/\/monnaber.com\/wp-content\/uploads\/2019\/06\/Hiking-icon-monnaber-75x75.jpg 75w, https:\/\/monnaber.com\/wp-content\/uploads\/2019\/06\/Hiking-icon-monnaber-85x85.jpg 85w, https:\/\/monnaber.com\/wp-content\/uploads\/2019\/06\/Hiking-icon-monnaber-80x80.jpg 80w, https:\/\/monnaber.com\/wp-content\/uploads\/2019\/06\/Hiking-icon-monnaber.jpg 1024w\" sizes=\"auto, (max-width:767px) 300px, 300px\" \/>[\/vc_column_text][vc_single_image image=\u00bb7533&#8243; img_size=\u00bbfull\u00bb alignment=\u00bbcenter\u00bb]<div class=\"infobox\" ><h3 class=\"title \">Prepare la excursi\u00f3n:<\/h3><div class=\"infobox_wrapper\"><span class=\"ib-desc\"><br \/>\n&#8211; Utilice calzado adecuado<br \/>\n&#8211; Se recomienda utilizar bastones<br \/>\n&#8211; Lleve siempre un sombrero o un pa\u00f1uelo para protegerse del sol<br \/>\n&#8211; Use protector solar<br \/>\n&#8211; Lleve al menos 2 litros de agua<br \/>\n&#8211; Hidratar cada 30 minutos<br \/>\n&#8211; Lleve siempre un impermeable o ropa de abrigo<br \/>\n&#8211; No deje residuos<br \/>\n&#8211; Respete los caminos y las descripciones que la acompa\u00f1an<br \/>\n&#8211; No moleste a los animales de la zona<br \/>\n&#8211; Respete la flora de la zona<br \/>\n&#8211; No haga fuego y tenga especial precauci\u00f3n con los cigarrillos<\/p>\n<p><\/span><\/div><\/div>\n[vc_column_text]<img loading=\"lazy\" decoding=\"async\" class=\"wp-image-7645 size-medium aligncenter\" src=\"https:\/\/monnaber.com\/wp-content\/uploads\/2019\/06\/Galileu-doc-web002-300x228.jpg\" alt=\"- -\" width=\"300\" height=\"228\" title=\"- -\" srcset=\"https:\/\/monnaber.com\/wp-content\/uploads\/2019\/06\/Galileu-doc-web002-300x228.jpg 300w, https:\/\/monnaber.com\/wp-content\/uploads\/2019\/06\/Galileu-doc-web002-193x146.jpg 193w, https:\/\/monnaber.com\/wp-content\/uploads\/2019\/06\/Galileu-doc-web002-50x38.jpg 50w, https:\/\/monnaber.com\/wp-content\/uploads\/2019\/06\/Galileu-doc-web002-99x75.jpg 99w, https:\/\/monnaber.com\/wp-content\/uploads\/2019\/06\/Galileu-doc-web002.jpg 385w\" sizes=\"auto, (max-width:767px) 300px, 300px\" \/>[\/vc_column_text][vc_empty_space]<div class=\"infobox\" ><h3 class=\"title \">DATOS RUTA<\/h3><div class=\"infobox_wrapper\"><span class=\"ib-desc\">Distancia:<br \/>\n7km<\/p>\n<p>Duraci\u00f3n:<br \/>\n3 horas<\/p>\n<p>Desnivel Positivo:<br \/>\n505<\/p>\n<p>Desnivel Negativo:<br \/>\n505<\/p>\n<p>Dificultad:<br \/>\nAlta ****<\/p>\n<p>Altura m\u00e1xima:<br \/>\n1.180m<\/p>\n<p>Altura m\u00ednima<br \/>\n700m<br \/>\n<\/span><\/div><\/div>\n[vc_column_text]<img loading=\"lazy\" decoding=\"async\" class=\"wp-image-7647 size-medium aligncenter\" src=\"https:\/\/monnaber.com\/wp-content\/uploads\/2019\/06\/Galileu-doc-web004-300x241.jpg\" alt=\"- -\" width=\"300\" height=\"241\" title=\"- -\" srcset=\"https:\/\/monnaber.com\/wp-content\/uploads\/2019\/06\/Galileu-doc-web004-300x241.jpg 300w, https:\/\/monnaber.com\/wp-content\/uploads\/2019\/06\/Galileu-doc-web004-182x146.jpg 182w, https:\/\/monnaber.com\/wp-content\/uploads\/2019\/06\/Galileu-doc-web004-50x40.jpg 50w, https:\/\/monnaber.com\/wp-content\/uploads\/2019\/06\/Galileu-doc-web004-93x75.jpg 93w, https:\/\/monnaber.com\/wp-content\/uploads\/2019\/06\/Galileu-doc-web004.jpg 627w\" sizes=\"auto, (max-width:767px) 300px, 300px\" \/>[\/vc_column_text][vc_column_text]<\/p>\n<p style=\"text-align: center;\"><a href=\"\/wp-content\/uploads\/2019\/06\/8-Puig-Galileu-castellano.pdf\" target=\"_blank\" rel=\"noopener\"><img loading=\"lazy\" decoding=\"async\" class=\"aligncenter wp-image-7592 size-thumbnail\" src=\"https:\/\/monnaber.com\/wp-content\/uploads\/2019\/06\/pdf-150x150.png\" alt=\"- -\" width=\"150\" height=\"150\" title=\"- -\" srcset=\"https:\/\/monnaber.com\/wp-content\/uploads\/2019\/06\/pdf-150x150.png 150w, https:\/\/monnaber.com\/wp-content\/uploads\/2019\/06\/pdf-300x300.png 300w, https:\/\/monnaber.com\/wp-content\/uploads\/2019\/06\/pdf-146x146.png 146w, https:\/\/monnaber.com\/wp-content\/uploads\/2019\/06\/pdf-50x50.png 50w, https:\/\/monnaber.com\/wp-content\/uploads\/2019\/06\/pdf-75x75.png 75w, https:\/\/monnaber.com\/wp-content\/uploads\/2019\/06\/pdf-85x85.png 85w, https:\/\/monnaber.com\/wp-content\/uploads\/2019\/06\/pdf-80x80.png 80w, https:\/\/monnaber.com\/wp-content\/uploads\/2019\/06\/pdf.png 512w\" sizes=\"auto, (max-width:767px) 150px, 150px\" \/><\/a>Download PDF<\/p>\n<p>[\/vc_column_text][\/vc_column][\/vc_row][vc_row][vc_column][vc_gallery type=\u00bbflexslider_slide\u00bb interval=\u00bb0&#8243; images=\u00bb7658,7656,7655,7654,7651,7650,7648&#8243; img_size=\u00bblarge\u00bb onclick=\u00bb\u00bb][vc_empty_space][vc_column_text]<\/p>\n<h2 style=\"text-align: center;\">Otras rutas<\/h2>\n<p>[\/vc_column_text][\/vc_column][\/vc_row][vc_row][vc_column width=\u00bb1\/4&#8243;]<div class=\"pricing-box  pricing-box-box\"><div class=\"plan-header\"><div class=\"image\"><img loading=\"lazy\" decoding=\"async\" class=\"scale-with-grid\" src=\"https:\/\/monnaber.com\/wp-content\/uploads\/2019\/06\/CIMG0899web.jpg\" alt=\"campanet-route\" width=\"1440\" height=\"1080\" title=\"- -\"><\/div><\/div><div class=\"plan-footer\"><a href=\"\/es\/ruta-campanet\/\" class=\"button button_theme has-icon button_left\" target=\"_blank\" title=\"Campanet\"><span class=\"button_icon\"><i class=\"icon-info-circled\" aria-hidden=\"true\"><\/i><\/span><span class=\"button_label\">Campanet<\/span><\/a><\/div><\/div>\n[\/vc_column][vc_column width=\u00bb1\/4&#8243;]<div class=\"pricing-box  pricing-box-box\"><div class=\"plan-header\"><div class=\"image\"><img loading=\"lazy\" decoding=\"async\" class=\"scale-with-grid\" src=\"https:\/\/monnaber.com\/wp-content\/uploads\/2019\/06\/CIMG1053web.jpg\" alt=\"CIMG1053web\" width=\"1440\" height=\"1080\" title=\"- -\"><\/div><\/div><div class=\"plan-footer\"><a href=\"\/es\/ruta-binifaldo\/\" class=\"button button_theme has-icon button_left\" target=\"_blank\" title=\"Lluc - Binifaldo\"><span class=\"button_icon\"><i class=\"icon-info-circled\" aria-hidden=\"true\"><\/i><\/span><span class=\"button_label\">Lluc - Binifaldo<\/span><\/a><\/div><\/div>\n[\/vc_column][vc_column width=\u00bb1\/4&#8243;]<div class=\"pricing-box  pricing-box-box\"><div class=\"plan-header\"><div class=\"image\"><img loading=\"lazy\" decoding=\"async\" class=\"scale-with-grid\" src=\"https:\/\/monnaber.com\/wp-content\/uploads\/2019\/06\/penya-des-migdia.jpg\" alt=\"penya-des-migdia\" width=\"1446\" height=\"1080\" title=\"- -\"><\/div><\/div><div class=\"plan-footer\"><a href=\"\/es\/ruta-penya-des-migdia\/\" class=\"button button_theme has-icon button_left\" target=\"_blank\" title=\"Penya d\u00b4es Migdia\"><span class=\"button_icon\"><i class=\"icon-info-circled\" aria-hidden=\"true\"><\/i><\/span><span class=\"button_label\">Penya d\u00b4es Migdia<\/span><\/a><\/div><\/div>\n[\/vc_column][vc_column width=\u00bb1\/4&#8243;]<div class=\"pricing-box  pricing-box-featured pricing-box-box\"><div class=\"plan-header\"><div class=\"image\"><img loading=\"lazy\" decoding=\"async\" class=\"scale-with-grid\" src=\"https:\/\/monnaber.com\/wp-content\/uploads\/2019\/06\/CIMG1024web.jpg\" alt=\"CIMG1024web\" width=\"1440\" height=\"1080\" title=\"- -\"><\/div><h2 class=\"title \">Puig Galileu<\/h2><\/div><\/div>\n[\/vc_column][\/vc_row]<\/p>\n<\/div>","protected":false},"excerpt":{"rendered":"<p>[vc_row title=\u00bb\u00bb sidebar_id=\u00bbsidebar-book-es\u00bb][vc_column][vc_widget_sidebar sidebar_id=\u00bbsidebar-book-es\u00bb][\/vc_column][\/vc_row][vc_row css=\u00bb.vc_custom_1431360458683{margin-top: 10px !important;}\u00bb][vc_column width=\u00bb2\/3&#8243;][vc_column_text] INFORMACI\u00d3N La que hoy es una de las rutas senderistas por excelencia de la Serra de Tramuntana, tiempo<span class=\"excerpt-hellip\"> [\u2026]<\/span><\/p>\n","protected":false},"author":1,"featured_media":0,"parent":0,"menu_order":0,"comment_status":"closed","ping_status":"closed","template":"","meta":{"footnotes":""},"class_list":["post-7706","page","type-page","status-publish","hentry"],"_links":{"self":[{"href":"https:\/\/monnaber.com\/es\/wp-json\/wp\/v2\/pages\/7706","targetHints":{"allow":["GET"]}}],"collection":[{"href":"https:\/\/monnaber.com\/es\/wp-json\/wp\/v2\/pages"}],"about":[{"href":"https:\/\/monnaber.com\/es\/wp-json\/wp\/v2\/types\/page"}],"author":[{"embeddable":true,"href":"https:\/\/monnaber.com\/es\/wp-json\/wp\/v2\/users\/1"}],"replies":[{"embeddable":true,"href":"https:\/\/monnaber.com\/es\/wp-json\/wp\/v2\/comments?post=7706"}],"version-history":[{"count":0,"href":"https:\/\/monnaber.com\/es\/wp-json\/wp\/v2\/pages\/7706\/revisions"}],"wp:attachment":[{"href":"https:\/\/monnaber.com\/es\/wp-json\/wp\/v2\/media?parent=7706"}],"curies":[{"name":"wp","href":"https:\/\/api.w.org\/{rel}","templated":true}]}}