{"id":2429,"date":"2015-10-22T12:32:32","date_gmt":"2015-10-22T10:32:32","guid":{"rendered":"http:\/\/monnaber.com\/es\/ocio\/hiking\/"},"modified":"2024-04-10T17:48:43","modified_gmt":"2024-04-10T15:48:43","slug":"senderismo","status":"publish","type":"page","link":"https:\/\/monnaber.com\/es\/ocio\/senderismo\/","title":{"rendered":"Senderismo"},"content":{"rendered":"<div class=\"wpb-content-wrapper\"><p>[vc_row][vc_column][vc_widget_sidebar sidebar_id=\u00bbsidebar-book-es\u00bb]<div class=\"fancy_heading fancy_heading_icon\"><div class=\"fh-top\"><\/div><h2 class=\"title\">Rutas de Senderismo<\/h2><\/div>\n[\/vc_column][\/vc_row][vc_row][vc_column width=\u00bb1\/2&#8243;][vc_column_text]<\/p>\n<h2 style=\"text-align: center;\"><a class=\"button button_theme\" href=\"https:\/\/monnaber.com\/es\/ruta-campanet\/\">Campanet<\/a><\/h2>\n<p><a href=\"https:\/\/monnaber.com\/es\/ruta-campanet\/\"><img loading=\"lazy\" decoding=\"async\" class=\"aligncenter wp-image-3573 size-medium\" src=\"\/wp-content\/uploads\/2019\/06\/CIMG0899web.jpg\" alt=\"- -\" width=\"300\" height=\"163\" title=\"- -\"><\/a><\/p>\n<p style=\"text-align: center;\"><em>Descubrir Campanet por las calles, caminos, sitios de los propios habitantes. Una de las mejores puertas de entrada a la sierra de Tramuntanta (Patrimonio de la humanidad)<\/em><\/p>\n<p>[\/vc_column_text][\/vc_column][vc_column width=\u00bb1\/2&#8243;][vc_column_text]<\/p>\n<h2 style=\"text-align: center;\"><a class=\"button button_theme\" href=\"https:\/\/monnaber.com\/es\/ruta-penya-des-migdia\/\">Penya d\u00b4es Migdia<\/a><\/h2>\n<p><a href=\"https:\/\/monnaber.com\/es\/ruta-penya-des-migdia\/\"><img loading=\"lazy\" decoding=\"async\" class=\"aligncenter wp-image-3573 size-medium\" src=\"\/wp-content\/uploads\/2019\/06\/penya-des-migdia.jpg\" alt=\"- -\" width=\"300\" height=\"163\" title=\"- -\"><\/a><\/p>\n<p style=\"text-align: center;\"><em>Contemplar el valle de \u201cSant Miquel\u201d desde\u00a0 la altura de la monta\u00f1a del \u201cPuig des Migdia\u201d nos ofrece unas magnificas vistas de toda la zona de alrededor del hotel y disfrutar de la naturaleza del clima mediterr\u00e1neo<\/em><\/p>\n<p>[\/vc_column_text][\/vc_column][\/vc_row][vc_row][vc_column width=\u00bb1\/2&#8243;][vc_column_text]<\/p>\n<h2 style=\"text-align: center;\"><a class=\"button button_theme\" href=\"https:\/\/monnaber.com\/es\/ruta-binifaldo\/\">Lluc \u2013 Binifaldo<\/a><\/h2>\n<p><a href=\"https:\/\/monnaber.com\/es\/ruta-binifaldo\/\"><img loading=\"lazy\" decoding=\"async\" class=\"aligncenter wp-image-3573 size-medium\" src=\"\/wp-content\/uploads\/2019\/06\/CIMG1053web.jpg\" alt=\"- -\" width=\"300\" height=\"163\" title=\"- -\"><\/a><\/p>\n<p><em>La m\u00edstica y la belleza natural de la Serra de Tramontana se unen en un lugar concreto de la isla de Mallorca, este lugar es Lluc. Una visita obligada para poder sentir el coraz\u00f3n de la isla y respirar la Mallorca m\u00e1s natural<\/em>[\/vc_column_text][\/vc_column][vc_column width=\u00bb1\/2&#8243;][vc_column_text]<\/p>\n<h2 style=\"text-align: center;\"><a class=\"button button_theme\" href=\"https:\/\/monnaber.com\/es\/ruta-puig-galileu\/\">Puig Galileu<\/a><\/h2>\n<p><a href=\"https:\/\/monnaber.com\/es\/ruta-puig-galileu\/\"><img loading=\"lazy\" decoding=\"async\" class=\"aligncenter wp-image-3573 size-medium\" src=\"\/wp-content\/uploads\/2019\/06\/CIMG1024web.jpg\" alt=\"- -\" width=\"300\" height=\"163\" title=\"- -\"><\/a><\/p>\n<p style=\"text-align: center;\"><em>Nada puede compararse a la sensaci\u00f3n de subir por las sinuosas vueltas \u201cd\u2019en Galileu\u201d y llegar a la pradera, justo antes de encarar la cima de la monta\u00f1a que nos ofrecer\u00e1 vista de la isla de Mallorca y a nuestra espalda el Mediterr\u00e1neo azul<\/em><\/p>\n<p>[\/vc_column_text][\/vc_column][\/vc_row][vc_row][vc_column][vc_column_text]<\/p>\n<p style=\"text-align: center;\">El hotel es la base perfecta para explorar la incomparable Sierra de Tramuntana. Sus rutas y miradores bien definidos har\u00e1n de sus paseos o excursiones una salida inolvidable.<\/p>\n<p style=\"text-align: center;\"><strong>Nuestro personal estar\u00e1 encantado de ayudarle a organizar la ruta que usted desee.<\/strong><\/p>\n<p>[\/vc_column_text][\/vc_column][\/vc_row][vc_row][vc_column][vc_video link=\u00bbhttps:\/\/vimeo.com\/33121164&#8243;][\/vc_column][\/vc_row]<\/p>\n<\/div>","protected":false},"excerpt":{"rendered":"<p>[vc_row][vc_column][vc_widget_sidebar sidebar_id=\u00bbsidebar-book-es\u00bb][\/vc_column][\/vc_row][vc_row][vc_column width=\u00bb1\/2&#8243;][vc_column_text] Campanet Descubrir Campanet por las calles, caminos, sitios de los propios habitantes. Una de las mejores puertas de entrada a la sierra de<span class=\"excerpt-hellip\"> [\u2026]<\/span><\/p>\n","protected":false},"author":1,"featured_media":0,"parent":2417,"menu_order":0,"comment_status":"open","ping_status":"open","template":"","meta":{"footnotes":""},"class_list":["post-2429","page","type-page","status-publish","hentry"],"_links":{"self":[{"href":"https:\/\/monnaber.com\/es\/wp-json\/wp\/v2\/pages\/2429","targetHints":{"allow":["GET"]}}],"collection":[{"href":"https:\/\/monnaber.com\/es\/wp-json\/wp\/v2\/pages"}],"about":[{"href":"https:\/\/monnaber.com\/es\/wp-json\/wp\/v2\/types\/page"}],"author":[{"embeddable":true,"href":"https:\/\/monnaber.com\/es\/wp-json\/wp\/v2\/users\/1"}],"replies":[{"embeddable":true,"href":"https:\/\/monnaber.com\/es\/wp-json\/wp\/v2\/comments?post=2429"}],"version-history":[{"count":1,"href":"https:\/\/monnaber.com\/es\/wp-json\/wp\/v2\/pages\/2429\/revisions"}],"predecessor-version":[{"id":14381,"href":"https:\/\/monnaber.com\/es\/wp-json\/wp\/v2\/pages\/2429\/revisions\/14381"}],"up":[{"embeddable":true,"href":"https:\/\/monnaber.com\/es\/wp-json\/wp\/v2\/pages\/2417"}],"wp:attachment":[{"href":"https:\/\/monnaber.com\/es\/wp-json\/wp\/v2\/media?parent=2429"}],"curies":[{"name":"wp","href":"https:\/\/api.w.org\/{rel}","templated":true}]}}