{"id":2188,"date":"2015-05-11T19:18:18","date_gmt":"2015-05-11T17:18:18","guid":{"rendered":"http:\/\/monnaber.com\/es\/alojamientos\/deluxe-standart\/deluxe\/"},"modified":"2025-02-19T18:58:55","modified_gmt":"2025-02-19T17:58:55","slug":"habitaciones-deluxe","status":"publish","type":"page","link":"https:\/\/monnaber.com\/es\/alojamiento-hotel-rural-lujo-agroturismo-mallorca\/deluxe-standard\/habitaciones-deluxe\/","title":{"rendered":"Habitaciones Deluxe"},"content":{"rendered":"<div class=\"wpb-content-wrapper\"><p>[vc_row title=\u00bb\u00bb sidebar_id=\u00bbsidebar-book-es\u00bb][vc_column][vc_widget_sidebar sidebar_id=\u00bbsidebar-book-es\u00bb][\/vc_column][\/vc_row][vc_row css=\u00bb.vc_custom_1431360458683{margin-top: 10px !important;}\u00bb][vc_column width=\u00bb2\/3&#8243;]<div class=\"fancy_heading fancy_heading_line\"><div class=\"fh-top\"><\/div><h1 class=\"title \">Habitaci\u00f3n Deluxe del hotel Agroturismo Monnaber Nou en Mallorca<\/h1><\/div>\n[vc_column_text]Elegantemente decoradas\u00a0 y \u00a0igualmente equipadas que las habitaciones est\u00e1ndar para satisfacer todas sus necesidades.<\/p>\n<p>Est\u00e1n Situadas en el n\u00facleo principal, respetando la distribuci\u00f3n original del edificio, debido a su car\u00e1cter hist\u00f3rico que otorga un car\u00e1cter \u00fanico a cada habitaci\u00f3n, con una superficie aproximada de 25m\u00b2.[\/vc_column_text][\/vc_column][vc_column width=\u00bb1\/3&#8243;][vc_empty_space][vc_single_image image=\u00bb3176&#8243; img_size=\u00bb\u00bb alignment=\u00bbcenter\u00bb][\/vc_column][\/vc_row][vc_row][vc_column width=\u00bb2\/3&#8243;][vc_gallery interval=\u00bb3&#8243; images=\u00bb8736,8741,8716,8721,8726,8731&#8243; img_size=\u00bbfull\u00bb][\/vc_column][vc_column width=\u00bb1\/3&#8243;]<div class=\"infobox\" ><h3 class=\"title \">\nServicios e instalaciones de la Habitaci\u00f3n Deluxe\n<\/h3><div class=\"infobox_wrapper\"><span class=\"ib-desc\"><\/p>\n<ul>\n<li>TV sat\u00e9lite<\/li>\n<li>Caja Fuerte<\/li>\n<li>Aire acondicionado<\/li>\n<li>Calefacci\u00f3n<\/li>\n<li>Minibar<\/li>\n<li>Tel\u00e9fono<\/li>\n<li>Secador y albornoz<\/li>\n<li>Ba\u00f1o completo con amenities<\/li>\n<li>WI-FI<\/li>\n<\/ul>\n<p><\/span><\/div><\/div>\n[\/vc_column][\/vc_row][vc_row][vc_column]<div class=\"fancy_heading fancy_heading_line\"><div class=\"fh-top\"><span class=\"slogan\">Combining Elegance and Comfort<\/span><\/div><h1 class=\"title \">360\u00ba Virtual Tour<\/h1><\/div>\n[vc_raw_html css=\u00bb\u00bb]JTNDaWZyYW1lJTIwaWQlM0QlMjJ2dF9pZnJhbWVfOWJmMzFjN2ZmMDYyOTM2YTk2ZDNjOGJkMWY4ZjJmZjMlMjIlMjBhbGxvdyUzRCUyMmFjY2VsZXJvbWV0ZXIlM0IlMjBjYW1lcmElM0IlMjBkaXNwbGF5LWNhcHR1cmUlM0IlMjBmdWxsc2NyZWVuJTNCJTIwZ2VvbG9jYXRpb24lM0IlMjBneXJvc2NvcGUlM0IlMjBtYWduZXRvbWV0ZXIlM0IlMjBtaWNyb3Bob25lJTNCJTIwbWlkaSUzQiUyMHhyLXNwYXRpYWwtdHJhY2tpbmclM0IlMjIlMjB3aWR0aCUzRCUyMjEwMCUyNSUyMiUyMGhlaWdodCUzRCUyMjYwMHB4JTIyJTIwZnJhbWVib3JkZXIlM0QlMjIwJTIyJTIwc2Nyb2xsaW5nJTNEJTIybm8lMjIlMjBtYXJnaW5oZWlnaHQlM0QlMjIwJTIyJTIwbWFyZ2lud2lkdGglM0QlMjIwJTIyJTIwc3JjJTNEJTIyaHR0cHMlM0ElMkYlMkZ2cjM2MC5tYWxsb3JjYS51cyUyRnZpZXdlciUyRmluZGV4LnBocCUzRmNvZGUlM0Q5YmYzMWM3ZmYwNjI5MzZhOTZkM2M4YmQxZjhmMmZmMyUyMiUzRSUzQyUyRmlmcmFtZSUzRQ==[\/vc_raw_html][\/vc_column][\/vc_row][vc_row][vc_column][vc_raw_html]JTNDc2NyaXB0JTNFJTBBJTIwJTIwZ3RhZyUyOCUyN2V2ZW50JTI3JTJDJTIwJTI3Y29udmVyc2lvbiUyNyUyQyUyMCU3QiUyN3NlbmRfdG8lMjclM0ElMjAlMjdBVy0xMDcxMjIyNjc3JTJGaTllR0NJbmJ3cXNCRUpXZjV2NEQlMjclN0QlMjklM0IlMEElM0MlMkZzY3JpcHQlM0U=[\/vc_raw_html][\/vc_column][\/vc_row]<\/p>\n<\/div>","protected":false},"excerpt":{"rendered":"<p>[vc_row title=\u00bb\u00bb sidebar_id=\u00bbsidebar-book-es\u00bb][vc_column][vc_widget_sidebar sidebar_id=\u00bbsidebar-book-es\u00bb][\/vc_column][\/vc_row][vc_row css=\u00bb.vc_custom_1431360458683{margin-top: 10px !important;}\u00bb][vc_column width=\u00bb2\/3&#8243;][vc_column_text]Elegantemente decoradas\u00a0 y \u00a0igualmente equipadas que las habitaciones est\u00e1ndar para satisfacer todas sus necesidades. Est\u00e1n Situadas en el n\u00facleo<span class=\"excerpt-hellip\"> [\u2026]<\/span><\/p>\n","protected":false},"author":1,"featured_media":0,"parent":2168,"menu_order":0,"comment_status":"open","ping_status":"open","template":"","meta":{"footnotes":""},"class_list":["post-2188","page","type-page","status-publish","hentry"],"_links":{"self":[{"href":"https:\/\/monnaber.com\/es\/wp-json\/wp\/v2\/pages\/2188","targetHints":{"allow":["GET"]}}],"collection":[{"href":"https:\/\/monnaber.com\/es\/wp-json\/wp\/v2\/pages"}],"about":[{"href":"https:\/\/monnaber.com\/es\/wp-json\/wp\/v2\/types\/page"}],"author":[{"embeddable":true,"href":"https:\/\/monnaber.com\/es\/wp-json\/wp\/v2\/users\/1"}],"replies":[{"embeddable":true,"href":"https:\/\/monnaber.com\/es\/wp-json\/wp\/v2\/comments?post=2188"}],"version-history":[{"count":2,"href":"https:\/\/monnaber.com\/es\/wp-json\/wp\/v2\/pages\/2188\/revisions"}],"predecessor-version":[{"id":15237,"href":"https:\/\/monnaber.com\/es\/wp-json\/wp\/v2\/pages\/2188\/revisions\/15237"}],"up":[{"embeddable":true,"href":"https:\/\/monnaber.com\/es\/wp-json\/wp\/v2\/pages\/2168"}],"wp:attachment":[{"href":"https:\/\/monnaber.com\/es\/wp-json\/wp\/v2\/media?parent=2188"}],"curies":[{"name":"wp","href":"https:\/\/api.w.org\/{rel}","templated":true}]}}