{"id":2168,"date":"2015-05-11T18:56:08","date_gmt":"2015-05-11T16:56:08","guid":{"rendered":"http:\/\/monnaber.com\/es\/alojamientos\/deluxe-standart\/"},"modified":"2022-02-21T11:23:36","modified_gmt":"2022-02-21T10:23:36","slug":"deluxe-standard","status":"publish","type":"page","link":"https:\/\/monnaber.com\/es\/alojamiento-hotel-rural-lujo-agroturismo-mallorca\/deluxe-standard\/","title":{"rendered":"Deluxe y Standard"},"content":{"rendered":"<div class=\"wpb-content-wrapper\"><p>[vc_row css=\u00bb.vc_custom_1431360458683{margin-top: 10px !important;}\u00bb][vc_column][vc_widget_sidebar sidebar_id=\u00bbsidebar-book-es\u00bb]<div class=\"fancy_heading fancy_heading_line\"><div class=\"fh-top\"><\/div><h2 class=\"title\">Habitaciones Deluxe y Standard<\/h2><div class=\"inside\">Nuestras elegantes Habitaciones dobles tambi\u00e9n est\u00e1n disponibles para uso individual. Son \u00fanicas, respetando la distribuci\u00f3n original del edificio y tienen una superficie aproximada de 23m\u00b2 que satisfar\u00e1n todas sus necesidades.<\/div><\/div>\n[\/vc_column][\/vc_row][vc_row][vc_column width=\u00bb1\/3&#8243;][vc_column_text]<\/p>\n<h2 style=\"text-align: center;\"><a class=\"button button_theme\" href=\"https:\/\/monnaber.com\/es\/alojamiento-hotel-rural-lujo-agroturismo-mallorca\/deluxe-standard\/habitaciones-deluxe\/\">Habitaciones Deluxe<\/a><\/h2>\n<p><a href=\"https:\/\/monnaber.com\/es\/alojamiento-hotel-rural-lujo-agroturismo-mallorca\/deluxe-standard\/habitaciones-deluxe\/\"><img loading=\"lazy\" decoding=\"async\" class=\"aligncenter size-medium wp-image-295\" src=\"http:\/\/monnaber.com\/wp-content\/uploads\/2015\/05\/twin-1-1-300x163.jpg\" alt=\"twin-1 (1)\" width=\"300\" height=\"163\" title=\"- -\" srcset=\"https:\/\/monnaber.com\/wp-content\/uploads\/2015\/05\/twin-1-1-300x163.jpg 300w, https:\/\/monnaber.com\/wp-content\/uploads\/2015\/05\/twin-1-1-260x142.jpg 260w, https:\/\/monnaber.com\/wp-content\/uploads\/2015\/05\/twin-1-1-50x27.jpg 50w, https:\/\/monnaber.com\/wp-content\/uploads\/2015\/05\/twin-1-1-576x314.jpg 576w, https:\/\/monnaber.com\/wp-content\/uploads\/2015\/05\/twin-1-1-138x75.jpg 138w, https:\/\/monnaber.com\/wp-content\/uploads\/2015\/05\/twin-1-1.jpg 793w\" sizes=\"auto, (max-width:767px) 300px, 300px\" \/><\/a><\/p>\n<p class=\"p1\" style=\"text-align: center;\"><span class=\"s1\">Nuestras elegantes Habitaciones Deluxe tambi\u00e9n est\u00e1n disponibles para uso individual. Son \u00fanicas, respetando la distribuci\u00f3n original del edificio y tienen una superficie aproximada de 25m\u00b2 que satisfar\u00e1n todas sus necesidades.<\/span><\/p>\n<p>[\/vc_column_text][\/vc_column][vc_column width=\u00bb1\/3&#8243;][vc_column_text]<\/p>\n<h2 style=\"text-align: center;\"><a class=\"button button_theme\" href=\"https:\/\/monnaber.com\/es\/alojamiento-hotel-rural-lujo-agroturismo-mallorca\/deluxe-standard\/habitaciones-standard\/\">Habitaciones Standard<\/a><\/h2>\n<p><a href=\"https:\/\/monnaber.com\/es\/alojamiento-hotel-rural-lujo-agroturismo-mallorca\/deluxe-standard\/habitaciones-standard\/\"><img loading=\"lazy\" decoding=\"async\" class=\"aligncenter size-medium wp-image-301\" src=\"http:\/\/monnaber.com\/wp-content\/uploads\/2015\/05\/doble-standard-01-1-300x163.jpg\" alt=\"doble-standard-01 (1)\" width=\"300\" height=\"163\" title=\"- -\" srcset=\"https:\/\/monnaber.com\/wp-content\/uploads\/2015\/05\/doble-standard-01-1-300x163.jpg 300w, https:\/\/monnaber.com\/wp-content\/uploads\/2015\/05\/doble-standard-01-1-260x142.jpg 260w, https:\/\/monnaber.com\/wp-content\/uploads\/2015\/05\/doble-standard-01-1-50x27.jpg 50w, https:\/\/monnaber.com\/wp-content\/uploads\/2015\/05\/doble-standard-01-1-576x314.jpg 576w, https:\/\/monnaber.com\/wp-content\/uploads\/2015\/05\/doble-standard-01-1-138x75.jpg 138w, https:\/\/monnaber.com\/wp-content\/uploads\/2015\/05\/doble-standard-01-1.jpg 793w\" sizes=\"auto, (max-width:767px) 300px, 300px\" \/><\/a><\/p>\n<p class=\"p1\" style=\"text-align: center;\"><span class=\"s1\">Nuestras habitaciones Standard tienen todas las comodidades y servicios que el resto, situadas en el edificio anexo y una superficie aproximada de 20m\u00b2.<\/span><\/p>\n<p>[\/vc_column_text][\/vc_column][vc_column width=\u00bb1\/3&#8243;]<div class=\"infobox\" ><h3 class=\"title \">Utilidades y Servicios ****<\/h3><div class=\"infobox_wrapper\"><span class=\"ib-desc\"><\/p>\n<ul>\n<li>TV sat\u00e9lite<\/li>\n<li>Caja Fuerte<\/li>\n<li>Aire acondicionado<\/li>\n<li>Calefacci\u00f3n central<\/li>\n<li>Minibar<\/li>\n<li>Tel\u00e9fono<\/li>\n<li>Room Service<\/li>\n<li>Secador y albornoz<\/li>\n<li>Ba\u00f1o completo con amenities<\/li>\n<li>WI-FI<\/li>\n<\/ul>\n<p><\/span><\/div><\/div>\n[\/vc_column][\/vc_row]<\/p>\n<\/div>","protected":false},"excerpt":{"rendered":"<p>[vc_row css=\u00bb.vc_custom_1431360458683{margin-top: 10px !important;}\u00bb][vc_column][vc_widget_sidebar sidebar_id=\u00bbsidebar-book-es\u00bb][\/vc_column][\/vc_row][vc_row][vc_column width=\u00bb1\/3&#8243;][vc_column_text] Habitaciones Deluxe Nuestras elegantes Habitaciones Deluxe tambi\u00e9n est\u00e1n disponibles para uso individual. Son \u00fanicas, respetando la distribuci\u00f3n original del edificio<span class=\"excerpt-hellip\"> [\u2026]<\/span><\/p>\n","protected":false},"author":1,"featured_media":0,"parent":2153,"menu_order":0,"comment_status":"open","ping_status":"open","template":"","meta":{"footnotes":""},"class_list":["post-2168","page","type-page","status-publish","hentry"],"_links":{"self":[{"href":"https:\/\/monnaber.com\/es\/wp-json\/wp\/v2\/pages\/2168","targetHints":{"allow":["GET"]}}],"collection":[{"href":"https:\/\/monnaber.com\/es\/wp-json\/wp\/v2\/pages"}],"about":[{"href":"https:\/\/monnaber.com\/es\/wp-json\/wp\/v2\/types\/page"}],"author":[{"embeddable":true,"href":"https:\/\/monnaber.com\/es\/wp-json\/wp\/v2\/users\/1"}],"replies":[{"embeddable":true,"href":"https:\/\/monnaber.com\/es\/wp-json\/wp\/v2\/comments?post=2168"}],"version-history":[{"count":0,"href":"https:\/\/monnaber.com\/es\/wp-json\/wp\/v2\/pages\/2168\/revisions"}],"up":[{"embeddable":true,"href":"https:\/\/monnaber.com\/es\/wp-json\/wp\/v2\/pages\/2153"}],"wp:attachment":[{"href":"https:\/\/monnaber.com\/es\/wp-json\/wp\/v2\/media?parent=2168"}],"curies":[{"name":"wp","href":"https:\/\/api.w.org\/{rel}","templated":true}]}}