{"id":2161,"date":"2015-05-11T17:48:17","date_gmt":"2015-05-11T15:48:17","guid":{"rendered":"http:\/\/monnaber.com\/es\/alojamientos\/apartments\/"},"modified":"2024-04-10T17:40:00","modified_gmt":"2024-04-10T15:40:00","slug":"apartamentos","status":"publish","type":"page","link":"https:\/\/monnaber.com\/es\/alojamiento-hotel-rural-lujo-agroturismo-mallorca\/apartamentos\/","title":{"rendered":"Apartamentos"},"content":{"rendered":"<div class=\"wpb-content-wrapper\"><p>[vc_row css=\u00bb.vc_custom_1431360518557{margin-top: 10px !important;}\u00bb][vc_column][vc_widget_sidebar sidebar_id=\u00bbsidebar-book-es\u00bb]<div class=\"fancy_heading fancy_heading_line\"><div class=\"fh-top\"><span class=\"slogan\">Si\u00e9ntase como en casa<\/span><\/div><h2 class=\"title\">Nuestros Apartamentos<\/h2><div class=\"inside\">Si desea un poco m\u00e1s de independencia pudiendo disfrutar plenamente de todas nuestras instalaciones, le recomendamos nuestros apartamentos dotados de cocina, sala de estar y balc\u00f3n o terraza privada.<\/div><\/div>\n[\/vc_column][\/vc_row][vc_row][vc_column width=\u00bb1\/3&#8243;][vc_column_text]<\/p>\n<h2 style=\"text-align: center;\"><a class=\"button button_theme\" href=\"https:\/\/monnaber.com\/es\/alojamiento-hotel-rural-lujo-agroturismo-mallorca\/apartamentos\/apartamento-suite\/\">Apartamento Suite &#8211; M\u00e1x. 3 personas<\/a><\/h2>\n<p><a href=\"https:\/\/monnaber.com\/es\/alojamiento-hotel-rural-lujo-agroturismo-mallorca\/apartamentos\/apartamento-suite\/\"><img loading=\"lazy\" decoding=\"async\" class=\"aligncenter size-medium wp-image-157\" src=\"http:\/\/monnaber.com\/wp-content\/uploads\/2015\/05\/apartment-1-1-300x163.jpg\" alt=\"apartment-1 (1)\" width=\"300\" height=\"163\" title=\"- -\" srcset=\"https:\/\/monnaber.com\/wp-content\/uploads\/2015\/05\/apartment-1-1-300x163.jpg 300w, https:\/\/monnaber.com\/wp-content\/uploads\/2015\/05\/apartment-1-1-260x142.jpg 260w, https:\/\/monnaber.com\/wp-content\/uploads\/2015\/05\/apartment-1-1-50x27.jpg 50w, https:\/\/monnaber.com\/wp-content\/uploads\/2015\/05\/apartment-1-1-576x314.jpg 576w, https:\/\/monnaber.com\/wp-content\/uploads\/2015\/05\/apartment-1-1-138x75.jpg 138w, https:\/\/monnaber.com\/wp-content\/uploads\/2015\/05\/apartment-1-1.jpg 793w\" sizes=\"auto, (max-width:767px) 300px, 300px\" \/><\/a><\/p>\n<p class=\"p1\" style=\"text-align: center;\"><span class=\"s1\">Dormitorio, sal\u00f3n-cocina, balc\u00f3n y con una superficie aproximada de 32m\u00b2<\/span><\/p>\n<p>[\/vc_column_text][\/vc_column][vc_column width=\u00bb1\/3&#8243;][vc_column_text]<\/p>\n<h2 style=\"text-align: center;\"><a class=\"button button_theme\" href=\"https:\/\/monnaber.com\/es\/alojamiento-hotel-rural-lujo-agroturismo-mallorca\/apartamentos\/apartamento-superior\/\">Apartamento Superior &#8211; M\u00e1x. 4 personas<\/a><\/h2>\n<p><a href=\"https:\/\/monnaber.com\/es\/alojamiento-hotel-rural-lujo-agroturismo-mallorca\/apartamentos\/apartamento-superior\/\"><img loading=\"lazy\" decoding=\"async\" class=\"aligncenter size-medium wp-image-163\" src=\"http:\/\/monnaber.com\/wp-content\/uploads\/2015\/05\/apartment3a-1-300x150.jpg\" alt=\"apartment3a-1\" width=\"300\" height=\"163\" title=\"- -\"><\/a><\/p>\n<p class=\"p1\"><span class=\"s1\">Dormitorio separado, amplio sal\u00f3n-cocina, terraza privada y con una superficie aproximada de 40m\u00b2<\/span><\/p>\n<p>[\/vc_column_text][\/vc_column][vc_column width=\u00bb1\/3&#8243;][vc_column_text]<\/p>\n<h2 style=\"text-align: center;\"><a class=\"button button_theme\" href=\"https:\/\/monnaber.com\/es\/alojamiento-hotel-rural-lujo-agroturismo-mallorca\/apartamentos\/apartamento-familiar\/\">Apartamento Familiar &#8211; M\u00e1x. 5 personas<\/a><\/h2>\n<p><a href=\"https:\/\/monnaber.com\/es\/alojamiento-hotel-rural-lujo-agroturismo-mallorca\/apartamentos\/apartamento-familiar\/\"><img loading=\"lazy\" decoding=\"async\" class=\"aligncenter size-medium wp-image-168\" src=\"http:\/\/monnaber.com\/wp-content\/uploads\/2015\/05\/apartment4a-1-300x163.jpg\" alt=\"apartment4a-1\" width=\"300\" height=\"163\" title=\"- -\" srcset=\"https:\/\/monnaber.com\/wp-content\/uploads\/2015\/05\/apartment4a-1-300x163.jpg 300w, https:\/\/monnaber.com\/wp-content\/uploads\/2015\/05\/apartment4a-1-260x142.jpg 260w, https:\/\/monnaber.com\/wp-content\/uploads\/2015\/05\/apartment4a-1-50x27.jpg 50w, https:\/\/monnaber.com\/wp-content\/uploads\/2015\/05\/apartment4a-1-576x314.jpg 576w, https:\/\/monnaber.com\/wp-content\/uploads\/2015\/05\/apartment4a-1-138x75.jpg 138w, https:\/\/monnaber.com\/wp-content\/uploads\/2015\/05\/apartment4a-1.jpg 793w\" sizes=\"auto, (max-width:767px) 300px, 300px\" \/><\/a><\/p>\n<p class=\"p1\" style=\"text-align: center;\"><span class=\"s1\">2 dormitorios separados, amplio sal\u00f3n-cocina, terraza privada y con una superficie aproximada de 52m\u00b2<\/span><\/p>\n<p>[\/vc_column_text][\/vc_column][\/vc_row][vc_row][vc_column width=\u00bb3\/4&#8243;][vc_video link=\u00bbhttps:\/\/vimeo.com\/33119478&#8243;][\/vc_column][vc_column width=\u00bb1\/4&#8243;]<div class=\"infobox\" ><h3 class=\"title \">Utilidades y Servicios ****<\/h3><div class=\"infobox_wrapper\"><span class=\"ib-desc\"><\/p>\n<ul>\n<li>TV sat\u00e9lite<\/li>\n<li>Caja Fuerte<\/li>\n<li>Aire acondicionado<\/li>\n<li>Calefacci\u00f3n central<\/li>\n<li>Minibar<\/li>\n<li>Tel\u00e9fono<\/li>\n<li>Room Service<\/li>\n<li>Secador y albornoz<\/li>\n<li>Ba\u00f1o completo con amenities<\/li>\n<li>WI-FI<\/li>\n<\/ul>\n<p><\/span><\/div><\/div>\n[\/vc_column][\/vc_row]<\/p>\n<\/div>","protected":false},"excerpt":{"rendered":"<p>[vc_row css=\u00bb.vc_custom_1431360518557{margin-top: 10px !important;}\u00bb][vc_column][vc_widget_sidebar sidebar_id=\u00bbsidebar-book-es\u00bb][\/vc_column][\/vc_row][vc_row][vc_column width=\u00bb1\/3&#8243;][vc_column_text] Apartamento Suite &#8211; M\u00e1x. 3 personas Dormitorio, sal\u00f3n-cocina, balc\u00f3n y con una superficie aproximada de 32m\u00b2 [\/vc_column_text][\/vc_column][vc_column width=\u00bb1\/3&#8243;][vc_column_text] Apartamento Superior<span class=\"excerpt-hellip\"> [\u2026]<\/span><\/p>\n","protected":false},"author":1,"featured_media":0,"parent":2153,"menu_order":0,"comment_status":"open","ping_status":"open","template":"","meta":{"footnotes":""},"class_list":["post-2161","page","type-page","status-publish","hentry"],"_links":{"self":[{"href":"https:\/\/monnaber.com\/es\/wp-json\/wp\/v2\/pages\/2161","targetHints":{"allow":["GET"]}}],"collection":[{"href":"https:\/\/monnaber.com\/es\/wp-json\/wp\/v2\/pages"}],"about":[{"href":"https:\/\/monnaber.com\/es\/wp-json\/wp\/v2\/types\/page"}],"author":[{"embeddable":true,"href":"https:\/\/monnaber.com\/es\/wp-json\/wp\/v2\/users\/1"}],"replies":[{"embeddable":true,"href":"https:\/\/monnaber.com\/es\/wp-json\/wp\/v2\/comments?post=2161"}],"version-history":[{"count":1,"href":"https:\/\/monnaber.com\/es\/wp-json\/wp\/v2\/pages\/2161\/revisions"}],"predecessor-version":[{"id":14376,"href":"https:\/\/monnaber.com\/es\/wp-json\/wp\/v2\/pages\/2161\/revisions\/14376"}],"up":[{"embeddable":true,"href":"https:\/\/monnaber.com\/es\/wp-json\/wp\/v2\/pages\/2153"}],"wp:attachment":[{"href":"https:\/\/monnaber.com\/es\/wp-json\/wp\/v2\/media?parent=2161"}],"curies":[{"name":"wp","href":"https:\/\/api.w.org\/{rel}","templated":true}]}}