{"id":2153,"date":"2015-05-06T18:20:09","date_gmt":"2015-05-06T16:20:09","guid":{"rendered":"http:\/\/monnaber.com\/es\/accomodation\/"},"modified":"2024-04-10T17:31:58","modified_gmt":"2024-04-10T15:31:58","slug":"alojamiento-hotel-rural-lujo-agroturismo-mallorca","status":"publish","type":"page","link":"https:\/\/monnaber.com\/es\/alojamiento-hotel-rural-lujo-agroturismo-mallorca\/","title":{"rendered":"Habitaciones y apartamentos del hotel Monnaber Nou"},"content":{"rendered":"<div class=\"wpb-content-wrapper\"><p>[vc_row css=\u00bb.vc_custom_1431360536519{margin-top: 10px !important;}\u00bb][vc_column][vc_widget_sidebar sidebar_id=\u00bbsidebar-book-es\u00bb]<div class=\"fancy_heading fancy_heading_line\"><div class=\"fh-top\"><\/div><h1 class=\"title \">Habitaciones, Suites y apartamentos del hotel agroturismo Monnaber Nou en mallorca<\/h1><\/div>\n[\/vc_column][\/vc_row][vc_row][vc_column width=\u00bb1\/3&#8243;][vc_column_text]<\/p>\n<h2 style=\"text-align: center;\"><a class=\"button button_theme\" href=\"https:\/\/monnaber.com\/es\/alojamiento-hotel-rural-lujo-agroturismo-mallorca\/deluxe-standard\/habitaciones-standard\/\">Habitaci\u00f3n con balc\u00f3n o terraza<\/a><\/h2>\n<p><a href=\"https:\/\/monnaber.com\/es\/alojamiento-hotel-rural-lujo-agroturismo-mallorca\/deluxe-standard\/habitaciones-standard\/\"><img loading=\"lazy\" decoding=\"async\" class=\"aligncenter wp-image-3576 size-medium\" src=\"http:\/\/monnaber.com\/wp-content\/uploads\/2015\/05\/monnaber_nou_accomodation_standard_1-300x163.jpg\" alt=\"- -\" width=\"300\" height=\"163\" title=\"- -\" srcset=\"https:\/\/monnaber.com\/wp-content\/uploads\/2015\/05\/monnaber_nou_accomodation_standard_1-300x163.jpg 300w, https:\/\/monnaber.com\/wp-content\/uploads\/2015\/05\/monnaber_nou_accomodation_standard_1-260x141.jpg 260w, https:\/\/monnaber.com\/wp-content\/uploads\/2015\/05\/monnaber_nou_accomodation_standard_1-50x27.jpg 50w, https:\/\/monnaber.com\/wp-content\/uploads\/2015\/05\/monnaber_nou_accomodation_standard_1-138x75.jpg 138w, https:\/\/monnaber.com\/wp-content\/uploads\/2015\/05\/monnaber_nou_accomodation_standard_1.jpg 700w\" sizes=\"auto, (max-width:767px) 300px, 300px\" \/><\/a><\/p>\n<p class=\"p1\" style=\"text-align: center;\">Nuestras habitaciones con balc\u00f3n o terraza tienen todas las comodidades y servicios que el resto, situadas en el edificio anexo a 600m del nucleo principal y una superficie aproximada de 23m\u00b2.<\/p>\n<p>[\/vc_column_text][\/vc_column][vc_column width=\u00bb1\/3&#8243;][vc_column_text]<\/p>\n<h2 style=\"text-align: center;\"><a class=\"button button_theme\" href=\"https:\/\/monnaber.com\/es\/alojamiento-hotel-rural-lujo-agroturismo-mallorca\/deluxe-standard\/habitaciones-deluxe\/\">Habitaci\u00f3n Deluxe<\/a><\/h2>\n<p><a href=\"https:\/\/monnaber.com\/es\/alojamiento-hotel-rural-lujo-agroturismo-mallorca\/deluxe-standard\/habitaciones-deluxe\/\"><img loading=\"lazy\" decoding=\"async\" class=\"aligncenter wp-image-3582 size-medium\" src=\"http:\/\/monnaber.com\/wp-content\/uploads\/2015\/05\/monnaber_nou_accomodation_deluxe-300x163.jpg\" alt=\"- -\" width=\"300\" height=\"163\" title=\"- -\" srcset=\"https:\/\/monnaber.com\/wp-content\/uploads\/2015\/05\/monnaber_nou_accomodation_deluxe-300x163.jpg 300w, https:\/\/monnaber.com\/wp-content\/uploads\/2015\/05\/monnaber_nou_accomodation_deluxe-260x141.jpg 260w, https:\/\/monnaber.com\/wp-content\/uploads\/2015\/05\/monnaber_nou_accomodation_deluxe-50x27.jpg 50w, https:\/\/monnaber.com\/wp-content\/uploads\/2015\/05\/monnaber_nou_accomodation_deluxe-138x75.jpg 138w, https:\/\/monnaber.com\/wp-content\/uploads\/2015\/05\/monnaber_nou_accomodation_deluxe.jpg 700w\" sizes=\"auto, (max-width:767px) 300px, 300px\" \/><\/a><\/p>\n<p class=\"p1\" style=\"text-align: center;\">Nuestras elegantes Habitaciones Deluxe tambi\u00e9n est\u00e1n disponibles para uso individual. Son \u00fanicas, respetando la distribuci\u00f3n original del edificio y tienen una superficie aproximada de 25m\u00b2 que satisfar\u00e1n todas sus necesidades.<\/p>\n<p class=\"p2\"><span class=\"s2\">\u00a0\u00a0<\/span><\/p>\n<p>[\/vc_column_text][\/vc_column][vc_column width=\u00bb1\/3&#8243;][vc_column_text]<\/p>\n<h2 style=\"text-align: center;\"><a class=\"button button_theme\" href=\"https:\/\/monnaber.com\/es\/alojamiento-hotel-rural-lujo-agroturismo-mallorca\/suite\/\">Suite<\/a><\/h2>\n<p><a href=\"https:\/\/monnaber.com\/es\/alojamiento-hotel-rural-lujo-agroturismo-mallorca\/suite\/\"><img loading=\"lazy\" decoding=\"async\" class=\"aligncenter size-medium wp-image-113\" src=\"http:\/\/monnaber.com\/wp-content\/uploads\/2015\/05\/suite-1-300x163.jpg\" alt=\"suite-1\" width=\"300\" height=\"163\" title=\"- -\" srcset=\"https:\/\/monnaber.com\/wp-content\/uploads\/2015\/05\/suite-1-300x163.jpg 300w, https:\/\/monnaber.com\/wp-content\/uploads\/2015\/05\/suite-1-260x142.jpg 260w, https:\/\/monnaber.com\/wp-content\/uploads\/2015\/05\/suite-1-50x27.jpg 50w, https:\/\/monnaber.com\/wp-content\/uploads\/2015\/05\/suite-1-576x314.jpg 576w, https:\/\/monnaber.com\/wp-content\/uploads\/2015\/05\/suite-1-138x75.jpg 138w, https:\/\/monnaber.com\/wp-content\/uploads\/2015\/05\/suite-1.jpg 793w\" sizes=\"auto, (max-width:767px) 300px, 300px\" \/><\/a><\/p>\n<p class=\"p1\" style=\"text-align: center;\"><span class=\"s1\">Para todos aquellos que prefieren m\u00e1s intimidad y una mayor superficie de aproximadamente 35m2,\u00a0 nuestras suites tienne sala\u00a0 de estar y dormitorio separado, ambos decorados con estilo r\u00fastico mallorqu\u00edn sin olvidar que disfrutar\u00e1n de las mejores vistas panor\u00e1micas.<\/span><\/p>\n<p class=\"p2\"><span class=\"s2\">\u00a0\u00a0<\/span><\/p>\n<p>[\/vc_column_text][\/vc_column][\/vc_row][vc_row][vc_column width=\u00bb1\/3&#8243;][vc_column_text]<\/p>\n<h2 style=\"text-align: center;\"><a class=\"button button_theme\" href=\"https:\/\/monnaber.com\/es\/alojamiento-hotel-rural-lujo-agroturismo-mallorca\/apartamentos\/apartamento-suite\/\">Apartamento\u00a0Suite<\/a><\/h2>\n<p><a href=\"https:\/\/monnaber.com\/es\/alojamiento-hotel-rural-lujo-agroturismo-mallorca\/apartamentos\/apartamento-suite\/\"><img loading=\"lazy\" decoding=\"async\" class=\"aligncenter wp-image-118 size-medium\" src=\"http:\/\/monnaber.com\/wp-content\/uploads\/2015\/05\/apartment2a-1-300x163.jpg\" alt=\"apartment2a-1\" width=\"300\" height=\"163\" title=\"- -\" srcset=\"https:\/\/monnaber.com\/wp-content\/uploads\/2015\/05\/apartment2a-1-300x163.jpg 300w, https:\/\/monnaber.com\/wp-content\/uploads\/2015\/05\/apartment2a-1-260x142.jpg 260w, https:\/\/monnaber.com\/wp-content\/uploads\/2015\/05\/apartment2a-1-50x27.jpg 50w, https:\/\/monnaber.com\/wp-content\/uploads\/2015\/05\/apartment2a-1-576x314.jpg 576w, https:\/\/monnaber.com\/wp-content\/uploads\/2015\/05\/apartment2a-1-138x75.jpg 138w, https:\/\/monnaber.com\/wp-content\/uploads\/2015\/05\/apartment2a-1.jpg 793w\" sizes=\"auto, (max-width:767px) 300px, 300px\" \/><\/a><\/p>\n<p class=\"p1\" style=\"text-align: center;\"><span class=\"s1\">Y si desea un poco m\u00e1s de independencia pudiendo disfrutar plenamente de todas nuestras instalaciones, le recomendamos nuestros apartamentos dotados de cocina, sala de estar y balc\u00f3n o terraza privada.<\/span><\/p>\n<p>[\/vc_column_text][\/vc_column][vc_column width=\u00bb1\/3&#8243;][vc_column_text]<\/p>\n<h2 style=\"text-align: center;\"><a class=\"button button_theme\" href=\"https:\/\/monnaber.com\/es\/alojamiento-hotel-rural-lujo-agroturismo-mallorca\/apartamentos\/apartamento-superior\/\">Apartamento Superior<\/a><\/h2>\n<p><a href=\"https:\/\/monnaber.com\/es\/alojamiento-hotel-rural-lujo-agroturismo-mallorca\/apartamentos\/apartamento-superior\/\"><img loading=\"lazy\" decoding=\"async\" class=\"aligncenter wp-image-3592 size-medium\" src=\"http:\/\/monnaber.com\/wp-content\/uploads\/2015\/05\/monnaber_nou_accomodation_ap_superior-300x163.jpg\" alt=\"- -\" width=\"300\" height=\"163\" title=\"- -\" srcset=\"https:\/\/monnaber.com\/wp-content\/uploads\/2015\/05\/monnaber_nou_accomodation_ap_superior-300x163.jpg 300w, https:\/\/monnaber.com\/wp-content\/uploads\/2015\/05\/monnaber_nou_accomodation_ap_superior-260x142.jpg 260w, https:\/\/monnaber.com\/wp-content\/uploads\/2015\/05\/monnaber_nou_accomodation_ap_superior-50x27.jpg 50w, https:\/\/monnaber.com\/wp-content\/uploads\/2015\/05\/monnaber_nou_accomodation_ap_superior-138x75.jpg 138w, https:\/\/monnaber.com\/wp-content\/uploads\/2015\/05\/monnaber_nou_accomodation_ap_superior.jpg 700w\" sizes=\"auto, (max-width:767px) 300px, 300px\" \/><\/a><\/p>\n<p class=\"p1\" style=\"text-align: center;\">Dormitorio separado, amplio sal\u00f3n-cocina, terraza privada y con una superficie aproximada de 40m\u00b2.<\/p>\n<p>[\/vc_column_text][\/vc_column][vc_column width=\u00bb1\/3&#8243;][vc_column_text]<\/p>\n<h2 style=\"text-align: center;\"><a class=\"button button_theme\" href=\"https:\/\/monnaber.com\/es\/alojamiento-hotel-rural-lujo-agroturismo-mallorca\/apartamentos\/apartamento-familiar\/\">Apartamento Familiar<\/a><\/h2>\n<p><a href=\"https:\/\/monnaber.com\/es\/alojamiento-hotel-rural-lujo-agroturismo-mallorca\/apartamentos\/apartamento-familiar\/\"><img loading=\"lazy\" decoding=\"async\" class=\"aligncenter wp-image-3598 size-medium\" src=\"http:\/\/monnaber.com\/wp-content\/uploads\/2015\/05\/monnaber_nou_accomodation_ap_familiar-300x163.jpg\" alt=\"- -\" width=\"300\" height=\"163\" title=\"- -\" srcset=\"https:\/\/monnaber.com\/wp-content\/uploads\/2015\/05\/monnaber_nou_accomodation_ap_familiar-300x163.jpg 300w, https:\/\/monnaber.com\/wp-content\/uploads\/2015\/05\/monnaber_nou_accomodation_ap_familiar-260x141.jpg 260w, https:\/\/monnaber.com\/wp-content\/uploads\/2015\/05\/monnaber_nou_accomodation_ap_familiar-50x27.jpg 50w, https:\/\/monnaber.com\/wp-content\/uploads\/2015\/05\/monnaber_nou_accomodation_ap_familiar-138x75.jpg 138w, https:\/\/monnaber.com\/wp-content\/uploads\/2015\/05\/monnaber_nou_accomodation_ap_familiar.jpg 700w\" sizes=\"auto, (max-width:767px) 300px, 300px\" \/><\/a><\/p>\n<p class=\"p1\" style=\"text-align: center;\"><span class=\"s1\">2 dormitorios separados, amplio sal\u00f3n-cocina, terraza privada y con una superficie aproximada de 52m\u00b2.<\/span><\/p>\n<p>[\/vc_column_text][\/vc_column][\/vc_row][vc_row][vc_column width=\u00bb3\/4&#8243;][vc_column_text]<\/p>\n<h2 style=\"text-align: center;\"><a class=\"button button_theme\" href=\"https:\/\/monnaber.com\/es\/alojamiento-hotel-rural-lujo-agroturismo-mallorca\/villa\/\">Villa S&#8217;Era<\/a><\/h2>\n<p><a href=\"https:\/\/monnaber.com\/es\/alojamiento-hotel-rural-lujo-agroturismo-mallorca\/villa\/\"><img loading=\"lazy\" decoding=\"async\" class=\"alignnone wp-image-3595 size-full\" src=\"https:\/\/monnaber.com\/wp-content\/uploads\/2018\/08\/villaera-1principal-1024x684.jpg\" alt=\"- -\" width=\"700\" height=\"380\" title=\"- -\"><\/a><\/p>\n<p>a Villa \u201cS\u2019era\u201d es una id\u00edlica casa de campo \u00a0moderna (aprox 160m2) situada en la misma finca a 700m de la casa principal, con dos dormitorios separados, dos ba\u00f1os, amplio sal\u00f3n, cocina con comedor, rodeado de paisaje.[\/vc_column_text][\/vc_column][vc_column width=\u00bb1\/4&#8243;]<div class=\"infobox\" ><h3 class=\"title \">Utilidades y Servicios ****<\/h3><div class=\"infobox_wrapper\"><span class=\"ib-desc\"><\/p>\n<ul>\n<li>TV sat\u00e9lite<\/li>\n<li>Caja Fuerte<\/li>\n<li>Aire acondicionado<\/li>\n<li>Calefacci\u00f3n<\/li>\n<li>Minibar<\/li>\n<li>Tel\u00e9fono<\/li>\n<li>Secador y albornoz<\/li>\n<li>Ba\u00f1o completo con amenities<\/li>\n<li>WI-FI<\/li>\n<\/ul>\n<p><\/span><\/div><\/div>\n[\/vc_column][\/vc_row]<\/p>\n<\/div>","protected":false},"excerpt":{"rendered":"<p>[vc_row css=\u00bb.vc_custom_1431360536519{margin-top: 10px !important;}\u00bb][vc_column][vc_widget_sidebar sidebar_id=\u00bbsidebar-book-es\u00bb][\/vc_column][\/vc_row][vc_row][vc_column width=\u00bb1\/3&#8243;][vc_column_text] Habitaci\u00f3n con balc\u00f3n o terraza Nuestras habitaciones con balc\u00f3n o terraza tienen todas las comodidades y servicios que el resto,<span class=\"excerpt-hellip\"> [\u2026]<\/span><\/p>\n","protected":false},"author":1,"featured_media":0,"parent":0,"menu_order":0,"comment_status":"open","ping_status":"closed","template":"","meta":{"footnotes":""},"class_list":["post-2153","page","type-page","status-publish","hentry"],"_links":{"self":[{"href":"https:\/\/monnaber.com\/es\/wp-json\/wp\/v2\/pages\/2153","targetHints":{"allow":["GET"]}}],"collection":[{"href":"https:\/\/monnaber.com\/es\/wp-json\/wp\/v2\/pages"}],"about":[{"href":"https:\/\/monnaber.com\/es\/wp-json\/wp\/v2\/types\/page"}],"author":[{"embeddable":true,"href":"https:\/\/monnaber.com\/es\/wp-json\/wp\/v2\/users\/1"}],"replies":[{"embeddable":true,"href":"https:\/\/monnaber.com\/es\/wp-json\/wp\/v2\/comments?post=2153"}],"version-history":[{"count":2,"href":"https:\/\/monnaber.com\/es\/wp-json\/wp\/v2\/pages\/2153\/revisions"}],"predecessor-version":[{"id":14374,"href":"https:\/\/monnaber.com\/es\/wp-json\/wp\/v2\/pages\/2153\/revisions\/14374"}],"wp:attachment":[{"href":"https:\/\/monnaber.com\/es\/wp-json\/wp\/v2\/media?parent=2153"}],"curies":[{"name":"wp","href":"https:\/\/api.w.org\/{rel}","templated":true}]}}