{"id":9723,"date":"2021-02-24T17:51:03","date_gmt":"2021-02-24T16:51:03","guid":{"rendered":"https:\/\/monnaber.com\/?page_id=9723"},"modified":"2022-02-21T10:39:44","modified_gmt":"2022-02-21T09:39:44","slug":"anforderungen-reisen-mallorca-covid","status":"publish","type":"page","link":"https:\/\/monnaber.com\/de\/anforderungen-reisen-mallorca-covid\/","title":{"rendered":"Anforderungen-Reisen Sie in Zeiten der COVID nach Mallorca"},"content":{"rendered":"<div class=\"wpb-content-wrapper\"><p>[vc_row][vc_column][vc_widget_sidebar sidebar_id=&#8220;sidebar-book-de&#8220;][vc_column_text]<\/p>\n<div class=\"block ficha enlaces\">\n<h3 class=\"titleficha\">PR\u00c4VENTIONSMA\u00dfNAHMEN GEGEN COVID-19<\/h3>\n<div class=\"more-little-box synthoms\">Wenn Sie Symptome haben, bleiben Sie zu Hause oder in Ihrer Unterkunft und isolieren Sie sich in Ihrem Zimmer<\/div>\n<div class=\"more-little-box distance\">Halten Sie 1,5 m Abstand zu anderen Personen<\/div>\n<div class=\"more-little-box hands\">Waschen Sie sich h\u00e4ufig und gr\u00fcndlich die H\u00e4nde.<\/div>\n<div class=\"more-little-box eyes\">Fassen Sie sich nicht an Augen, Nase und Mund.<\/div>\n<div class=\"more-little-box mouth\">Husten oder Niesen Sie in Ihre Armbeuge.<\/div>\n<div class=\"more-little-box tissue\">Verwenden Sie Papiertaschent\u00fccher, die Sie anschlie\u00dfend entsorgen.<\/div>\n<\/div>\n<div class=\"block information ficha\">\n<div>\n<p><strong>Gesundheitswarnung bez\u00fcglich Covid-19 in Spanien<\/strong><\/p>\n<p><strong>ACHTUNG:\u00a0<\/strong>Wenn Sie reisen, erkundigen Sie sich bei Ihrer Fluglinie, bevor Sie sich zum Flughafen begeben, und denken Sie daran, dass das Tragen einer\u00a0<strong>Gesichtsmaske\u00a0<\/strong>\u00fcberall im \u00f6ffentlichen Raum im Freien und in geschlossenen Bereichen vorgeschrieben ist, wenn es nicht m\u00f6glich ist, den Sicherheitsabstand einzuhalten. Halten Sie die Hygienema\u00dfnahmen ein, halten Sie einen Abstand von\u00a0<strong>1,5 m\u00a0<\/strong>zu anderen Personen und holen Sie Ihr Gep\u00e4ck einzeln ab.<\/p>\n<\/div>\n<div class=\"ico-img\"><\/div>\n<\/div>\n<div class=\"block iftravel ficha\">\n<h2>Wenn Sie nach Spanien reisen<\/h2>\n<div class=\"stop-virus\">\n<p>\u201eWenn Sie eine Reise nach Spanien planen, sollten Sie wissen, dass es aufgrund der Gesundheitskrise in Zusammenhang mit COVID-19 zwingend erforderlich ist, ein Formular zur Gesundheitskontrolle auszuf\u00fcllen, das von der Website spth.gob.es oder durch Herunterladen der App auf das Mobiltelefon von derselben Website aus aufgerufen werden kann.<\/p>\n<\/div>\n<div class=\"spth\">\n<p>SIE D\u00dcRFEN NICHT REISEN, wenn Sie mit COVID-19 zu vereinbarende Symptome haben: Fieber, Husten, Atembeschwerden, die in den letzten 14 Tagen eingesetzt haben<\/p>\n<\/div>\n<\/div>\n<div class=\"steps p-grid\">\n<div class=\"p-col step1\"><strong>Vor der Reise:<\/strong><br \/>\nF\u00fcllen Sie Ihr Formular aus, erhalten Sie Ihren QR-Code<\/div>\n<div class=\"p-col step2\"><strong>Auf dem Flughafen:<\/strong><br \/>\nZeigen Sie den QR-Code Ihrer Reise am Kontrollpunkt<\/div>\n<div class=\"p-col step3\"><strong>W\u00e4hrend Ihres Aufenthalts:<\/strong><br \/>\nGenie\u00dfen Sie und kontaktieren Sie, wenn Sie es brauchen<\/div>\n<\/div>\n<div class=\"block iftravel2 ficha\">\n<h2>Vor der Reise<\/h2>\n<div>\n<p>Sie m\u00fcssen das gesamte Formular \u00fcber die Website oder die App ausf\u00fcllen und k\u00f6nnen es\u00a0<strong>48 STUNDEN\u00a0<\/strong>vor dem Flug an die Gesundheitsbeh\u00f6rden senden. Nach dem Absenden erhalten Sie eine E-Mail mit einem QR-Code, mit dem Sie auf den Zielflughafen zugreifen k\u00f6nnen. Sie m\u00fcssen den QR-Code ausgedruckt oder auf dem Mobiltelefon bei sich f\u00fchren.<\/p>\n<\/div>\n<div class=\"ico-img\"><\/div>\n<\/div>\n<div class=\"block inairport ficha\">\n<h2>Am Flughafen<\/h2>\n<div class=\"qricon\">\n<p>Am Flughafen m\u00fcssen Sie den QR-Code vorlegen, der bei der Gesundheitskontrolle eingescannt wird, damit Sie zum Terminal gelangen und Ihr Gep\u00e4ck abholen k\u00f6nnen.<\/p>\n<\/div>\n<div class=\"sanidadicon\">\n<p>Halten Sie zu anderen Personen den Mindestabstand von 1,5 m ein, waschen Sie sich h\u00e4ufig die H\u00e4nde und befolgen Sie am Flughafen und auf der Reise die Husten- und Niesetikette (husten und niesen Sie in die Armbeuge).<\/p>\n<\/div>\n<\/div>\n<div class=\"block intravel ficha\">\n<h2>W\u00e4hrend der Reise und Ihres Aufenthalts<\/h2>\n<div>\n<p>FLUG<br \/>\n&#8211; Wenn Sie w\u00e4hrend der Reise Symptome (Fieber, Husten, Atembeschwerden) oder Beschwerden haben, benachrichtigen Sie schnellstm\u00f6glich die Besatzung.<br \/>\n&#8211; In den \u00f6ffentlichen Verkehrsmitteln ist das Tragen einer Gesichtsmaske zwingend erforderlich.<\/p>\n<p>FLUGHAFEN<br \/>\n&#8211; Arbeiten Sie mit den am Flughafen eingerichteten Gesundheitskontrolle zusammen.<br \/>\n&#8211; Minimieren Sie bei Ihrer Ankunft am Zielort Interaktionen mit anderen Personen und Ihre Aufenthaltsdauer am Flughafen, um das \u00dcbertragungsrisiko des Virus zu verringern<\/p>\n<p>ESTANCIA<br \/>\n&#8211; Wenn w\u00e4hrend Ihres Aufenthalts in Spanien mit COVID-19 zu vereinbarende Symptome (Fieber, Atembeschwerden, Husten) oder sonstige mit COVID-19 zu vereinbarende Symptome auftreten wie verminderter Geruchs- und Geschmackssinn, Sch\u00fcttelfrost, Halsschmerzen, Durchfall oder Erbrechen, m\u00fcssen Sie sich mit den Gesundheitsbeh\u00f6rden der Autonomen Gemeinschaft, in der Sie sich aufhalten, in Verbindung setzen.<\/p>\n<\/div>\n<\/div>\n<p>[\/vc_column_text][\/vc_column][\/vc_row]<\/p>\n<\/div>","protected":false},"excerpt":{"rendered":"<p>[vc_row][vc_column][vc_widget_sidebar sidebar_id=&#8220;sidebar-book-de&#8220;][vc_column_text] PR\u00c4VENTIONSMA\u00dfNAHMEN GEGEN COVID-19 Wenn Sie Symptome haben, bleiben Sie zu Hause oder in Ihrer Unterkunft und isolieren Sie sich in Ihrem Zimmer Halten Sie<span class=\"excerpt-hellip\"> [\u2026]<\/span><\/p>\n","protected":false},"author":1,"featured_media":0,"parent":0,"menu_order":0,"comment_status":"closed","ping_status":"closed","template":"","meta":{"footnotes":""},"class_list":["post-9723","page","type-page","status-publish","hentry"],"_links":{"self":[{"href":"https:\/\/monnaber.com\/de\/wp-json\/wp\/v2\/pages\/9723","targetHints":{"allow":["GET"]}}],"collection":[{"href":"https:\/\/monnaber.com\/de\/wp-json\/wp\/v2\/pages"}],"about":[{"href":"https:\/\/monnaber.com\/de\/wp-json\/wp\/v2\/types\/page"}],"author":[{"embeddable":true,"href":"https:\/\/monnaber.com\/de\/wp-json\/wp\/v2\/users\/1"}],"replies":[{"embeddable":true,"href":"https:\/\/monnaber.com\/de\/wp-json\/wp\/v2\/comments?post=9723"}],"version-history":[{"count":0,"href":"https:\/\/monnaber.com\/de\/wp-json\/wp\/v2\/pages\/9723\/revisions"}],"wp:attachment":[{"href":"https:\/\/monnaber.com\/de\/wp-json\/wp\/v2\/media?parent=9723"}],"curies":[{"name":"wp","href":"https:\/\/api.w.org\/{rel}","templated":true}]}}