{"id":9383,"date":"2020-11-19T18:05:24","date_gmt":"2020-11-19T17:05:24","guid":{"rendered":"https:\/\/monnaber.com\/?page_id=9383"},"modified":"2022-02-21T10:57:01","modified_gmt":"2022-02-21T09:57:01","slug":"black-friday-angebot-hotel-monnaber-nou-mallorca","status":"publish","type":"page","link":"https:\/\/monnaber.com\/de\/black-friday-angebot-hotel-monnaber-nou-mallorca\/","title":{"rendered":"Special Black Friday -10% Rabatt Code: BLACKF10"},"content":{"rendered":"<div class=\"wpb-content-wrapper\"><p>[vc_row parallax=&#8220;content-moving-fade&#8220; parallax_image=&#8220;417&#8243;][vc_column][vc_widget_sidebar sidebar_id=&#8220;sidebar-book-de&#8220;][\/vc_column][\/vc_row][vc_row][vc_column][vc_custom_heading text=&#8220;Reisen Sie sicher, mit 100% kostenloser Stornierung. Buchen Sie jetzt im Fincahotel &amp; Spa Monnaber nou!&#8220; font_container=&#8220;tag:h1|font_size:35px|text_align:center|color:%23000000|line_height:38px&#8220; google_fonts=&#8220;font_family:ABeeZee%3Aregular%2Citalic|font_style:400%20regular%3A400%3Anormal&#8220;][vc_empty_space height=&#8220;5px&#8220;][\/vc_column][\/vc_row][vc_row][vc_column width=&#8220;1\/2&#8243;][vc_column_text]Wir verstehen das es zur Zeit nicht Einfach ist sich mit Urlaubspl\u00e4nen zu besch\u00e4ftigen, daher hier unsere Hilfestellung :<\/p>\n<p>Wir bieten Ihnen eine <strong>100% kostenlose Stornierung<\/strong> f\u00fcr Ihre n\u00e4chste Reservierung. Reservieren Sie jetzt und machen Sie sich keine Sorgen. Sie k\u00f6nnen Ihre Reservierung in jedem Moment , bis 2 Tage vor Anreise, stornieren und bekommen die Anzahlung umgehend zur\u00fcck.<\/p>\n<p>Und sollten Sie aus irgend einem Grund doch nicht Anreisen k\u00f6nnen, und konnten nicht mehr passend Stornieren; machen Sie sich keine Sorgen , Ihre Anzahlung in H\u00f6he des Betrages der 1. \u00dcbernachtung bleibt Ihnen 1 Jahr lang erhalten. Wir halten diese Anzahlung als Gutschein f\u00fcr eine sp\u00e4tere Reservierung.<\/p>\n<p><strong>Bezahlen Sie nach dem Aufenthalt<\/strong>:\u00a0 Das Hotel berechnet Ihnen ausschliesslich den Betrag der 1. \u00dcbernachtung bei Reservierung, den Rest bezahlen Sie im Hotel.[\/vc_column_text][vc_message message_box_style=&#8220;solid-icon&#8220;]<\/p>\n<h2 style=\"text-align: center;\"><strong><span style=\"font-family: Arial;\">Holen Sie sich Ihren 10% Rabatt mit dem: Code: <span style=\"color: #ff0000;\"><em>BLACKF10<\/em><\/span><\/span><\/strong><\/h2>\n<p>[\/vc_message][vc_column_text]Wir wollen das Sie, unsere G\u00e4ste, den besten Tarif bekommen. 10% Rabatt auf \u00dcbernachtung mit Fr\u00fchst\u00fcck,\u00a0 in jeder Zimmerkategorie. Egal wie lange Sie bleiben oder zu welcher Jahreszeit. Dieses Angebot ist nicht mit anderen Angeboten kombinierbar.<\/p>\n<p><span style=\"color: #008000;\">Geben Sie einfach den Aktionscode: <strong>BLACKF10<\/strong> in das Feld ein und klicken Sie dann auf &#8222;SUCHEN&#8220;. Der Rabatt wird automatisch gew\u00e4hrt. <em>\u00a0<\/em>bei der Reservierung ein \u00fcber unsere Website, <strong>mit Aufenthalt bis 15.07.2021 je nach Verf\u00fcgbarkeit und vom 24.12.2020 bis 31.12.2020 nicht inbegriffen.\u00a0<\/strong><\/span>[\/vc_column_text][vc_btn title=&#8220;KLICKEN SIE HIER, UM ZU RESERVIEREN&#8220; style=&#8220;outline&#8220; color=&#8220;danger&#8220; align=&#8220;center&#8220; i_icon_fontawesome=&#8220;fas fa-hand-point-right&#8220; add_icon=&#8220;true&#8220; link=&#8220;url:https%3A%2F%2Fmonnaber.com%2Fbooking%2Freserva.php%3Flang%3Dde|||&#8220;][vc_column_text]<span style=\"color: #008000;\">Diesen <strong>Spezialrabatt von 10%<\/strong> f\u00fcr Unsere G\u00e4ste geben wir exclusiv bei Buchungen \u00fcber unsere Webseite oder telefonischer Reservierung mit unserer Rezeption. Geben Sie einfach den Reservierungcode <strong>BLACKF10<\/strong> an.<\/span><\/p>\n<p>* Dieser Code ist nicht mit anderen Angeboten oder Erm\u00e4\u00dfigungen kombinierbar und gilt nicht an Feiertagen oder am Vorabend von vom Hotel organisierten Feiertagen und Veranstaltungen.<\/p>\n<p>Vielen Dank und wir hoffen, Sie in unserem Haus begr\u00fc\u00dfen zu d\u00fcrfen.<\/p>\n<p>Monnaber Nou-Team[\/vc_column_text][\/vc_column][vc_column width=&#8220;1\/2&#8243;][vc_single_image image=&#8220;3318&#8243; img_size=&#8220;full&#8220; onclick=&#8220;link_image&#8220;][vc_single_image image=&#8220;3333&#8243; img_size=&#8220;full&#8220; onclick=&#8220;link_image&#8220;][\/vc_column][\/vc_row][vc_row][vc_column][vc_column_text]<\/p>\n<h3 style=\"text-align: center;\">SARS CO-V 2, unsere Vorgaben f\u00fcr Ihre Sicherheit und Gesundheit<\/h3>\n<p>Unser gr\u00f6sstes Augenmerk liegt bei der Sicherheit und Gesundheit unserer G\u00e4ste und unseres Personals. In Hinsicht auf das Coronavirus haben wir einige gesonderte Massnahmen ergriffen, um unsere G\u00e4ste und unser Personal zu sch\u00fctzen :<\/p>\n<ul>\n<li>Das Reinigungspersonal desinfiziert jeden Tag alle Zimmer<\/li>\n<li>St\u00e4ndige Desinfizierung, Reinigung der Gemeinschaftsr\u00e4ume und Gegenst\u00e4nde des gemeinschaftlichen Gebrauchs ( Lobby, T\u00fcrgriffe, B\u00e4der, T\u00fcrkarten, ect. )<\/li>\n<li>Desinfektions-Gel zur freien Nutzung f\u00fcr unsere G\u00e4ste stehen in den Gemeinschaftsr\u00e4umen zur Verf\u00fcgung.<\/li>\n<li>Sensibilisierung, Schulung des Personals in den Bereichen Hygiene und Sauberkeit, zur Vorbeugung und Vermeidung , der Verbreitung des Coranavirus , f\u00fcr Ihre Sicherheit und Gesundheit.<\/li>\n<\/ul>\n<p>[\/vc_column_text][\/vc_column][\/vc_row]<\/p>\n<\/div>","protected":false},"excerpt":{"rendered":"<p>[vc_row parallax=&#8220;content-moving-fade&#8220; parallax_image=&#8220;417&#8243;][vc_column][vc_widget_sidebar sidebar_id=&#8220;sidebar-book-de&#8220;][\/vc_column][\/vc_row][vc_row][vc_column][vc_custom_heading text=&#8220;Reisen Sie sicher, mit 100% kostenloser Stornierung. Buchen Sie jetzt im Fincahotel &amp; Spa Monnaber nou!&#8220; font_container=&#8220;tag:h1|font_size:35px|text_align:center|color:%23000000|line_height:38px&#8220; google_fonts=&#8220;font_family:ABeeZee%3Aregular%2Citalic|font_style:400%20regular%3A400%3Anormal&#8220;][vc_empty_space height=&#8220;5px&#8220;][\/vc_column][\/vc_row][vc_row][vc_column width=&#8220;1\/2&#8243;][vc_column_text]Wir verstehen das<span class=\"excerpt-hellip\"> [\u2026]<\/span><\/p>\n","protected":false},"author":1,"featured_media":415,"parent":0,"menu_order":0,"comment_status":"closed","ping_status":"closed","template":"","meta":{"footnotes":""},"class_list":["post-9383","page","type-page","status-publish","has-post-thumbnail","hentry"],"_links":{"self":[{"href":"https:\/\/monnaber.com\/de\/wp-json\/wp\/v2\/pages\/9383","targetHints":{"allow":["GET"]}}],"collection":[{"href":"https:\/\/monnaber.com\/de\/wp-json\/wp\/v2\/pages"}],"about":[{"href":"https:\/\/monnaber.com\/de\/wp-json\/wp\/v2\/types\/page"}],"author":[{"embeddable":true,"href":"https:\/\/monnaber.com\/de\/wp-json\/wp\/v2\/users\/1"}],"replies":[{"embeddable":true,"href":"https:\/\/monnaber.com\/de\/wp-json\/wp\/v2\/comments?post=9383"}],"version-history":[{"count":0,"href":"https:\/\/monnaber.com\/de\/wp-json\/wp\/v2\/pages\/9383\/revisions"}],"wp:featuredmedia":[{"embeddable":true,"href":"https:\/\/monnaber.com\/de\/wp-json\/wp\/v2\/media\/415"}],"wp:attachment":[{"href":"https:\/\/monnaber.com\/de\/wp-json\/wp\/v2\/media?parent=9383"}],"curies":[{"name":"wp","href":"https:\/\/api.w.org\/{rel}","templated":true}]}}