{"id":7741,"date":"2019-06-19T13:05:54","date_gmt":"2019-06-19T11:05:54","guid":{"rendered":"https:\/\/monnaber.com\/?page_id=7741"},"modified":"2022-02-21T11:00:08","modified_gmt":"2022-02-21T10:00:08","slug":"wanderrouten-puig-galileu","status":"publish","type":"page","link":"https:\/\/monnaber.com\/de\/wanderrouten-puig-galileu\/","title":{"rendered":"Wanderrouten Puig Galileu"},"content":{"rendered":"<div class=\"wpb-content-wrapper\"><p>[vc_row][vc_column][vc_widget_sidebar sidebar_id=&#8220;sidebar-book-de&#8220;][\/vc_column][\/vc_row][vc_row css=&#8220;.vc_custom_1431360458683{margin-top: 10px !important;}&#8220;][vc_column width=&#8220;2\/3&#8243;]<div class=\"fancy_heading fancy_heading_line\"><div class=\"fh-top\"><span class=\"slogan\">Wanderrouten Son Masip \u2013 Puig Galileu<\/span><\/div><h2 class=\"title\">Puig Galileu<\/h2><\/div>\n[vc_column_text]<\/p>\n<h3 style=\"text-align: center;\"><strong>INFORMATION<\/strong><\/h3>\n<p>Was heute eine der beliebtesten Wanderouten in der Tramuntana ist, war in fr\u00fcheren Zeiten f\u00fcr unsere Ahnen der Fussweg um von Lluc nach Soller zu gelangen oder um mit dem Karren Kohlen zu hohlen.<\/p>\n<p>Sie k\u00f6nnen\u00a0 sich auf dem Weg Dank der Richtugnshinweise nicht verlaufen, sollten aber eine gute Fitness mitbringen um den Weg bew\u00e4ltigen zu k\u00f6nnen.<\/p>\n<p>Beginn der Wanderung ist in der Urbanisation Son Macip, dort gibt es Parkpl\u00e4tze f\u00fcr Ihr Auto.<\/p>\n<p>Sie k\u00f6nnen die Wanderung auch am Font Coberta beginnen, was am Rand der Parkplatzes von Lluc liegt.<\/p>\n<p>Durch den Eichenwald der \u00f6ffentlichen Finca Son Macip, einen der emblematischten der Serra.<\/p>\n<p>Wo man auf jeden Schritt die Zeichen vergangener Kohlewirtschaft finden kann, wie verfallene Rundsilos und K\u00f6hlerh\u00e4user, welche diesen Wald damals pr\u00e4gte.<\/p>\n<p>Der befestigte Weg endet am Fuss des Voltes d\u00b4en Galileu.<\/p>\n<p>Der Name bezieht sich auf die Kurven die der Weg macht um die kommenden \u00a0250 H\u00f6henmeter zu erklimmen, und auf den Architekten Antoni Catal\u00e1 &#8222;Galileu&#8220;, der 1692 die neuen Schneeh\u00f6hlen &#8222;las Cases de Neu&#8220; bauen lies.<\/p>\n<p><a href=\"https:\/\/monnaber.com\/wp-content\/uploads\/2019\/06\/Galileu-gallery-web010.jpg\" target=\"_blank\" rel=\"noopener\"><img loading=\"lazy\" decoding=\"async\" class=\"aligncenter wp-image-7657 size-large\" src=\"https:\/\/monnaber.com\/wp-content\/uploads\/2019\/06\/Galileu-gallery-web010-1024x768.jpg\" alt=\"- -\" width=\"1024\" height=\"768\" title=\"- -\" srcset=\"https:\/\/monnaber.com\/wp-content\/uploads\/2019\/06\/Galileu-gallery-web010-1024x768.jpg 1024w, https:\/\/monnaber.com\/wp-content\/uploads\/2019\/06\/Galileu-gallery-web010-300x225.jpg 300w, https:\/\/monnaber.com\/wp-content\/uploads\/2019\/06\/Galileu-gallery-web010-768x576.jpg 768w, https:\/\/monnaber.com\/wp-content\/uploads\/2019\/06\/Galileu-gallery-web010-195x146.jpg 195w, https:\/\/monnaber.com\/wp-content\/uploads\/2019\/06\/Galileu-gallery-web010-50x38.jpg 50w, https:\/\/monnaber.com\/wp-content\/uploads\/2019\/06\/Galileu-gallery-web010-100x75.jpg 100w, https:\/\/monnaber.com\/wp-content\/uploads\/2019\/06\/Galileu-gallery-web010.jpg 1440w\" sizes=\"auto, (max-width:767px) 480px, (max-width:1024px) 100vw, 1024px\" \/><\/a><\/p>\n<h3 style=\"text-align: center;\"><strong>Wegstrecke<\/strong><\/h3>\n<p>&nbsp;<\/p>\n<p><strong>Um die Route zu beginnen m\u00fcssen Sie sich mit dem Auto Richtung Lluc, bzw. Urbanisation Son Masip begeben. Verlassen Sie das Hotel Richtung Caimari, von dort die Strasse hoch zum Coll de sa Batalla. Von hier aus k\u00f6nnen sie richtung Lluc laufen oder bis zur Urbanisation Son Masip weiter fahren und Parken.<\/strong><\/p>\n<p>Km0 WP01 Ausgang Son Masip<\/p>\n<p>Option A, Ausgang von Lluc und folgend den Wegweisern zum Puig Galileu<\/p>\n<p>Option B, ausgehend von Son Masip. Hier beschreiben wir Option B<\/p>\n<p>Die Route liegt entlang der Route GR-221 ( Route der &#8222;Pedra de Sec&#8220;, der Trockensteinmauern)<\/p>\n<p>Wir folgen diesem Weg und den selben Wegweisern in Richtung VOLTES D\u00b4EN GALILEU oder Puig Galileu<\/p>\n<ol>\n<li>Beginnen wir nun die Route im Eichenwald von Son Masip<\/li>\n<li>Folgen Sie den Hinweiszeichen der Route( es ist eine sehr gut Ausgeschilderte Route)<\/li>\n<\/ol>\n<p>&nbsp;<\/p>\n<p>WP02 CASES DE NEU DE SON MASIP<\/p>\n<ol>\n<li>auf der rechten Seite des Weges liegen nun die cases de neu Son Masip<\/li>\n<li>die Geb\u00e4ude zur rechten liegen lassen und den Weg weiter hinauf<\/li>\n<li>weiter durch den Eichenwald<\/li>\n<\/ol>\n<p>&nbsp;<\/p>\n<p>WP03 VOLTES D\u00b4EN GALILEU<\/p>\n<ol>\n<li>hier beginnt der kurvige Aufstieg, Steinmauerweg<\/li>\n<li>der Weg macht einige scharfe rechts und links Kurven nach einem kr\u00e4ftigen Aufstieg<\/li>\n<li>Folgen Sie bis zum Plateau\/Plana<\/li>\n<\/ol>\n<p>&nbsp;<\/p>\n<p>WP04 PLATEAU\/PLANA<\/p>\n<ol>\n<li>nun verlassen wir die Voltes d\u00b4en Galileu<\/li>\n<li>Sie gelangen auf ein Plateau mit Str\u00e4uchern und Schilf<\/li>\n<li>folgen Sie den Hinweisen richtung CASES DE NEU D\u00b4EN GALILEU<\/li>\n<\/ol>\n<p>&nbsp;<\/p>\n<p>WP05 CASES DE NEU D\u00b4EN GALILEU<\/p>\n<ol>\n<li>folgen sie den Hinweisen oberhalb der Geb\u00e4ude<\/li>\n<li>die Geb\u00e4ude befinden sich in der Restaurierung und bilden den Anfang des Aufstieges zum Gipfel<\/li>\n<\/ol>\n<p>3.Folgen Sie der Route bis zum Gipfel<\/p>\n<p>&nbsp;<\/p>\n<p>WP06 PUIG D\u00b4EN GALILEU<\/p>\n<ol>\n<li>Der Gipfel, hier muss man \u00fcber einige grosse Felsen klettern.<\/li>\n<\/ol>\n<p>(Vorsicht, Steinrutsch Gefahr)<\/p>\n<ol start=\"2\">\n<li>Der R\u00fcckweg ist der selbe den Sie her gekommen sind.<\/li>\n<\/ol>\n<p>[\/vc_column_text][\/vc_column][vc_column width=&#8220;1\/3&#8243;][vc_column_text]<img loading=\"lazy\" decoding=\"async\" class=\"aligncenter wp-image-7499 size-medium\" src=\"https:\/\/monnaber.com\/wp-content\/uploads\/2019\/06\/Hiking-icon-monnaber-300x300.jpg\" alt=\"- -\" width=\"300\" height=\"300\" title=\"- -\" srcset=\"https:\/\/monnaber.com\/wp-content\/uploads\/2019\/06\/Hiking-icon-monnaber-300x300.jpg 300w, https:\/\/monnaber.com\/wp-content\/uploads\/2019\/06\/Hiking-icon-monnaber-150x150.jpg 150w, https:\/\/monnaber.com\/wp-content\/uploads\/2019\/06\/Hiking-icon-monnaber-768x768.jpg 768w, https:\/\/monnaber.com\/wp-content\/uploads\/2019\/06\/Hiking-icon-monnaber-146x146.jpg 146w, https:\/\/monnaber.com\/wp-content\/uploads\/2019\/06\/Hiking-icon-monnaber-50x50.jpg 50w, https:\/\/monnaber.com\/wp-content\/uploads\/2019\/06\/Hiking-icon-monnaber-75x75.jpg 75w, https:\/\/monnaber.com\/wp-content\/uploads\/2019\/06\/Hiking-icon-monnaber-85x85.jpg 85w, https:\/\/monnaber.com\/wp-content\/uploads\/2019\/06\/Hiking-icon-monnaber-80x80.jpg 80w, https:\/\/monnaber.com\/wp-content\/uploads\/2019\/06\/Hiking-icon-monnaber.jpg 1024w\" sizes=\"auto, (max-width:767px) 300px, 300px\" \/>[\/vc_column_text][vc_single_image image=&#8220;7533&#8243; img_size=&#8220;full&#8220; alignment=&#8220;center&#8220;]<div class=\"infobox\" ><h3 class=\"title \">Vorbereitungen f\u00fcr den Ausflug:<\/h3><div class=\"infobox_wrapper\"><span class=\"ib-desc\">&#8211; Tragen Sie geeignete Schuhe, am besten hohe Wanderstiefel<br \/>\n&#8211; Nehmen Sie immer einen Hut oder Kopftuch als Sonnenschutz mit<br \/>\n&#8211; Sonnencreme tragen Sie am besten auf, bevor Sie anfangen zu schwitzen<br \/>\n&#8211; Nehmen Sie genug Wasser mit, wenigstens 2 Liter pro Person<br \/>\n&#8211; Nehmen Sie immer eine Regenjacke oder etwas Warmes zum Anziehen mit<br \/>\n&#8211; Hinterlassen Sie keinen Abfall, nehmen Sie alles mit sich<br \/>\n&#8211; Respektieren Sie die Wege und die dazugeh\u00f6rigen Beschreibungen<br \/>\n&#8211; Besch\u00e4digen oder bel\u00e4stigen Sie keine freilebenden Tiere oder V\u00f6gel<br \/>\n&#8211; Machen Sie kein Feuer; seien Sie sehr vorsichtig mit Zigaretten<\/p>\n<p><\/span><\/div><\/div>\n[vc_column_text]<img loading=\"lazy\" decoding=\"async\" class=\"wp-image-7645 size-medium aligncenter\" src=\"https:\/\/monnaber.com\/wp-content\/uploads\/2019\/06\/Galileu-doc-web002-300x228.jpg\" alt=\"- -\" width=\"300\" height=\"228\" title=\"- -\" srcset=\"https:\/\/monnaber.com\/wp-content\/uploads\/2019\/06\/Galileu-doc-web002-300x228.jpg 300w, https:\/\/monnaber.com\/wp-content\/uploads\/2019\/06\/Galileu-doc-web002-193x146.jpg 193w, https:\/\/monnaber.com\/wp-content\/uploads\/2019\/06\/Galileu-doc-web002-50x38.jpg 50w, https:\/\/monnaber.com\/wp-content\/uploads\/2019\/06\/Galileu-doc-web002-99x75.jpg 99w, https:\/\/monnaber.com\/wp-content\/uploads\/2019\/06\/Galileu-doc-web002.jpg 385w\" sizes=\"auto, (max-width:767px) 300px, 300px\" \/>[\/vc_column_text][vc_empty_space]<div class=\"infobox\" ><h3 class=\"title \">Routendaten:<\/h3><div class=\"infobox_wrapper\"><span class=\"ib-desc\">Strecke:<br \/>\n7km<\/p>\n<p>Dauer:<br \/>\n3 Stunden<\/p>\n<p>Aubstieg:<br \/>\n505m<\/p>\n<p>Abstieg:<br \/>\n505m<\/p>\n<p>Schwierigkeitsgrad:<br \/>\nHoch ****<\/p>\n<p>Max. H\u00f6he:<br \/>\n1.180m<\/p>\n<p>Max. Tiefe:<br \/>\n700m<br \/>\n<\/span><\/div><\/div>\n[vc_column_text]<img loading=\"lazy\" decoding=\"async\" class=\"wp-image-7647 size-medium aligncenter\" src=\"https:\/\/monnaber.com\/wp-content\/uploads\/2019\/06\/Galileu-doc-web004-300x241.jpg\" alt=\"- -\" width=\"300\" height=\"241\" title=\"- -\" srcset=\"https:\/\/monnaber.com\/wp-content\/uploads\/2019\/06\/Galileu-doc-web004-300x241.jpg 300w, https:\/\/monnaber.com\/wp-content\/uploads\/2019\/06\/Galileu-doc-web004-182x146.jpg 182w, https:\/\/monnaber.com\/wp-content\/uploads\/2019\/06\/Galileu-doc-web004-50x40.jpg 50w, https:\/\/monnaber.com\/wp-content\/uploads\/2019\/06\/Galileu-doc-web004-93x75.jpg 93w, https:\/\/monnaber.com\/wp-content\/uploads\/2019\/06\/Galileu-doc-web004.jpg 627w\" sizes=\"auto, (max-width:767px) 300px, 300px\" \/>[\/vc_column_text][vc_column_text]<\/p>\n<p style=\"text-align: center;\"><a href=\"\/wp-content\/uploads\/2019\/06\/8-Puig-Galileu-de.pdf\"><img loading=\"lazy\" decoding=\"async\" class=\"aligncenter wp-image-7592 size-thumbnail\" src=\"https:\/\/monnaber.com\/wp-content\/uploads\/2019\/06\/pdf-150x150.png\" alt=\"- -\" width=\"150\" height=\"150\" title=\"- -\" srcset=\"https:\/\/monnaber.com\/wp-content\/uploads\/2019\/06\/pdf-150x150.png 150w, https:\/\/monnaber.com\/wp-content\/uploads\/2019\/06\/pdf-300x300.png 300w, https:\/\/monnaber.com\/wp-content\/uploads\/2019\/06\/pdf-146x146.png 146w, https:\/\/monnaber.com\/wp-content\/uploads\/2019\/06\/pdf-50x50.png 50w, https:\/\/monnaber.com\/wp-content\/uploads\/2019\/06\/pdf-75x75.png 75w, https:\/\/monnaber.com\/wp-content\/uploads\/2019\/06\/pdf-85x85.png 85w, https:\/\/monnaber.com\/wp-content\/uploads\/2019\/06\/pdf-80x80.png 80w, https:\/\/monnaber.com\/wp-content\/uploads\/2019\/06\/pdf.png 512w\" sizes=\"auto, (max-width:767px) 150px, 150px\" \/><\/a>Download PDF<\/p>\n<p>[\/vc_column_text][\/vc_column][\/vc_row][vc_row][vc_column][vc_gallery type=&#8220;flexslider_slide&#8220; interval=&#8220;0&#8243; images=&#8220;7658,7656,7655,7654,7651,7650,7648&#8243; img_size=&#8220;large&#8220; onclick=&#8220;&#8220;][vc_empty_space][vc_column_text]<\/p>\n<h2 style=\"text-align: center;\">andere Wanderrouten<\/h2>\n<p>[\/vc_column_text][\/vc_column][\/vc_row][vc_row][vc_column width=&#8220;1\/4&#8243;]<div class=\"pricing-box  pricing-box-box\"><div class=\"plan-header\"><div class=\"image\"><img loading=\"lazy\" decoding=\"async\" class=\"scale-with-grid\" src=\"https:\/\/monnaber.com\/wp-content\/uploads\/2019\/06\/CIMG0899web.jpg\" alt=\"campanet-route\" width=\"1440\" height=\"1080\" title=\"- -\"><\/div><\/div><div class=\"plan-footer\"><a href=\"\/de\/wanderrouten-campanet\/\" class=\"button button_theme has-icon button_left\" target=\"_blank\" title=\"Campanet\"><span class=\"button_icon\"><i class=\"icon-info-circled\" aria-hidden=\"true\"><\/i><\/span><span class=\"button_label\">Campanet<\/span><\/a><\/div><\/div>\n[\/vc_column][vc_column width=&#8220;1\/4&#8243;]<div class=\"pricing-box  pricing-box-box\"><div class=\"plan-header\"><div class=\"image\"><img loading=\"lazy\" decoding=\"async\" class=\"scale-with-grid\" src=\"https:\/\/monnaber.com\/wp-content\/uploads\/2019\/06\/CIMG1053web.jpg\" alt=\"CIMG1053web\" width=\"1440\" height=\"1080\" title=\"- -\"><\/div><\/div><div class=\"plan-footer\"><a href=\"\/de\/wanderrouten-lluc-binifaldo\/\" class=\"button button_theme has-icon button_left\" target=\"_blank\" title=\"Lluc - Binifaldo\"><span class=\"button_icon\"><i class=\"icon-info-circled\" aria-hidden=\"true\"><\/i><\/span><span class=\"button_label\">Lluc - Binifaldo<\/span><\/a><\/div><\/div>\n[\/vc_column][vc_column width=&#8220;1\/4&#8243;]<div class=\"pricing-box  pricing-box-box\"><div class=\"plan-header\"><div class=\"image\"><img loading=\"lazy\" decoding=\"async\" class=\"scale-with-grid\" src=\"https:\/\/monnaber.com\/wp-content\/uploads\/2019\/06\/penya-des-migdia.jpg\" alt=\"penya-des-migdia\" width=\"1446\" height=\"1080\" title=\"- -\"><\/div><\/div><div class=\"plan-footer\"><a href=\"\/de\/wanderrouten-penya-des-migdia\/\" class=\"button button_theme has-icon button_left\" target=\"_blank\" title=\"Penya d\u00b4es Migdia\"><span class=\"button_icon\"><i class=\"icon-info-circled\" aria-hidden=\"true\"><\/i><\/span><span class=\"button_label\">Penya d\u00b4es Migdia<\/span><\/a><\/div><\/div>\n[\/vc_column][vc_column width=&#8220;1\/4&#8243;]<div class=\"pricing-box  pricing-box-featured pricing-box-box\"><div class=\"plan-header\"><div class=\"image\"><img loading=\"lazy\" decoding=\"async\" class=\"scale-with-grid\" src=\"https:\/\/monnaber.com\/wp-content\/uploads\/2019\/06\/CIMG1024web.jpg\" alt=\"CIMG1024web\" width=\"1440\" height=\"1080\" title=\"- -\"><\/div><h2 class=\"title \">Puig Galileu<\/h2><\/div><\/div>\n[\/vc_column][\/vc_row]<\/p>\n<\/div>","protected":false},"excerpt":{"rendered":"<p>[vc_row][vc_column][vc_widget_sidebar sidebar_id=&#8220;sidebar-book-de&#8220;][\/vc_column][\/vc_row][vc_row css=&#8220;.vc_custom_1431360458683{margin-top: 10px !important;}&#8220;][vc_column width=&#8220;2\/3&#8243;][vc_column_text] INFORMATION Was heute eine der beliebtesten Wanderouten in der Tramuntana ist, war in fr\u00fcheren Zeiten f\u00fcr unsere Ahnen der Fussweg<span class=\"excerpt-hellip\"> [\u2026]<\/span><\/p>\n","protected":false},"author":1,"featured_media":0,"parent":0,"menu_order":0,"comment_status":"closed","ping_status":"closed","template":"","meta":{"footnotes":""},"class_list":["post-7741","page","type-page","status-publish","hentry"],"_links":{"self":[{"href":"https:\/\/monnaber.com\/de\/wp-json\/wp\/v2\/pages\/7741","targetHints":{"allow":["GET"]}}],"collection":[{"href":"https:\/\/monnaber.com\/de\/wp-json\/wp\/v2\/pages"}],"about":[{"href":"https:\/\/monnaber.com\/de\/wp-json\/wp\/v2\/types\/page"}],"author":[{"embeddable":true,"href":"https:\/\/monnaber.com\/de\/wp-json\/wp\/v2\/users\/1"}],"replies":[{"embeddable":true,"href":"https:\/\/monnaber.com\/de\/wp-json\/wp\/v2\/comments?post=7741"}],"version-history":[{"count":0,"href":"https:\/\/monnaber.com\/de\/wp-json\/wp\/v2\/pages\/7741\/revisions"}],"wp:attachment":[{"href":"https:\/\/monnaber.com\/de\/wp-json\/wp\/v2\/media?parent=7741"}],"curies":[{"name":"wp","href":"https:\/\/api.w.org\/{rel}","templated":true}]}}