{"id":7739,"date":"2019-06-19T13:00:26","date_gmt":"2019-06-19T11:00:26","guid":{"rendered":"https:\/\/monnaber.com\/?page_id=7739"},"modified":"2022-02-21T10:59:50","modified_gmt":"2022-02-21T09:59:50","slug":"wanderrouten-penya-des-migdia","status":"publish","type":"page","link":"https:\/\/monnaber.com\/de\/wanderrouten-penya-des-migdia\/","title":{"rendered":"Wanderrouten Penya d\u00b4es Migdia"},"content":{"rendered":"<div class=\"wpb-content-wrapper\"><p>[vc_row][vc_column][vc_widget_sidebar sidebar_id=&#8220;sidebar-book-de&#8220;][\/vc_column][\/vc_row][vc_row css=&#8220;.vc_custom_1431360458683{margin-top: 10px !important;}&#8220;][vc_column width=&#8220;2\/3&#8243;]<div class=\"fancy_heading fancy_heading_line\"><div class=\"fh-top\"><span class=\"slogan\">Wanderrouten Monn\u00e0ber Nou \u2013 Penya d\u00b4es Migdia<\/span><\/div><h2 class=\"title\">Penya d'es Migdia<\/h2><\/div>\n[vc_column_text]<\/p>\n<h3 style=\"text-align: center;\"><strong>INFORMATION<\/strong><\/h3>\n<p>Ein kurzer aber steiler Ausflug zu dem n\u00e4chst gelegenen Gipfel der Serra Tramuntana des Monnaber Gebietes. Nach einem kurzen Weg inmitten von wundersch\u00f6nen, gemischten landwirtschaftlichen L\u00e4ndereien von Oliven- und Johannisbrotfeldern wandern wir oberhalb des meist ausgetrockneten Flusslaufes Torrent de Carros. Ein steiler Pfad durch dichten Wald f\u00fchrt uns hinauf zu dem Gipfel des Puig Penya Migdia. Vom Gipfel hat man eine atemberaubende Aussicht auf das Hinterland von Mallorca (Es Pla in Mallorquin). Unser R\u00fcckweg nach Monnaber f\u00fchrt uns durch die gleiche Route. Obwohl es eine kurze Strecke ist, untersch\u00e4tzen Sie nicht den Schwierigkeitsgrad, die steile und manchmal rutschige Strecke macht es zu einem anstrengendem Anstieg.<\/p>\n<h3 style=\"text-align: center;\"><strong><a href=\"https:\/\/monnaber.com\/wp-content\/uploads\/2019\/06\/Gallery-migdia014.jpg\"><img loading=\"lazy\" decoding=\"async\" class=\"aligncenter wp-image-7573 size-large\" src=\"https:\/\/monnaber.com\/wp-content\/uploads\/2019\/06\/Gallery-migdia014-1024x765.jpg\" alt=\"- -\" width=\"1024\" height=\"765\" title=\"- -\" srcset=\"https:\/\/monnaber.com\/wp-content\/uploads\/2019\/06\/Gallery-migdia014-1024x765.jpg 1024w, https:\/\/monnaber.com\/wp-content\/uploads\/2019\/06\/Gallery-migdia014-300x224.jpg 300w, https:\/\/monnaber.com\/wp-content\/uploads\/2019\/06\/Gallery-migdia014-768x574.jpg 768w, https:\/\/monnaber.com\/wp-content\/uploads\/2019\/06\/Gallery-migdia014-195x146.jpg 195w, https:\/\/monnaber.com\/wp-content\/uploads\/2019\/06\/Gallery-migdia014-50x37.jpg 50w, https:\/\/monnaber.com\/wp-content\/uploads\/2019\/06\/Gallery-migdia014-100x75.jpg 100w, https:\/\/monnaber.com\/wp-content\/uploads\/2019\/06\/Gallery-migdia014.jpg 1446w\" sizes=\"auto, (max-width:767px) 480px, (max-width:1024px) 100vw, 1024px\" \/><\/a><\/strong><\/h3>\n<h3 style=\"text-align: center;\"><strong>STRECKENBESCHREIBUNG<\/strong><\/h3>\n<p><strong>\u00a0<\/strong><\/p>\n<p><strong>Km 0.00\u00a0\u00a0\u00a0\u00a0\u00a0\u00a0\u00a0\u00a0\u00a0 WP M008\u00a0\u00a0 Haupteingang Innenhof Monn\u00e0ber Nou<\/strong><\/p>\n<ol>\n<li>mit dem R\u00fccken zu dem Torbogen: rechts abbiegen (bergab, Richtung Tor)<\/li>\n<li>nach 80 m; 3-armige Kreuzung: rechts abbiegen (Brunnen zu Ihrer Linken; Weg folgen, Kr\u00fcmmung nach rechts)<\/li>\n<li>nach 70 m; Seitenweg: links abbiegen (befestigte Strasse)<\/li>\n<li>nach 40 m; T-Kreuzung: rechts abbiegen<\/li>\n<li>nach 100 m; Y-Kreuzung: links abbiegen (an den M\u00fcllcontainern vorbei)<\/li>\n<li>nach 50 m; Eisentor: geradeaus weiter (rechte Abzweigung nicht beachten)<\/li>\n<li>nach 50 m; Eisentor: geradeaus weiter (\u00fcberqueren Sie das Mandelbaumfeld, schr\u00e4g rechts, vager Pfad)<\/li>\n<li>nach 200 m; Eisentor: geradeaus weiter<\/li>\n<li>unmittelbar: T-Kreuzung: rechts abbiegen (Sie kommen durch noch ein Tor)<\/li>\n<li>nach 100 m:<\/li>\n<\/ol>\n<p>&nbsp;<\/p>\n<p><strong>Km 0.70\u00a0\u00a0\u00a0\u00a0\u00a0\u00a0\u00a0\u00a0\u00a0 WP M036\u00a0\u00a0 weisse Vieh-Scheune <\/strong><\/p>\n<ol>\n<li>Kreuzung: geradeaus weiter (Anstieg, Richtung Hinweisschild \u201cTramuntana\u201d)<\/li>\n<li>nach 400 m; Flussbett: geradeaus weiter (blau\/gelbe Markierung)<\/li>\n<li>nach 100 m; rechte Abzweigung nicht beachten (Folgen Sie den blau\/gelben Markierungen)<\/li>\n<li>nach 15 m:<\/li>\n<\/ol>\n<p>&nbsp;<\/p>\n<p><strong>Km 1.20\u00a0\u00a0 WP M037\u00a0\u00a0 Kreuzungspunkt blau\/gelbe Routen<\/strong><\/p>\n<ol>\n<li>unmittelbare Abzweigung: links abbiegen (Richtung Penya d\u00b4es Migdia)<\/li>\n<li>Folgen Sie dem Zick-Zack Pfad bergauf, danach entlang der Steinmauer und dem enger werdenden Bergr\u00fccken, immer der meist aufsteigendenden Option folgen<\/li>\n<li>nach 350 m; ein Seil hilft Ihnen hoch: geradeaus weiter<\/li>\n<li>nach 450 m:<\/li>\n<\/ol>\n<p>&nbsp;<\/p>\n<p><strong>Km 2.00\u00a0\u00a0\u00a0\u00a0\u00a0\u00a0\u00a0\u00a0\u00a0 WP M038\u00a0\u00a0 ebene Fl\u00e4che mit fantastischem Ausblick<\/strong><\/p>\n<ol>\n<li>Halten Sie Ausschau nach dem Weg unter dem Gras (etwas weiter sind Sie wieder auf dem Bergr\u00fccken)<\/li>\n<li>nach 150 m; gehen Sie links um den grossen Felsen (danach wieder auf den Bergr\u00fccken, folgen Sie den Markierungssteinen)<\/li>\n<li>nach 150 m; zweite ebene Fl\u00e4che (ab hier wird der Bergr\u00fccken enger)<\/li>\n<li>folgen Sie dem vagen Pfad geradeaus<\/li>\n<li>nach 100 m; Sie kommen an Kalksteinfelsen vorbei (folgen Sie den blauen Punkten und Markierungssteinen)<\/li>\n<li>nach 400 m:<\/li>\n<\/ol>\n<p>&nbsp;<\/p>\n<p><strong>Km 2.80\u00a0\u00a0\u00a0\u00a0\u00a0\u00a0\u00a0\u00a0\u00a0 WP M039\u00a0\u00a0 Gipfel von Penya d\u00b4es Migdia<\/strong><\/p>\n<p>&nbsp;<\/p>\n<ol>\n<li>Sie gehen die gleiche Route zur\u00fcck, bleiben auf dem gleichen Bergkamm, leichte Kr\u00fcmmung nach links<\/li>\n<\/ol>\n<p>2. nach 1.55 km:<\/p>\n<p><strong>Km 4.25\u00a0\u00a0\u00a0\u00a0\u00a0\u00a0\u00a0\u00a0\u00a0\u00a0\u00a0\u00a0\u00a0\u00a0 WP M037\u00a0\u00a0 Kreuzung Blau\/Gelbe Route<\/strong><\/p>\n<p>&nbsp;<\/p>\n<ol>\n<li>Seiten-Abzweigung nicht beachten; geradeaus weiter (gehen Sie unter der Br\u00fccke durch)<\/li>\n<li>nach 100 m; Abzweigung: links abbiegen (entlang dem Zaun durch den Olivenhain)<\/li>\n<li>nach 400 m:<\/li>\n<\/ol>\n<p>&nbsp;<\/p>\n<p><strong>Km 4.75\u00a0\u00a0\u00a0\u00a0\u00a0\u00a0\u00a0\u00a0\u00a0\u00a0\u00a0\u00a0\u00a0\u00a0 WP M036\u00a0\u00a0 Weisse Vieh-Scheune <\/strong><\/p>\n<p>&nbsp;<\/p>\n<ol>\n<li>Kreuzung: geradeaus (weiter auf Schotterstrasse)<\/li>\n<li>nach 70 m; Kreuzung: links abbiegen (durch Eisentor)<\/li>\n<li>\u00fcberqueren Sie das Mandelbaum-Feld, schr\u00e4g rechts halten (vager Pfad)<\/li>\n<li>nach 200 m; Eisentor: geradeaus weiter<\/li>\n<li>nach 50 m; Eisentor: geradeaus weiter (linke Abzweigung nicht beachten)<\/li>\n<li>nach 50 m; 3-armige Kreuzung: rechts abbieggen (N\u00e4he M\u00fcllcontainer)<\/li>\n<li>nach 100 m; Abzweigung: links abbiegen (befestigte Strasse)<\/li>\n<li>nach 40 m; T-Kreuzung: rechts abbiegen (Weg folgen, Kr\u00fcmmung nach links, an dem Brunnen vorbei)<\/li>\n<li>nach 70 m; 3-armige Kreuzung: links abbiegen (durch den Torbogen hindurch)<\/li>\n<li>nach 80 m:<\/li>\n<\/ol>\n<p>&nbsp;<\/p>\n<p><strong>Km 5.30\u00a0\u00a0\u00a0\u00a0\u00a0\u00a0\u00a0\u00a0\u00a0\u00a0\u00a0\u00a0\u00a0\u00a0 WP M008\u00a0\u00a0 Haupteingang Innenhof Monn\u00e0ber Nou<\/strong><\/p>\n<p>&nbsp;<\/p>\n<p>Ende des Ausfluges<\/p>\n<p><strong>\u00a0<\/strong><\/p>\n<p>&nbsp;<\/p>\n<p><em>\u00a0\u00a0 \u00a0<\/em>[\/vc_column_text][\/vc_column][vc_column width=&#8220;1\/3&#8243;][vc_column_text]<img loading=\"lazy\" decoding=\"async\" class=\"aligncenter wp-image-7499 size-medium\" src=\"https:\/\/monnaber.com\/wp-content\/uploads\/2019\/06\/Hiking-icon-monnaber-300x300.jpg\" alt=\"- -\" width=\"300\" height=\"300\" title=\"- -\" srcset=\"https:\/\/monnaber.com\/wp-content\/uploads\/2019\/06\/Hiking-icon-monnaber-300x300.jpg 300w, https:\/\/monnaber.com\/wp-content\/uploads\/2019\/06\/Hiking-icon-monnaber-150x150.jpg 150w, https:\/\/monnaber.com\/wp-content\/uploads\/2019\/06\/Hiking-icon-monnaber-768x768.jpg 768w, https:\/\/monnaber.com\/wp-content\/uploads\/2019\/06\/Hiking-icon-monnaber-146x146.jpg 146w, https:\/\/monnaber.com\/wp-content\/uploads\/2019\/06\/Hiking-icon-monnaber-50x50.jpg 50w, https:\/\/monnaber.com\/wp-content\/uploads\/2019\/06\/Hiking-icon-monnaber-75x75.jpg 75w, https:\/\/monnaber.com\/wp-content\/uploads\/2019\/06\/Hiking-icon-monnaber-85x85.jpg 85w, https:\/\/monnaber.com\/wp-content\/uploads\/2019\/06\/Hiking-icon-monnaber-80x80.jpg 80w, https:\/\/monnaber.com\/wp-content\/uploads\/2019\/06\/Hiking-icon-monnaber.jpg 1024w\" sizes=\"auto, (max-width:767px) 300px, 300px\" \/>[\/vc_column_text][vc_single_image image=&#8220;7533&#8243; img_size=&#8220;full&#8220; alignment=&#8220;center&#8220;]<div class=\"infobox\" ><h3 class=\"title \">Vorbereitungen f\u00fcr den Ausflug:<\/h3><div class=\"infobox_wrapper\"><span class=\"ib-desc\">&#8211; Tragen Sie geeignete Schuhe, am besten hohe Wanderstiefel<br \/>\n&#8211; Nehmen Sie immer einen Hut oder Kopftuch als Sonnenschutz mit<br \/>\n&#8211; Sonnencreme tragen Sie am besten auf, bevor Sie anfangen zu schwitzen<br \/>\n&#8211; Nehmen Sie genug Wasser mit, wenigstens 2 Liter pro Person<br \/>\n&#8211; Nehmen Sie immer eine Regenjacke oder etwas Warmes zum Anziehen mit<br \/>\n&#8211; Hinterlassen Sie keinen Abfall, nehmen Sie alles mit sich<br \/>\n&#8211; Respektieren Sie die Wege und die dazugeh\u00f6rigen Beschreibungen<br \/>\n&#8211; Besch\u00e4digen oder bel\u00e4stigen Sie keine freilebenden Tiere oder V\u00f6gel<br \/>\n&#8211; Machen Sie kein Feuer; seien Sie sehr vorsichtig mit Zigaretten<br \/>\n<\/span><\/div><\/div>\n[vc_column_text]<img loading=\"lazy\" decoding=\"async\" class=\"aligncenter wp-image-7558 size-medium\" src=\"https:\/\/monnaber.com\/wp-content\/uploads\/2019\/06\/Migdia001-300x224.jpg\" alt=\"- -\" width=\"300\" height=\"224\" title=\"- -\" srcset=\"https:\/\/monnaber.com\/wp-content\/uploads\/2019\/06\/Migdia001-300x224.jpg 300w, https:\/\/monnaber.com\/wp-content\/uploads\/2019\/06\/Migdia001-768x574.jpg 768w, https:\/\/monnaber.com\/wp-content\/uploads\/2019\/06\/Migdia001-1024x765.jpg 1024w, https:\/\/monnaber.com\/wp-content\/uploads\/2019\/06\/Migdia001-195x146.jpg 195w, https:\/\/monnaber.com\/wp-content\/uploads\/2019\/06\/Migdia001-50x37.jpg 50w, https:\/\/monnaber.com\/wp-content\/uploads\/2019\/06\/Migdia001-100x75.jpg 100w, https:\/\/monnaber.com\/wp-content\/uploads\/2019\/06\/Migdia001.jpg 1446w\" sizes=\"auto, (max-width:767px) 300px, 300px\" \/>[\/vc_column_text][vc_empty_space]<div class=\"infobox\" ><h3 class=\"title \">Routendaten:<\/h3><div class=\"infobox_wrapper\"><span class=\"ib-desc\">DISTANZ:<br \/>\n5.3 Km<\/p>\n<p>DAUER:<br \/>\n3 STUNDEN<\/p>\n<p>AUFSTIEG:<br \/>\n440m<\/p>\n<p>ABSTIEG:<br \/>\n440m<\/p>\n<p>SCHWIERIGKEITSGRAD:<br \/>\nKURZ ABER SCHWER **** VORSICHT BEI REGEN<br \/>\n<\/span><\/div><\/div>\n[vc_column_text]<img loading=\"lazy\" decoding=\"async\" class=\"wp-image-7560 size-medium aligncenter\" src=\"https:\/\/monnaber.com\/wp-content\/uploads\/2019\/06\/Migdia003-300x224.jpg\" alt=\"- -\" width=\"300\" height=\"224\" title=\"- -\" srcset=\"https:\/\/monnaber.com\/wp-content\/uploads\/2019\/06\/Migdia003-300x224.jpg 300w, https:\/\/monnaber.com\/wp-content\/uploads\/2019\/06\/Migdia003-768x574.jpg 768w, https:\/\/monnaber.com\/wp-content\/uploads\/2019\/06\/Migdia003-1024x765.jpg 1024w, https:\/\/monnaber.com\/wp-content\/uploads\/2019\/06\/Migdia003-195x146.jpg 195w, https:\/\/monnaber.com\/wp-content\/uploads\/2019\/06\/Migdia003-50x37.jpg 50w, https:\/\/monnaber.com\/wp-content\/uploads\/2019\/06\/Migdia003-100x75.jpg 100w, https:\/\/monnaber.com\/wp-content\/uploads\/2019\/06\/Migdia003.jpg 1446w\" sizes=\"auto, (max-width:767px) 300px, 300px\" \/>[\/vc_column_text][vc_column_text]<\/p>\n<p style=\"text-align: center;\"><a href=\"\/wp-content\/uploads\/2019\/06\/4-PENYA-DES-MIGDIA-DE.pdf\"><img loading=\"lazy\" decoding=\"async\" class=\"aligncenter wp-image-7592 size-thumbnail\" src=\"https:\/\/monnaber.com\/wp-content\/uploads\/2019\/06\/pdf-150x150.png\" alt=\"- -\" width=\"150\" height=\"150\" title=\"- -\" srcset=\"https:\/\/monnaber.com\/wp-content\/uploads\/2019\/06\/pdf-150x150.png 150w, https:\/\/monnaber.com\/wp-content\/uploads\/2019\/06\/pdf-300x300.png 300w, https:\/\/monnaber.com\/wp-content\/uploads\/2019\/06\/pdf-146x146.png 146w, https:\/\/monnaber.com\/wp-content\/uploads\/2019\/06\/pdf-50x50.png 50w, https:\/\/monnaber.com\/wp-content\/uploads\/2019\/06\/pdf-75x75.png 75w, https:\/\/monnaber.com\/wp-content\/uploads\/2019\/06\/pdf-85x85.png 85w, https:\/\/monnaber.com\/wp-content\/uploads\/2019\/06\/pdf-80x80.png 80w, https:\/\/monnaber.com\/wp-content\/uploads\/2019\/06\/pdf.png 512w\" sizes=\"auto, (max-width:767px) 150px, 150px\" \/><\/a>Download PDF<\/p>\n<p>[\/vc_column_text][\/vc_column][\/vc_row][vc_row][vc_column][vc_gallery type=&#8220;flexslider_slide&#8220; interval=&#8220;0&#8243; images=&#8220;7576,7574,7572,7570,7568,7567&#8243; img_size=&#8220;large&#8220; onclick=&#8220;&#8220;][vc_empty_space][vc_column_text]<\/p>\n<h2 style=\"text-align: center;\">andere Wanderrouten<\/h2>\n<p>[\/vc_column_text][\/vc_column][\/vc_row][vc_row][vc_column width=&#8220;1\/4&#8243;]<div class=\"pricing-box  pricing-box-box\"><div class=\"plan-header\"><div class=\"image\"><img loading=\"lazy\" decoding=\"async\" class=\"scale-with-grid\" src=\"https:\/\/monnaber.com\/wp-content\/uploads\/2019\/06\/CIMG0899web.jpg\" alt=\"campanet-route\" width=\"1440\" height=\"1080\" title=\"- -\"><\/div><\/div><div class=\"plan-footer\"><a href=\"\/de\/wanderrouten-campanet\/\" class=\"button button_theme has-icon button_left\" target=\"_blank\" title=\"Campanet\"><span class=\"button_icon\"><i class=\"icon-info-circled\" aria-hidden=\"true\"><\/i><\/span><span class=\"button_label\">Campanet<\/span><\/a><\/div><\/div>\n[\/vc_column][vc_column width=&#8220;1\/4&#8243;]<div class=\"pricing-box  pricing-box-box\"><div class=\"plan-header\"><div class=\"image\"><img loading=\"lazy\" decoding=\"async\" class=\"scale-with-grid\" src=\"https:\/\/monnaber.com\/wp-content\/uploads\/2019\/06\/CIMG1053web.jpg\" alt=\"CIMG1053web\" width=\"1440\" height=\"1080\" title=\"- -\"><\/div><\/div><div class=\"plan-footer\"><a href=\"\/de\/wanderrouten-lluc-binifaldo\/\" class=\"button button_theme has-icon button_left\" target=\"_blank\" title=\"Lluc - Binifaldo\"><span class=\"button_icon\"><i class=\"icon-info-circled\" aria-hidden=\"true\"><\/i><\/span><span class=\"button_label\">Lluc - Binifaldo<\/span><\/a><\/div><\/div>\n[\/vc_column][vc_column width=&#8220;1\/4&#8243;]<div class=\"pricing-box  pricing-box-featured pricing-box-box\"><div class=\"plan-header\"><div class=\"image\"><img loading=\"lazy\" decoding=\"async\" class=\"scale-with-grid\" src=\"https:\/\/monnaber.com\/wp-content\/uploads\/2019\/06\/penya-des-migdia.jpg\" alt=\"penya-des-migdia\" width=\"1446\" height=\"1080\" title=\"- -\"><\/div><h2 class=\"title \">Penya d\u00b4es Migdia<\/h2><\/div><\/div>\n[\/vc_column][vc_column width=&#8220;1\/4&#8243;]<div class=\"pricing-box  pricing-box-box\"><div class=\"plan-header\"><div class=\"image\"><img loading=\"lazy\" decoding=\"async\" class=\"scale-with-grid\" src=\"https:\/\/monnaber.com\/wp-content\/uploads\/2019\/06\/CIMG1024web.jpg\" alt=\"CIMG1024web\" width=\"1440\" height=\"1080\" title=\"- -\"><\/div><\/div><div class=\"plan-footer\"><a href=\"\/de\/wanderrouten-puig-galileu\/\" class=\"button button_theme has-icon button_left\" target=\"_blank\" title=\"Puig Galileu\"><span class=\"button_icon\"><i class=\"icon-info-circled\" aria-hidden=\"true\"><\/i><\/span><span class=\"button_label\">Puig Galileu<\/span><\/a><\/div><\/div>\n[\/vc_column][\/vc_row]<\/p>\n<\/div>","protected":false},"excerpt":{"rendered":"<p>[vc_row][vc_column][vc_widget_sidebar sidebar_id=&#8220;sidebar-book-de&#8220;][\/vc_column][\/vc_row][vc_row css=&#8220;.vc_custom_1431360458683{margin-top: 10px !important;}&#8220;][vc_column width=&#8220;2\/3&#8243;][vc_column_text] INFORMATION Ein kurzer aber steiler Ausflug zu dem n\u00e4chst gelegenen Gipfel der Serra Tramuntana des Monnaber Gebietes. Nach einem kurzen<span class=\"excerpt-hellip\"> [\u2026]<\/span><\/p>\n","protected":false},"author":1,"featured_media":0,"parent":0,"menu_order":0,"comment_status":"closed","ping_status":"closed","template":"","meta":{"footnotes":""},"class_list":["post-7739","page","type-page","status-publish","hentry"],"_links":{"self":[{"href":"https:\/\/monnaber.com\/de\/wp-json\/wp\/v2\/pages\/7739","targetHints":{"allow":["GET"]}}],"collection":[{"href":"https:\/\/monnaber.com\/de\/wp-json\/wp\/v2\/pages"}],"about":[{"href":"https:\/\/monnaber.com\/de\/wp-json\/wp\/v2\/types\/page"}],"author":[{"embeddable":true,"href":"https:\/\/monnaber.com\/de\/wp-json\/wp\/v2\/users\/1"}],"replies":[{"embeddable":true,"href":"https:\/\/monnaber.com\/de\/wp-json\/wp\/v2\/comments?post=7739"}],"version-history":[{"count":0,"href":"https:\/\/monnaber.com\/de\/wp-json\/wp\/v2\/pages\/7739\/revisions"}],"wp:attachment":[{"href":"https:\/\/monnaber.com\/de\/wp-json\/wp\/v2\/media?parent=7739"}],"curies":[{"name":"wp","href":"https:\/\/api.w.org\/{rel}","templated":true}]}}