{"id":7735,"date":"2019-06-19T12:44:21","date_gmt":"2019-06-19T10:44:21","guid":{"rendered":"https:\/\/monnaber.com\/?page_id=7735"},"modified":"2022-02-21T10:59:32","modified_gmt":"2022-02-21T09:59:32","slug":"wanderrouten-lluc-binifaldo","status":"publish","type":"page","link":"https:\/\/monnaber.com\/de\/wanderrouten-lluc-binifaldo\/","title":{"rendered":"Wanderrouten Lluc &#8211; Binifaldo"},"content":{"rendered":"<div class=\"wpb-content-wrapper\"><p>[vc_row][vc_column][vc_widget_sidebar sidebar_id=&#8220;sidebar-book-de&#8220;][\/vc_column][\/vc_row][vc_row css=&#8220;.vc_custom_1431360458683{margin-top: 10px !important;}&#8220;][vc_column width=&#8220;2\/3&#8243;]<div class=\"fancy_heading fancy_heading_line\"><div class=\"fh-top\"><span class=\"slogan\">Wanderrouten Lluc \u2013 Moleta de Binifaldo<\/span><\/div><h2 class=\"title\">Lluc - Binifaldo<\/h2><\/div>\n[vc_column_text]<\/p>\n<h3 style=\"text-align: center;\"><strong>INFORMATION<\/strong><\/h3>\n<p>Das Kloster von Lluc ist die wichtigste religi\u00f6se St\u00e4tte von Mallorca, umgeben von den gr\u00fcnen H\u00e4ngen der Serra Tramuntana ist es eine klassische Sehensw\u00fcrdigkeit f\u00fcr Touristen und Mallorquiner. Das Hinterland des Klosters Lluc ist dicht bewaldet und \u00fcberraschend ruhig, nur ein paar Minuten von dem Kloster entfernt finden Sie sich in einer anderen Welt wieder. Die stark verwitterten Kalkgesteine haben eine aussergew\u00f6hnlich sch\u00f6ne Landschaft mit skurilen Formen gebildet. Bei einer entspannten Wanderung im Hinterland des Klosters, werden Sie die Gelegenheit haben, die Route abzuk\u00fcrzen, ab Bibifald\u00f3 zur\u00fcck nach Lluc, oder einen zus\u00e4tzlichen Aufstieg zum Coll de Pedregat hinzuzuf\u00fcgen. Diese Wanderung ist f\u00fcr die ganze Familie geeignet und eine perfekte Erg\u00e4nzung zu einem Besuch im Kloster von Lluc.<\/p>\n<p><img loading=\"lazy\" decoding=\"async\" class=\"aligncenter wp-image-7631 size-large\" src=\"https:\/\/monnaber.com\/wp-content\/uploads\/2019\/06\/binifaldo-gallery-web021-1024x768.jpg\" alt=\"- -\" width=\"1024\" height=\"768\" title=\"- -\" srcset=\"https:\/\/monnaber.com\/wp-content\/uploads\/2019\/06\/binifaldo-gallery-web021-1024x768.jpg 1024w, https:\/\/monnaber.com\/wp-content\/uploads\/2019\/06\/binifaldo-gallery-web021-300x225.jpg 300w, https:\/\/monnaber.com\/wp-content\/uploads\/2019\/06\/binifaldo-gallery-web021-768x576.jpg 768w, https:\/\/monnaber.com\/wp-content\/uploads\/2019\/06\/binifaldo-gallery-web021-195x146.jpg 195w, https:\/\/monnaber.com\/wp-content\/uploads\/2019\/06\/binifaldo-gallery-web021-50x38.jpg 50w, https:\/\/monnaber.com\/wp-content\/uploads\/2019\/06\/binifaldo-gallery-web021-100x75.jpg 100w, https:\/\/monnaber.com\/wp-content\/uploads\/2019\/06\/binifaldo-gallery-web021.jpg 1440w\" sizes=\"auto, (max-width:767px) 480px, (max-width:1024px) 100vw, 1024px\" \/><\/p>\n<h3 style=\"text-align: center;\"><strong>THE WALK<\/strong><\/h3>\n<p><strong>\u00a0<\/strong><\/p>\n<p><strong>Km 0.00\u00a0 \u00a0\u00a0\u00a0\u00a0\u00a0\u00a0\u00a0\u00a0\u00a0\u00a0\u00a0\u00a0 WP M023\u00a0\u00a0 Restaurant Ca S\u00b4Amitger<\/strong><\/p>\n<ol>\n<li>mit dem R\u00fccken zum Eingang; links abbiegen (durch das Tor in Richtung Kloster)<\/li>\n<li>nach 150 m; Platz vor dem Haupteingang: rechts abbiegen (durch Tor N\u00e4he Souvenir-Laden)<\/li>\n<li>nach 300 m; Abzweigung: links abbiegen (Passage durch Steinmauer, N\u00e4he dem Tor, kurz vor dem Erreichen der Haupt-Zufahrtstrasse)<\/li>\n<li>nach 50 m; gehen Sie durch eine \u00d6ffnung im Zaun und \u00fcberqueren Sie den Platz diagonal nach links<\/li>\n<li>nach 100 m; gehen Sie durch das Tor entlang des Baches<\/li>\n<li>unmittelbar; links abbiegen (\u00fcberqueren Sie eine Holzbr\u00fccke)<\/li>\n<li>folgen Sie dem schmalen Pfad zwischen den scharfen Steinen (Markierungsstein, danach Treppenstufen)<\/li>\n<li>nach 200 m; Abzweigung: rechts abbiegen (Richtung Es Camell, kurz vor einem h\u00f6lzernen M\u00fcllcontainer)<\/li>\n<li>nach 100 m; Ende des Weges:<\/li>\n<\/ol>\n<p>&nbsp;<\/p>\n<p><strong>KM 0.90\u00a0\u00a0\u00a0\u00a0\u00a0\u00a0\u00a0\u00a0\u00a0\u00a0\u00a0\u00a0\u00a0\u00a0 WP051\u00a0\u00a0 Es Camell <\/strong><\/p>\n<ol>\n<li>Gehen Sie den gleichen Weg bis zum Punkt <strong>WP060<\/strong> zur\u00fcck.<\/li>\n<\/ol>\n<p>Mit dem R\u00fccken zur Br\u00fccke drehen Sie sich nach links (leichter Anstieg auf einem breiten Weg).<\/p>\n<ol start=\"2\">\n<li>Einige Meter weiter \u00fcberqueren wir das Flussbett und finden eine Kreuzung vor.<\/li>\n<li>Wir gehen geradeaus weiter auf dem Hauptweg (das Flussbett ist zu unserer Rechten).<\/li>\n<li>Wir ignorieren alle rechten Abzweigungen (dies sind alles Wege zu einer alten Camping-Zone). Wir gehen immer weiter den Hauptweg entlang bis wir an die Hauptstrasse kommen (Anstieg).<\/li>\n<li>Auf der Strasse biegen wir nach links ab, ca. 65 m bis zum <strong>km 17,4 (WP52)<\/strong><\/li>\n<li>Auf der anderen Strassenseite ist der ausgeschilderte Eingang zu \u201eMenut\u201c und \u201eBinifaldo\u201c.<\/li>\n<li>Wir \u00fcberqueren die Strasse <strong>(Vorsicht mit dem Strassenverkehr)<\/strong> und gehen in den Eingang \u201eMenut\u201c,\u201cBinifaldo\u201c, wir folgen dem asphaltierten Weg bis wir an eine Y-Kreuzung mit einer Absperrung kommen.<\/li>\n<li>Wir gehen links um die Absperrung herum (der Weg rechts f\u00fchrt uns nach \u201eMenut\u201c Forstgehege <strong>M060 <\/strong>\u2013 siehe Alternativ-Route).<\/li>\n<li>Wir gehen den asphaltierten Weg weiter, bis wir an die n\u00e4chste Kreuzung kommen.<\/li>\n<li>Wir biegen rechts ab und folgen dem asphaltierten Weg, nach wenigen Metern kommen wir bei Punkt <strong>(M053)<\/strong> Binifaldo an.<\/li>\n<\/ol>\n<p>&nbsp;<\/p>\n<p><strong>Km 5.60\u00a0\u00a0\u00a0\u00a0\u00a0\u00a0\u00a0\u00a0\u00a0\u00a0\u00a0\u00a0\u00a0\u00a0 WP M 53\u00a0\u00a0 Umwelt-Erziehungszentrum Binifald\u00f3<\/strong><\/p>\n<ol>\n<li>T-Kreuzung: links abbiegen (Pflasterstrasse, GR 221 Richtung Son Amer)<\/li>\n<li>nach 650 m:<\/li>\n<\/ol>\n<p>&nbsp;<\/p>\n<p><strong>Km 6.25\u00a0\u00a0\u00a0\u00a0\u00a0\u00a0\u00a0\u00a0\u00a0\u00a0\u00a0\u00a0\u00a0\u00a0 WP M024\u00a0\u00a0 Pass coll des Pedregaret <\/strong><\/p>\n<ol>\n<li>Nehmen Sie die Treppen um \u00fcber die Steinmauer zu klettern, neben dem Holztor<\/li>\n<li>unmittelbar 3-armige Kreuzung: rechts abbiegen (GR 221 Richtung Son Amer)<\/li>\n<li>nach 1 km; 3-armige Kreuzung: rechts abbiegen (breite Schotterstrasse, GR Pfosten)<\/li>\n<li>nach 500 m; 3-armige Kreuzung: links abbiegen (GR<\/li>\n<\/ol>\n<p>221 Richtung Son Amer)<\/p>\n<ol start=\"5\">\n<li>nach 150 m; 3-armige Kreuzung: rechts abbiegen (Markierungsstein; GR Pfosten)<\/li>\n<li>nach 30 m; Steinmauer mit Treppen, geradeaus weiter (GR Richtung Son Amer)<\/li>\n<li>unmittelbar: Y-Kreuzung: links abbiegen (Absteigend)<\/li>\n<li>nach 70 m; rechte Seitenabzweigung nicht beachten<\/li>\n<li>nach 50 m; 3-armige Kreuzung: links abbiegen (Abstieg)<\/li>\n<\/ol>\n<p><em>Ein Blick \u00fcber das Tal von Lluc: <\/em><\/p>\n<ol>\n<li><em> 3-armige Kreuzung: links abbiegen<\/em><\/li>\n<li><em> nach 200 m: WP M 020, Aussicht Lluc<\/em><\/li>\n<li><em> Gleichen Weg zur\u00fcck zu der 3-armigen Kreuzung und rechts abbiegen<\/em><\/li>\n<\/ol>\n<p>&nbsp;<\/p>\n<ol start=\"10\">\n<li>nach 100 m; Y-Kreuzung: rechts abbiegen (Abstieg, weiter auf Hauptweg)<\/li>\n<\/ol>\n<p>11. nach 250 m:<\/p>\n<p><strong>Km 8.50\u00a0\u00a0\u00a0\u00a0\u00a0\u00a0\u00a0\u00a0\u00a0\u00a0\u00a0\u00a0\u00a0\u00a0 WP M019\u00a0\u00a0 3-armige Kreuzung N\u00e4he Quelle Font de S\u2019ermita (nach 30 m zu Ihrer Rechten<\/strong>)<\/p>\n<ol>\n<li>3-armige Kreuzung: rechts abbiegen (in Richtung S\u2019ermita)<\/li>\n<li>nach 300 m; Kreuzung: rechts abbiegen (GR Pfosten)<\/li>\n<li>nach 500 m; 3-armige Kreuzung: geradeaus weiter (Passage durch eine Mauer)<\/li>\n<li>nach 50 m; Y-Kreuzung: rechts abbiegen (GR Pfosten)<\/li>\n<li>nach 150 m; T-Kreuzung: links abbiegen (direkt nach Br\u00fccke)<\/li>\n<li>nach 50 m;Abzweigung: rechts abbiegen (kurz vor Holztor, Stufen abw\u00e4rts)<\/li>\n<li>nach 70 m; Kreuzung: geradeaus weiter (\u00fcberqueren Sie die Pflasterstrasse, passieren Sie zweimal ein Gatter)<\/li>\n<li>nach 200 m:<\/li>\n<\/ol>\n<p>&nbsp;<\/p>\n<p><strong>Km 9.95\u00a0\u00a0\u00a0\u00a0\u00a0\u00a0\u00a0\u00a0\u00a0\u00a0\u00a0\u00a0\u00a0\u00a0 WP M023\u00a0\u00a0 Gatter Parkplatz Refugi Son Amer<\/strong><\/p>\n<ol>\n<li>nach 150 m; 3-armige Kreuzung: rechts abbiegen (Treppe aufw\u00e4rts, es \u00fcberschneiden sich GR 221 und GR222)<\/li>\n<li>nach 100 m; Y-Kreuzung: rechts abbiegen (Richtung Lluc)<\/li>\n<li>nach 100 m:<\/li>\n<\/ol>\n<p>&nbsp;<\/p>\n<p><strong>Km 10.45\u00a0\u00a0\u00a0\u00a0\u00a0\u00a0\u00a0\u00a0\u00a0\u00a0\u00a0\u00a0 WP M 022\u00a0\u00a0 Eingang Refugio Son Amer (\u00fcber die Terasse)<\/strong><\/p>\n<ol>\n<li>mit dem R\u00fccken zum Eingang: links abbiegen (absteigend, Richtung Lluc)<\/li>\n<li>nach 150 m; Kreuzung: geradeaus weiter (Holztor)<\/li>\n<li>nach 450 m; Eisentor: geradeaus weiter<\/li>\n<li>unmittelbar; T-Kreuzung: links abbiegen (\u00fcberqueren Sie erst die Pflasterstrasse)<\/li>\n<li>nach 250 m:<\/li>\n<\/ol>\n<p>&nbsp;<\/p>\n<p><strong>Km 11.50\u00a0\u00a0\u00a0\u00a0\u00a0\u00a0\u00a0\u00a0\u00a0\u00a0\u00a0\u00a0 WP M023\u00a0\u00a0 Restaurant Ca S\u00b4Amitger<\/strong><\/p>\n<p>Ende des Ausfluges[\/vc_column_text][\/vc_column][vc_column width=&#8220;1\/3&#8243;][vc_column_text]<img loading=\"lazy\" decoding=\"async\" class=\"aligncenter wp-image-7499 size-medium\" src=\"https:\/\/monnaber.com\/wp-content\/uploads\/2019\/06\/Hiking-icon-monnaber-300x300.jpg\" alt=\"- -\" width=\"300\" height=\"300\" title=\"- -\" srcset=\"https:\/\/monnaber.com\/wp-content\/uploads\/2019\/06\/Hiking-icon-monnaber-300x300.jpg 300w, https:\/\/monnaber.com\/wp-content\/uploads\/2019\/06\/Hiking-icon-monnaber-150x150.jpg 150w, https:\/\/monnaber.com\/wp-content\/uploads\/2019\/06\/Hiking-icon-monnaber-768x768.jpg 768w, https:\/\/monnaber.com\/wp-content\/uploads\/2019\/06\/Hiking-icon-monnaber-146x146.jpg 146w, https:\/\/monnaber.com\/wp-content\/uploads\/2019\/06\/Hiking-icon-monnaber-50x50.jpg 50w, https:\/\/monnaber.com\/wp-content\/uploads\/2019\/06\/Hiking-icon-monnaber-75x75.jpg 75w, https:\/\/monnaber.com\/wp-content\/uploads\/2019\/06\/Hiking-icon-monnaber-85x85.jpg 85w, https:\/\/monnaber.com\/wp-content\/uploads\/2019\/06\/Hiking-icon-monnaber-80x80.jpg 80w, https:\/\/monnaber.com\/wp-content\/uploads\/2019\/06\/Hiking-icon-monnaber.jpg 1024w\" sizes=\"auto, (max-width:767px) 300px, 300px\" \/>[\/vc_column_text][vc_single_image image=&#8220;7632&#8243; img_size=&#8220;full&#8220; alignment=&#8220;center&#8220;]<div class=\"infobox\" ><h3 class=\"title \">Vorbereitungen f\u00fcr den Ausflug:<\/h3><div class=\"infobox_wrapper\"><span class=\"ib-desc\">&#8211; Tragen Sie geeignete Schuhe, am besten hohe Wanderstiefel<br \/>\n&#8211; Nehmen Sie immer einen Hut oder Kopftuch als Sonnenschutz mit<br \/>\n&#8211; Sonnencreme tragen Sie am besten auf, bevor Sie anfangen zu schwitzen<br \/>\n&#8211; Nehmen Sie genug Wasser mit, wenigstens 2 Liter pro Person<br \/>\n&#8211; Nehmen Sie immer eine Regenjacke oder etwas Warmes zum Anziehen mit<\/p>\n<p>&#8211; Hinterlassen Sie keinen Abfall, nehmen Sie alles mit sich<br \/>\n&#8211; Respektieren Sie die Wege und die dazugeh\u00f6rigen Beschreibungen<br \/>\n&#8211; Besch\u00e4digen oder bel\u00e4stigen Sie keine freilebenden Tiere oder V\u00f6gel<br \/>\n&#8211; Machen Sie kein Feuer; seien Sie sehr vorsichtig mit Zigaretten<br \/>\n<\/span><\/div><\/div>\n[vc_column_text]<img loading=\"lazy\" decoding=\"async\" class=\"aligncenter wp-image-7608 size-medium\" src=\"https:\/\/monnaber.com\/wp-content\/uploads\/2019\/06\/doc003-300x296.jpg\" alt=\"- -\" width=\"300\" height=\"296\" title=\"- -\" srcset=\"https:\/\/monnaber.com\/wp-content\/uploads\/2019\/06\/doc003-300x296.jpg 300w, https:\/\/monnaber.com\/wp-content\/uploads\/2019\/06\/doc003-148x146.jpg 148w, https:\/\/monnaber.com\/wp-content\/uploads\/2019\/06\/doc003-50x50.jpg 50w, https:\/\/monnaber.com\/wp-content\/uploads\/2019\/06\/doc003-76x75.jpg 76w, https:\/\/monnaber.com\/wp-content\/uploads\/2019\/06\/doc003-85x85.jpg 85w, https:\/\/monnaber.com\/wp-content\/uploads\/2019\/06\/doc003-80x80.jpg 80w, https:\/\/monnaber.com\/wp-content\/uploads\/2019\/06\/doc003.jpg 389w\" sizes=\"auto, (max-width:767px) 300px, 300px\" \/>[\/vc_column_text][vc_empty_space]<div class=\"infobox\" ><h3 class=\"title \">Routendaten<\/h3><div class=\"infobox_wrapper\"><span class=\"ib-desc\">Distanz:<br \/>\n10km<\/p>\n<p>Dauer:<br \/>\n3 Stunden<\/p>\n<p>Aufstieg:<br \/>\n300m<\/p>\n<p>Abstieg:<br \/>\n288m<\/p>\n<p>Schwierigkeitsgrad:<br \/>\nLeicht \u00a8<\/p>\n<p>max. H\u00f6he:<br \/>\n639m<\/p>\n<p>min. H\u00f6he:<br \/>\n425m<br \/>\n<\/span><\/div><\/div>\n[vc_column_text]<img loading=\"lazy\" decoding=\"async\" class=\"aligncenter wp-image-7607 size-medium\" src=\"https:\/\/monnaber.com\/wp-content\/uploads\/2019\/06\/doc002-300x284.jpg\" alt=\"- -\" width=\"300\" height=\"284\" title=\"- -\" srcset=\"https:\/\/monnaber.com\/wp-content\/uploads\/2019\/06\/doc002-300x284.jpg 300w, https:\/\/monnaber.com\/wp-content\/uploads\/2019\/06\/doc002-154x146.jpg 154w, https:\/\/monnaber.com\/wp-content\/uploads\/2019\/06\/doc002-50x47.jpg 50w, https:\/\/monnaber.com\/wp-content\/uploads\/2019\/06\/doc002-79x75.jpg 79w, https:\/\/monnaber.com\/wp-content\/uploads\/2019\/06\/doc002.jpg 389w\" sizes=\"auto, (max-width:767px) 300px, 300px\" \/>[\/vc_column_text][vc_column_text]<\/p>\n<p style=\"text-align: center;\"><a href=\"\/wp-content\/uploads\/2019\/06\/5-Lluc-Moleta-Binifaldo-de.pdf\"><img loading=\"lazy\" decoding=\"async\" class=\"aligncenter wp-image-7592 size-thumbnail\" src=\"https:\/\/monnaber.com\/wp-content\/uploads\/2019\/06\/pdf-150x150.png\" alt=\"- -\" width=\"150\" height=\"150\" title=\"- -\" srcset=\"https:\/\/monnaber.com\/wp-content\/uploads\/2019\/06\/pdf-150x150.png 150w, https:\/\/monnaber.com\/wp-content\/uploads\/2019\/06\/pdf-300x300.png 300w, https:\/\/monnaber.com\/wp-content\/uploads\/2019\/06\/pdf-146x146.png 146w, https:\/\/monnaber.com\/wp-content\/uploads\/2019\/06\/pdf-50x50.png 50w, https:\/\/monnaber.com\/wp-content\/uploads\/2019\/06\/pdf-75x75.png 75w, https:\/\/monnaber.com\/wp-content\/uploads\/2019\/06\/pdf-85x85.png 85w, https:\/\/monnaber.com\/wp-content\/uploads\/2019\/06\/pdf-80x80.png 80w, https:\/\/monnaber.com\/wp-content\/uploads\/2019\/06\/pdf.png 512w\" sizes=\"auto, (max-width:767px) 150px, 150px\" \/><\/a>Download PDF<\/p>\n<p>[\/vc_column_text][\/vc_column][\/vc_row][vc_row][vc_column][vc_gallery type=&#8220;flexslider_slide&#8220; interval=&#8220;0&#8243; images=&#8220;7611,7631,7612,7613,7615,7617,7621,7623,7625,7626,7627,7628,7630&#8243; img_size=&#8220;large&#8220; onclick=&#8220;&#8220;][vc_empty_space][vc_column_text]<\/p>\n<h2 style=\"text-align: center;\">andere Wanderrouten<\/h2>\n<p>[\/vc_column_text][\/vc_column][\/vc_row][vc_row][vc_column width=&#8220;1\/4&#8243;]<div class=\"pricing-box  pricing-box-box\"><div class=\"plan-header\"><div class=\"image\"><img loading=\"lazy\" decoding=\"async\" class=\"scale-with-grid\" src=\"https:\/\/monnaber.com\/wp-content\/uploads\/2019\/06\/CIMG0899web.jpg\" alt=\"campanet-route\" width=\"1440\" height=\"1080\" title=\"- -\"><\/div><\/div><div class=\"plan-footer\"><a href=\"\/de\/wanderrouten-campanet\/\" class=\"button button_theme has-icon button_left\" target=\"_blank\" title=\"Campanet\"><span class=\"button_icon\"><i class=\"icon-info-circled\" aria-hidden=\"true\"><\/i><\/span><span class=\"button_label\">Campanet<\/span><\/a><\/div><\/div>\n[\/vc_column][vc_column width=&#8220;1\/4&#8243;]<div class=\"pricing-box  pricing-box-featured pricing-box-box\"><div class=\"plan-header\"><div class=\"image\"><img loading=\"lazy\" decoding=\"async\" class=\"scale-with-grid\" src=\"https:\/\/monnaber.com\/wp-content\/uploads\/2019\/06\/CIMG1053web.jpg\" alt=\"CIMG1053web\" width=\"1440\" height=\"1080\" title=\"- -\"><\/div><h2 class=\"title \">Lluc - Binifaldo<\/h2><\/div><\/div>\n[\/vc_column][vc_column width=&#8220;1\/4&#8243;]<div class=\"pricing-box  pricing-box-box\"><div class=\"plan-header\"><div class=\"image\"><img loading=\"lazy\" decoding=\"async\" class=\"scale-with-grid\" src=\"https:\/\/monnaber.com\/wp-content\/uploads\/2019\/06\/penya-des-migdia.jpg\" alt=\"penya-des-migdia\" width=\"1446\" height=\"1080\" title=\"- -\"><\/div><\/div><div class=\"plan-footer\"><a href=\"\/de\/wanderrouten-penya-des-migdia\/\" class=\"button button_theme has-icon button_left\" target=\"_blank\" title=\"Penya d\u00b4es Migdia\"><span class=\"button_icon\"><i class=\"icon-info-circled\" aria-hidden=\"true\"><\/i><\/span><span class=\"button_label\">Penya d\u00b4es Migdia<\/span><\/a><\/div><\/div>\n[\/vc_column][vc_column width=&#8220;1\/4&#8243;]<div class=\"pricing-box  pricing-box-box\"><div class=\"plan-header\"><div class=\"image\"><img loading=\"lazy\" decoding=\"async\" class=\"scale-with-grid\" src=\"https:\/\/monnaber.com\/wp-content\/uploads\/2019\/06\/CIMG1024web.jpg\" alt=\"CIMG1024web\" width=\"1440\" height=\"1080\" title=\"- -\"><\/div><\/div><div class=\"plan-footer\"><a href=\"\/de\/wanderrouten-puig-galileu\/\" class=\"button button_theme has-icon button_left\" target=\"_blank\" title=\"Puig Galileu\"><span class=\"button_icon\"><i class=\"icon-info-circled\" aria-hidden=\"true\"><\/i><\/span><span class=\"button_label\">Puig Galileu<\/span><\/a><\/div><\/div>\n[\/vc_column][\/vc_row]<\/p>\n<\/div>","protected":false},"excerpt":{"rendered":"<p>[vc_row][vc_column][vc_widget_sidebar sidebar_id=&#8220;sidebar-book-de&#8220;][\/vc_column][\/vc_row][vc_row css=&#8220;.vc_custom_1431360458683{margin-top: 10px !important;}&#8220;][vc_column width=&#8220;2\/3&#8243;][vc_column_text] INFORMATION Das Kloster von Lluc ist die wichtigste religi\u00f6se St\u00e4tte von Mallorca, umgeben von den gr\u00fcnen H\u00e4ngen der Serra Tramuntana<span class=\"excerpt-hellip\"> [\u2026]<\/span><\/p>\n","protected":false},"author":1,"featured_media":0,"parent":0,"menu_order":0,"comment_status":"closed","ping_status":"closed","template":"","meta":{"footnotes":""},"class_list":["post-7735","page","type-page","status-publish","hentry"],"_links":{"self":[{"href":"https:\/\/monnaber.com\/de\/wp-json\/wp\/v2\/pages\/7735","targetHints":{"allow":["GET"]}}],"collection":[{"href":"https:\/\/monnaber.com\/de\/wp-json\/wp\/v2\/pages"}],"about":[{"href":"https:\/\/monnaber.com\/de\/wp-json\/wp\/v2\/types\/page"}],"author":[{"embeddable":true,"href":"https:\/\/monnaber.com\/de\/wp-json\/wp\/v2\/users\/1"}],"replies":[{"embeddable":true,"href":"https:\/\/monnaber.com\/de\/wp-json\/wp\/v2\/comments?post=7735"}],"version-history":[{"count":0,"href":"https:\/\/monnaber.com\/de\/wp-json\/wp\/v2\/pages\/7735\/revisions"}],"wp:attachment":[{"href":"https:\/\/monnaber.com\/de\/wp-json\/wp\/v2\/media?parent=7735"}],"curies":[{"name":"wp","href":"https:\/\/api.w.org\/{rel}","templated":true}]}}