{"id":7726,"date":"2019-06-19T12:31:30","date_gmt":"2019-06-19T10:31:30","guid":{"rendered":"https:\/\/monnaber.com\/?page_id=7726"},"modified":"2022-02-21T10:59:11","modified_gmt":"2022-02-21T09:59:11","slug":"wanderrouten-campanet","status":"publish","type":"page","link":"https:\/\/monnaber.com\/de\/wanderrouten-campanet\/","title":{"rendered":"Wanderrouten Campanet"},"content":{"rendered":"<div class=\"wpb-content-wrapper\"><p>[vc_row][vc_column][vc_widget_sidebar sidebar_id=&#8220;sidebar-book-de&#8220;][\/vc_column][\/vc_row][vc_row css=&#8220;.vc_custom_1431360458683{margin-top: 10px !important;}&#8220;][vc_column width=&#8220;2\/3&#8243;]<div class=\"fancy_heading fancy_heading_line\"><div class=\"fh-top\"><span class=\"slogan\">Wanderrouten Monn\u00e0ber Nou \u2013 Campanet<\/span><\/div><h2 class=\"title\">Campanet<\/h2><\/div>\n[vc_column_text]<\/p>\n<h3 style=\"text-align: center;\"><strong>INFORMATION<\/strong><\/h3>\n<p>Diese Route f\u00fchrt uns durch verschiedene alte L\u00e4ndereien wie Santiani und Monnaber. Staubige, kurvenreiche Feldwege, durch \u00fcppige, gr\u00fcne Wiesenlandschaften, so muss Mallorca&#8217;s Landschaft schon vor zwei Jahrhunderten ausgesehen haben. Vorbei an brach liegenden Feldern und jahrhunderte-alten Olivenhainen, entdecken wir die \u00fcberraschend ruhigen Hinterl\u00e4nder von Campanet. Ein Teil dieser Route folgt der alten Landstrasse von Pollensa nach Selva, parallel zu dem Torrent von San Miquel. Man findet selten eine Menschenseele in dieser Umgebung, und Sie haben die gesamte aussergew\u00f6hnliche und gut erhaltene Landschaft ganz f\u00fcr sich alleine. Eine kurze Strecke auf einer befestigten Strasse f\u00fchrt uns zur Stadtmitte von Campanet, wo eine Tasse Kaffee auf dem Marktplatz eine angenehme Pause ist, um danach den R\u00fcckweg nach Monnaber anzutreten. Eine sch\u00f6ne Wanderung f\u00fcr die ganze Familie, oder einfach nur ein Morgen- oder Abendspaziergang um die Umgebung von Monnaber zu erkunden.<\/p>\n<p><a href=\"https:\/\/monnaber.com\/wp-content\/uploads\/2019\/06\/routeCampanet015.jpg\"><img loading=\"lazy\" decoding=\"async\" class=\"aligncenter wp-image-7518 size-large\" src=\"https:\/\/monnaber.com\/wp-content\/uploads\/2019\/06\/routeCampanet015-1024x768.jpg\" alt=\"- -\" width=\"1024\" height=\"768\" title=\"- -\" srcset=\"https:\/\/monnaber.com\/wp-content\/uploads\/2019\/06\/routeCampanet015-1024x768.jpg 1024w, https:\/\/monnaber.com\/wp-content\/uploads\/2019\/06\/routeCampanet015-300x225.jpg 300w, https:\/\/monnaber.com\/wp-content\/uploads\/2019\/06\/routeCampanet015-768x576.jpg 768w, https:\/\/monnaber.com\/wp-content\/uploads\/2019\/06\/routeCampanet015-195x146.jpg 195w, https:\/\/monnaber.com\/wp-content\/uploads\/2019\/06\/routeCampanet015-50x38.jpg 50w, https:\/\/monnaber.com\/wp-content\/uploads\/2019\/06\/routeCampanet015-100x75.jpg 100w, https:\/\/monnaber.com\/wp-content\/uploads\/2019\/06\/routeCampanet015.jpg 1440w\" sizes=\"auto, (max-width:767px) 480px, (max-width:1024px) 100vw, 1024px\" \/><\/a><\/p>\n<p>&nbsp;<\/p>\n<h3 style=\"text-align: center;\"><strong>Wegbeschreibung<\/strong><\/h3>\n<p>&nbsp;<\/p>\n<p><strong>Km 0.00\u00a0\u00a0 WP\u00a0\u00a0\u00a0 Haupteingang Innenhof Monnaber Nou<\/strong><\/p>\n<p>&nbsp;<\/p>\n<ol>\n<li>mit dem R\u00fccken zum Toreingang, rechts abbiegen, (bergab, Richtung Torbogen)<\/li>\n<li>mit dem R\u00fccken zum Hotel gehen wir in Richtung der Pferdest\u00e4lle<\/li>\n<li>Bei den St\u00e4llen gehen wir nach links, der Weg wird enger (Vorsicht mit dem Autoverkehr). Auf der linken Seite sehen wir die alte M\u00fchle vom Monnaber, wir \u00fcberqueren die kleine Br\u00fccke und kommen auf die Hauptstrasse Cami Blanc.<\/li>\n<\/ol>\n<p>&nbsp;<\/p>\n<p><strong>Km 1 \u00a0\u00a0\u00a0\u00a0 WP HAUPTSTRASSE CAMI BLANC<\/strong><\/p>\n<ol>\n<li>Wir biegen rechts ab in Richtung Campanet. Die Strasse steigt ca. 100 m an, bis wir zu einem Weg namens \u201eCami del Sant Crist\u201c auf unserer linken Seite kommen. (Ein Kleines Schild weist den Weg aus)<\/li>\n<li>Anfangs ist es ein unbefestigter, ebener Weg, welcher immer weiter ansteigt und steinig und uneben, bis nach Campanet, f\u00fchrt.<\/li>\n<\/ol>\n<p>&nbsp;<\/p>\n<p><strong>Km 3,5 \u00a0 WP Cam\u00ed Son Cabo<\/strong><\/p>\n<ol>\n<li>Beim verlassen des Weges Sant Cristo kommen wir auf eine Kreutzung mit asphaltierten Strassen. Wir gehen die Strasse \u201eSon Cabot\u201c geradeaus (zu unserer Linken haben wir einen fantastischen Ausblick auf die Bucht von Alcudia und die Anbaugebiete von Sa Pobla.) mit Blick auf die Kirche von Campanet.<\/li>\n<li>Am Ende dieser Strasse gehen wir in die Strasse \u201eEs Pujol\u201c<\/li>\n<li>Hiernach kommt die Strasse \u201eSant Miquel\u201c die uns zur \u201ePlaza Mayor\u201c, dem Marktplatz von Campanet mit seiner grossen Kirche f\u00fchrt.<\/li>\n<\/ol>\n<p>&nbsp;<\/p>\n<p><strong>WP Plaza Major\u00a0\u00a0 Marktplatz Campanet<\/strong><\/p>\n<p>&nbsp;<\/p>\n<ol>\n<li>Wir gehen an der Kirche vorbei und gehen die Hauptstrasse Llorenc Riber herunter bis zur Strasse Calle Sol auf der echten Seite. Dieser folgen wir nun bis zum Platz Son Bordoy, wo sich ein Park mit Kinderspielplatz und herrlicher Aussicht auf die Tramuntana befindet.<\/li>\n<\/ol>\n<p>2.Wir gehen die Calle Sol nun wieder zur\u00fcck und halten uns am Ende rechts, auf die Llorenc Riber bis zur Kreutzung Calle Son Massanet. Dieser folgen wir bis zur Calle Molinos.<\/p>\n<p>3.Am Ende der Calle Molinos befindet sich eine einmalige, restaurierte M\u00fchle, mitten im Wohnteil von Campanet mit Namen Molino d\u00b4En Porret.<\/p>\n<p>&nbsp;<\/p>\n<p><strong>Km 5\u00a0\u00a0\u00a0\u00a0\u00a0 WP Mol\u00ed d\u00b4en Porret<\/strong><\/p>\n<p>&nbsp;<\/p>\n<ol>\n<li>Wir gehen von der M\u00fchle die Calle Molinos zur\u00fcck bis zum Ende und biegen rechts ab Richtung Ullaro.<\/li>\n<\/ol>\n<p>Folgen dem Weg etwa 1,5km Kommen ,nach und nach verlassen wir das Dorf. W\u00e4hrend des Weges haben wir eine wundersch\u00f6ne Sicht auf die Sierra de Tramuntana und das Tal Sant Miquel<\/p>\n<ol start=\"5\">\n<li>Der Weg wird ziemlich absch\u00fcssig und f\u00fchrt uns zur kleinen Siedlung Ullaro. Diereckt vor der Siedlung biegen wir links ab.<\/li>\n<\/ol>\n<p>&nbsp;<\/p>\n<p><strong>Km 7\u00a0\u00a0\u00a0\u00a0\u00a0 WP ULLAR\u00d3<\/strong><\/p>\n<p>&nbsp;<\/p>\n<ol>\n<li>Wir halten uns links, den Weg entlang an der alten Kirche von Ullar\u00f3<\/li>\n<li>Wir kommen nun auf einen steinigen Feldweg, hier beginnt der so genannte \u201eCami de na Pontons\u201c<\/li>\n<\/ol>\n<p>der sp\u00e4ter dann asphaltiert weiter geht.<\/p>\n<ol start=\"3\">\n<li>Hier kommen wir nun am Brunnen von Ullar\u00f3 vorbei, an dem wir uns von der Einfacheit der Wasserversorgung dieser kleinen Gemeinden \u00fcberzeugen k\u00f6nnen.<\/li>\n<\/ol>\n<p>&nbsp;<\/p>\n<p><strong>Km 8\u00a0\u00a0\u00a0\u00a0\u00a0 WP Cam\u00ed de na Potons<\/strong><\/p>\n<p>&nbsp;<\/p>\n<ol>\n<li>Wir lassen den Feldweg hinter uns und gehen nun auf dem asphaltierten Weg weiter. ( Achtung beim Autoverkehr!)<\/li>\n<\/ol>\n<p>auf der Linken haben wir nun eine Zypernallee die uns ein St\u00fcck begleiten wird.<\/p>\n<ol start=\"2\">\n<li>Nach 2 km erreichen wir die Ermita de San Miguel.<\/li>\n<li>Gehen wir vor der Ermita nach links in den Camino Blanco gelangen wir zum Hotel, folgen sie einfach den Schildern.<\/li>\n<\/ol>\n<p>&nbsp;<\/p>\n<p><strong>Km 11\u00a0\u00a0\u00a0 WP Final<\/strong><\/p>\n<ol>\n<li>Dem Camino Blanco folgen wir einige 100 meter und biegen rechts in die Hoteleinfahrt.<\/li>\n<li>Wir hoffen der kleine Rundweg durch die Gemeindung Campanet hat Ihnen freude bereitet.<\/li>\n<\/ol>\n<p><em>\u00a0\u00a0 \u00a0<\/em>[\/vc_column_text][\/vc_column][vc_column width=&#8220;1\/3&#8243;][vc_column_text]<img loading=\"lazy\" decoding=\"async\" class=\"aligncenter wp-image-7499 size-medium\" src=\"https:\/\/monnaber.com\/wp-content\/uploads\/2019\/06\/Hiking-icon-monnaber-300x300.jpg\" alt=\"- -\" width=\"300\" height=\"300\" title=\"- -\" srcset=\"https:\/\/monnaber.com\/wp-content\/uploads\/2019\/06\/Hiking-icon-monnaber-300x300.jpg 300w, https:\/\/monnaber.com\/wp-content\/uploads\/2019\/06\/Hiking-icon-monnaber-150x150.jpg 150w, https:\/\/monnaber.com\/wp-content\/uploads\/2019\/06\/Hiking-icon-monnaber-768x768.jpg 768w, https:\/\/monnaber.com\/wp-content\/uploads\/2019\/06\/Hiking-icon-monnaber-146x146.jpg 146w, https:\/\/monnaber.com\/wp-content\/uploads\/2019\/06\/Hiking-icon-monnaber-50x50.jpg 50w, https:\/\/monnaber.com\/wp-content\/uploads\/2019\/06\/Hiking-icon-monnaber-75x75.jpg 75w, https:\/\/monnaber.com\/wp-content\/uploads\/2019\/06\/Hiking-icon-monnaber-85x85.jpg 85w, https:\/\/monnaber.com\/wp-content\/uploads\/2019\/06\/Hiking-icon-monnaber-80x80.jpg 80w, https:\/\/monnaber.com\/wp-content\/uploads\/2019\/06\/Hiking-icon-monnaber.jpg 1024w\" sizes=\"auto, (max-width:767px) 300px, 300px\" \/>[\/vc_column_text][vc_single_image image=&#8220;7495&#8243; img_size=&#8220;full&#8220; alignment=&#8220;center&#8220;]<div class=\"infobox\" ><h3 class=\"title \">Vorbereitungen f\u00fcr den Ausflug:<\/h3><div class=\"infobox_wrapper\"><span class=\"ib-desc\">&#8211; Tragen Sie geeignete Schuhe, am besten hohe Wanderstiefel<br \/>\n&#8211; Nehmen Sie immer einen Hut oder Kopftuch als Sonnenschutz mit<br \/>\n&#8211; Sonnencreme tragen Sie am besten auf, bevor Sie anfangen zu schwitzen<br \/>\n&#8211; Nehmen Sie genug Wasser mit, wenigstens 2 Liter pro Person<br \/>\n&#8211; Nehmen Sie immer eine Regenjacke oder etwas Warmes zum Anziehen mit<br \/>\n&#8211; Hinterlassen Sie keinen Abfall, nehmen Sie alles mit sich<br \/>\n&#8211; Respektieren Sie die Wege und die dazugeh\u00f6rigen Beschreibungen<br \/>\n&#8211; Besch\u00e4digen oder bel\u00e4stigen Sie keine freilebenden Tiere oder V\u00f6gel<br \/>\n&#8211; Machen Sie kein Feuer; seien Sie sehr vorsichtig mit Zigaretten<\/p>\n<p><\/span><\/div><\/div>\n[vc_column_text]<img loading=\"lazy\" decoding=\"async\" class=\"wp-image-7505 size-medium aligncenter\" src=\"https:\/\/monnaber.com\/wp-content\/uploads\/2019\/06\/Campanet008-300x228.jpg\" alt=\"- -\" width=\"300\" height=\"228\" title=\"- -\" srcset=\"https:\/\/monnaber.com\/wp-content\/uploads\/2019\/06\/Campanet008-300x228.jpg 300w, https:\/\/monnaber.com\/wp-content\/uploads\/2019\/06\/Campanet008-192x146.jpg 192w, https:\/\/monnaber.com\/wp-content\/uploads\/2019\/06\/Campanet008-50x38.jpg 50w, https:\/\/monnaber.com\/wp-content\/uploads\/2019\/06\/Campanet008-99x75.jpg 99w, https:\/\/monnaber.com\/wp-content\/uploads\/2019\/06\/Campanet008.jpg 356w\" sizes=\"auto, (max-width:767px) 300px, 300px\" \/>[\/vc_column_text][vc_empty_space]<div class=\"infobox\" ><h3 class=\"title \">Routendaten:<\/h3><div class=\"infobox_wrapper\"><span class=\"ib-desc\">Distanz:<br \/>\n10,8 km<\/p>\n<p>Dauer:<br \/>\n2 Stunden, 30 minuten aprox.<\/p>\n<p>Aufstieg :<br \/>\n241m<\/p>\n<p>Abstieg:<br \/>\n240m<\/p>\n<p>Schwierigkeitsgrad:<br \/>\nleicht (*)<\/p>\n<p>max. H\u00f6he:<br \/>\n150m<\/p>\n<p>Min. H\u00f6he:<br \/>\n55m<br \/>\n<\/span><\/div><\/div>\n[vc_column_text]<a href=\"https:\/\/monnaber.com\/wp-content\/uploads\/2019\/06\/Campanet003.jpg\"><img loading=\"lazy\" decoding=\"async\" class=\"aligncenter wp-image-7502 size-medium\" src=\"https:\/\/monnaber.com\/wp-content\/uploads\/2019\/06\/Campanet003-300x217.jpg\" alt=\"- -\" width=\"300\" height=\"217\" title=\"- -\" srcset=\"https:\/\/monnaber.com\/wp-content\/uploads\/2019\/06\/Campanet003-300x217.jpg 300w, https:\/\/monnaber.com\/wp-content\/uploads\/2019\/06\/Campanet003-202x146.jpg 202w, https:\/\/monnaber.com\/wp-content\/uploads\/2019\/06\/Campanet003-50x36.jpg 50w, https:\/\/monnaber.com\/wp-content\/uploads\/2019\/06\/Campanet003-104x75.jpg 104w, https:\/\/monnaber.com\/wp-content\/uploads\/2019\/06\/Campanet003.jpg 347w\" sizes=\"auto, (max-width:767px) 300px, 300px\" \/><\/a>[\/vc_column_text][vc_column_text]<\/p>\n<p style=\"text-align: center;\"><a href=\"\/wp-content\/uploads\/2019\/06\/1-Monn\u00e0ber-Campanet-de.pdf\"><img loading=\"lazy\" decoding=\"async\" class=\"aligncenter wp-image-7592 size-thumbnail\" src=\"https:\/\/monnaber.com\/wp-content\/uploads\/2019\/06\/pdf-150x150.png\" alt=\"- -\" width=\"150\" height=\"150\" title=\"- -\" srcset=\"https:\/\/monnaber.com\/wp-content\/uploads\/2019\/06\/pdf-150x150.png 150w, https:\/\/monnaber.com\/wp-content\/uploads\/2019\/06\/pdf-300x300.png 300w, https:\/\/monnaber.com\/wp-content\/uploads\/2019\/06\/pdf-146x146.png 146w, https:\/\/monnaber.com\/wp-content\/uploads\/2019\/06\/pdf-50x50.png 50w, https:\/\/monnaber.com\/wp-content\/uploads\/2019\/06\/pdf-75x75.png 75w, https:\/\/monnaber.com\/wp-content\/uploads\/2019\/06\/pdf-85x85.png 85w, https:\/\/monnaber.com\/wp-content\/uploads\/2019\/06\/pdf-80x80.png 80w, https:\/\/monnaber.com\/wp-content\/uploads\/2019\/06\/pdf.png 512w\" sizes=\"auto, (max-width:767px) 150px, 150px\" \/><\/a>Download PDF<\/p>\n<p>[\/vc_column_text][\/vc_column][\/vc_row][vc_row][vc_column][vc_gallery type=&#8220;flexslider_slide&#8220; interval=&#8220;0&#8243; images=&#8220;7513,7514,7515,7516,7517,7518,7519,7520,7521,7522,7524,7523&#8243; img_size=&#8220;large&#8220; onclick=&#8220;&#8220;][vc_empty_space][vc_column_text]<\/p>\n<h2 style=\"text-align: center;\">andere Wanderrouten<\/h2>\n<p>[\/vc_column_text][\/vc_column][\/vc_row][vc_row][vc_column width=&#8220;1\/4&#8243;]<div class=\"pricing-box  pricing-box-featured pricing-box-box\"><div class=\"plan-header\"><div class=\"image\"><img loading=\"lazy\" decoding=\"async\" class=\"scale-with-grid\" src=\"https:\/\/monnaber.com\/wp-content\/uploads\/2019\/06\/CIMG0899web.jpg\" alt=\"campanet-route\" width=\"1440\" height=\"1080\" title=\"- -\"><\/div><h2 class=\"title \">Campanet<\/h2><\/div><\/div>\n[\/vc_column][vc_column width=&#8220;1\/4&#8243;]<div class=\"pricing-box  pricing-box-box\"><div class=\"plan-header\"><div class=\"image\"><img loading=\"lazy\" decoding=\"async\" class=\"scale-with-grid\" src=\"https:\/\/monnaber.com\/wp-content\/uploads\/2019\/06\/CIMG1053web.jpg\" alt=\"CIMG1053web\" width=\"1440\" height=\"1080\" title=\"- -\"><\/div><\/div><div class=\"plan-footer\"><a href=\"\/de\/wanderrouten-lluc-binifaldo\/\" class=\"button button_theme has-icon\" target=\"_blank\" title=\"Lluc - Binifaldo\"><span class=\"button_icon\"><i class=\"icon-info-circled\" aria-hidden=\"true\"><\/i><\/span><span class=\"button_label\">Lluc - Binifaldo<\/span><\/a><\/div><\/div>\n[\/vc_column][vc_column width=&#8220;1\/4&#8243;]<div class=\"pricing-box  pricing-box-box\"><div class=\"plan-header\"><div class=\"image\"><img loading=\"lazy\" decoding=\"async\" class=\"scale-with-grid\" src=\"https:\/\/monnaber.com\/wp-content\/uploads\/2019\/06\/penya-des-migdia.jpg\" alt=\"penya-des-migdia\" width=\"1446\" height=\"1080\" title=\"- -\"><\/div><\/div><div class=\"plan-footer\"><a href=\"\/de\/wanderrouten-penya-des-migdia\/\" class=\"button button_theme has-icon\" target=\"_blank\" title=\"Penya d\u00b4es Migdia\"><span class=\"button_icon\"><i class=\"icon-info-circled\" aria-hidden=\"true\"><\/i><\/span><span class=\"button_label\">Penya d\u00b4es Migdia<\/span><\/a><\/div><\/div>\n[\/vc_column][vc_column width=&#8220;1\/4&#8243;]<div class=\"pricing-box  pricing-box-box\"><div class=\"plan-header\"><div class=\"image\"><img loading=\"lazy\" decoding=\"async\" class=\"scale-with-grid\" src=\"https:\/\/monnaber.com\/wp-content\/uploads\/2019\/06\/CIMG1024web.jpg\" alt=\"CIMG1024web\" width=\"1440\" height=\"1080\" title=\"- -\"><\/div><\/div><div class=\"plan-footer\"><a href=\"\/de\/wanderrouten-puig-galileu\/\" class=\"button button_theme has-icon\" target=\"_blank\" title=\"Puig Galileu\"><span class=\"button_icon\"><i class=\"icon-info-circled\" aria-hidden=\"true\"><\/i><\/span><span class=\"button_label\">Puig Galileu<\/span><\/a><\/div><\/div>\n[\/vc_column][\/vc_row]<\/p>\n<\/div>","protected":false},"excerpt":{"rendered":"<p>[vc_row][vc_column][vc_widget_sidebar sidebar_id=&#8220;sidebar-book-de&#8220;][\/vc_column][\/vc_row][vc_row css=&#8220;.vc_custom_1431360458683{margin-top: 10px !important;}&#8220;][vc_column width=&#8220;2\/3&#8243;][vc_column_text] INFORMATION Diese Route f\u00fchrt uns durch verschiedene alte L\u00e4ndereien wie Santiani und Monnaber. Staubige, kurvenreiche Feldwege, durch \u00fcppige, gr\u00fcne Wiesenlandschaften,<span class=\"excerpt-hellip\"> [\u2026]<\/span><\/p>\n","protected":false},"author":1,"featured_media":0,"parent":0,"menu_order":0,"comment_status":"closed","ping_status":"closed","template":"","meta":{"footnotes":""},"class_list":["post-7726","page","type-page","status-publish","hentry"],"_links":{"self":[{"href":"https:\/\/monnaber.com\/de\/wp-json\/wp\/v2\/pages\/7726","targetHints":{"allow":["GET"]}}],"collection":[{"href":"https:\/\/monnaber.com\/de\/wp-json\/wp\/v2\/pages"}],"about":[{"href":"https:\/\/monnaber.com\/de\/wp-json\/wp\/v2\/types\/page"}],"author":[{"embeddable":true,"href":"https:\/\/monnaber.com\/de\/wp-json\/wp\/v2\/users\/1"}],"replies":[{"embeddable":true,"href":"https:\/\/monnaber.com\/de\/wp-json\/wp\/v2\/comments?post=7726"}],"version-history":[{"count":0,"href":"https:\/\/monnaber.com\/de\/wp-json\/wp\/v2\/pages\/7726\/revisions"}],"wp:attachment":[{"href":"https:\/\/monnaber.com\/de\/wp-json\/wp\/v2\/media?parent=7726"}],"curies":[{"name":"wp","href":"https:\/\/api.w.org\/{rel}","templated":true}]}}