{"id":6142,"date":"2018-07-04T10:20:46","date_gmt":"2018-07-04T08:20:46","guid":{"rendered":"https:\/\/monnaber.com\/politica-de-cookies\/"},"modified":"2024-04-24T17:58:29","modified_gmt":"2024-04-24T15:58:29","slug":"politica-de-cookies","status":"publish","type":"page","link":"https:\/\/monnaber.com\/de\/politica-de-cookies\/","title":{"rendered":"Pol\u00edtica de Cookies"},"content":{"rendered":"<div class=\"wpb-content-wrapper\"><p>[vc_row][vc_column][vc_widget_sidebar sidebar_id=&#8220;sidebar-book-de&#8220;][vc_column_text]<strong>EMPRESA: MONNABER S.A.<\/strong><\/p>\n<p><strong>DOMINIO: MONNABER.COM<\/strong><\/p>\n<h1><strong>Pol\u00edtica de cookies.<\/strong><\/h1>\n<p>En <strong>MONNABER S.A. <\/strong>cumplimos con lo dispuesto en la Ley de Servicios de la Sociedad de la Informaci\u00f3n, norma que ha recogido la transposici\u00f3n de la Directiva 2009\/136\/CE.<\/p>\n<p><strong>\u00a0<\/strong><strong>\u00bfQu\u00e9 es una cookie?<\/strong><\/p>\n<p>Una cookie es un peque\u00f1o archivo de texto, que se almacena en el ordenador, tablet, tel\u00e9fono m\u00f3vil o en definitiva, en el dispositivo que utilice para navegar a trav\u00e9s de Internet, y que puede guardar informaci\u00f3n relativa a la frecuencia con la que visita las p\u00e1ginas web, sus preferencias de navegaci\u00f3n, la informaci\u00f3n que m\u00e1s le interesa, nombres de usuario, registrar productos, etc. Dependiendo de la informaci\u00f3n que contengan y de la forma en que utilice su equipo, pueden utilizarse para reconocer al usuario.<\/p>\n<p><strong>\u00a0<\/strong><\/p>\n<p><strong>Tipos de cookies<\/strong><\/p>\n<p>En funci\u00f3n de su naturaleza, las cookies pueden clasificarse en:<\/p>\n<p>&#8222;Cookies de sesi\u00f3n&#8220; o\u00a0 &#8222;Cookies Persistentes&#8220;: las primeras son eliminadas al cerrar el navegador, mientras que las segundas permanecen en el equipo inform\u00e1tico.<\/p>\n<p>&#8222;Cookies propias&#8220; o &#8222;Cookies de tercero&#8220;: en funci\u00f3n de si pertenecen al propio titular de la web, o a un tercero.<\/p>\n<p>Seg\u00fan su finalidad pueden ser:<\/p>\n<p>&#8222;Cookies t\u00e9cnicas&#8220;: Son aqu\u00e9llas que permiten al usuario la navegaci\u00f3n a trav\u00e9s de una p\u00e1gina web, plataforma o aplicaci\u00f3n y la utilizaci\u00f3n de las diferentes opciones o servicios que en ella existan como, por ejemplo, controlar el tr\u00e1fico y la comunicaci\u00f3n de datos, identificar la sesi\u00f3n, acceder a partes de acceso restringido, recordar los elementos que integran un pedido, realizar el proceso de compra de un pedido, realizar la solicitud de inscripci\u00f3n o participaci\u00f3n en un evento, utilizar elementos de seguridad durante la navegaci\u00f3n, almacenar contenidos para la difusi\u00f3n de videos o sonido o compartir contenidos a trav\u00e9s de redes sociales.<\/p>\n<p>&#8222;Cookies de personalizaci\u00f3n&#8220;: Son aqu\u00e9llas que permiten al usuario acceder al servicio con algunas caracter\u00edsticas de car\u00e1cter general predefinidas en funci\u00f3n de una serie de criterios en el terminal del usuario como por ejemplo serian el idioma, el tipo de navegador a trav\u00e9s del cual accede al servicio, la configuraci\u00f3n regional desde donde accede al servicio, etc.<\/p>\n<p>&#8222;Cookies de an\u00e1lisis&#8220;: Son aqu\u00e9llas que permiten al responsable de las mismas, el seguimiento y an\u00e1lisis del comportamiento de los usuarios de los sitios web a los que est\u00e1n vinculadas. La informaci\u00f3n recogida mediante este tipo de cookies se utiliza en la medici\u00f3n de la actividad de los sitios web, aplicaci\u00f3n o plataforma y para la elaboraci\u00f3n de perfiles de navegaci\u00f3n de los usuarios de dichos sitios, aplicaciones y plataformas, con el fin de introducir mejoras en funci\u00f3n del an\u00e1lisis de los datos de uso que hacen los usuarios del servicio.<\/p>\n<p>&#8222;Cookies publicitarias&#8220;: Son aqu\u00e9llas que permiten la gesti\u00f3n, de la forma m\u00e1s eficaz posible, de los espacios publicitarios que, en su caso, el editor haya incluido en una p\u00e1gina web, aplicaci\u00f3n o plataforma desde la que presta el servicio solicitado en base a criterios como el contenido editado o la frecuencia en la que se muestran los anuncios.<\/p>\n<p>&#8222;Cookies de publicidad comportamental&#8220;: Son aqu\u00e9llas que permiten la gesti\u00f3n, de la forma m\u00e1s eficaz posible, de los espacios publicitarios que, en su caso, el editor haya incluido en una p\u00e1gina web, aplicaci\u00f3n o plataforma desde la que presta el servicio solicitado. Estas cookies almacenan informaci\u00f3n del comportamiento de los usuarios obtenida a trav\u00e9s de la observaci\u00f3n continuada de sus h\u00e1bitos de navegaci\u00f3n, lo que permite desarrollar un perfil espec\u00edfico para mostrar publicidad en funci\u00f3n del mismo.<\/p>\n<p>&nbsp;<\/p>\n<p><strong>\u00bfQu\u00e9 cookies utilizamos y cu\u00e1l es su finalidad?<\/strong><\/p>\n<p><strong>Cookies propias<\/strong><\/p>\n<p>&nbsp;<\/p>\n<table width=\"597\">\n<tbody>\n<tr>\n<td width=\"123\">Dominio<\/td>\n<td width=\"112\">Nombre \/ Ejemplo<\/td>\n<td width=\"82\">Duraci\u00f3n<\/td>\n<td width=\"193\">Finalidad<\/td>\n<td width=\"87\">Tipo<\/td>\n<\/tr>\n<tr>\n<td width=\"123\">MONNABER.COM<\/td>\n<td width=\"112\">utm_source, utm_medium, utm_campaign, utm_content, utm_params<\/td>\n<td width=\"82\">Persistente<\/td>\n<td width=\"193\">Cookies set for tracking the origin of the visitor that makes a reservation from the web<\/td>\n<td width=\"87\">Cookies de an\u00e1lisis<\/td>\n<\/tr>\n<tr>\n<td width=\"123\">MONNABER.COM<\/td>\n<td width=\"112\">BOOKINGVALUES, BOOKING_VALUE, CART_ROOMS_COOKIE_v2, CART_EXTRAS_COOKIE_v2, CART_COOKIE<\/td>\n<td width=\"82\">Persistente<\/td>\n<td width=\"193\">Depending on the version of the reservation engine, these cookies are necessary for the proper operation of it<\/td>\n<td width=\"87\">Estrictamente necesaria<\/td>\n<\/tr>\n<tr>\n<td width=\"123\">MONNABER.COM<\/td>\n<td width=\"112\">mi_cookies_ok<\/td>\n<td width=\"82\">Persistente<\/td>\n<td width=\"193\">Set to show the Cookies Policy<\/td>\n<td width=\"87\">Estrictamente necesaria<\/td>\n<\/tr>\n<tr>\n<td width=\"123\">MONNABER.COM<\/td>\n<td width=\"112\">qtrans_front_language<\/td>\n<td width=\"82\">Persistente<\/td>\n<td width=\"193\">Set to manage the visitor language<\/td>\n<td width=\"87\">Estrictamente necesaria<\/td>\n<\/tr>\n<tr>\n<td width=\"123\">MONNABER.COM<\/td>\n<td width=\"112\">__cfduid<\/td>\n<td width=\"82\">Persistente<\/td>\n<td width=\"193\">Cookie asociada con sitios que utilizan CloudFlare, utilizado para acelerar los tiempos de carga de la p\u00e1gina<\/td>\n<td width=\"87\">Estrictamente necesaria<\/td>\n<\/tr>\n<tr>\n<td width=\"123\">MONNABER.COM<\/td>\n<td width=\"112\">hjIncludedInSample<\/td>\n<td width=\"82\">Sesi\u00f3n<\/td>\n<td width=\"193\">Esta cookie est\u00e1 asociada con la funcionalidad y los servicios de anal\u00edtica web de HotJar, una empresa con sede en Malta. Identifica de forma un\u00edvoca a un visitante durante una sola sesi\u00f3n del navegador e indica que est\u00e1 incluido en una muestra de audiencia.<\/td>\n<td width=\"87\">Cookies de an\u00e1lisis<\/td>\n<\/tr>\n<tr>\n<td width=\"123\">MONNABER.COM<\/td>\n<td width=\"112\">TawkConnectionTime<\/td>\n<td width=\"82\">Sesi\u00f3n<\/td>\n<td width=\"193\">Cookie asociada con Twak.com para la gestion y soporte a trav\u00e9s del chat<\/td>\n<td width=\"87\">Estrictamente necesaria<\/td>\n<\/tr>\n<tr>\n<td width=\"123\">MONNABER.COM<\/td>\n<td width=\"112\">ft-user-id, ft-client-id<\/td>\n<td width=\"82\">5 a\u00f1os<\/td>\n<td width=\"193\">Cookie asociada con Flip.to para la identificaci\u00f3n de usuario<\/td>\n<td width=\"87\">Estrictamente necesaria<\/td>\n<\/tr>\n<tr>\n<td width=\"123\">MONNABER.COM<\/td>\n<td width=\"112\">triptease-identity-data<\/td>\n<td width=\"82\">Sesi\u00f3n<\/td>\n<td width=\"193\">Cookie asociada con Triptease.com para la identificaci\u00f3n de usuario<\/td>\n<td width=\"87\">Estrictamente necesaria<\/td>\n<\/tr>\n<\/tbody>\n<\/table>\n<p><strong>\u00a0<\/strong><\/p>\n<p><strong>Cookies de terceros<\/strong><\/p>\n<p>&nbsp;<\/p>\n<table width=\"597\">\n<tbody>\n<tr>\n<td width=\"125\">Dominio<\/td>\n<td width=\"134\">Nombre \/ Ejemplo<\/td>\n<td width=\"70\">Duraci\u00f3n<\/td>\n<td width=\"176\">Finalidad<\/td>\n<td width=\"92\">Tipo<\/td>\n<\/tr>\n<tr>\n<td width=\"125\"><a href=\"http:\/\/hotjar.com\" rel=\"nofollow noopener\" target=\"_blank\">hotjar.com<\/a><\/td>\n<td width=\"134\">_hjIncludedInSample<\/td>\n<td width=\"70\">Persistente<\/td>\n<td width=\"176\">This session cookie is set to let Hotjar know whether that visitor is included in the sample which is used to generate funnels.<\/td>\n<td width=\"92\">Cookies de an\u00e1lisis<\/td>\n<\/tr>\n<tr>\n<td width=\"125\"><a href=\"http:\/\/hotjar.com\" rel=\"nofollow noopener\" target=\"_blank\">hotjar.com<\/a><\/td>\n<td width=\"134\">__hs*, hubspotutk, hsPagesViewedThisSession, hsfirstvisit<\/td>\n<td width=\"70\">Persistente<\/td>\n<td width=\"176\">Cookies set by HubSpot to keep track of visitors on hotjar.com<\/td>\n<td width=\"92\">Cookies de an\u00e1lisis<\/td>\n<\/tr>\n<tr>\n<td width=\"125\"><a href=\"http:\/\/hotjar.com\" rel=\"nofollow noopener\" target=\"_blank\">hotjar.com<\/a><\/td>\n<td width=\"134\">mp_*<\/td>\n<td width=\"70\">Persistente<\/td>\n<td width=\"176\">Cookies set by Mixpanel to run track usage on hotjar.com.<\/td>\n<td width=\"92\">Cookies de an\u00e1lisis<\/td>\n<\/tr>\n<tr>\n<td width=\"125\"><a href=\"http:\/\/google.com\/analytics\/\" rel=\"nofollow noopener\" target=\"_blank\">google.com\/analytics\/<\/a><\/td>\n<td width=\"134\">_ga<\/td>\n<td width=\"70\">Persistente<\/td>\n<td width=\"176\">Used to distinguish users.<\/td>\n<td width=\"92\">Cookies de an\u00e1lisis<\/td>\n<\/tr>\n<tr>\n<td width=\"125\"><a href=\"http:\/\/google.com\/analytics\/\" rel=\"nofollow noopener\" target=\"_blank\">google.com\/analytics\/<\/a><\/td>\n<td width=\"134\">_gid<\/td>\n<td width=\"70\">Persistente<\/td>\n<td width=\"176\">Used to distinguish users.<\/td>\n<td width=\"92\">Cookies de an\u00e1lisis<\/td>\n<\/tr>\n<tr>\n<td width=\"125\"><a href=\"http:\/\/google.com\/analytics\/\" rel=\"nofollow noopener\" target=\"_blank\">google.com\/analytics\/<\/a><\/td>\n<td width=\"134\">_gat, _dc_gtm_&lt;property-id&gt;<\/td>\n<td width=\"70\">Persistente<\/td>\n<td width=\"176\">Used to throttle request rate. If Google Analytics is deployed via Google Tag Manager, this cookie will be named _dc_gtm_&lt;property-id&gt;.<\/td>\n<td width=\"92\">Cookies de an\u00e1lisis<\/td>\n<\/tr>\n<tr>\n<td width=\"125\"><a href=\"http:\/\/google.com\/analytics\/\" rel=\"nofollow noopener\" target=\"_blank\">google.com\/analytics\/<\/a><\/td>\n<td width=\"134\">_gac_&lt;property-id&gt;<\/td>\n<td width=\"70\">Persistente<\/td>\n<td width=\"176\">Contains campaign related information for the user. If you have linked your Google Analytics and AdWords accounts, AdWords website conversion tags will read this cookie unless you opt-out<\/td>\n<td width=\"92\">Publicidad comportamental<\/td>\n<\/tr>\n<tr>\n<td width=\"125\"><a href=\"http:\/\/google.com\/analytics\/\" rel=\"nofollow noopener\" target=\"_blank\">google.com\/analytics\/<\/a><\/td>\n<td width=\"134\">__utma<\/td>\n<td width=\"70\">Persistente<\/td>\n<td width=\"176\">Used to distinguish users and sessions. The cookie is created when the javascript library executes and no existing __utma cookies exists. The cookie is updated every time data is sent to Google Analytics.<\/td>\n<td width=\"92\">Funcionalidad<\/td>\n<\/tr>\n<tr>\n<td width=\"125\"><a href=\"http:\/\/google.com\/analytics\/\" rel=\"nofollow noopener\" target=\"_blank\">google.com\/analytics\/<\/a><\/td>\n<td width=\"134\">__utmb<\/td>\n<td width=\"70\">Persistente<\/td>\n<td width=\"176\">Used to determine new sessions\/visits. The cookie is created when the javascript library executes and no existing __utmb cookies exists. The cookie is updated every time data is sent to Google Analytics.<\/td>\n<td width=\"92\">Cookies de an\u00e1lisis<\/td>\n<\/tr>\n<tr>\n<td width=\"125\"><a href=\"http:\/\/google.com\/analytics\/\" rel=\"nofollow noopener\" target=\"_blank\">google.com\/analytics\/<\/a><\/td>\n<td width=\"134\">__utmc<\/td>\n<td width=\"70\">Persistente<\/td>\n<td width=\"176\">Not used in ga.js. Set for interoperability with urchin.js. Historically, this cookie operated in conjunction with the __utmb cookie to determine whether the user was in a new session\/visit.<\/td>\n<td width=\"92\">Funcionalidad<\/td>\n<\/tr>\n<tr>\n<td width=\"125\"><a href=\"http:\/\/google.com\/analytics\/\" rel=\"nofollow noopener\" target=\"_blank\">google.com\/analytics\/<\/a><\/td>\n<td width=\"134\">__utmt<\/td>\n<td width=\"70\">Persistente<\/td>\n<td width=\"176\">Used to throttle request rate.<\/td>\n<td width=\"92\">Cookies de an\u00e1lisis<\/td>\n<\/tr>\n<tr>\n<td width=\"125\"><a href=\"http:\/\/google.com\/analytics\/\" rel=\"nofollow noopener\" target=\"_blank\">google.com\/analytics\/<\/a><\/td>\n<td width=\"134\">__utmz<\/td>\n<td width=\"70\">Persistente<\/td>\n<td width=\"176\">Stores the traffic source or campaign that explains how the user reached your site. The cookie is created when the javascript library executes and is updated every time data is sent to Google Analytics.<\/td>\n<td width=\"92\">Cookies de an\u00e1lisis<\/td>\n<\/tr>\n<tr>\n<td width=\"125\"><a href=\"http:\/\/aws.amazon.com\" rel=\"nofollow noopener\" target=\"_blank\">aws.amazon.com<\/a><\/td>\n<td width=\"134\">AWSALB<\/td>\n<td width=\"70\"><\/td>\n<td width=\"176\">Set by the use of an Amazon ELB Application Load Balancer<\/td>\n<td width=\"92\"><\/td>\n<\/tr>\n<tr>\n<td width=\"125\"><a href=\"http:\/\/veinteractive.com\" rel=\"nofollow noopener\" target=\"_blank\">veinteractive.com<\/a><\/td>\n<td width=\"134\">__ssid<\/td>\n<td width=\"70\"><\/td>\n<td width=\"176\">Used by VeInteractive (VE.com) for targeting advertising<\/td>\n<td width=\"92\"><\/td>\n<\/tr>\n<tr>\n<td width=\"125\"><a href=\"http:\/\/thehotelsnetwork.com\" rel=\"nofollow noopener\" target=\"_blank\">thehotelsnetwork.com<\/a><\/td>\n<td width=\"134\">Phpsessid<\/td>\n<td width=\"70\"><\/td>\n<td width=\"176\">Cookie set by thehotelsnetwork.com for the management and optimization of visits to this web<\/td>\n<td width=\"92\"><\/td>\n<\/tr>\n<\/tbody>\n<\/table>\n<p><strong>\u00a0<\/strong><\/p>\n<p>Google ha desarrollado un complemento de inhabilitaci\u00f3n de las cookies de Google Analytics para los navegadores m\u00e1s habituales: Microsoft Internet Explorer, Google Chrome, Mozilla Firefox, Apple Safari y Opera, que facilita la exclusi\u00f3n de la instalaci\u00f3n de estas cookies. Puede obtener m\u00e1s informaci\u00f3n, visitando este enlace externo: <a href=\"https:\/\/tools.google.com\/dlpage\/gaoptout?hl=es\" rel=\"nofollow noopener\" target=\"_blank\">https:\/\/tools.google.com\/dlpage\/gaoptout?hl=es<\/a><\/p>\n<p><strong>\u00a0<\/strong><\/p>\n<p><strong>\u00bfC\u00f3mo rechazar las cookies o revocar el consentimiento prestado?<\/strong><\/p>\n<p>Puede configurar su navegador para aceptar o rechazar la instalaci\u00f3n de todas, o alg\u00fan tipo de cookie, o para solicitar que se le notifique cu\u00e1ndo se coloca una cookie.<\/p>\n<p>Cada navegador dispone de unas instrucciones espec\u00edficas de configuraci\u00f3n. A continuaci\u00f3n le Proporcionamos los enlaces con la informaci\u00f3n concerniente a los navegadores m\u00e1s habituales:<\/p>\n<p>&nbsp;<\/p>\n<p>&#8211;\u00a0\u00a0\u00a0\u00a0\u00a0\u00a0\u00a0\u00a0 <a href=\"http:\/\/support.google.com\/chrome\/bin\/answer.py?hl=es&amp;hlrm=en&amp;answer=95647\" rel=\"nofollow noopener\" target=\"_blank\">\u00a0<\/a><a href=\"http:\/\/support.google.com\/chrome\/bin\/answer.py?hl=es&amp;hlrm=en&amp;answer=95647\" rel=\"nofollow noopener\" target=\"_blank\">Google Chrome<\/a><\/p>\n<p>&#8211;\u00a0\u00a0\u00a0\u00a0\u00a0\u00a0\u00a0\u00a0 <a href=\"http:\/\/support.mozilla.org\/es\/kb\/cookies-informacion-que-los-sitios-web-guardan-en-?s=cookies&amp;r=1&amp;as=s\" rel=\"nofollow noopener\" target=\"_blank\">\u00a0<\/a><a href=\"http:\/\/support.mozilla.org\/es\/kb\/cookies-informacion-que-los-sitios-web-guardan-en-?s=cookies&amp;r=1&amp;as=s\" rel=\"nofollow noopener\" target=\"_blank\">Mozilla Firefox<\/a><\/p>\n<p>&#8211;\u00a0\u00a0\u00a0\u00a0\u00a0\u00a0\u00a0\u00a0 <a href=\"http:\/\/windows.microsoft.com\/es-ES\/windows-vista\/Block-or-allow-cookies\" rel=\"nofollow noopener\" target=\"_blank\">\u00a0<\/a><a href=\"http:\/\/windows.microsoft.com\/es-ES\/windows-vista\/Block-or-allow-cookies\" rel=\"nofollow noopener\" target=\"_blank\">Internet Explorer<\/a><\/p>\n<p>&#8211;\u00a0\u00a0\u00a0\u00a0\u00a0\u00a0\u00a0\u00a0 <a href=\"http:\/\/support.apple.com\/kb\/PH5049\" rel=\"nofollow noopener\" target=\"_blank\">\u00a0<\/a><a href=\"http:\/\/support.apple.com\/kb\/PH5049\" rel=\"nofollow noopener\" target=\"_blank\">Safari<\/a><\/p>\n<p>[\/vc_column_text][\/vc_column][\/vc_row]<\/p>\n<\/div>","protected":false},"excerpt":{"rendered":"<p>[vc_row][vc_column][vc_widget_sidebar sidebar_id=&#8220;sidebar-book-de&#8220;][vc_column_text]EMPRESA: MONNABER S.A. DOMINIO: MONNABER.COM Pol\u00edtica de cookies. En MONNABER S.A. cumplimos con lo dispuesto en la Ley de Servicios de la Sociedad de la<span class=\"excerpt-hellip\"> [\u2026]<\/span><\/p>\n","protected":false},"author":1,"featured_media":0,"parent":0,"menu_order":0,"comment_status":"closed","ping_status":"closed","template":"","meta":{"footnotes":""},"class_list":["post-6142","page","type-page","status-publish","hentry"],"_links":{"self":[{"href":"https:\/\/monnaber.com\/de\/wp-json\/wp\/v2\/pages\/6142","targetHints":{"allow":["GET"]}}],"collection":[{"href":"https:\/\/monnaber.com\/de\/wp-json\/wp\/v2\/pages"}],"about":[{"href":"https:\/\/monnaber.com\/de\/wp-json\/wp\/v2\/types\/page"}],"author":[{"embeddable":true,"href":"https:\/\/monnaber.com\/de\/wp-json\/wp\/v2\/users\/1"}],"replies":[{"embeddable":true,"href":"https:\/\/monnaber.com\/de\/wp-json\/wp\/v2\/comments?post=6142"}],"version-history":[{"count":1,"href":"https:\/\/monnaber.com\/de\/wp-json\/wp\/v2\/pages\/6142\/revisions"}],"predecessor-version":[{"id":14473,"href":"https:\/\/monnaber.com\/de\/wp-json\/wp\/v2\/pages\/6142\/revisions\/14473"}],"wp:attachment":[{"href":"https:\/\/monnaber.com\/de\/wp-json\/wp\/v2\/media?parent=6142"}],"curies":[{"name":"wp","href":"https:\/\/api.w.org\/{rel}","templated":true}]}}