{"id":5113,"date":"2017-04-28T11:12:36","date_gmt":"2017-04-28T09:12:36","guid":{"rendered":"https:\/\/monnaber.com\/de\/zimmer-finca-landhotel-mallorca\/villa\/"},"modified":"2025-08-20T11:02:39","modified_gmt":"2025-08-20T09:02:39","slug":"villa","status":"publish","type":"page","link":"https:\/\/monnaber.com\/de\/zimmer-finca-landhotel-mallorca\/villa\/","title":{"rendered":"Villa &#8222;S&#8217;era&#8220;"},"content":{"rendered":"<div class=\"wpb-content-wrapper\"><p>[vc_row][vc_column][vc_widget_sidebar sidebar_id=&#8220;sidebar-book-de&#8220;][\/vc_column][\/vc_row][vc_row css=&#8220;.vc_custom_1431360458683{margin-top: 0px !important;}&#8220;][vc_column width=&#8220;1\/2&#8243;]<div class=\"fancy_heading fancy_heading_line\"><div class=\"fh-top\"><\/div><h1 class=\"title \">Exklusive und luxuri\u00f6se Villa S\u00b4Era auf Mallorca<\/h1><\/div>\n[vc_column_text]Die Vila &#8222;S\u00b4era&#8220; ist ein modernes,\u00a0idyllisch gelegenes Landhaus mit etwa 160m2\u00a0Fl\u00e4che. Das Haus bietet\u00a0zwei seperate Schlafzimmer, zwei Badezimmer, ein grosses Wohnzimmer, eine K\u00fcche mit Essbereich, sowie grosse Terrassen auf verschiedenen Seiten des\u00a0Hauses. Die Villa befindet sich auf dem selben Gel\u00e4nde wie das zirka 700m entfernte Hauptgeb\u00e4ude.<\/p>\n<p>Die Vila &#8222;S\u00b4era&#8220; verspricht einen unvergesslichen Aufenthalt. Geniessen Sie in privatem und entspannten Ambiente die Sicht auf das Tal und die Felder durch die Panoramafenster oder von der Terrasse aus.<\/p>\n<p>Die G\u00e4ste der Villa haben die M\u00f6glichkeit alle Einrichtungen des Hotels in Anspruch zu nehmen. Fr\u00fchst\u00fccksbuffet und Spa mit eingeschlossen.<\/p>\n<p>Bitte beachten Sie, dass die Reinigung der Villa alle 3 Tage mit Wechsel der Handt\u00fccher und Bettw\u00e4sche erfolgt. K\u00fcchenutensilien und K\u00fcchenutensilien werden nicht gereinigt.[\/vc_column_text][\/vc_column][vc_column width=&#8220;1\/2&#8243;][vc_empty_space][vc_single_image image=&#8220;5208&#8243; img_size=&#8220;full&#8220; alignment=&#8220;center&#8220; onclick=&#8220;link_image&#8220;][\/vc_column][\/vc_row][vc_row][vc_column width=&#8220;3\/4&#8243;][vc_video link=&#8220;https:\/\/www.youtube.com\/watch?v=V3FaquV5W-U&#8220; align=&#8220;center&#8220;][\/vc_column][vc_column width=&#8220;1\/4&#8243;]<div class=\"infobox\" ><h3 class=\"title \">\nMit absoluter Privatsph\u00e4re genie\u00dfen Sie aber auch den Service und die Einrichtungen des Hotels\n<\/h3><div class=\"infobox_wrapper\"><span class=\"ib-desc\"><\/p>\n<ul>\n<li>Satellite TV<\/li>\n<li>Safety Box<\/li>\n<li>Air Conditioning<\/li>\n<li>Heizung<\/li>\n<li>komplette K\u00fcche<\/li>\n<li>Telephone<\/li>\n<li>privater Whirlpool, nur im Sommer<\/li>\n<li>Hairdryer and Bathrobe<\/li>\n<li>2 Full bathroom with Amenities<\/li>\n<li>Wireless internet<\/li>\n<\/ul>\n<p><\/span><\/div><\/div>\n[\/vc_column][\/vc_row][vc_row][vc_column][vc_gallery type=&#8220;nivo&#8220; interval=&#8220;3&#8243; images=&#8220;6255,6256,6257,6258,6259,6260,6261,6262,6263,6264&#8243; img_size=&#8220;full&#8220;][\/vc_column][\/vc_row][vc_row][vc_column]<div class=\"fancy_heading fancy_heading_line\"><div class=\"fh-top\"><span class=\"slogan\">Combining Elegance and Comfort<\/span><\/div><h1 class=\"title \">360\u00ba Virtual Tour<\/h1><\/div>\n[vc_raw_html css=&#8220;&#8220;]JTNDaWZyYW1lJTIwaWQlM0QlMjJ2dF9pZnJhbWVfOGUyOTZhMDY3YTM3NTYzMzcwZGVkMDVmNWEzYmYzZWMlMjIlMjBhbGxvdyUzRCUyMmFjY2VsZXJvbWV0ZXIlM0IlMjBjYW1lcmElM0IlMjBkaXNwbGF5LWNhcHR1cmUlM0IlMjBmdWxsc2NyZWVuJTNCJTIwZ2VvbG9jYXRpb24lM0IlMjBneXJvc2NvcGUlM0IlMjBtYWduZXRvbWV0ZXIlM0IlMjBtaWNyb3Bob25lJTNCJTIwbWlkaSUzQiUyMHhyLXNwYXRpYWwtdHJhY2tpbmclM0IlMjIlMjB3aWR0aCUzRCUyMjEwMCUyNSUyMiUyMGhlaWdodCUzRCUyMjYwMHB4JTIyJTIwZnJhbWVib3JkZXIlM0QlMjIwJTIyJTIwc2Nyb2xsaW5nJTNEJTIybm8lMjIlMjBtYXJnaW5oZWlnaHQlM0QlMjIwJTIyJTIwbWFyZ2lud2lkdGglM0QlMjIwJTIyJTIwc3JjJTNEJTIyaHR0cHMlM0ElMkYlMkZ2cjM2MC5tYWxsb3JjYS51cyUyRnZpZXdlciUyRmluZGV4LnBocCUzRmNvZGUlM0Q4ZTI5NmEwNjdhMzc1NjMzNzBkZWQwNWY1YTNiZjNlYyUyMiUzRSUzQyUyRmlmcmFtZSUzRQ==[\/vc_raw_html][\/vc_column][\/vc_row][vc_row][vc_column][vc_raw_html]JTNDc2NyaXB0JTNFJTBBJTIwJTIwZ3RhZyUyOCUyN2V2ZW50JTI3JTJDJTIwJTI3Y29udmVyc2lvbiUyNyUyQyUyMCU3QiUyN3NlbmRfdG8lMjclM0ElMjAlMjdBVy0xMDcxMjIyNjc3JTJGNmpoWkNJemt3cXNCRUpXZjV2NEQlMjclN0QlMjklM0IlMEElM0MlMkZzY3JpcHQlM0U=[\/vc_raw_html][\/vc_column][\/vc_row]<\/p>\n<\/div>","protected":false},"excerpt":{"rendered":"<p>[vc_row][vc_column][vc_widget_sidebar sidebar_id=&#8220;sidebar-book-de&#8220;][\/vc_column][\/vc_row][vc_row css=&#8220;.vc_custom_1431360458683{margin-top: 0px !important;}&#8220;][vc_column width=&#8220;1\/2&#8243;][vc_column_text]Die Vila &#8222;S\u00b4era&#8220; ist ein modernes,\u00a0idyllisch gelegenes Landhaus mit etwa 160m2\u00a0Fl\u00e4che. Das Haus bietet\u00a0zwei seperate Schlafzimmer, zwei Badezimmer, ein grosses Wohnzimmer,<span class=\"excerpt-hellip\"> [\u2026]<\/span><\/p>\n","protected":false},"author":1,"featured_media":-1,"parent":2774,"menu_order":0,"comment_status":"open","ping_status":"open","template":"","meta":{"footnotes":""},"class_list":["post-5113","page","type-page","status-publish","has-post-thumbnail","hentry"],"_links":{"self":[{"href":"https:\/\/monnaber.com\/de\/wp-json\/wp\/v2\/pages\/5113","targetHints":{"allow":["GET"]}}],"collection":[{"href":"https:\/\/monnaber.com\/de\/wp-json\/wp\/v2\/pages"}],"about":[{"href":"https:\/\/monnaber.com\/de\/wp-json\/wp\/v2\/types\/page"}],"author":[{"embeddable":true,"href":"https:\/\/monnaber.com\/de\/wp-json\/wp\/v2\/users\/1"}],"replies":[{"embeddable":true,"href":"https:\/\/monnaber.com\/de\/wp-json\/wp\/v2\/comments?post=5113"}],"version-history":[{"count":2,"href":"https:\/\/monnaber.com\/de\/wp-json\/wp\/v2\/pages\/5113\/revisions"}],"predecessor-version":[{"id":15552,"href":"https:\/\/monnaber.com\/de\/wp-json\/wp\/v2\/pages\/5113\/revisions\/15552"}],"up":[{"embeddable":true,"href":"https:\/\/monnaber.com\/de\/wp-json\/wp\/v2\/pages\/2774"}],"wp:featuredmedia":[{"embeddable":true,"href":"https:\/\/monnaber.com\/de\/wp-json\/"}],"wp:attachment":[{"href":"https:\/\/monnaber.com\/de\/wp-json\/wp\/v2\/media?parent=5113"}],"curies":[{"name":"wp","href":"https:\/\/api.w.org\/{rel}","templated":true}]}}