{"id":2823,"date":"2015-05-11T19:36:41","date_gmt":"2015-05-11T17:36:41","guid":{"rendered":"http:\/\/monnaber.com\/de\/unterkunft\/suites\/"},"modified":"2025-02-19T18:17:38","modified_gmt":"2025-02-19T17:17:38","slug":"suiten","status":"publish","type":"page","link":"https:\/\/monnaber.com\/de\/zimmer-finca-landhotel-mallorca\/suiten\/","title":{"rendered":"Suiten"},"content":{"rendered":"<div class=\"wpb-content-wrapper\"><p>[vc_row][vc_column][vc_widget_sidebar sidebar_id=&#8220;sidebar-book-de&#8220;][\/vc_column][\/vc_row][vc_row css=&#8220;.vc_custom_1431360458683{margin-top: 10px !important;}&#8220;][vc_column width=&#8220;2\/3&#8243;]<div class=\"fancy_heading fancy_heading_line\"><div class=\"fh-top\"><span class=\"slogan\">Eine Kombination aus Eleganz und Komfort<\/span><\/div><h1 class=\"title \">Suiten mit Aussicht im Landhotel Monnaber Nou auf Mallorca<\/h1><\/div>\n[vc_column_text]Unsere luxuri\u00f6sen Suiten. Ideal f\u00fcr G\u00e4ste die etwas mehr Raum brauchen. Mit zirka 35m\u00b2Fl\u00e4che, seperatemWohn- und Schlafzimmer, befinden sich die Suiten auf der vorderen Seite des Hauptgeb\u00e4udes und bieten dadurch eine besonders sch\u00f6ne Panoramaaussicht.[\/vc_column_text][\/vc_column][vc_column width=&#8220;1\/3&#8243;][vc_empty_space][vc_single_image image=&#8220;351&#8243; img_size=&#8220;full&#8220; alignment=&#8220;center&#8220;][\/vc_column][\/vc_row][vc_row][vc_column width=&#8220;3\/4&#8243;][vc_gallery interval=&#8220;3&#8243; images=&#8220;8691,8696,8701,8706,8681,8686&#8243; img_size=&#8220;full&#8220;][\/vc_column][vc_column width=&#8220;1\/4&#8243;]<div class=\"infobox\" ><h3 class=\"title \">\nEinrichtung der Suiten mit Aussicht\n<\/h3><div class=\"infobox_wrapper\"><span class=\"ib-desc\"><\/p>\n<ul>\n<li>Sat TV<\/li>\n<li>Safe<\/li>\n<li>Klimaanlage<\/li>\n<li>Heizung<\/li>\n<li>Minibar<\/li>\n<li>Telefon<\/li>\n<li>Haartrockner und Bademantel<\/li>\n<li>Badezimmer mit Pflegeprodukten<\/li>\n<li>Bademantel<\/li>\n<li>Wireless internet<\/li>\n<\/ul>\n<p><\/span><\/div><\/div>\n[\/vc_column][\/vc_row][vc_row][vc_column]<div class=\"fancy_heading fancy_heading_line\"><div class=\"fh-top\"><span class=\"slogan\">Combining Elegance and Comfort<\/span><\/div><h1 class=\"title \">360\u00ba Virtual Tour - Suite<\/h1><\/div>\n[vc_raw_html css=&#8220;&#8220;]JTNDaWZyYW1lJTIwaWQlM0QlMjJ2dF9pZnJhbWVfOThmMTM3MDgyMTAxOTRjNDc1Njg3YmU2MTA2YTNiODQlMjIlMjBhbGxvdyUzRCUyMmFjY2VsZXJvbWV0ZXIlM0IlMjBjYW1lcmElM0IlMjBkaXNwbGF5LWNhcHR1cmUlM0IlMjBmdWxsc2NyZWVuJTNCJTIwZ2VvbG9jYXRpb24lM0IlMjBneXJvc2NvcGUlM0IlMjBtYWduZXRvbWV0ZXIlM0IlMjBtaWNyb3Bob25lJTNCJTIwbWlkaSUzQiUyMHhyLXNwYXRpYWwtdHJhY2tpbmclM0IlMjIlMjB3aWR0aCUzRCUyMjEwMCUyNSUyMiUyMGhlaWdodCUzRCUyMjYwMHB4JTIyJTIwZnJhbWVib3JkZXIlM0QlMjIwJTIyJTIwc2Nyb2xsaW5nJTNEJTIybm8lMjIlMjBtYXJnaW5oZWlnaHQlM0QlMjIwJTIyJTIwbWFyZ2lud2lkdGglM0QlMjIwJTIyJTIwc3JjJTNEJTIyaHR0cHMlM0ElMkYlMkZ2cjM2MC5tYWxsb3JjYS51cyUyRnZpZXdlciUyRmluZGV4LnBocCUzRmNvZGUlM0Q5OGYxMzcwODIxMDE5NGM0NzU2ODdiZTYxMDZhM2I4NCUyMiUzRSUzQyUyRmlmcmFtZSUzRQ==[\/vc_raw_html][\/vc_column][\/vc_row][vc_row][vc_column][vc_raw_html]JTNDc2NyaXB0JTNFJTBBJTIwJTIwZ3RhZyUyOCUyN2V2ZW50JTI3JTJDJTIwJTI3Y29udmVyc2lvbiUyNyUyQyUyMCU3QiUyN3NlbmRfdG8lMjclM0ElMjAlMjdBVy0xMDcxMjIyNjc3JTJGaTllR0NJbmJ3cXNCRUpXZjV2NEQlMjclN0QlMjklM0IlMEElM0MlMkZzY3JpcHQlM0U=[\/vc_raw_html][\/vc_column][\/vc_row]<\/p>\n<\/div>","protected":false},"excerpt":{"rendered":"<p>[vc_row][vc_column][vc_widget_sidebar sidebar_id=&#8220;sidebar-book-de&#8220;][\/vc_column][\/vc_row][vc_row css=&#8220;.vc_custom_1431360458683{margin-top: 10px !important;}&#8220;][vc_column width=&#8220;2\/3&#8243;][vc_column_text]Unsere luxuri\u00f6sen Suiten. Ideal f\u00fcr G\u00e4ste die etwas mehr Raum brauchen. Mit zirka 35m\u00b2Fl\u00e4che, seperatemWohn- und Schlafzimmer, befinden sich die Suiten<span class=\"excerpt-hellip\"> [\u2026]<\/span><\/p>\n","protected":false},"author":1,"featured_media":0,"parent":2774,"menu_order":0,"comment_status":"open","ping_status":"open","template":"","meta":{"footnotes":""},"class_list":["post-2823","page","type-page","status-publish","hentry"],"_links":{"self":[{"href":"https:\/\/monnaber.com\/de\/wp-json\/wp\/v2\/pages\/2823","targetHints":{"allow":["GET"]}}],"collection":[{"href":"https:\/\/monnaber.com\/de\/wp-json\/wp\/v2\/pages"}],"about":[{"href":"https:\/\/monnaber.com\/de\/wp-json\/wp\/v2\/types\/page"}],"author":[{"embeddable":true,"href":"https:\/\/monnaber.com\/de\/wp-json\/wp\/v2\/users\/1"}],"replies":[{"embeddable":true,"href":"https:\/\/monnaber.com\/de\/wp-json\/wp\/v2\/comments?post=2823"}],"version-history":[{"count":3,"href":"https:\/\/monnaber.com\/de\/wp-json\/wp\/v2\/pages\/2823\/revisions"}],"predecessor-version":[{"id":15187,"href":"https:\/\/monnaber.com\/de\/wp-json\/wp\/v2\/pages\/2823\/revisions\/15187"}],"up":[{"embeddable":true,"href":"https:\/\/monnaber.com\/de\/wp-json\/wp\/v2\/pages\/2774"}],"wp:attachment":[{"href":"https:\/\/monnaber.com\/de\/wp-json\/wp\/v2\/media?parent=2823"}],"curies":[{"name":"wp","href":"https:\/\/api.w.org\/{rel}","templated":true}]}}