{"id":2808,"date":"2015-05-11T17:48:17","date_gmt":"2015-05-11T15:48:17","guid":{"rendered":"http:\/\/monnaber.com\/de\/unterkunft\/apartments\/"},"modified":"2022-02-21T10:48:46","modified_gmt":"2022-02-21T09:48:46","slug":"apartment","status":"publish","type":"page","link":"https:\/\/monnaber.com\/de\/zimmer-finca-landhotel-mallorca\/apartment\/","title":{"rendered":"Apartments"},"content":{"rendered":"<div class=\"wpb-content-wrapper\"><p>[vc_row css=&#8220;.vc_custom_1431360518557{margin-top: 10px !important;}&#8220;][vc_column][vc_widget_sidebar sidebar_id=&#8220;sidebar-book-de&#8220;]<div class=\"fancy_heading fancy_heading_line\"><div class=\"fh-top\"><span class=\"slogan\">F\u00fchlen Sie sich wie zu Hause<\/span><\/div><h2 class=\"title\">Unsere Apartments<\/h2><div class=\"inside\">Wenn Sie ein bisschen mehr Freiheit und Unabh\u00e4ngigkeit bevorzugen, dann empfehlen wir Ihnen unsere Apartments. Dort stehen ihnen private Einrichtungen (K\u00fcche, Wohnzimmer, Balkon oder Terrasse) zur Verf\u00fcgung.<\/div><\/div>\n[\/vc_column][\/vc_row][vc_row][vc_column width=&#8220;1\/3&#8243;][vc_column_text]<\/p>\n<h2 style=\"text-align: center;\"><a class=\"button button_theme\" href=\"\/?page_id=2800\">Suite Apartment &#8211; Max. 3 personen<\/a><\/h2>\n<p><a href=\"\/?page_id=2800\"><img loading=\"lazy\" decoding=\"async\" class=\"aligncenter size-medium wp-image-157\" src=\"http:\/\/monnaber.com\/wp-content\/uploads\/2015\/05\/apartment-1-1-300x163.jpg\" alt=\"apartment-1 (1)\" width=\"300\" height=\"163\" title=\"- -\" srcset=\"https:\/\/monnaber.com\/wp-content\/uploads\/2015\/05\/apartment-1-1-300x163.jpg 300w, https:\/\/monnaber.com\/wp-content\/uploads\/2015\/05\/apartment-1-1-260x142.jpg 260w, https:\/\/monnaber.com\/wp-content\/uploads\/2015\/05\/apartment-1-1-50x27.jpg 50w, https:\/\/monnaber.com\/wp-content\/uploads\/2015\/05\/apartment-1-1-576x314.jpg 576w, https:\/\/monnaber.com\/wp-content\/uploads\/2015\/05\/apartment-1-1-138x75.jpg 138w, https:\/\/monnaber.com\/wp-content\/uploads\/2015\/05\/apartment-1-1.jpg 793w\" sizes=\"auto, (max-width:767px) 300px, 300px\" \/><\/a><\/p>\n<p style=\"text-align: center;\">Schlafzimmer, Wohnzimmer mit K\u00fcche und Balkon. (Gesamtfl\u00e4che ca. 32m\u00b2)<\/p>\n<p>[\/vc_column_text][\/vc_column][vc_column width=&#8220;1\/3&#8243;][vc_column_text]<\/p>\n<h2 style=\"text-align: center;\"><a class=\"button button_theme\" href=\"\/?page_id=2803\">Superior Apartment &#8211; Max. 4 personen<\/a><\/h2>\n<p><a href=\"\/?page_id=2803\"><img loading=\"lazy\" decoding=\"async\" class=\"aligncenter size-medium wp-image-163\" src=\"http:\/\/monnaber.com\/wp-content\/uploads\/2015\/05\/apartment3a-1-300x150.jpg\" alt=\"apartment3a-1\" width=\"300\" height=\"163\" title=\"- -\"><\/a><\/p>\n<p style=\"text-align: center;\">Separates Schlafzimmer, gro\u00dfes Wohnzimmer mit K\u00fcche und privater Terrasse. (Gesamtfl\u00e4che ca. 40m\u00b2).<\/p>\n<p>[\/vc_column_text][\/vc_column][vc_column width=&#8220;1\/3&#8243;][vc_column_text]<\/p>\n<h2 style=\"text-align: center;\"><a class=\"button button_theme\" href=\"\/?page_id=2797\">Family Apartment &#8211; Max. 5 personen<\/a><\/h2>\n<p><a href=\"\/?page_id=2797\"><img loading=\"lazy\" decoding=\"async\" class=\"aligncenter size-medium wp-image-168\" src=\"http:\/\/monnaber.com\/wp-content\/uploads\/2015\/05\/apartment4a-1-300x163.jpg\" alt=\"apartment4a-1\" width=\"300\" height=\"163\" title=\"- -\" srcset=\"https:\/\/monnaber.com\/wp-content\/uploads\/2015\/05\/apartment4a-1-300x163.jpg 300w, https:\/\/monnaber.com\/wp-content\/uploads\/2015\/05\/apartment4a-1-260x142.jpg 260w, https:\/\/monnaber.com\/wp-content\/uploads\/2015\/05\/apartment4a-1-50x27.jpg 50w, https:\/\/monnaber.com\/wp-content\/uploads\/2015\/05\/apartment4a-1-576x314.jpg 576w, https:\/\/monnaber.com\/wp-content\/uploads\/2015\/05\/apartment4a-1-138x75.jpg 138w, https:\/\/monnaber.com\/wp-content\/uploads\/2015\/05\/apartment4a-1.jpg 793w\" sizes=\"auto, (max-width:767px) 300px, 300px\" \/><\/a><\/p>\n<p style=\"text-align: center;\">Zwei getrennte Schlafzimmer, gro\u00dfes Wohnzimmer mit K\u00fcche und privater Terrasse. (Gesamtfl\u00e4che ca. 52m\u00b2)<\/p>\n<p>[\/vc_column_text][\/vc_column][\/vc_row][vc_row][vc_column width=&#8220;3\/4&#8243;][vc_video link=&#8220;https:\/\/vimeo.com\/33119478&#8243;][\/vc_column][vc_column width=&#8220;1\/4&#8243;]<div class=\"infobox\" ><h3 class=\"title \">Vorteile und Leistungen ****<\/h3><div class=\"infobox_wrapper\"><span class=\"ib-desc\"><\/p>\n<ul>\n<li>Sat TV<\/li>\n<li>Safe<\/li>\n<li>Klimaanlage<\/li>\n<li>Zentralheizung<\/li>\n<li>Minibar<\/li>\n<li>Telefon<\/li>\n<li>Zimmerservice<\/li>\n<li>Haartrockner und Bademantel<\/li>\n<li>Badezimmer mit Pflegeprodukten<\/li>\n<li>Bademantel<\/li>\n<li>Wireless internet<\/li>\n<\/ul>\n<p><\/span><\/div><\/div>\n[\/vc_column][\/vc_row]<\/p>\n<\/div>","protected":false},"excerpt":{"rendered":"<p>[vc_row css=&#8220;.vc_custom_1431360518557{margin-top: 10px !important;}&#8220;][vc_column][vc_widget_sidebar sidebar_id=&#8220;sidebar-book-de&#8220;][\/vc_column][\/vc_row][vc_row][vc_column width=&#8220;1\/3&#8243;][vc_column_text] Suite Apartment &#8211; Max. 3 personen Schlafzimmer, Wohnzimmer mit K\u00fcche und Balkon. (Gesamtfl\u00e4che ca. 32m\u00b2) [\/vc_column_text][\/vc_column][vc_column width=&#8220;1\/3&#8243;][vc_column_text] Superior Apartment &#8211;<span class=\"excerpt-hellip\"> [\u2026]<\/span><\/p>\n","protected":false},"author":1,"featured_media":0,"parent":2774,"menu_order":0,"comment_status":"open","ping_status":"open","template":"","meta":{"footnotes":""},"class_list":["post-2808","page","type-page","status-publish","hentry"],"_links":{"self":[{"href":"https:\/\/monnaber.com\/de\/wp-json\/wp\/v2\/pages\/2808","targetHints":{"allow":["GET"]}}],"collection":[{"href":"https:\/\/monnaber.com\/de\/wp-json\/wp\/v2\/pages"}],"about":[{"href":"https:\/\/monnaber.com\/de\/wp-json\/wp\/v2\/types\/page"}],"author":[{"embeddable":true,"href":"https:\/\/monnaber.com\/de\/wp-json\/wp\/v2\/users\/1"}],"replies":[{"embeddable":true,"href":"https:\/\/monnaber.com\/de\/wp-json\/wp\/v2\/comments?post=2808"}],"version-history":[{"count":0,"href":"https:\/\/monnaber.com\/de\/wp-json\/wp\/v2\/pages\/2808\/revisions"}],"up":[{"embeddable":true,"href":"https:\/\/monnaber.com\/de\/wp-json\/wp\/v2\/pages\/2774"}],"wp:attachment":[{"href":"https:\/\/monnaber.com\/de\/wp-json\/wp\/v2\/media?parent=2808"}],"curies":[{"name":"wp","href":"https:\/\/api.w.org\/{rel}","templated":true}]}}