{"id":2800,"date":"2015-05-11T18:03:56","date_gmt":"2015-05-11T16:03:56","guid":{"rendered":"http:\/\/monnaber.com\/de\/suite-apartment\/"},"modified":"2025-02-19T18:23:43","modified_gmt":"2025-02-19T17:23:43","slug":"suite-apartment","status":"publish","type":"page","link":"https:\/\/monnaber.com\/de\/zimmer-finca-landhotel-mallorca\/apartment\/suite-apartment\/","title":{"rendered":"Suite Apartment"},"content":{"rendered":"<div class=\"wpb-content-wrapper\"><p>[vc_row][vc_column][vc_widget_sidebar sidebar_id=&#8220;sidebar-book-de&#8220;][\/vc_column][\/vc_row][vc_row css=&#8220;.vc_custom_1431360458683{margin-top: 10px !important;}&#8220;][vc_column width=&#8220;2\/3&#8243;]<div class=\"fancy_heading fancy_heading_line\"><div class=\"fh-top\"><span class=\"slogan\">Max. 3 personen<\/span><\/div><h1 class=\"title \">Apartmentsuiten mit Aussicht im Landhotel Monnaber Nou auf Mallorca<\/h1><\/div>\n[vc_column_text]Unsere Suite-Apartmentsverf\u00fcgen \u00fcber ein grosses Schlafzimmer mit hohen Decken, Balkon mit Blick aufs Land und einen Wohn-Essbereich mit kleiner K\u00fcche.<\/p>\n<p>Mit einer Gr\u00f6sse von ca. 32m\u00b2 befinden sich die Suite-Apartments in einem der Geb\u00e4ude des Haupttraktes der Finca.[\/vc_column_text][\/vc_column][vc_column width=&#8220;1\/3&#8243;][vc_empty_space][vc_single_image image=&#8220;180&#8243; img_size=&#8220;full&#8220; alignment=&#8220;center&#8220;][\/vc_column][\/vc_row][vc_row][vc_column width=&#8220;3\/4&#8243;][vc_gallery interval=&#8220;3&#8243; images=&#8220;13230,13235,13240,13245,13250&#8243; img_size=&#8220;full&#8220;][\/vc_column][vc_column width=&#8220;1\/4&#8243;]<div class=\"infobox\" ><h3 class=\"title \">\nEinrichtung der Apartmentsuiten\n<\/h3><div class=\"infobox_wrapper\"><span class=\"ib-desc\"><\/p>\n<ul>\n<li>Sat TV<\/li>\n<li>Safe<\/li>\n<li>Klimaanlage<\/li>\n<li>Heizung<\/li>\n<li>Minibar<\/li>\n<li>Telefon<\/li>\n<li>Elektrische K\u00fcchenzeile<\/li>\n<li>Mikrowelle<\/li>\n<li>Haartrockner und Bademantel<\/li>\n<li>Badezimmer mit Pflegeprodukten<\/li>\n<li>Bademantel<\/li>\n<li>Wireless internet<\/li>\n<\/ul>\n<p><\/span><\/div><\/div>\n[\/vc_column][\/vc_row][vc_row][vc_column]<div class=\"fancy_heading fancy_heading_line\"><div class=\"fh-top\"><span class=\"slogan\">Combining Elegance and Comfort<\/span><\/div><h1 class=\"title \">360\u00ba Virtual Tour<\/h1><\/div>\n[vc_raw_html css=&#8220;&#8220;]JTNDaWZyYW1lJTIwaWQlM0QlMjJ2dF9pZnJhbWVfMWYwZTNkYWQ5OTkwODM0NWY3NDM5ZjhmZmFiZGZmYzQlMjIlMjBhbGxvdyUzRCUyMmFjY2VsZXJvbWV0ZXIlM0IlMjBjYW1lcmElM0IlMjBkaXNwbGF5LWNhcHR1cmUlM0IlMjBmdWxsc2NyZWVuJTNCJTIwZ2VvbG9jYXRpb24lM0IlMjBneXJvc2NvcGUlM0IlMjBtYWduZXRvbWV0ZXIlM0IlMjBtaWNyb3Bob25lJTNCJTIwbWlkaSUzQiUyMHhyLXNwYXRpYWwtdHJhY2tpbmclM0IlMjIlMjB3aWR0aCUzRCUyMjEwMCUyNSUyMiUyMGhlaWdodCUzRCUyMjYwMHB4JTIyJTIwZnJhbWVib3JkZXIlM0QlMjIwJTIyJTIwc2Nyb2xsaW5nJTNEJTIybm8lMjIlMjBtYXJnaW5oZWlnaHQlM0QlMjIwJTIyJTIwbWFyZ2lud2lkdGglM0QlMjIwJTIyJTIwc3JjJTNEJTIyaHR0cHMlM0ElMkYlMkZ2cjM2MC5tYWxsb3JjYS51cyUyRnZpZXdlciUyRmluZGV4LnBocCUzRmNvZGUlM0QxZjBlM2RhZDk5OTA4MzQ1Zjc0MzlmOGZmYWJkZmZjNCUyMiUzRSUzQyUyRmlmcmFtZSUzRQ==[\/vc_raw_html][\/vc_column][\/vc_row][vc_row][vc_column][vc_raw_html]JTNDc2NyaXB0JTNFJTBBJTIwJTIwZ3RhZyUyOCUyN2V2ZW50JTI3JTJDJTIwJTI3Y29udmVyc2lvbiUyNyUyQyUyMCU3QiUyN3NlbmRfdG8lMjclM0ElMjAlMjdBVy0xMDcxMjIyNjc3JTJGQWZWTENOYmd3cXNCRUpXZjV2NEQlMjclN0QlMjklM0IlMEElM0MlMkZzY3JpcHQlM0U=[\/vc_raw_html][\/vc_column][\/vc_row]<\/p>\n<\/div>","protected":false},"excerpt":{"rendered":"<p>[vc_row][vc_column][vc_widget_sidebar sidebar_id=&#8220;sidebar-book-de&#8220;][\/vc_column][\/vc_row][vc_row css=&#8220;.vc_custom_1431360458683{margin-top: 10px !important;}&#8220;][vc_column width=&#8220;2\/3&#8243;][vc_column_text]Unsere Suite-Apartmentsverf\u00fcgen \u00fcber ein grosses Schlafzimmer mit hohen Decken, Balkon mit Blick aufs Land und einen Wohn-Essbereich mit kleiner K\u00fcche. Mit<span class=\"excerpt-hellip\"> [\u2026]<\/span><\/p>\n","protected":false},"author":1,"featured_media":0,"parent":2808,"menu_order":0,"comment_status":"open","ping_status":"open","template":"","meta":{"footnotes":""},"class_list":["post-2800","page","type-page","status-publish","hentry"],"_links":{"self":[{"href":"https:\/\/monnaber.com\/de\/wp-json\/wp\/v2\/pages\/2800","targetHints":{"allow":["GET"]}}],"collection":[{"href":"https:\/\/monnaber.com\/de\/wp-json\/wp\/v2\/pages"}],"about":[{"href":"https:\/\/monnaber.com\/de\/wp-json\/wp\/v2\/types\/page"}],"author":[{"embeddable":true,"href":"https:\/\/monnaber.com\/de\/wp-json\/wp\/v2\/users\/1"}],"replies":[{"embeddable":true,"href":"https:\/\/monnaber.com\/de\/wp-json\/wp\/v2\/comments?post=2800"}],"version-history":[{"count":2,"href":"https:\/\/monnaber.com\/de\/wp-json\/wp\/v2\/pages\/2800\/revisions"}],"predecessor-version":[{"id":15197,"href":"https:\/\/monnaber.com\/de\/wp-json\/wp\/v2\/pages\/2800\/revisions\/15197"}],"up":[{"embeddable":true,"href":"https:\/\/monnaber.com\/de\/wp-json\/wp\/v2\/pages\/2808"}],"wp:attachment":[{"href":"https:\/\/monnaber.com\/de\/wp-json\/wp\/v2\/media?parent=2800"}],"curies":[{"name":"wp","href":"https:\/\/api.w.org\/{rel}","templated":true}]}}