{"id":2797,"date":"2015-05-11T18:28:37","date_gmt":"2015-05-11T16:28:37","guid":{"rendered":"http:\/\/monnaber.com\/de\/family-apartment\/"},"modified":"2025-02-19T18:52:42","modified_gmt":"2025-02-19T17:52:42","slug":"familienapartment","status":"publish","type":"page","link":"https:\/\/monnaber.com\/de\/zimmer-finca-landhotel-mallorca\/apartment\/familienapartment\/","title":{"rendered":"Familienapartment"},"content":{"rendered":"<div class=\"wpb-content-wrapper\"><p>[vc_row][vc_column][vc_widget_sidebar sidebar_id=&#8220;sidebar-book-de&#8220;][\/vc_column][\/vc_row][vc_row css=&#8220;.vc_custom_1431360458683{margin-top: 0px !important;}&#8220;][vc_column width=&#8220;2\/3&#8243;]<div class=\"fancy_heading fancy_heading_line\"><div class=\"fh-top\"><span class=\"slogan\">Max. 5 personen<\/span><\/div><h1 class=\"title \">Das Familienapartment auf Mallorca des Landhotels Monnaber Nou.<\/h1><\/div>\n[vc_column_text]Grosses Apartment mit zweiseperaten Schlafzimmern, Wohnzimmer mit Essbereich und K\u00fcche sowie Terrasse. Die Ideale L\u00f6sung um mit Familie oder Freunden etwas mehr Privatsph\u00e4re zu geniessen und doch alle Annehmlichkleiten des Hotels zu nutzen.<\/p>\n<p>Mit einer Gr\u00f6ssevon zirka 52 m\u00b2befinden sich diese Zimmerin einem Geb\u00e4ude im Haupttrakt der Finca.[\/vc_column_text][\/vc_column][vc_column width=&#8220;1\/3&#8243;][vc_empty_space][vc_single_image image=&#8220;243&#8243; img_size=&#8220;full&#8220; alignment=&#8220;center&#8220;][\/vc_column][\/vc_row][vc_row][vc_column width=&#8220;3\/4&#8243;][vc_gallery interval=&#8220;3&#8243; images=&#8220;8596,8591,8566,8571,8581,8576,8586&#8243; img_size=&#8220;full&#8220;][\/vc_column][vc_column width=&#8220;1\/4&#8243;]<div class=\"infobox\" ><h3 class=\"title \">Vorteile und Leistungen ****<\/h3><div class=\"infobox_wrapper\"><span class=\"ib-desc\"><\/p>\n<ul>\n<li>Sat TV<\/li>\n<li>Safe<\/li>\n<li>Klimaanlage<\/li>\n<li>Heizung<\/li>\n<li>Minibar<\/li>\n<li>Telefon<\/li>\n<li>Elektrische K\u00fcchenzeile &lt;\/ li&gt;<\/li>\n<li>Mikrowelle &lt;\/ li&gt;<\/li>\n<li>Haartrockner und Bademantel<\/li>\n<li>Badezimmer mit Pflegeprodukten<\/li>\n<li>Bademantel<\/li>\n<li>Wireless internet<\/li>\n<\/ul>\n<p><\/span><\/div><\/div>\n[\/vc_column][\/vc_row][vc_row][vc_column]<div class=\"fancy_heading fancy_heading_line\"><div class=\"fh-top\"><span class=\"slogan\">Combining Elegance and Comfort<\/span><\/div><h1 class=\"title \">360\u00ba Virtual Tour<\/h1><\/div>\n[vc_raw_html css=&#8220;&#8220;]JTNDaWZyYW1lJTIwaWQlM0QlMjJ2dF9pZnJhbWVfYzc0ZDk3YjAxZWFlMjU3ZTQ0YWE5ZDViYWRlOTdiYWYlMjIlMjBhbGxvdyUzRCUyMmFjY2VsZXJvbWV0ZXIlM0IlMjBjYW1lcmElM0IlMjBkaXNwbGF5LWNhcHR1cmUlM0IlMjBmdWxsc2NyZWVuJTNCJTIwZ2VvbG9jYXRpb24lM0IlMjBneXJvc2NvcGUlM0IlMjBtYWduZXRvbWV0ZXIlM0IlMjBtaWNyb3Bob25lJTNCJTIwbWlkaSUzQiUyMHhyLXNwYXRpYWwtdHJhY2tpbmclM0IlMjIlMjB3aWR0aCUzRCUyMjEwMCUyNSUyMiUyMGhlaWdodCUzRCUyMjYwMHB4JTIyJTIwZnJhbWVib3JkZXIlM0QlMjIwJTIyJTIwc2Nyb2xsaW5nJTNEJTIybm8lMjIlMjBtYXJnaW5oZWlnaHQlM0QlMjIwJTIyJTIwbWFyZ2lud2lkdGglM0QlMjIwJTIyJTIwc3JjJTNEJTIyaHR0cHMlM0ElMkYlMkZ2cjM2MC5tYWxsb3JjYS51cyUyRnZpZXdlciUyRmluZGV4LnBocCUzRmNvZGUlM0RjNzRkOTdiMDFlYWUyNTdlNDRhYTlkNWJhZGU5N2JhZiUyMiUzRSUzQyUyRmlmcmFtZSUzRQ==[\/vc_raw_html][\/vc_column][\/vc_row][vc_row][vc_column][vc_raw_html]JTNDc2NyaXB0JTNFJTBBJTIwJTIwZ3RhZyUyOCUyN2V2ZW50JTI3JTJDJTIwJTI3Y29udmVyc2lvbiUyNyUyQyUyMCU3QiUyN3NlbmRfdG8lMjclM0ElMjAlMjdBVy0xMDcxMjIyNjc3JTJGQWZWTENOYmd3cXNCRUpXZjV2NEQlMjclN0QlMjklM0IlMEElM0MlMkZzY3JpcHQlM0U=[\/vc_raw_html][\/vc_column][\/vc_row]<\/p>\n<\/div>","protected":false},"excerpt":{"rendered":"<p>[vc_row][vc_column][vc_widget_sidebar sidebar_id=&#8220;sidebar-book-de&#8220;][\/vc_column][\/vc_row][vc_row css=&#8220;.vc_custom_1431360458683{margin-top: 0px !important;}&#8220;][vc_column width=&#8220;2\/3&#8243;][vc_column_text]Grosses Apartment mit zweiseperaten Schlafzimmern, Wohnzimmer mit Essbereich und K\u00fcche sowie Terrasse. Die Ideale L\u00f6sung um mit Familie oder Freunden etwas<span class=\"excerpt-hellip\"> [\u2026]<\/span><\/p>\n","protected":false},"author":1,"featured_media":0,"parent":2808,"menu_order":0,"comment_status":"open","ping_status":"open","template":"","meta":{"footnotes":""},"class_list":["post-2797","page","type-page","status-publish","hentry"],"_links":{"self":[{"href":"https:\/\/monnaber.com\/de\/wp-json\/wp\/v2\/pages\/2797","targetHints":{"allow":["GET"]}}],"collection":[{"href":"https:\/\/monnaber.com\/de\/wp-json\/wp\/v2\/pages"}],"about":[{"href":"https:\/\/monnaber.com\/de\/wp-json\/wp\/v2\/types\/page"}],"author":[{"embeddable":true,"href":"https:\/\/monnaber.com\/de\/wp-json\/wp\/v2\/users\/1"}],"replies":[{"embeddable":true,"href":"https:\/\/monnaber.com\/de\/wp-json\/wp\/v2\/comments?post=2797"}],"version-history":[{"count":3,"href":"https:\/\/monnaber.com\/de\/wp-json\/wp\/v2\/pages\/2797\/revisions"}],"predecessor-version":[{"id":15228,"href":"https:\/\/monnaber.com\/de\/wp-json\/wp\/v2\/pages\/2797\/revisions\/15228"}],"up":[{"embeddable":true,"href":"https:\/\/monnaber.com\/de\/wp-json\/wp\/v2\/pages\/2808"}],"wp:attachment":[{"href":"https:\/\/monnaber.com\/de\/wp-json\/wp\/v2\/media?parent=2797"}],"curies":[{"name":"wp","href":"https:\/\/api.w.org\/{rel}","templated":true}]}}