{"id":2774,"date":"2015-05-06T18:20:09","date_gmt":"2015-05-06T16:20:09","guid":{"rendered":"http:\/\/monnaber.com\/de\/accomodation\/"},"modified":"2022-02-21T10:48:34","modified_gmt":"2022-02-21T09:48:34","slug":"zimmer-finca-landhotel-mallorca","status":"publish","type":"page","link":"https:\/\/monnaber.com\/de\/zimmer-finca-landhotel-mallorca\/","title":{"rendered":"Hotel Zimmer"},"content":{"rendered":"<div class=\"wpb-content-wrapper\"><p>[vc_row css=&#8220;.vc_custom_1431360536519{margin-top: 10px !important;}&#8220;][vc_column][vc_widget_sidebar sidebar_id=&#8220;sidebar-book-de&#8220;]<div class=\"fancy_heading fancy_heading_line\"><div class=\"fh-top\"><\/div><h1 class=\"title \">Zimmer, Suiten und Appartements des Landhotels Monnaber Nou auf Mallorca<\/h1><\/div>\n[\/vc_column][\/vc_row][vc_row][vc_column width=&#8220;1\/3&#8243;][vc_column_text]<\/p>\n<h2 style=\"text-align: center;\"><a class=\"button button_theme\" href=\"\/?page_id=2818\">Zimmer mit Balkon oder Terrasse<\/a><\/h2>\n<p><a href=\"\/?page_id=2818\"><img loading=\"lazy\" decoding=\"async\" class=\"aligncenter wp-image-3575 size-medium\" src=\"http:\/\/monnaber.com\/wp-content\/uploads\/2015\/05\/monnaber_nou_accomodation_standard_1-300x163.jpg\" alt=\"- -\" width=\"300\" height=\"163\" title=\"- -\" srcset=\"https:\/\/monnaber.com\/wp-content\/uploads\/2015\/05\/monnaber_nou_accomodation_standard_1-300x163.jpg 300w, https:\/\/monnaber.com\/wp-content\/uploads\/2015\/05\/monnaber_nou_accomodation_standard_1-260x141.jpg 260w, https:\/\/monnaber.com\/wp-content\/uploads\/2015\/05\/monnaber_nou_accomodation_standard_1-50x27.jpg 50w, https:\/\/monnaber.com\/wp-content\/uploads\/2015\/05\/monnaber_nou_accomodation_standard_1-138x75.jpg 138w, https:\/\/monnaber.com\/wp-content\/uploads\/2015\/05\/monnaber_nou_accomodation_standard_1.jpg 700w\" sizes=\"auto, (max-width:767px) 300px, 300px\" \/><\/a><\/p>\n<p style=\"text-align: center;\">Unsere Zimmer mit Balkon oder Terrasse verf\u00fcgen \u00fcber alle Annehmlichkeiten und Serviceleistungen, wie die restlichen Zimmerkategorien sowie einem Balkon oder Terrasse.. Die Standard-Zimmer befinden sich in einem Nebengeb\u00e4ude, etwa 600m vom Hauptgeb\u00e4ude entfern, und haben eine Fl\u00e4che von ca. 23m \u00b2. Die Zimmer stehen auch als Einzelzimmer zur Verf\u00fcgung.<\/p>\n<p>[\/vc_column_text][\/vc_column][vc_column width=&#8220;1\/3&#8243;][vc_column_text]<\/p>\n<h2 style=\"text-align: center;\"><a class=\"button button_theme\" href=\"\/?page_id=2815\">Deluxe Zimmer<\/a><\/h2>\n<p style=\"text-align: center;\"><a href=\"\/?page_id=2815\"><img loading=\"lazy\" decoding=\"async\" class=\"aligncenter wp-image-3581 size-medium\" src=\"http:\/\/monnaber.com\/wp-content\/uploads\/2015\/05\/monnaber_nou_accomodation_deluxe-300x163.jpg\" alt=\"- -\" width=\"300\" height=\"163\" title=\"- -\" srcset=\"https:\/\/monnaber.com\/wp-content\/uploads\/2015\/05\/monnaber_nou_accomodation_deluxe-300x163.jpg 300w, https:\/\/monnaber.com\/wp-content\/uploads\/2015\/05\/monnaber_nou_accomodation_deluxe-260x141.jpg 260w, https:\/\/monnaber.com\/wp-content\/uploads\/2015\/05\/monnaber_nou_accomodation_deluxe-50x27.jpg 50w, https:\/\/monnaber.com\/wp-content\/uploads\/2015\/05\/monnaber_nou_accomodation_deluxe-138x75.jpg 138w, https:\/\/monnaber.com\/wp-content\/uploads\/2015\/05\/monnaber_nou_accomodation_deluxe.jpg 700w\" sizes=\"auto, (max-width:767px) 300px, 300px\" \/><\/a><br \/>\nUnsere eleganten Deluxe Zimmer im Hauptgeb\u00e4ude vermitteln das einzigartige Flair unseres Hauses und erf\u00fcllen jeglichen Anspruch an Komfort.mit einer Fl\u00e4che von ca. 25 m\u00b2. Die Deluxe Zimmer stehen Ihnen auch als Einzelzimmer zur Verf\u00fcgung.<\/p>\n<p>[\/vc_column_text][\/vc_column][vc_column width=&#8220;1\/3&#8243;][vc_column_text]<\/p>\n<h2 style=\"text-align: center;\"><a class=\"button button_theme\" href=\"\/?page_id=2823\">Suiten<\/a><\/h2>\n<p style=\"text-align: center;\"><a href=\"\/?page_id=2823\"><img loading=\"lazy\" decoding=\"async\" class=\"aligncenter wp-image-113 size-medium\" src=\"http:\/\/monnaber.com\/wp-content\/uploads\/2015\/05\/suite-1-300x163.jpg\" alt=\"suite-1\" width=\"300\" height=\"163\" title=\"- -\" srcset=\"https:\/\/monnaber.com\/wp-content\/uploads\/2015\/05\/suite-1-300x163.jpg 300w, https:\/\/monnaber.com\/wp-content\/uploads\/2015\/05\/suite-1-260x142.jpg 260w, https:\/\/monnaber.com\/wp-content\/uploads\/2015\/05\/suite-1-50x27.jpg 50w, https:\/\/monnaber.com\/wp-content\/uploads\/2015\/05\/suite-1-576x314.jpg 576w, https:\/\/monnaber.com\/wp-content\/uploads\/2015\/05\/suite-1-138x75.jpg 138w, https:\/\/monnaber.com\/wp-content\/uploads\/2015\/05\/suite-1.jpg 793w\" sizes=\"auto, (max-width:767px) 300px, 300px\" \/><\/a><br \/>\nF\u00fcr mehr Individualit\u00e4t stehen unsere gro\u00dfz\u00fcgigen Suiten (ca. 35 m\u00b2), mit separatem Wohnzimmer und gro\u00dfem Schlafzimmer zur Verf\u00fcgung. Die Suiten sind im mallorquinischen Stil rustikal eingerichtet und bieten einen traumhaften Ausblick.<\/p>\n<p>[\/vc_column_text][\/vc_column][\/vc_row][vc_row][vc_column width=&#8220;1\/3&#8243;][vc_column_text]<\/p>\n<h2 style=\"text-align: center;\"><a class=\"button button_theme\" href=\"\/?page_id=2800\">Suite Apartment<\/a><\/h2>\n<p style=\"text-align: center;\"><a href=\"http:\/\/monnaber.com\/accomodation\/apartments\/suite-apartment\/\"><img loading=\"lazy\" decoding=\"async\" class=\"aligncenter size-medium wp-image-118\" src=\"http:\/\/monnaber.com\/wp-content\/uploads\/2015\/05\/apartment2a-1-300x163.jpg\" alt=\"apartment2a-1\" width=\"300\" height=\"163\" title=\"- -\" srcset=\"https:\/\/monnaber.com\/wp-content\/uploads\/2015\/05\/apartment2a-1-300x163.jpg 300w, https:\/\/monnaber.com\/wp-content\/uploads\/2015\/05\/apartment2a-1-260x142.jpg 260w, https:\/\/monnaber.com\/wp-content\/uploads\/2015\/05\/apartment2a-1-50x27.jpg 50w, https:\/\/monnaber.com\/wp-content\/uploads\/2015\/05\/apartment2a-1-576x314.jpg 576w, https:\/\/monnaber.com\/wp-content\/uploads\/2015\/05\/apartment2a-1-138x75.jpg 138w, https:\/\/monnaber.com\/wp-content\/uploads\/2015\/05\/apartment2a-1.jpg 793w\" sizes=\"auto, (max-width:767px) 300px, 300px\" \/><\/a><br \/>\nSchlafzimmer, Wohnzimmer mit K\u00fcche und Balkon. (Gesamtfl\u00e4che ca. 32m\u00b2)<\/p>\n<p>[\/vc_column_text][\/vc_column][vc_column width=&#8220;1\/3&#8243;][vc_column_text]<\/p>\n<h2 class=\"title\" style=\"text-align: center;\"><a class=\"button button_theme\" href=\"\/?page_id=2803\">Superior Apartment<\/a><\/h2>\n<p style=\"text-align: center;\"><a href=\"\/?page_id=2803\"><img loading=\"lazy\" decoding=\"async\" class=\"alignnone wp-image-3591 size-medium\" src=\"http:\/\/monnaber.com\/wp-content\/uploads\/2015\/05\/monnaber_nou_accomodation_ap_superior-300x163.jpg\" alt=\"- -\" width=\"300\" height=\"163\" title=\"- -\" srcset=\"https:\/\/monnaber.com\/wp-content\/uploads\/2015\/05\/monnaber_nou_accomodation_ap_superior-300x163.jpg 300w, https:\/\/monnaber.com\/wp-content\/uploads\/2015\/05\/monnaber_nou_accomodation_ap_superior-260x142.jpg 260w, https:\/\/monnaber.com\/wp-content\/uploads\/2015\/05\/monnaber_nou_accomodation_ap_superior-50x27.jpg 50w, https:\/\/monnaber.com\/wp-content\/uploads\/2015\/05\/monnaber_nou_accomodation_ap_superior-138x75.jpg 138w, https:\/\/monnaber.com\/wp-content\/uploads\/2015\/05\/monnaber_nou_accomodation_ap_superior.jpg 700w\" sizes=\"auto, (max-width:767px) 300px, 300px\" \/><\/a><br \/>\nSeparates Schlafzimmer, gro\u00dfes Wohnzimmer mit K\u00fcche und privater Terrasse. (Gesamtfl\u00e4che ca. 40m\u00b2).<\/p>\n<p>[\/vc_column_text][\/vc_column][vc_column width=&#8220;1\/3&#8243;][vc_column_text]<\/p>\n<h2 class=\"title\" style=\"text-align: center;\"><a class=\"button button_theme\" href=\"\/?page_id=2797\">Familienapartment<\/a><\/h2>\n<p><a href=\"\/?page_id=2797\"><img loading=\"lazy\" decoding=\"async\" class=\"aligncenter wp-image-3597 size-medium\" src=\"http:\/\/monnaber.com\/wp-content\/uploads\/2015\/05\/monnaber_nou_accomodation_ap_familiar-300x163.jpg\" alt=\"- -\" width=\"300\" height=\"163\" title=\"- -\" srcset=\"https:\/\/monnaber.com\/wp-content\/uploads\/2015\/05\/monnaber_nou_accomodation_ap_familiar-300x163.jpg 300w, https:\/\/monnaber.com\/wp-content\/uploads\/2015\/05\/monnaber_nou_accomodation_ap_familiar-260x141.jpg 260w, https:\/\/monnaber.com\/wp-content\/uploads\/2015\/05\/monnaber_nou_accomodation_ap_familiar-50x27.jpg 50w, https:\/\/monnaber.com\/wp-content\/uploads\/2015\/05\/monnaber_nou_accomodation_ap_familiar-138x75.jpg 138w, https:\/\/monnaber.com\/wp-content\/uploads\/2015\/05\/monnaber_nou_accomodation_ap_familiar.jpg 700w\" sizes=\"auto, (max-width:767px) 300px, 300px\" \/><\/a><\/p>\n<p style=\"text-align: center;\">Zwei getrennte Schlafzimmer, gro\u00dfes Wohnzimmer mit K\u00fcche und privater Terrasse. (Gesamtfl\u00e4che ca. 52m\u00b2)<\/p>\n<p>[\/vc_column_text][\/vc_column][\/vc_row][vc_row][vc_column width=&#8220;3\/4&#8243;][vc_column_text]<\/p>\n<h2 style=\"text-align: center;\"><a class=\"button button_theme\" href=\"\/?page_id=5113\">Villa S&#8217;Era<\/a><\/h2>\n<p><a href=\"\/?page_id=5113\"><img loading=\"lazy\" decoding=\"async\" class=\"alignnone wp-image-3595 size-full\" src=\"https:\/\/monnaber.com\/wp-content\/uploads\/2018\/08\/villaera-1principal-1024x684.jpg\" alt=\"- -\" width=\"700\" height=\"380\" title=\"- -\"><\/a><\/p>\n<p>Die Vila \u201cS\u00b4era\u201d ist ein modernes, idyllisch gelegenes Landhaus mit etwa 160m2 Fl\u00e4che. Das Haus bietet zwei seperate Schlafzimmer, zwei Badezimmer, ein grosses Wohnzimmer, eine K\u00fcche mit Essbereich, sowie grosse Terrassen auf verschiedenen Seiten des Hauses. Die Villa befindet sich auf dem selben Gel\u00e4nde wie das zirka 700m entfernte Hauptgeb\u00e4ude.[\/vc_column_text][\/vc_column][vc_column width=&#8220;1\/4&#8243;]<div class=\"infobox\" ><h3 class=\"title \">Acomodations Services ****<\/h3><div class=\"infobox_wrapper\"><span class=\"ib-desc\"><\/p>\n<ul>\n<li>Satellite TV<\/li>\n<li>Safety Box<\/li>\n<li>Air Conditioning<\/li>\n<li>Heating<\/li>\n<li>Minibar<\/li>\n<li>Telephone<\/li>\n<li>Hairdryer and Bathrobe<\/li>\n<li>Full bathroom with Amenities<\/li>\n<li>Wireless internet<\/li>\n<\/ul>\n<p><\/span><\/div><\/div>\n[\/vc_column][\/vc_row]<\/p>\n<\/div>","protected":false},"excerpt":{"rendered":"<p>[vc_row css=&#8220;.vc_custom_1431360536519{margin-top: 10px !important;}&#8220;][vc_column][vc_widget_sidebar sidebar_id=&#8220;sidebar-book-de&#8220;][\/vc_column][\/vc_row][vc_row][vc_column width=&#8220;1\/3&#8243;][vc_column_text] Zimmer mit Balkon oder Terrasse Unsere Zimmer mit Balkon oder Terrasse verf\u00fcgen \u00fcber alle Annehmlichkeiten und Serviceleistungen, wie die restlichen<span class=\"excerpt-hellip\"> [\u2026]<\/span><\/p>\n","protected":false},"author":1,"featured_media":0,"parent":0,"menu_order":0,"comment_status":"open","ping_status":"closed","template":"","meta":{"footnotes":""},"class_list":["post-2774","page","type-page","status-publish","hentry"],"_links":{"self":[{"href":"https:\/\/monnaber.com\/de\/wp-json\/wp\/v2\/pages\/2774","targetHints":{"allow":["GET"]}}],"collection":[{"href":"https:\/\/monnaber.com\/de\/wp-json\/wp\/v2\/pages"}],"about":[{"href":"https:\/\/monnaber.com\/de\/wp-json\/wp\/v2\/types\/page"}],"author":[{"embeddable":true,"href":"https:\/\/monnaber.com\/de\/wp-json\/wp\/v2\/users\/1"}],"replies":[{"embeddable":true,"href":"https:\/\/monnaber.com\/de\/wp-json\/wp\/v2\/comments?post=2774"}],"version-history":[{"count":0,"href":"https:\/\/monnaber.com\/de\/wp-json\/wp\/v2\/pages\/2774\/revisions"}],"wp:attachment":[{"href":"https:\/\/monnaber.com\/de\/wp-json\/wp\/v2\/media?parent=2774"}],"curies":[{"name":"wp","href":"https:\/\/api.w.org\/{rel}","templated":true}]}}