{"id":2548,"date":"2015-10-22T12:32:32","date_gmt":"2015-10-22T10:32:32","guid":{"rendered":"http:\/\/monnaber.com\/de\/hiking\/"},"modified":"2023-05-16T17:34:11","modified_gmt":"2023-05-16T15:34:11","slug":"wandern-finca-landhotel-mallorca","status":"publish","type":"page","link":"https:\/\/monnaber.com\/de\/freizeit-finca-landhotel-mallorca\/wandern-finca-landhotel-mallorca\/","title":{"rendered":"Wandern"},"content":{"rendered":"<div class=\"wpb-content-wrapper\"><p>[vc_row][vc_column][vc_widget_sidebar sidebar_id=&#8220;sidebar-book-de&#8220;][\/vc_column][\/vc_row][vc_row][vc_column width=&#8220;1\/2&#8243;][vc_column_text]<\/p>\n<h2 style=\"text-align: center;\"><a class=\"button button_theme\" href=\"\/?page_id=7494\">Campanet<\/a><\/h2>\n<p><a href=\"\/?page_id=7494\"><img loading=\"lazy\" decoding=\"async\" class=\"aligncenter wp-image-3573 size-medium\" src=\"\/wp-content\/uploads\/2019\/06\/CIMG0899web.jpg\" alt=\"- -\" width=\"300\" height=\"163\" title=\"- -\"><\/a><\/p>\n<p style=\"text-align: center;\"><em>Entdecken Sie Campanetmit seinen Gassen, Wegen und seinen Pl\u00e4tzen. Ein besonderes Dorf am Anfang der Tramtana Gebirge ( Weltkulturerbe der Menschheit)<\/em><\/p>\n<p>[\/vc_column_text][\/vc_column][vc_column width=&#8220;1\/2&#8243;][vc_column_text]<\/p>\n<h2 style=\"text-align: center;\"><a class=\"button button_theme\" href=\"\/?page_id=7553\">Penya d\u00b4es Migdia<\/a><\/h2>\n<p><a href=\"\/?page_id=7553\"><img loading=\"lazy\" decoding=\"async\" class=\"wp-image-3573 size-medium aligncenter\" src=\"\/wp-content\/uploads\/2019\/06\/penya-des-migdia.jpg\" alt=\"- -\" width=\"300\" height=\"163\" title=\"- -\"><\/a><\/p>\n<p style=\"text-align: center;\">Nachsinnen \u00fcber das Tal von &#8222;Sant Miquel&#8220; von der H\u00f6he des Berges &#8222;Puig des Migdia&#8220; bietet einen herrlichen Blick auf die gesamte Umgebung des Hotels und genie\u00dfen Sie die Natur des mediterranen Klimas<\/p>\n<p>[\/vc_column_text][\/vc_column][\/vc_row][vc_row][vc_column width=&#8220;1\/2&#8243;][vc_column_text]<\/p>\n<h2 style=\"text-align: center;\"><a class=\"button button_theme\" href=\"\/?page_id=7605\">Lluc \u2013 Binifaldo<\/a><\/h2>\n<p><a href=\"\/?page_id=7605\"><img loading=\"lazy\" decoding=\"async\" class=\"aligncenter wp-image-3573 size-medium\" src=\"\/wp-content\/uploads\/2019\/06\/CIMG1053web.jpg\" alt=\"- -\" width=\"300\" height=\"163\" title=\"- -\"><\/a><\/p>\n<p style=\"text-align: center;\"><em>Die Mystik und Sch\u00f6nheit der Natur in der Serra de Tramontana vereinen sich in einem konkreten Ort auf Mallorca, dieser Ort ist Lluc. Eine Aussicht die dazu Verpflichtet das Herz der Insel zu sp\u00fcren und das urspr\u00fcngliche Mallorca ein zu Atmen.<\/em><\/p>\n<p>[\/vc_column_text][\/vc_column][vc_column width=&#8220;1\/2&#8243;][vc_column_text]<\/p>\n<h2 style=\"text-align: center;\"><a class=\"button button_theme\" href=\"\/?page_id=7637\">Puig Galileu<\/a><\/h2>\n<p><a href=\"\/?page_id=7637\"><img loading=\"lazy\" decoding=\"async\" class=\"aligncenter wp-image-3573 size-medium\" src=\"\/wp-content\/uploads\/2019\/06\/CIMG1024web.jpg\" alt=\"- -\" width=\"300\" height=\"163\" title=\"- -\"><\/a><\/p>\n<p style=\"text-align: center;\"><em>Es gibt wenig Vergleichbares mit der Sensation die man bekommt, beim Aufstieg auf den \u201cd\u2019en Galileu\u201d. Auf dem steinigen Aussichtspunkt, kurz vor dem Gipfel, mit seinen pr\u00e4chtigen Ausblicken \u00fcberMallorca und dem Mittelmeer im im Hintegrund.<\/em><\/p>\n<p>[\/vc_column_text][\/vc_column][\/vc_row][vc_row][vc_column][vc_column_text]<\/p>\n<p style=\"text-align: center;\">Das Hotel ist der perfekte Ausgangspunkt f\u00fcr intensive Wanderungen in das atemberaubende \u201cSerra de Tramuntana\u201d Gebirge und um unz\u00e4hlige weitere Wanderwege zu entdecken. Eine Vielzahl von Routen f\u00fcr jeden Geschmack und alle Leistungsniveaus stehen zur Auswahl.<\/p>\n<p style=\"text-align: center;\"><strong>Das Hotelteam hilft Ihnen gerne Ihre pers\u00f6nliche Route zu planen.<\/strong><\/p>\n<p>[\/vc_column_text][\/vc_column][\/vc_row][vc_row][vc_column][vc_video link=&#8220;https:\/\/vimeo.com\/33121164&#8243;][\/vc_column][\/vc_row][vc_row][vc_column][vc_column_text]<\/p>\n<p>[\/vc_column_text][\/vc_column][\/vc_row]<\/p>\n<\/div>","protected":false},"excerpt":{"rendered":"<p>[vc_row][vc_column][vc_widget_sidebar sidebar_id=&#8220;sidebar-book-de&#8220;][\/vc_column][\/vc_row][vc_row][vc_column width=&#8220;1\/2&#8243;][vc_column_text] Campanet Entdecken Sie Campanetmit seinen Gassen, Wegen und seinen Pl\u00e4tzen. Ein besonderes Dorf am Anfang der Tramtana Gebirge ( Weltkulturerbe der Menschheit) [\/vc_column_text][\/vc_column][vc_column<span class=\"excerpt-hellip\"> [\u2026]<\/span><\/p>\n","protected":false},"author":1,"featured_media":0,"parent":2874,"menu_order":0,"comment_status":"open","ping_status":"open","template":"","meta":{"footnotes":""},"class_list":["post-2548","page","type-page","status-publish","hentry"],"_links":{"self":[{"href":"https:\/\/monnaber.com\/de\/wp-json\/wp\/v2\/pages\/2548","targetHints":{"allow":["GET"]}}],"collection":[{"href":"https:\/\/monnaber.com\/de\/wp-json\/wp\/v2\/pages"}],"about":[{"href":"https:\/\/monnaber.com\/de\/wp-json\/wp\/v2\/types\/page"}],"author":[{"embeddable":true,"href":"https:\/\/monnaber.com\/de\/wp-json\/wp\/v2\/users\/1"}],"replies":[{"embeddable":true,"href":"https:\/\/monnaber.com\/de\/wp-json\/wp\/v2\/comments?post=2548"}],"version-history":[{"count":0,"href":"https:\/\/monnaber.com\/de\/wp-json\/wp\/v2\/pages\/2548\/revisions"}],"up":[{"embeddable":true,"href":"https:\/\/monnaber.com\/de\/wp-json\/wp\/v2\/pages\/2874"}],"wp:attachment":[{"href":"https:\/\/monnaber.com\/de\/wp-json\/wp\/v2\/media?parent=2548"}],"curies":[{"name":"wp","href":"https:\/\/api.w.org\/{rel}","templated":true}]}}