{"id":7752,"date":"2019-06-19T13:40:38","date_gmt":"2019-06-19T11:40:38","guid":{"rendered":"https:\/\/monnaber.com\/?page_id=7752"},"modified":"2022-02-11T10:59:30","modified_gmt":"2022-02-11T09:59:30","slug":"ruta-puig-galileu","status":"publish","type":"page","link":"https:\/\/monnaber.com\/ca\/ruta-puig-galileu\/","title":{"rendered":"Ruta Puig Galileu"},"content":{"rendered":"<div class=\"wpb-content-wrapper\"><p>[vc_row][vc_column][vc_widget_sidebar sidebar_id=&#8221;sidebar-book-ca&#8221;][\/vc_column][\/vc_row][vc_row css=&#8221;.vc_custom_1431360458683{margin-top: 10px !important;}&#8221;][vc_column width=&#8221;2\/3&#8243;]<div class=\"fancy_heading fancy_heading_line\"><div class=\"fh-top\"><span class=\"slogan\">Ruta Son Masip \u2013 Puig Galileu<\/span><\/div><h2 class=\"title\">Puig Galileu<\/h2><\/div>\n[vc_column_text]<\/p>\n<h3 style=\"text-align: center;\"><strong>INFORMACI\u00d3<\/strong><\/h3>\n<p>El que avui \u00e9s una de les rutes excursionistes per excel\u00b7l\u00e8ncia de la Serra de Tramuntana, temps enrere era el cam\u00ed que empraven els nostres avantpassats quan an\u00e0veu a peu de Lluc a S\u00f3ller, o amb carro a cercar carb\u00f3, o amb una somera o bou per nevatejar.<br \/>\nSeguint les indicacions del cam\u00ed, no t\u00e9 p\u00e8rdua, per\u00f2 cal tenir un m\u00ednim de bona forma f\u00edsica per l\u2019important desnivell de l\u2019itinerari.<br \/>\nIniciem la ruta des de la urbanitzaci\u00f3 de Son Macip, on hi ha lloc per deixar-hi el nostra cotxe. Aquesta ruta tamb\u00e9 es pot iniciar des de la Font Coberta al costat de l\u2019aparcament de Lluc.<br \/>\nPassem pel l\u2019alzinar de la finca p\u00fablica de Son Macip, un dels m\u00e9s emblem\u00e0tics de la Serra, on podrem trobar, gaireb\u00e9 a cada passa, rotlos de sitja i barraques, antics testimonis de la activitat carbonera que hi hagu\u00e9 antigament en aquest bosc emblem\u00e0tic.<br \/>\nEl cam\u00ed carreter acaba al peu de ses Voltes d\u2019en Galileu. El top\u00f2nim fa referencia als revolts que fa el cam\u00ed per salvar els 250 metres de desnivell i al malnom de qui el va construir, Antoni Catal\u00e0 &lt;&lt;Galileu&gt;&gt;, que l\u2019any 1692 es compromet\u00e9 a fer de nou les cases de neu.<\/p>\n<p><img loading=\"lazy\" decoding=\"async\" class=\"aligncenter wp-image-7657 size-large\" src=\"https:\/\/monnaber.com\/wp-content\/uploads\/2019\/06\/Galileu-gallery-web010-1024x768.jpg\" alt=\"- -\" width=\"1024\" height=\"768\" title=\"- -\" srcset=\"https:\/\/monnaber.com\/wp-content\/uploads\/2019\/06\/Galileu-gallery-web010-1024x768.jpg 1024w, https:\/\/monnaber.com\/wp-content\/uploads\/2019\/06\/Galileu-gallery-web010-300x225.jpg 300w, https:\/\/monnaber.com\/wp-content\/uploads\/2019\/06\/Galileu-gallery-web010-768x576.jpg 768w, https:\/\/monnaber.com\/wp-content\/uploads\/2019\/06\/Galileu-gallery-web010-195x146.jpg 195w, https:\/\/monnaber.com\/wp-content\/uploads\/2019\/06\/Galileu-gallery-web010-50x38.jpg 50w, https:\/\/monnaber.com\/wp-content\/uploads\/2019\/06\/Galileu-gallery-web010-100x75.jpg 100w, https:\/\/monnaber.com\/wp-content\/uploads\/2019\/06\/Galileu-gallery-web010.jpg 1440w\" sizes=\"auto, (max-width:767px) 480px, (max-width:1024px) 100vw, 1024px\" \/><\/p>\n<h3 style=\"text-align: center;\"><strong>RUTOMETRE<\/strong><\/h3>\n<p><strong>Per dur a terme aquesta ruta, ens hem de despla\u00e7a fins a Lluc amb cotxe o b\u00e9 fins a la urbanitzaci\u00f3 de Son Masip. Per anar-hi sortirem de k l\u2019hotel en direcci\u00f3 Caimari i d\u2019all\u00e0 pujarem per la carretera fins el Coll de sa Batalla on podem anar o b\u00e9 cap a Lluc o directe a la urbanitzaci\u00f3 de Son Masip.<\/strong><\/p>\n<p><strong>\u00a0<\/strong><\/p>\n<p><strong>Km0 WP01 SORTIDA SON MASIP<\/strong><\/p>\n<p>Opci\u00f3 A, sortida des de Lluc i seguir els indicadors cap a Puig Galileu.<\/p>\n<p>Opci\u00f3 B, sortir des de Son Masip. Nosaltres hem elegit la opci\u00f3 B.<\/p>\n<p>L\u2019itinerari transcorre per la ruta GR-221 (Ruta de Pedra en Sec).<\/p>\n<p>Seguim el cam\u00ed amb les indicacions que t\u00e9 el mateix en direcci\u00f3 voltes d\u2019en Galileu o Puig Galileu.<\/p>\n<ol>\n<li>Inicia\u2019m ruta per dins de l\u2019alzina de Son Masip.<\/li>\n<li>Seguim per les fites de la ruta (\u00e9s una ruta molt senyalitzada i molt transitada)<\/li>\n<\/ol>\n<p>&nbsp;<\/p>\n<p><strong>WP02 CASES DE NEU DE SON MASIP<\/strong><\/p>\n<ol>\n<li>A la dreta del cam\u00ed hi ha les cases de neu de Son Masip.<\/li>\n<li>Deixant les cases a la dreta, seguim pujant pel cam\u00ed<\/li>\n<li>Continua\u2019m per dintre l\u2019alzinar.<\/li>\n<\/ol>\n<p>&nbsp;<\/p>\n<p><strong>WP03 VOLTES D\u2019EN GALILEU<\/strong><\/p>\n<ol>\n<li>Inicia\u2019m la pujada a les voltes, cam\u00ed de pedres.<\/li>\n<li>El cam\u00ed va realitzant girs a dreta i esquerra amb una forta pujada.<\/li>\n<li>Seguim fins a la plana<\/li>\n<\/ol>\n<p>&nbsp;<\/p>\n<p><strong>WP04 PLANA<\/strong><\/p>\n<ol>\n<li>Sortim de les voltes d\u2019en Galileu<\/li>\n<li>Arriba\u2019m a una zona de plana, plena de c\u00e0rritx.<\/li>\n<li>Continua\u2019m en direcci\u00f3 les cases de neu d\u2019en Galileu<\/li>\n<\/ol>\n<p>&nbsp;<\/p>\n<p><strong>WP05 CASES DE NEU D\u2019EN GALILEU<\/strong><\/p>\n<ol>\n<li>Seguint els indicadors arriba\u2019m a les cases.<\/li>\n<li>Les cases es troben restaurades i just abans de comen\u00e7ar l\u2019ascens al cim.<\/li>\n<li>Continua\u2019m cap al cim.<\/li>\n<\/ol>\n<p>&nbsp;<\/p>\n<p><strong>WP06 PUIG D\u2019EN GALILEU<\/strong><\/p>\n<ol>\n<li>Cim, per arribar-hi s\u2019ha de pujar per unes roques grans (alerta, perqu\u00e8 hi ha perill de caure)<\/li>\n<li>La ruta de retorn \u00e9s la mateixa per la qual hem arribat al cim.<\/li>\n<\/ol>\n<h3 style=\"text-align: center;\"><strong>FI DE L\u2019EXCURSI\u00d3<\/strong><\/h3>\n<p>[\/vc_column_text][\/vc_column][vc_column width=&#8221;1\/3&#8243;][vc_column_text]<img loading=\"lazy\" decoding=\"async\" class=\"aligncenter wp-image-7499 size-medium\" src=\"https:\/\/monnaber.com\/wp-content\/uploads\/2019\/06\/Hiking-icon-monnaber-300x300.jpg\" alt=\"- -\" width=\"300\" height=\"300\" title=\"- -\" srcset=\"https:\/\/monnaber.com\/wp-content\/uploads\/2019\/06\/Hiking-icon-monnaber-300x300.jpg 300w, https:\/\/monnaber.com\/wp-content\/uploads\/2019\/06\/Hiking-icon-monnaber-150x150.jpg 150w, https:\/\/monnaber.com\/wp-content\/uploads\/2019\/06\/Hiking-icon-monnaber-768x768.jpg 768w, https:\/\/monnaber.com\/wp-content\/uploads\/2019\/06\/Hiking-icon-monnaber-146x146.jpg 146w, https:\/\/monnaber.com\/wp-content\/uploads\/2019\/06\/Hiking-icon-monnaber-50x50.jpg 50w, https:\/\/monnaber.com\/wp-content\/uploads\/2019\/06\/Hiking-icon-monnaber-75x75.jpg 75w, https:\/\/monnaber.com\/wp-content\/uploads\/2019\/06\/Hiking-icon-monnaber-85x85.jpg 85w, https:\/\/monnaber.com\/wp-content\/uploads\/2019\/06\/Hiking-icon-monnaber-80x80.jpg 80w, https:\/\/monnaber.com\/wp-content\/uploads\/2019\/06\/Hiking-icon-monnaber.jpg 1024w\" sizes=\"auto, (max-width:767px) 300px, 300px\" \/>[\/vc_column_text][vc_single_image image=&#8221;7533&#8243; img_size=&#8221;full&#8221; alignment=&#8221;center&#8221;]<div class=\"infobox\" ><h3 class=\"title \">Prepari l\u2019excursi\u00f3:<\/h3><div class=\"infobox_wrapper\"><span class=\"ib-desc\">&#8211; Utilitzi cal\u00e7at adequat<br \/>\n&#8211; Es recomana utilitzar bastons<br \/>\n&#8211; Porti sempre un capell o un mocador per protegir-se del sol<br \/>\n&#8211; Utilitzi protector solar<br \/>\n&#8211; Porti almenys 2 litres d\u2019aigua<br \/>\n&#8211; Hidratar-se cada 30 minuts<br \/>\n&#8211; Porti sempre un impermeable o roba d\u2019abric<br \/>\n&#8211; No deixi residus<br \/>\n&#8211; Respecti els camins i les descripcions que l\u2019acompanyen<br \/>\n&#8211; No molesti els animals de la zona<br \/>\n&#8211; Respecti a la flora de la zona<br \/>\n&#8211; No faci foc i tingui especial precauci\u00f3 amb els cigarrets<\/p>\n<p><\/span><\/div><\/div>\n[vc_column_text]<img loading=\"lazy\" decoding=\"async\" class=\"wp-image-7645 size-medium aligncenter\" src=\"https:\/\/monnaber.com\/wp-content\/uploads\/2019\/06\/Galileu-doc-web002-300x228.jpg\" alt=\"- -\" width=\"300\" height=\"228\" title=\"- -\" srcset=\"https:\/\/monnaber.com\/wp-content\/uploads\/2019\/06\/Galileu-doc-web002-300x228.jpg 300w, https:\/\/monnaber.com\/wp-content\/uploads\/2019\/06\/Galileu-doc-web002-193x146.jpg 193w, https:\/\/monnaber.com\/wp-content\/uploads\/2019\/06\/Galileu-doc-web002-50x38.jpg 50w, https:\/\/monnaber.com\/wp-content\/uploads\/2019\/06\/Galileu-doc-web002-99x75.jpg 99w, https:\/\/monnaber.com\/wp-content\/uploads\/2019\/06\/Galileu-doc-web002.jpg 385w\" sizes=\"auto, (max-width:767px) 300px, 300px\" \/>[\/vc_column_text][vc_empty_space]<div class=\"infobox\" ><h3 class=\"title \">dades de la ruta<\/h3><div class=\"infobox_wrapper\"><span class=\"ib-desc\">Dist\u00e0ncia:<br \/>\n7km<\/p>\n<p>Duraci\u00f3:<br \/>\n3 horas<\/p>\n<p>Desnivell Positiu:<br \/>\n505<\/p>\n<p>Desnivell negatiu:<br \/>\n505<\/p>\n<p>Dificultat:<br \/>\nAlta ****<\/p>\n<p>Altura m\u00e1xima:<br \/>\n1.180m<\/p>\n<p>Altura m\u00ednima<br \/>\n700m<br \/>\n<\/span><\/div><\/div>\n[vc_column_text]<img loading=\"lazy\" decoding=\"async\" class=\"wp-image-7647 size-medium aligncenter\" src=\"https:\/\/monnaber.com\/wp-content\/uploads\/2019\/06\/Galileu-doc-web004-300x241.jpg\" alt=\"- -\" width=\"300\" height=\"241\" title=\"- -\" srcset=\"https:\/\/monnaber.com\/wp-content\/uploads\/2019\/06\/Galileu-doc-web004-300x241.jpg 300w, https:\/\/monnaber.com\/wp-content\/uploads\/2019\/06\/Galileu-doc-web004-182x146.jpg 182w, https:\/\/monnaber.com\/wp-content\/uploads\/2019\/06\/Galileu-doc-web004-50x40.jpg 50w, https:\/\/monnaber.com\/wp-content\/uploads\/2019\/06\/Galileu-doc-web004-93x75.jpg 93w, https:\/\/monnaber.com\/wp-content\/uploads\/2019\/06\/Galileu-doc-web004.jpg 627w\" sizes=\"auto, (max-width:767px) 300px, 300px\" \/>[\/vc_column_text][vc_column_text]<\/p>\n<p style=\"text-align: center;\"><a href=\"\/wp-content\/uploads\/2019\/06\/8-Puig-Galileu-castellano.pdf\" target=\"_blank\" rel=\"noopener\"><img loading=\"lazy\" decoding=\"async\" class=\"aligncenter wp-image-7592 size-thumbnail\" src=\"https:\/\/monnaber.com\/wp-content\/uploads\/2019\/06\/pdf-150x150.png\" alt=\"- -\" width=\"150\" height=\"150\" title=\"- -\" srcset=\"https:\/\/monnaber.com\/wp-content\/uploads\/2019\/06\/pdf-150x150.png 150w, https:\/\/monnaber.com\/wp-content\/uploads\/2019\/06\/pdf-300x300.png 300w, https:\/\/monnaber.com\/wp-content\/uploads\/2019\/06\/pdf-146x146.png 146w, https:\/\/monnaber.com\/wp-content\/uploads\/2019\/06\/pdf-50x50.png 50w, https:\/\/monnaber.com\/wp-content\/uploads\/2019\/06\/pdf-75x75.png 75w, https:\/\/monnaber.com\/wp-content\/uploads\/2019\/06\/pdf-85x85.png 85w, https:\/\/monnaber.com\/wp-content\/uploads\/2019\/06\/pdf-80x80.png 80w, https:\/\/monnaber.com\/wp-content\/uploads\/2019\/06\/pdf.png 512w\" sizes=\"auto, (max-width:767px) 150px, 150px\" \/><\/a>Download PDF<\/p>\n<p>[\/vc_column_text][\/vc_column][\/vc_row][vc_row][vc_column][vc_gallery type=&#8221;flexslider_slide&#8221; interval=&#8221;0&#8243; images=&#8221;7658,7656,7655,7654,7651,7650,7648&#8243; img_size=&#8221;large&#8221; onclick=&#8221;&#8221;][vc_empty_space][vc_column_text]<\/p>\n<h2 style=\"text-align: center;\">Altres rutes<\/h2>\n<p>[\/vc_column_text][\/vc_column][\/vc_row][vc_row][vc_column width=&#8221;1\/4&#8243;]<div class=\"pricing-box  pricing-box-box\"><div class=\"plan-header\"><div class=\"image\"><img loading=\"lazy\" decoding=\"async\" class=\"scale-with-grid\" src=\"https:\/\/monnaber.com\/wp-content\/uploads\/2019\/06\/CIMG0899web.jpg\" alt=\"campanet-route\" width=\"1440\" height=\"1080\" title=\"- -\"><\/div><\/div><div class=\"plan-footer\"><a href=\"\/ca\/ruta-campanet\/\" class=\"button button_theme has-icon button_left\" target=\"_blank\" title=\"Campanet\"><span class=\"button_icon\"><i class=\"icon-info-circled\" aria-hidden=\"true\"><\/i><\/span><span class=\"button_label\">Campanet<\/span><\/a><\/div><\/div>\n[\/vc_column][vc_column width=&#8221;1\/4&#8243;]<div class=\"pricing-box  pricing-box-box\"><div class=\"plan-header\"><div class=\"image\"><img loading=\"lazy\" decoding=\"async\" class=\"scale-with-grid\" src=\"https:\/\/monnaber.com\/wp-content\/uploads\/2019\/06\/CIMG1053web.jpg\" alt=\"CIMG1053web\" width=\"1440\" height=\"1080\" title=\"- -\"><\/div><\/div><div class=\"plan-footer\"><a href=\"\/ca\/ruta-binifaldo\/\" class=\"button button_theme has-icon button_left\" target=\"_blank\" title=\"Lluc - Binifaldo\"><span class=\"button_icon\"><i class=\"icon-info-circled\" aria-hidden=\"true\"><\/i><\/span><span class=\"button_label\">Lluc - Binifaldo<\/span><\/a><\/div><\/div>\n[\/vc_column][vc_column width=&#8221;1\/4&#8243;]<div class=\"pricing-box  pricing-box-box\"><div class=\"plan-header\"><div class=\"image\"><img loading=\"lazy\" decoding=\"async\" class=\"scale-with-grid\" src=\"https:\/\/monnaber.com\/wp-content\/uploads\/2019\/06\/penya-des-migdia.jpg\" alt=\"penya-des-migdia\" width=\"1446\" height=\"1080\" title=\"- -\"><\/div><\/div><div class=\"plan-footer\"><a href=\"\/ca\/ruta-penya-des-migdia\/\" class=\"button button_theme has-icon button_left\" target=\"_blank\" title=\"Penya d\u00b4es Migdia\"><span class=\"button_icon\"><i class=\"icon-info-circled\" aria-hidden=\"true\"><\/i><\/span><span class=\"button_label\">Penya d\u00b4es Migdia<\/span><\/a><\/div><\/div>\n[\/vc_column][vc_column width=&#8221;1\/4&#8243;]<div class=\"pricing-box  pricing-box-featured pricing-box-box\"><div class=\"plan-header\"><div class=\"image\"><img loading=\"lazy\" decoding=\"async\" class=\"scale-with-grid\" src=\"https:\/\/monnaber.com\/wp-content\/uploads\/2019\/06\/CIMG1024web.jpg\" alt=\"CIMG1024web\" width=\"1440\" height=\"1080\" title=\"- -\"><\/div><h2 class=\"title \">Puig Galileu<\/h2><\/div><\/div>\n[\/vc_column][\/vc_row]<\/p>\n<\/div>","protected":false},"excerpt":{"rendered":"<p>[vc_row][vc_column][vc_widget_sidebar sidebar_id=&#8221;sidebar-book-ca&#8221;][\/vc_column][\/vc_row][vc_row css=&#8221;.vc_custom_1431360458683{margin-top: 10px !important;}&#8221;][vc_column width=&#8221;2\/3&#8243;][vc_column_text] INFORMACI\u00d3 El que avui \u00e9s una de les rutes excursionistes per excel\u00b7l\u00e8ncia de la Serra de Tramuntana, temps enrere era<span class=\"excerpt-hellip\"> [\u2026]<\/span><\/p>\n","protected":false},"author":1,"featured_media":0,"parent":0,"menu_order":0,"comment_status":"closed","ping_status":"closed","template":"","meta":{"footnotes":""},"class_list":["post-7752","page","type-page","status-publish","hentry"],"_links":{"self":[{"href":"https:\/\/monnaber.com\/ca\/wp-json\/wp\/v2\/pages\/7752","targetHints":{"allow":["GET"]}}],"collection":[{"href":"https:\/\/monnaber.com\/ca\/wp-json\/wp\/v2\/pages"}],"about":[{"href":"https:\/\/monnaber.com\/ca\/wp-json\/wp\/v2\/types\/page"}],"author":[{"embeddable":true,"href":"https:\/\/monnaber.com\/ca\/wp-json\/wp\/v2\/users\/1"}],"replies":[{"embeddable":true,"href":"https:\/\/monnaber.com\/ca\/wp-json\/wp\/v2\/comments?post=7752"}],"version-history":[{"count":0,"href":"https:\/\/monnaber.com\/ca\/wp-json\/wp\/v2\/pages\/7752\/revisions"}],"wp:attachment":[{"href":"https:\/\/monnaber.com\/ca\/wp-json\/wp\/v2\/media?parent=7752"}],"curies":[{"name":"wp","href":"https:\/\/api.w.org\/{rel}","templated":true}]}}