{"id":7750,"date":"2019-06-19T13:39:17","date_gmt":"2019-06-19T11:39:17","guid":{"rendered":"https:\/\/monnaber.com\/?page_id=7750"},"modified":"2022-02-11T10:59:14","modified_gmt":"2022-02-11T09:59:14","slug":"ruta-penya-des-migdia","status":"publish","type":"page","link":"https:\/\/monnaber.com\/ca\/ruta-penya-des-migdia\/","title":{"rendered":"Ruta Penya des Migdia"},"content":{"rendered":"<div class=\"wpb-content-wrapper\"><p>[vc_row][vc_column][vc_widget_sidebar sidebar_id=&#8221;sidebar-book-ca&#8221;][\/vc_column][\/vc_row][vc_row css=&#8221;.vc_custom_1431360458683{margin-top: 10px !important;}&#8221;][vc_column width=&#8221;2\/3&#8243;]<div class=\"fancy_heading fancy_heading_line\"><div class=\"fh-top\"><span class=\"slogan\">6km inolvidables \u2013 3 horas de puro trekking \u2013 780m de sensaciones incre\u00edbles<\/span><\/div><h2 class=\"title\">Penya d'es Migdia<\/h2><\/div>\n[vc_column_text]<\/p>\n<h3 style=\"text-align: center;\"><strong>INFORMACI\u00d3<\/strong><\/h3>\n<p>Una excursi\u00f3 curta per\u00f2 amb un desnivell positiu molt exigent fins el cim del Puig. La Penya d\u2019es Migdia \u00e9s la primera muntanya de la Serra de Tramuntana (Patrimoni de la Humanitat) m\u00e9s pr\u00f2xima a la zona de Monn\u00e0ber.<br \/>\nDespr\u00e9s d\u2019un curt recorregut per una pista de terra que separa la zona agr\u00edcola de la muntanya on s\u2019uneixen els garrovers i les oliveres camina\u2019m fins el habitualment sec Torrent de Carros.<br \/>\nDurant el primer tram de la ruta trobarem que comparteixen ruta durant uns metres la ruta groga i la blava. En aquesta ocasi\u00f3 seguirem la blava.<br \/>\nArribarem al Torrent de Carros on creuarem per sota un petit pont dins un alzinar t\u00edpic de la Serra, on obrirem I tancarem una barrera que sempre es troba tancada per respectar l\u2019activitat agr\u00edcola de la zona.<br \/>\nUna vegada superada la barrera continuarem per dins el torrent fins trobar el cartell de Puig d\u2019es Migdia, on iniciarem l\u2019ascens al puig.<\/p>\n<p>&nbsp;<\/p>\n<h3 style=\"text-align: center;\"><strong><img loading=\"lazy\" decoding=\"async\" class=\"aligncenter wp-image-7573 size-large\" src=\"https:\/\/monnaber.com\/wp-content\/uploads\/2019\/06\/Gallery-migdia014-1024x765.jpg\" alt=\"- -\" width=\"1024\" height=\"765\" title=\"- -\" srcset=\"https:\/\/monnaber.com\/wp-content\/uploads\/2019\/06\/Gallery-migdia014-1024x765.jpg 1024w, https:\/\/monnaber.com\/wp-content\/uploads\/2019\/06\/Gallery-migdia014-300x224.jpg 300w, https:\/\/monnaber.com\/wp-content\/uploads\/2019\/06\/Gallery-migdia014-768x574.jpg 768w, https:\/\/monnaber.com\/wp-content\/uploads\/2019\/06\/Gallery-migdia014-195x146.jpg 195w, https:\/\/monnaber.com\/wp-content\/uploads\/2019\/06\/Gallery-migdia014-50x37.jpg 50w, https:\/\/monnaber.com\/wp-content\/uploads\/2019\/06\/Gallery-migdia014-100x75.jpg 100w, https:\/\/monnaber.com\/wp-content\/uploads\/2019\/06\/Gallery-migdia014.jpg 1446w\" sizes=\"auto, (max-width:767px) 480px, (max-width:1024px) 100vw, 1024px\" \/><\/strong><\/h3>\n<h3 style=\"text-align: center;\"><strong>RUTOM\u00c8TRE<\/strong><\/h3>\n<p>&nbsp;<\/p>\n<p><strong>Km0 WP M008 ENTRADA PRINCIPAL MONN\u00c0BER<\/strong><\/p>\n<ol>\n<li>Amb l\u2019esquena cap a l\u2019arc d\u2019entrada: girar a la dreta (baixant, direcci\u00f3 arc)<\/li>\n<li>Despr\u00e9s de 80m; creuer de camins: girar a la dreta (font a l\u2019esquerra, segueix cam\u00ed corba cap a la dreta)<\/li>\n<li>Despr\u00e9s de 70m, desviament: girar a l\u2019esquerra (cam\u00ed asfaltat)<\/li>\n<li>Despr\u00e9s de 40m; bifurcaci\u00f3 en T: girar a la dreta<\/li>\n<li>Despr\u00e9s de 100m; bifurcaci\u00f3 en Y: girar a l\u2019esquerra (passar per el punt verd de l\u2019hotel)<\/li>\n<li>Despr\u00e9s de 50m; barrera de ferro, segueix recta (ignorar desviament a la dreta)<\/li>\n<li>Despr\u00e9s de 50m, barrera de ferro: segueix recta (creuar el camp de ametllers, diagonal cap a la dreta, cam\u00ed de terra)<\/li>\n<li>Despr\u00e9s de 200m, barrera de ferro: segueix recta.<\/li>\n<li>Immediatament: bifurcaci\u00f3 en T: girar a la dreta (traspassar una barrera)<\/li>\n<li>Despr\u00e9s de 100m:<\/li>\n<\/ol>\n<p>&nbsp;<\/p>\n<p><strong>Km0,7 WP M036 GRANER BLANC<\/strong><\/p>\n<p>1- Creuer: segueix recte (pujada, direcci\u00f3 indicador \u201cTRAMUNTANA\u201d<\/p>\n<p>2- Despr\u00e9s de 400m, Portal de pedra, segueix recte (marcaci\u00f3 blau\/grog)<\/p>\n<p>3- Despr\u00e9s de 100m, ignorar desviament a la dreta (segueix les marcacions en blau\/grog)<\/p>\n<p>4- Despr\u00e9s de 15m<\/p>\n<p>&nbsp;<\/p>\n<p><strong>Km1.2 WP M037 CREUER RUTA BLAU\/GROG<\/strong><\/p>\n<ol>\n<li>Immediatament desviament: girar a l\u2019esquerra (Direcci\u00f3 Penya d\u2019es Migdia)<\/li>\n<li>Segueix el cam\u00ed en ziga-zaga pujant, despr\u00e9s seguir al costat d\u2019una paret de pedra i del marge que cada vegada queda m\u00e9s petit. Sempre s\u2019ha de seguir pujant<\/li>\n<li>Despr\u00e9s de 350m pujar amb l\u2019ajuda d\u2019una corda<\/li>\n<li>Despr\u00e9s de 450m<\/li>\n<\/ol>\n<p>&nbsp;<\/p>\n<p><strong>Km2 WP M038 TERRENY PLA AMB VISTES FANT\u00c0STIQUES<\/strong><\/p>\n<p>La marcaci\u00f3 a seguir \u00e9s la blau, trobar\u00e0 pals amb la marcaci\u00f3 blava per seguir el cam\u00ed.<\/p>\n<p>Despr\u00e9s de 150m girar la roca gran per l\u2019esquerra i segueix pujant.<\/p>\n<p>Despr\u00e9s de 150m arriba\u2019m al segon terreny pla (a partir d\u2019aqu\u00ed el cam\u00ed es estret)<\/p>\n<p>Segueix el cam\u00ed recta<\/p>\n<p>Despr\u00e9s de 100m, passi per roques de calci recordi marcaci\u00f3 blava<\/p>\n<p>Despr\u00e9s de 400m<\/p>\n<p>&nbsp;<\/p>\n<p><strong>Km2.8 WP M039 CIM DE LA PENYA D\u2019ES MIGDIA<\/strong><\/p>\n<ol>\n<li>Torni per la mateixa ruta, segueixi el recorregut que ha realitzat per arribar al cim.<\/li>\n<li>1,55km aproximadament despr\u00e9s:<\/li>\n<\/ol>\n<p>&nbsp;<\/p>\n<p><strong>Km4,25 WP M037 CREUER RUTA BLAVA\/GROGA<\/strong><\/p>\n<ol>\n<li>Ignorar desviaments, seguir recte (passar per davall del pont<\/li>\n<li>Despr\u00e9s de 100m desviament, girar a l\u2019esquerra (per el costat de la barrera, creuant l\u2019olivar)<\/li>\n<li>Despr\u00e9s de 400m.<\/li>\n<\/ol>\n<p><strong>\u00a0<\/strong><\/p>\n<p><strong>KM4,75 GRANER BLANC<\/strong><\/p>\n<ol>\n<li>Creuer recte (segueix pel cam\u00ed de grava)<\/li>\n<li>Despr\u00e9s de 70m; creuer girar a l\u2019esquerra (passar per barrera de ferro)<\/li>\n<li>Passar pel cam\u00ed d\u2019ametllers, mantenir diagonal a la dreta pel cam\u00ed de terra<\/li>\n<li>Despr\u00e9s de 200m, barrera de ferro i seguir recta.<\/li>\n<li>Despr\u00e9s de 50m, barrera de ferro, seguir recte, ignorar desviament a l\u2019esquerra.<\/li>\n<li>Despr\u00e9s de 50m, creuer de 3 camins, girar a la dreta (a prop del punt verd)<\/li>\n<li>Despr\u00e9s de 100m, desviament, girar a l\u2019esquerra.<\/li>\n<li>Despr\u00e9s de 40m bifurcaci\u00f3 en T: girar a la dreta (seguir cam\u00ed, corba a l\u2019esquerra, passar per la font)<\/li>\n<li>Despr\u00e9s de 70m creuer de 3 camins, girar a l\u2019esquerra i passar per davall arc.<\/li>\n<li>Despr\u00e9s de 80m:<\/li>\n<\/ol>\n<h3 style=\"text-align: left;\"><strong>Km 5,3 WP M008 ENTRADA PRINCIPAL PATI DE MONN\u00c0BER NOU<\/strong><\/h3>\n<p><em>\u00a0\u00a0 \u00a0<\/em>[\/vc_column_text][\/vc_column][vc_column width=&#8221;1\/3&#8243;][vc_column_text]<img loading=\"lazy\" decoding=\"async\" class=\"aligncenter wp-image-7499 size-medium\" src=\"https:\/\/monnaber.com\/wp-content\/uploads\/2019\/06\/Hiking-icon-monnaber-300x300.jpg\" alt=\"- -\" width=\"300\" height=\"300\" title=\"- -\" srcset=\"https:\/\/monnaber.com\/wp-content\/uploads\/2019\/06\/Hiking-icon-monnaber-300x300.jpg 300w, https:\/\/monnaber.com\/wp-content\/uploads\/2019\/06\/Hiking-icon-monnaber-150x150.jpg 150w, https:\/\/monnaber.com\/wp-content\/uploads\/2019\/06\/Hiking-icon-monnaber-768x768.jpg 768w, https:\/\/monnaber.com\/wp-content\/uploads\/2019\/06\/Hiking-icon-monnaber-146x146.jpg 146w, https:\/\/monnaber.com\/wp-content\/uploads\/2019\/06\/Hiking-icon-monnaber-50x50.jpg 50w, https:\/\/monnaber.com\/wp-content\/uploads\/2019\/06\/Hiking-icon-monnaber-75x75.jpg 75w, https:\/\/monnaber.com\/wp-content\/uploads\/2019\/06\/Hiking-icon-monnaber-85x85.jpg 85w, https:\/\/monnaber.com\/wp-content\/uploads\/2019\/06\/Hiking-icon-monnaber-80x80.jpg 80w, https:\/\/monnaber.com\/wp-content\/uploads\/2019\/06\/Hiking-icon-monnaber.jpg 1024w\" sizes=\"auto, (max-width:767px) 300px, 300px\" \/>[\/vc_column_text][vc_single_image image=&#8221;7533&#8243; img_size=&#8221;full&#8221; alignment=&#8221;center&#8221;]<div class=\"infobox\" ><h3 class=\"title \">Prepari l\u2019excursi\u00f3:<\/h3><div class=\"infobox_wrapper\"><span class=\"ib-desc\">&#8211; Utilitzi cal\u00e7at adequat<br \/>\n&#8211; Es recomana utilitzar bastons<br \/>\n&#8211; Porti sempre un capell o un mocador per protegir-se del sol<br \/>\n&#8211; Utilitzi protector solar<br \/>\n&#8211; Porti almenys 2 litres d\u2019aigua<br \/>\n&#8211; Hidratar-se cada 30 minuts<br \/>\n&#8211; Porti sempre un impermeable o roba d\u2019abric<br \/>\n&#8211; No deixi residus<br \/>\n&#8211; Respecti els camins i les descripcions que l\u2019acompanyen<br \/>\n&#8211; No molesti els animals de la zona<br \/>\n&#8211; Respecti a la flora de la zona<br \/>\n&#8211; No faci foc i tingui especial precauci\u00f3 amb els cigarrets<\/p>\n<p><\/span><\/div><\/div>\n[vc_column_text]<img loading=\"lazy\" decoding=\"async\" class=\"aligncenter wp-image-7558 size-medium\" src=\"https:\/\/monnaber.com\/wp-content\/uploads\/2019\/06\/Migdia001-300x224.jpg\" alt=\"- -\" width=\"300\" height=\"224\" title=\"- -\" srcset=\"https:\/\/monnaber.com\/wp-content\/uploads\/2019\/06\/Migdia001-300x224.jpg 300w, https:\/\/monnaber.com\/wp-content\/uploads\/2019\/06\/Migdia001-768x574.jpg 768w, https:\/\/monnaber.com\/wp-content\/uploads\/2019\/06\/Migdia001-1024x765.jpg 1024w, https:\/\/monnaber.com\/wp-content\/uploads\/2019\/06\/Migdia001-195x146.jpg 195w, https:\/\/monnaber.com\/wp-content\/uploads\/2019\/06\/Migdia001-50x37.jpg 50w, https:\/\/monnaber.com\/wp-content\/uploads\/2019\/06\/Migdia001-100x75.jpg 100w, https:\/\/monnaber.com\/wp-content\/uploads\/2019\/06\/Migdia001.jpg 1446w\" sizes=\"auto, (max-width:767px) 300px, 300px\" \/>[\/vc_column_text][vc_empty_space]<div class=\"infobox\" ><h3 class=\"title \">dades de la ruta:<\/h3><div class=\"infobox_wrapper\"><span class=\"ib-desc\">Dist\u00e0ncia:<br \/>\n6km<\/p>\n<p>Duraci\u00f3:<br \/>\n2 horas y 30 minutos<\/p>\n<p>Desnivell Positiu:<br \/>\n500m<\/p>\n<p>Desnivell negatiu:<br \/>\n500m<\/p>\n<p>Dificultat:<br \/>\nAlta ****<\/p>\n<p>Altura m\u00e1xima:<br \/>\n484m<\/p>\n<p>Altura m\u00ednima:<br \/>\n69m<br \/>\n<\/span><\/div><\/div>\n[vc_column_text]<img loading=\"lazy\" decoding=\"async\" class=\"wp-image-7560 size-medium aligncenter\" src=\"https:\/\/monnaber.com\/wp-content\/uploads\/2019\/06\/Migdia003-300x224.jpg\" alt=\"- -\" width=\"300\" height=\"224\" title=\"- -\" srcset=\"https:\/\/monnaber.com\/wp-content\/uploads\/2019\/06\/Migdia003-300x224.jpg 300w, https:\/\/monnaber.com\/wp-content\/uploads\/2019\/06\/Migdia003-768x574.jpg 768w, https:\/\/monnaber.com\/wp-content\/uploads\/2019\/06\/Migdia003-1024x765.jpg 1024w, https:\/\/monnaber.com\/wp-content\/uploads\/2019\/06\/Migdia003-195x146.jpg 195w, https:\/\/monnaber.com\/wp-content\/uploads\/2019\/06\/Migdia003-50x37.jpg 50w, https:\/\/monnaber.com\/wp-content\/uploads\/2019\/06\/Migdia003-100x75.jpg 100w, https:\/\/monnaber.com\/wp-content\/uploads\/2019\/06\/Migdia003.jpg 1446w\" sizes=\"auto, (max-width:767px) 300px, 300px\" \/>[\/vc_column_text][vc_column_text]<\/p>\n<p style=\"text-align: center;\"><a href=\"\/wp-content\/uploads\/2019\/06\/4-Penya-des-Migdia-ES.pdf\" target=\"_blank\" rel=\"noopener\"><img loading=\"lazy\" decoding=\"async\" class=\"aligncenter wp-image-7592 size-thumbnail\" src=\"https:\/\/monnaber.com\/wp-content\/uploads\/2019\/06\/pdf-150x150.png\" alt=\"- -\" width=\"150\" height=\"150\" title=\"- -\" srcset=\"https:\/\/monnaber.com\/wp-content\/uploads\/2019\/06\/pdf-150x150.png 150w, https:\/\/monnaber.com\/wp-content\/uploads\/2019\/06\/pdf-300x300.png 300w, https:\/\/monnaber.com\/wp-content\/uploads\/2019\/06\/pdf-146x146.png 146w, https:\/\/monnaber.com\/wp-content\/uploads\/2019\/06\/pdf-50x50.png 50w, https:\/\/monnaber.com\/wp-content\/uploads\/2019\/06\/pdf-75x75.png 75w, https:\/\/monnaber.com\/wp-content\/uploads\/2019\/06\/pdf-85x85.png 85w, https:\/\/monnaber.com\/wp-content\/uploads\/2019\/06\/pdf-80x80.png 80w, https:\/\/monnaber.com\/wp-content\/uploads\/2019\/06\/pdf.png 512w\" sizes=\"auto, (max-width:767px) 150px, 150px\" \/><\/a>Download PDF<\/p>\n<p>[\/vc_column_text][\/vc_column][\/vc_row][vc_row][vc_column][vc_gallery type=&#8221;flexslider_slide&#8221; interval=&#8221;0&#8243; images=&#8221;7576,7574,7572,7570,7568,7567&#8243; img_size=&#8221;large&#8221; onclick=&#8221;&#8221;][vc_empty_space][vc_column_text]<\/p>\n<h2 style=\"text-align: center;\">Altres rutes<\/h2>\n<p>[\/vc_column_text][\/vc_column][\/vc_row][vc_row][vc_column width=&#8221;1\/4&#8243;]<div class=\"pricing-box  pricing-box-box\"><div class=\"plan-header\"><div class=\"image\"><img loading=\"lazy\" decoding=\"async\" class=\"scale-with-grid\" src=\"https:\/\/monnaber.com\/wp-content\/uploads\/2019\/06\/CIMG0899web.jpg\" alt=\"campanet-route\" width=\"1440\" height=\"1080\" title=\"- -\"><\/div><\/div><div class=\"plan-footer\"><a href=\"\/ca\/ruta-campanet\/\" class=\"button button_theme has-icon button_left\" target=\"_blank\" title=\"Campanet\"><span class=\"button_icon\"><i class=\"icon-info-circled\" aria-hidden=\"true\"><\/i><\/span><span class=\"button_label\">Campanet<\/span><\/a><\/div><\/div>\n[\/vc_column][vc_column width=&#8221;1\/4&#8243;]<div class=\"pricing-box  pricing-box-box\"><div class=\"plan-header\"><div class=\"image\"><img loading=\"lazy\" decoding=\"async\" class=\"scale-with-grid\" src=\"https:\/\/monnaber.com\/wp-content\/uploads\/2019\/06\/CIMG1053web.jpg\" alt=\"CIMG1053web\" width=\"1440\" height=\"1080\" title=\"- -\"><\/div><\/div><div class=\"plan-footer\"><a href=\"\/ca\/ruta-binifaldo\/\" class=\"button button_theme has-icon button_left\" target=\"_blank\" title=\"Lluc - Binifaldo\"><span class=\"button_icon\"><i class=\"icon-info-circled\" aria-hidden=\"true\"><\/i><\/span><span class=\"button_label\">Lluc - Binifaldo<\/span><\/a><\/div><\/div>\n[\/vc_column][vc_column width=&#8221;1\/4&#8243;]<div class=\"pricing-box  pricing-box-featured pricing-box-box\"><div class=\"plan-header\"><div class=\"image\"><img loading=\"lazy\" decoding=\"async\" class=\"scale-with-grid\" src=\"https:\/\/monnaber.com\/wp-content\/uploads\/2019\/06\/penya-des-migdia.jpg\" alt=\"penya-des-migdia\" width=\"1446\" height=\"1080\" title=\"- -\"><\/div><h2 class=\"title \">Penya d\u00b4es Migdia<\/h2><\/div><\/div>\n[\/vc_column][vc_column width=&#8221;1\/4&#8243;]<div class=\"pricing-box  pricing-box-box\"><div class=\"plan-header\"><div class=\"image\"><img loading=\"lazy\" decoding=\"async\" class=\"scale-with-grid\" src=\"https:\/\/monnaber.com\/wp-content\/uploads\/2019\/06\/CIMG1024web.jpg\" alt=\"CIMG1024web\" width=\"1440\" height=\"1080\" title=\"- -\"><\/div><\/div><div class=\"plan-footer\"><a href=\"\/ca\/ruta-puig-galileu\/\" class=\"button button_theme has-icon button_left\" target=\"_blank\" title=\"Puig Galileu\"><span class=\"button_icon\"><i class=\"icon-info-circled\" aria-hidden=\"true\"><\/i><\/span><span class=\"button_label\">Puig Galileu<\/span><\/a><\/div><\/div>\n[\/vc_column][\/vc_row]<\/p>\n<\/div>","protected":false},"excerpt":{"rendered":"<p>[vc_row][vc_column][vc_widget_sidebar sidebar_id=&#8221;sidebar-book-ca&#8221;][\/vc_column][\/vc_row][vc_row css=&#8221;.vc_custom_1431360458683{margin-top: 10px !important;}&#8221;][vc_column width=&#8221;2\/3&#8243;][vc_column_text] INFORMACI\u00d3 Una excursi\u00f3 curta per\u00f2 amb un desnivell positiu molt exigent fins el cim del Puig. La Penya d\u2019es Migdia<span class=\"excerpt-hellip\"> [\u2026]<\/span><\/p>\n","protected":false},"author":1,"featured_media":0,"parent":0,"menu_order":0,"comment_status":"closed","ping_status":"closed","template":"","meta":{"footnotes":""},"class_list":["post-7750","page","type-page","status-publish","hentry"],"_links":{"self":[{"href":"https:\/\/monnaber.com\/ca\/wp-json\/wp\/v2\/pages\/7750","targetHints":{"allow":["GET"]}}],"collection":[{"href":"https:\/\/monnaber.com\/ca\/wp-json\/wp\/v2\/pages"}],"about":[{"href":"https:\/\/monnaber.com\/ca\/wp-json\/wp\/v2\/types\/page"}],"author":[{"embeddable":true,"href":"https:\/\/monnaber.com\/ca\/wp-json\/wp\/v2\/users\/1"}],"replies":[{"embeddable":true,"href":"https:\/\/monnaber.com\/ca\/wp-json\/wp\/v2\/comments?post=7750"}],"version-history":[{"count":0,"href":"https:\/\/monnaber.com\/ca\/wp-json\/wp\/v2\/pages\/7750\/revisions"}],"wp:attachment":[{"href":"https:\/\/monnaber.com\/ca\/wp-json\/wp\/v2\/media?parent=7750"}],"curies":[{"name":"wp","href":"https:\/\/api.w.org\/{rel}","templated":true}]}}