{"id":7748,"date":"2019-06-19T13:28:07","date_gmt":"2019-06-19T11:28:07","guid":{"rendered":"https:\/\/monnaber.com\/?page_id=7748"},"modified":"2022-02-11T10:58:25","modified_gmt":"2022-02-11T09:58:25","slug":"ruta-campanet","status":"publish","type":"page","link":"https:\/\/monnaber.com\/ca\/ruta-campanet\/","title":{"rendered":"Ruta Campanet"},"content":{"rendered":"<div class=\"wpb-content-wrapper\"><p>[vc_row][vc_column][vc_widget_sidebar sidebar_id=&#8221;sidebar-book-ca&#8221;][\/vc_column][\/vc_row][vc_row css=&#8221;.vc_custom_1431360458683{margin-top: 10px !important;}&#8221;][vc_column width=&#8221;2\/3&#8243;]<div class=\"fancy_heading fancy_heading_line\"><div class=\"fh-top\"><span class=\"slogan\">Ruta Monn\u00e0ber Nou \u2013 Campanet<\/span><\/div><h2 class=\"title\">Campanet<\/h2><\/div>\n[vc_column_text]<\/p>\n<h3 style=\"text-align: center;\"><strong>INFORMACI\u00d3N<\/strong><\/h3>\n<p>Ruta alrededor por el municipio de Campanet donde se encuentra situado el Ecohotel &amp; Spa Monn\u00e0ber Nou.<br \/>\nLa ruta pasa por diferentes lugares del pueblo donde el visitante puede disfrutar de fant\u00e1sticas vistas de la Sierra de Tramuntana (Patrimonio de la humanidad) , visitar el centro del pueblo, lugar donde se ubica el ayuntamiento , la iglesia, la plaza Mayor entre otros y donde se encuentran los campaneters .<br \/>\nLos martes hay mercado en la plaza Mayor del pueblo , su horario es de 8:00 de la ma\u00f1ana a 14:00 aproximadamente.<br \/>\nLa ruta tiene un nivel sencillo, ideal para disfrutar de un verdadero pueblo de Mallorca, situado a los pies de la Sierra.<br \/>\nEsta ruta se puede realizar a pie y en bicicleta de monta\u00f1a. El hotel dispone de bicicletas para poder llevar a cabo esta ruta.<\/p>\n<p><img loading=\"lazy\" decoding=\"async\" class=\"aligncenter wp-image-7518 size-large\" src=\"https:\/\/monnaber.com\/wp-content\/uploads\/2019\/06\/routeCampanet015-1024x768.jpg\" alt=\"- -\" width=\"1024\" height=\"768\" title=\"- -\" srcset=\"https:\/\/monnaber.com\/wp-content\/uploads\/2019\/06\/routeCampanet015-1024x768.jpg 1024w, https:\/\/monnaber.com\/wp-content\/uploads\/2019\/06\/routeCampanet015-300x225.jpg 300w, https:\/\/monnaber.com\/wp-content\/uploads\/2019\/06\/routeCampanet015-768x576.jpg 768w, https:\/\/monnaber.com\/wp-content\/uploads\/2019\/06\/routeCampanet015-195x146.jpg 195w, https:\/\/monnaber.com\/wp-content\/uploads\/2019\/06\/routeCampanet015-50x38.jpg 50w, https:\/\/monnaber.com\/wp-content\/uploads\/2019\/06\/routeCampanet015-100x75.jpg 100w, https:\/\/monnaber.com\/wp-content\/uploads\/2019\/06\/routeCampanet015.jpg 1440w\" sizes=\"auto, (max-width:767px) 480px, (max-width:1024px) 100vw, 1024px\" \/><\/p>\n<h3 style=\"text-align: center;\"><strong>RUT\u00d3METRO<\/strong><\/h3>\n<p><strong>\u00a0<\/strong><\/p>\n<p><strong>\u00a0<\/strong><\/p>\n<p><strong>Inicio &#8211; Km 0 WP HOTEL<\/strong><\/p>\n<ol>\n<li>Con la espalda hacia la entrada del hotel , girar a derecha, ( bajando , direcci\u00f3n arco).<\/li>\n<li>Con el hotel en la espalda a empezar a caminar en direcci\u00f3n a las cuadras de los caballos hasta llegar a ellas .<\/li>\n<li>Una vez en las cuadras, giraremos a la izquierda , el camino vuelve estrecho ( alerta con los coches ) , seguimos caminando y la izquierda podremos observar y Molino de Monn\u00e0ber , seguiremos por encima de un peque\u00f1o puente hasta llegar al &#8221; camino Blanco&#8221;.<\/li>\n<\/ol>\n<p><strong>Km 1 &#8211; WP CAMINO BLANCO<\/strong><\/p>\n<ol>\n<li>Giramos a la derecha direcci\u00f3n Campanet , el camino comienza a subir. Subiremos por el camino Blanco unos 100m. hasta llegar al camino del Santo Cristo ( hay un peque\u00f1o cartel en la entrada ) , la entrada del camino nos queda a la izquierda .<\/li>\n<li>El camino comienza con una pista de tierra plana y contin\u00faa con una fuerte subida hacia Campanet.<\/li>\n<\/ol>\n<p><strong>Km 3,5 &#8211; WP CAMINO SON CABOT<\/strong><\/p>\n<ol>\n<li>Saliendo del camino del Santo Cristo llegaremos a un cruzar de calles de asfalto, seguiremos direcci\u00f3n al centro del pueblo por el camino de Son Cabot. Podremos guiarnos f\u00e1cilmente dirigi\u00e9ndonos en direcci\u00f3n a la iglesia , visible desde la salida del camino del Santo Cristo.<\/li>\n<li>Al final del camino llegaremos a la calle desde Pujol que enlaza con una de las calles principales del pueblo , la calle San Miguel. Ya dentro del pueblo, seguiremos en direcci\u00f3n a la iglesia y as\u00ed llegaremos al centro del pueblo donde est\u00e1 la plaza Mayor , la iglesia , el ayuntamiento , entre otros.<\/li>\n<li>En el centro del pueblo podremos dar un paseo por la plaza , la biblioteca ( calle Mayor ), la iglesia , etc.<\/li>\n<\/ol>\n<p><strong>WP &#8211; PLAZA MAYOR<\/strong><\/p>\n<ol>\n<li>De la plaza Mayor nos dirigiremos en direcci\u00f3n a la parte posterior de la iglesia, bajaremos por la calle Lloren\u00e7 Riber hasta llegar a mitad de la calle encontraremos la calle Sol a nuestra derecha , lo seguiremos en direcci\u00f3n a la plaza de Son Bordoy donde hay un peque\u00f1o parque infantil y unas fant\u00e1sticas vistas de la sierra de Tramuntana.<\/li>\n<li>Volveremos por la calle Sol, giraremos a la derecha por la calle Lloren\u00e7 Riber hasta llegar al cruce con la calle Son Massanet, lo seguiremos unos 100m. hasta llegar a la calle Molinos ,<\/li>\n<li>La calle Molinos en su final tiene el \u00fanico molino restaurado dentro del caso urbano de Campanet, tiene el nombre Molino de Porret.<\/li>\n<\/ol>\n<p><strong>Km5 &#8211; WP MOLINO DE EN Porret<\/strong><\/p>\n<ol>\n<li>Desde el Molino de Porret retornaremos por la calle Molinos hasta su final , giramos a la derecha hacia el camino de Ullar\u00f3 .<\/li>\n<li>Seguiremos durante 1,5km por este camino, donde disfrutaremos de fant\u00e1sticas vistas del valle de San Miguel.<\/li>\n<li>Llegamos a la peque\u00f1a poblaci\u00f3n de Ullar\u00f3 , justo al llegar a Ullar\u00f3 nos dirigiremos hacia la izquierda<\/li>\n<\/ol>\n<p><strong>Km7 &#8211; WP Ullar\u00f3<\/strong><\/p>\n<ol>\n<li>Nos dirigimos por el camino de la izquierda, que pasa junto a la antigua iglesia de Ullar\u00f3 .<\/li>\n<li>Vamos a entrar en un camino de pista de tierra , aqu\u00ed comienza el camino de \u201cna Pontons\u201d, que tiene este primer tramo de tierra para m\u00e1s tarde pasar a asfalto.<\/li>\n<li>Siguiendo por el camino de tierra llegaremos a pozo de Ullar\u00f3 donde podremos observar la singular forma de la polea del pozo para sacar agua.<\/li>\n<\/ol>\n<p><strong>Km8 &#8211; WP CAMINO DE NA PONTONS<\/strong><\/p>\n<ol>\n<li>Dejaremos el camino de tierra y empezaremos por el camino de asfalto ( cuidado con los coches ) , a la izquierda tendremos una hilera de cipreses que nos acompa\u00f1ar\u00e1 gran parte del camino.<\/li>\n<li>Al cabo de 2km llegaremos a la ermita de San Miguel.<\/li>\n<li>Giramos a la izquierda por el camino Blanco en direcci\u00f3n al hotel, podremos encontrar un cartel que nos indica la direcci\u00f3n.<\/li>\n<li>200m m\u00e1s adelante llegaremos al crucero camino Blanco- camino del hotel donde veremos el cartel a nuestra derecha .<\/li>\n<li>Regresaremos al hotel por el mismo camino del inicio de la ruta.<\/li>\n<\/ol>\n<p><strong>Km11 &#8211; WP Final<\/strong><\/p>\n<ol>\n<li>Llegada al hotel<\/li>\n<\/ol>\n<p>Deseamos que les haya gustado la ruta por el municipio de Campanet<\/p>\n<p><em>\u00a0\u00a0 \u00a0<\/em>[\/vc_column_text][\/vc_column][vc_column width=&#8221;1\/3&#8243;][vc_column_text]<img loading=\"lazy\" decoding=\"async\" class=\"aligncenter wp-image-7499 size-medium\" src=\"https:\/\/monnaber.com\/wp-content\/uploads\/2019\/06\/Hiking-icon-monnaber-300x300.jpg\" alt=\"- -\" width=\"300\" height=\"300\" title=\"- -\" srcset=\"https:\/\/monnaber.com\/wp-content\/uploads\/2019\/06\/Hiking-icon-monnaber-300x300.jpg 300w, https:\/\/monnaber.com\/wp-content\/uploads\/2019\/06\/Hiking-icon-monnaber-150x150.jpg 150w, https:\/\/monnaber.com\/wp-content\/uploads\/2019\/06\/Hiking-icon-monnaber-768x768.jpg 768w, https:\/\/monnaber.com\/wp-content\/uploads\/2019\/06\/Hiking-icon-monnaber-146x146.jpg 146w, https:\/\/monnaber.com\/wp-content\/uploads\/2019\/06\/Hiking-icon-monnaber-50x50.jpg 50w, https:\/\/monnaber.com\/wp-content\/uploads\/2019\/06\/Hiking-icon-monnaber-75x75.jpg 75w, https:\/\/monnaber.com\/wp-content\/uploads\/2019\/06\/Hiking-icon-monnaber-85x85.jpg 85w, https:\/\/monnaber.com\/wp-content\/uploads\/2019\/06\/Hiking-icon-monnaber-80x80.jpg 80w, https:\/\/monnaber.com\/wp-content\/uploads\/2019\/06\/Hiking-icon-monnaber.jpg 1024w\" sizes=\"auto, (max-width:767px) 300px, 300px\" \/>[\/vc_column_text][vc_single_image image=&#8221;7495&#8243; img_size=&#8221;full&#8221; alignment=&#8221;center&#8221;]<div class=\"infobox\" ><h3 class=\"title \">Prepare la excursi\u00f3n:<\/h3><div class=\"infobox_wrapper\"><span class=\"ib-desc\"><br \/>\n&#8211; Utilice calzado adecuado<br \/>\n&#8211; Se recomienda utilizar bastones<br \/>\n&#8211; Lleve siempre un sombrero o un pa\u00f1uelo para protegerse del sol<br \/>\n&#8211; Use protector solar<br \/>\n&#8211; Lleve al menos 2 litros de agua<br \/>\n&#8211; Hidratar cada 30 minutos<br \/>\n&#8211; Lleve siempre un impermeable o ropa de abrigo<br \/>\n&#8211; No deje residuos<br \/>\n&#8211; Respete los caminos y las descripciones que la acompa\u00f1an<br \/>\n&#8211; No moleste a los animales de la zona<br \/>\n&#8211; Respete la flora de la zona<br \/>\n&#8211; No haga fuego y tenga especial precauci\u00f3n con los cigarrillos<br \/>\n<\/span><\/div><\/div>\n[vc_column_text]<img loading=\"lazy\" decoding=\"async\" class=\"wp-image-7505 size-medium aligncenter\" src=\"https:\/\/monnaber.com\/wp-content\/uploads\/2019\/06\/Campanet008-300x228.jpg\" alt=\"- -\" width=\"300\" height=\"228\" title=\"- -\" srcset=\"https:\/\/monnaber.com\/wp-content\/uploads\/2019\/06\/Campanet008-300x228.jpg 300w, https:\/\/monnaber.com\/wp-content\/uploads\/2019\/06\/Campanet008-192x146.jpg 192w, https:\/\/monnaber.com\/wp-content\/uploads\/2019\/06\/Campanet008-50x38.jpg 50w, https:\/\/monnaber.com\/wp-content\/uploads\/2019\/06\/Campanet008-99x75.jpg 99w, https:\/\/monnaber.com\/wp-content\/uploads\/2019\/06\/Campanet008.jpg 356w\" sizes=\"auto, (max-width:767px) 300px, 300px\" \/>[\/vc_column_text][vc_empty_space]<div class=\"infobox\" ><h3 class=\"title \">Datos de la ruta:<\/h3><div class=\"infobox_wrapper\"><span class=\"ib-desc\">Distancia:<br \/>\n10,8 km<\/p>\n<p>Duraci\u00f3n:<br \/>\n2 horas y 30 minutos aprox.<\/p>\n<p>Desnivel positivo:<br \/>\n241m<\/p>\n<p>Desnivel negativo:<br \/>\n240m<\/p>\n<p>Dificultad:<br \/>\nSencilla (*)<\/p>\n<p>Altura m\u00e1xima:<br \/>\n150m<\/p>\n<p>Altura m\u00ednima<br \/>\n55m<br \/>\n<\/span><\/div><\/div>\n[vc_column_text]<a href=\"https:\/\/monnaber.com\/wp-content\/uploads\/2019\/06\/Campanet003.jpg\"><img loading=\"lazy\" decoding=\"async\" class=\"aligncenter wp-image-7502 size-medium\" src=\"https:\/\/monnaber.com\/wp-content\/uploads\/2019\/06\/Campanet003-300x217.jpg\" alt=\"- -\" width=\"300\" height=\"217\" title=\"- -\" srcset=\"https:\/\/monnaber.com\/wp-content\/uploads\/2019\/06\/Campanet003-300x217.jpg 300w, https:\/\/monnaber.com\/wp-content\/uploads\/2019\/06\/Campanet003-202x146.jpg 202w, https:\/\/monnaber.com\/wp-content\/uploads\/2019\/06\/Campanet003-50x36.jpg 50w, https:\/\/monnaber.com\/wp-content\/uploads\/2019\/06\/Campanet003-104x75.jpg 104w, https:\/\/monnaber.com\/wp-content\/uploads\/2019\/06\/Campanet003.jpg 347w\" sizes=\"auto, (max-width:767px) 300px, 300px\" \/><\/a>[\/vc_column_text][vc_column_text]<\/p>\n<p style=\"text-align: center;\"><a href=\"\/wp-content\/uploads\/2019\/06\/1-Monn\u00e0ber-Campanet-ESP.pdf\" target=\"_blank\" rel=\"noopener\"><img loading=\"lazy\" decoding=\"async\" class=\"aligncenter wp-image-7592 size-thumbnail\" src=\"https:\/\/monnaber.com\/wp-content\/uploads\/2019\/06\/pdf-150x150.png\" alt=\"- -\" width=\"150\" height=\"150\" title=\"- -\" srcset=\"https:\/\/monnaber.com\/wp-content\/uploads\/2019\/06\/pdf-150x150.png 150w, https:\/\/monnaber.com\/wp-content\/uploads\/2019\/06\/pdf-300x300.png 300w, https:\/\/monnaber.com\/wp-content\/uploads\/2019\/06\/pdf-146x146.png 146w, https:\/\/monnaber.com\/wp-content\/uploads\/2019\/06\/pdf-50x50.png 50w, https:\/\/monnaber.com\/wp-content\/uploads\/2019\/06\/pdf-75x75.png 75w, https:\/\/monnaber.com\/wp-content\/uploads\/2019\/06\/pdf-85x85.png 85w, https:\/\/monnaber.com\/wp-content\/uploads\/2019\/06\/pdf-80x80.png 80w, https:\/\/monnaber.com\/wp-content\/uploads\/2019\/06\/pdf.png 512w\" sizes=\"auto, (max-width:767px) 150px, 150px\" \/><\/a>Download PDF<\/p>\n<p>[\/vc_column_text][\/vc_column][\/vc_row][vc_row][vc_column][vc_gallery type=&#8221;flexslider_slide&#8221; interval=&#8221;0&#8243; images=&#8221;7513,7514,7515,7516,7517,7518,7519,7520,7521,7522,7524,7523&#8243; img_size=&#8221;large&#8221; onclick=&#8221;&#8221;][vc_empty_space][vc_column_text]<\/p>\n<h2 style=\"text-align: center;\">Otras rutas<\/h2>\n<p>[\/vc_column_text][\/vc_column][\/vc_row][vc_row][vc_column width=&#8221;1\/4&#8243;]<div class=\"pricing-box  pricing-box-featured pricing-box-box\"><div class=\"plan-header\"><div class=\"image\"><img loading=\"lazy\" decoding=\"async\" class=\"scale-with-grid\" src=\"https:\/\/monnaber.com\/wp-content\/uploads\/2019\/06\/CIMG0899web.jpg\" alt=\"campanet-route\" width=\"1440\" height=\"1080\" title=\"- -\"><\/div><h2 class=\"title \">Campanet<\/h2><\/div><\/div>\n[\/vc_column][vc_column width=&#8221;1\/4&#8243;]<div class=\"pricing-box  pricing-box-box\"><div class=\"plan-header\"><div class=\"image\"><img loading=\"lazy\" decoding=\"async\" class=\"scale-with-grid\" src=\"https:\/\/monnaber.com\/wp-content\/uploads\/2019\/06\/CIMG1053web.jpg\" alt=\"CIMG1053web\" width=\"1440\" height=\"1080\" title=\"- -\"><\/div><\/div><div class=\"plan-footer\"><a href=\"\/ca\/ruta-binifaldo\/\" class=\"button button_theme has-icon button_left\" target=\"_blank\" title=\"Lluc - Binifaldo\"><span class=\"button_icon\"><i class=\"icon-info-circled\" aria-hidden=\"true\"><\/i><\/span><span class=\"button_label\">Lluc - Binifaldo<\/span><\/a><\/div><\/div>\n[\/vc_column][vc_column width=&#8221;1\/4&#8243;]<div class=\"pricing-box  pricing-box-box\"><div class=\"plan-header\"><div class=\"image\"><img loading=\"lazy\" decoding=\"async\" class=\"scale-with-grid\" src=\"https:\/\/monnaber.com\/wp-content\/uploads\/2019\/06\/penya-des-migdia.jpg\" alt=\"penya-des-migdia\" width=\"1446\" height=\"1080\" title=\"- -\"><\/div><\/div><div class=\"plan-footer\"><a href=\"\/ca\/ruta-penya-des-migdia\/\" class=\"button button_theme has-icon button_left\" target=\"_blank\" title=\"Penya d\u00b4es Migdia\"><span class=\"button_icon\"><i class=\"icon-info-circled\" aria-hidden=\"true\"><\/i><\/span><span class=\"button_label\">Penya d\u00b4es Migdia<\/span><\/a><\/div><\/div>\n[\/vc_column][vc_column width=&#8221;1\/4&#8243;]<div class=\"pricing-box  pricing-box-box\"><div class=\"plan-header\"><div class=\"image\"><img loading=\"lazy\" decoding=\"async\" class=\"scale-with-grid\" src=\"https:\/\/monnaber.com\/wp-content\/uploads\/2019\/06\/CIMG1024web.jpg\" alt=\"CIMG1024web\" width=\"1440\" height=\"1080\" title=\"- -\"><\/div><\/div><div class=\"plan-footer\"><a href=\"\/ca\/ruta-puig-galileu\/\" class=\"button button_theme has-icon button_left\" target=\"_blank\" title=\"Puig Galileu\"><span class=\"button_icon\"><i class=\"icon-info-circled\" aria-hidden=\"true\"><\/i><\/span><span class=\"button_label\">Puig Galileu<\/span><\/a><\/div><\/div>\n[\/vc_column][\/vc_row]<\/p>\n<\/div>","protected":false},"excerpt":{"rendered":"<p>[vc_row][vc_column][vc_widget_sidebar sidebar_id=&#8221;sidebar-book-ca&#8221;][\/vc_column][\/vc_row][vc_row css=&#8221;.vc_custom_1431360458683{margin-top: 10px !important;}&#8221;][vc_column width=&#8221;2\/3&#8243;][vc_column_text] INFORMACI\u00d3N Ruta alrededor por el municipio de Campanet donde se encuentra situado el Ecohotel &amp; Spa Monn\u00e0ber Nou. La ruta<span class=\"excerpt-hellip\"> [\u2026]<\/span><\/p>\n","protected":false},"author":1,"featured_media":0,"parent":0,"menu_order":0,"comment_status":"closed","ping_status":"closed","template":"","meta":{"footnotes":""},"class_list":["post-7748","page","type-page","status-publish","hentry"],"_links":{"self":[{"href":"https:\/\/monnaber.com\/ca\/wp-json\/wp\/v2\/pages\/7748","targetHints":{"allow":["GET"]}}],"collection":[{"href":"https:\/\/monnaber.com\/ca\/wp-json\/wp\/v2\/pages"}],"about":[{"href":"https:\/\/monnaber.com\/ca\/wp-json\/wp\/v2\/types\/page"}],"author":[{"embeddable":true,"href":"https:\/\/monnaber.com\/ca\/wp-json\/wp\/v2\/users\/1"}],"replies":[{"embeddable":true,"href":"https:\/\/monnaber.com\/ca\/wp-json\/wp\/v2\/comments?post=7748"}],"version-history":[{"count":0,"href":"https:\/\/monnaber.com\/ca\/wp-json\/wp\/v2\/pages\/7748\/revisions"}],"wp:attachment":[{"href":"https:\/\/monnaber.com\/ca\/wp-json\/wp\/v2\/media?parent=7748"}],"curies":[{"name":"wp","href":"https:\/\/api.w.org\/{rel}","templated":true}]}}