{"id":5115,"date":"2017-04-28T11:12:36","date_gmt":"2017-04-28T09:12:36","guid":{"rendered":"https:\/\/monnaber.com\/ca\/hotel-rural-agroturisme-luxe-mallorca\/villa\/"},"modified":"2025-08-20T11:02:54","modified_gmt":"2025-08-20T09:02:54","slug":"villa","status":"publish","type":"page","link":"https:\/\/monnaber.com\/ca\/hotel-rural-agroturisme-luxe-mallorca\/villa\/","title":{"rendered":"Villa &#8220;S&#8217;era&#8221;"},"content":{"rendered":"<div class=\"wpb-content-wrapper\"><p>[vc_row][vc_column][vc_widget_sidebar sidebar_id=&#8221;sidebar-book-ca&#8221;][\/vc_column][\/vc_row][vc_row css=&#8221;.vc_custom_1431360458683{margin-top: 0px !important;}&#8221;][vc_column width=&#8221;1\/2&#8243;]<div class=\"fancy_heading fancy_heading_line\"><div class=\"fh-top\"><\/div><h1 class=\"title \">Exclusiva i Luxosa vila S'Era a Mallorca<\/h1><\/div>\n[vc_column_text]La Vila &#8220;S&#8217;era&#8221; \u00e9s una id\u00edl\u00b7lica i moderna casa de camp (aprox 160m2) situada a la mateixa finca a 700m de la casa principal, amb dos dormitoris separats, dos banys, ampli sal\u00f3, cuina amb menjador, envoltat de paisatge.<\/p>\n<p>La Vila &#8220;S&#8217;era&#8221; promet una estada inoblidable, gaudint de la vista de la vall i els camps de les seves finestres panor\u00e0miques, amb la privacitat i un ambient relaxant.<\/p>\n<p>Els clients poden utilitzar totes les instal\u00b7lacions del complex, incloent el bufet d&#8217;esmorzar i el Spa.<\/p>\n<p>Tingueu en compte que la neteja de la vil\u00b7la es far\u00e0 cada 3 dies amb canvi de tovalloles i llen\u00e7ols, no hi haur\u00e0 neteja d\u2019estris i estris de cuina.[\/vc_column_text][\/vc_column][vc_column width=&#8221;1\/2&#8243;][vc_empty_space][vc_single_image image=&#8221;5210&#8243; img_size=&#8221;full&#8221; alignment=&#8221;center&#8221; onclick=&#8221;link_image&#8221;][\/vc_column][\/vc_row][vc_row][vc_column width=&#8221;3\/4&#8243;][vc_video link=&#8221;https:\/\/www.youtube.com\/watch?v=V3FaquV5W-U&#8221; align=&#8221;center&#8221;][\/vc_column][vc_column width=&#8221;1\/4&#8243;]<div class=\"infobox\" ><h3 class=\"title \">\nAmb total privacitat per\u00f2 tamb\u00e9 gaudi dels serveis i instal\u00b7lacions de l'hotel\n<\/h3><div class=\"infobox_wrapper\"><span class=\"ib-desc\"><\/p>\n<ul>\n<li>TV Satellite<\/li>\n<li>Safe Box<\/li>\n<li>Aire acondicionat<\/li>\n<li>Calefacci\u00f3<\/li>\n<li>Cuina completa<\/li>\n<li>Telefono<\/li>\n<li>jacuzzi privat, nom\u00e9s a l&#8217;estiu<\/li>\n<li>Secador cabell i barn\u00fas<\/li>\n<li>2 banys complets amb Amenities<\/li>\n<li>Wiffi internet<\/li>\n<\/ul>\n<p><\/span><\/div><\/div>\n[\/vc_column][\/vc_row][vc_row][vc_column][vc_gallery type=&#8221;nivo&#8221; interval=&#8221;3&#8243; images=&#8221;6255,6256,6257,6258,6259,6260,6261,6262,6263,6264&#8243; img_size=&#8221;full&#8221;][\/vc_column][\/vc_row][vc_row][vc_column]<div class=\"fancy_heading fancy_heading_line\"><div class=\"fh-top\"><span class=\"slogan\">Combining Elegance and Comfort<\/span><\/div><h1 class=\"title \">360\u00ba Virtual Tour<\/h1><\/div>\n[vc_raw_html css=&#8221;&#8221;]JTNDaWZyYW1lJTIwaWQlM0QlMjJ2dF9pZnJhbWVfOGUyOTZhMDY3YTM3NTYzMzcwZGVkMDVmNWEzYmYzZWMlMjIlMjBhbGxvdyUzRCUyMmFjY2VsZXJvbWV0ZXIlM0IlMjBjYW1lcmElM0IlMjBkaXNwbGF5LWNhcHR1cmUlM0IlMjBmdWxsc2NyZWVuJTNCJTIwZ2VvbG9jYXRpb24lM0IlMjBneXJvc2NvcGUlM0IlMjBtYWduZXRvbWV0ZXIlM0IlMjBtaWNyb3Bob25lJTNCJTIwbWlkaSUzQiUyMHhyLXNwYXRpYWwtdHJhY2tpbmclM0IlMjIlMjB3aWR0aCUzRCUyMjEwMCUyNSUyMiUyMGhlaWdodCUzRCUyMjYwMHB4JTIyJTIwZnJhbWVib3JkZXIlM0QlMjIwJTIyJTIwc2Nyb2xsaW5nJTNEJTIybm8lMjIlMjBtYXJnaW5oZWlnaHQlM0QlMjIwJTIyJTIwbWFyZ2lud2lkdGglM0QlMjIwJTIyJTIwc3JjJTNEJTIyaHR0cHMlM0ElMkYlMkZ2cjM2MC5tYWxsb3JjYS51cyUyRnZpZXdlciUyRmluZGV4LnBocCUzRmNvZGUlM0Q4ZTI5NmEwNjdhMzc1NjMzNzBkZWQwNWY1YTNiZjNlYyUyMiUzRSUzQyUyRmlmcmFtZSUzRQ==[\/vc_raw_html][\/vc_column][\/vc_row][vc_row][vc_column][vc_raw_html]JTNDc2NyaXB0JTNFJTBBJTIwJTIwZ3RhZyUyOCUyN2V2ZW50JTI3JTJDJTIwJTI3Y29udmVyc2lvbiUyNyUyQyUyMCU3QiUyN3NlbmRfdG8lMjclM0ElMjAlMjdBVy0xMDcxMjIyNjc3JTJGNmpoWkNJemt3cXNCRUpXZjV2NEQlMjclN0QlMjklM0IlMEElM0MlMkZzY3JpcHQlM0U=[\/vc_raw_html][\/vc_column][\/vc_row]<\/p>\n<\/div>","protected":false},"excerpt":{"rendered":"<p>[vc_row][vc_column][vc_widget_sidebar sidebar_id=&#8221;sidebar-book-ca&#8221;][\/vc_column][\/vc_row][vc_row css=&#8221;.vc_custom_1431360458683{margin-top: 0px !important;}&#8221;][vc_column width=&#8221;1\/2&#8243;][vc_column_text]La Vila &#8220;S&#8217;era&#8221; \u00e9s una id\u00edl\u00b7lica i moderna casa de camp (aprox 160m2) situada a la mateixa finca a 700m de<span class=\"excerpt-hellip\"> [\u2026]<\/span><\/p>\n","protected":false},"author":1,"featured_media":-1,"parent":2615,"menu_order":0,"comment_status":"open","ping_status":"open","template":"","meta":{"footnotes":""},"class_list":["post-5115","page","type-page","status-publish","has-post-thumbnail","hentry"],"_links":{"self":[{"href":"https:\/\/monnaber.com\/ca\/wp-json\/wp\/v2\/pages\/5115","targetHints":{"allow":["GET"]}}],"collection":[{"href":"https:\/\/monnaber.com\/ca\/wp-json\/wp\/v2\/pages"}],"about":[{"href":"https:\/\/monnaber.com\/ca\/wp-json\/wp\/v2\/types\/page"}],"author":[{"embeddable":true,"href":"https:\/\/monnaber.com\/ca\/wp-json\/wp\/v2\/users\/1"}],"replies":[{"embeddable":true,"href":"https:\/\/monnaber.com\/ca\/wp-json\/wp\/v2\/comments?post=5115"}],"version-history":[{"count":1,"href":"https:\/\/monnaber.com\/ca\/wp-json\/wp\/v2\/pages\/5115\/revisions"}],"predecessor-version":[{"id":15554,"href":"https:\/\/monnaber.com\/ca\/wp-json\/wp\/v2\/pages\/5115\/revisions\/15554"}],"up":[{"embeddable":true,"href":"https:\/\/monnaber.com\/ca\/wp-json\/wp\/v2\/pages\/2615"}],"wp:featuredmedia":[{"embeddable":true,"href":"https:\/\/monnaber.com\/ca\/wp-json\/"}],"wp:attachment":[{"href":"https:\/\/monnaber.com\/ca\/wp-json\/wp\/v2\/media?parent=5115"}],"curies":[{"name":"wp","href":"https:\/\/api.w.org\/{rel}","templated":true}]}}