{"id":2750,"date":"2015-10-22T12:32:32","date_gmt":"2015-10-22T10:32:32","guid":{"rendered":"http:\/\/monnaber.com\/ca\/temps-lliure\/hiking\/"},"modified":"2023-05-16T17:33:15","modified_gmt":"2023-05-16T15:33:15","slug":"senderisme","status":"publish","type":"page","link":"https:\/\/monnaber.com\/ca\/temps-lliure\/senderisme\/","title":{"rendered":"Senderisme"},"content":{"rendered":"<div class=\"wpb-content-wrapper\"><p>[vc_row][vc_column]<div class=\"fancy_heading fancy_heading_icon\"><div class=\"fh-top\"><\/div><h2 class=\"title\">Rutas de Senderismo<\/h2><\/div>\n[\/vc_column][\/vc_row][vc_row][vc_column width=&#8221;1\/2&#8243;][vc_column_text]<\/p>\n<h2 style=\"text-align: center;\"><a class=\"button button_theme\" href=\"\/?page_id=7748\">Campanet<\/a><\/h2>\n<p><a href=\"\/?page_id=7710\"><img loading=\"lazy\" decoding=\"async\" class=\"aligncenter wp-image-3573 size-medium\" src=\"\/wp-content\/uploads\/2019\/06\/CIMG0899web.jpg\" alt=\"- -\" width=\"300\" height=\"163\" title=\"- -\"><\/a><\/p>\n<p style=\"text-align: center;\"><em>Descobrir Campanet pels carrers, camins, llocs dels propis habitants. Una de les millors portes d&#8217;entrada a la serra de Tramuntanta (Patrimoni de la humanitat)<\/em><\/p>\n<p>[\/vc_column_text][\/vc_column][vc_column width=&#8221;1\/2&#8243;][vc_column_text]<\/p>\n<h2 style=\"text-align: center;\"><a class=\"button button_theme\" href=\"\/?page_id=7714\">Penya d\u00b4es Migdia<\/a><\/h2>\n<p><a href=\"\/?page_id=7714\"><img loading=\"lazy\" decoding=\"async\" class=\"aligncenter wp-image-3573 size-medium\" src=\"\/wp-content\/uploads\/2019\/06\/penya-des-migdia.jpg\" alt=\"- -\" width=\"300\" height=\"163\" title=\"- -\"><\/a><\/p>\n<p style=\"text-align: center;\"><em>La Penya d\u2019es Migdia \u00e9s la primera muntanya de la Serra de Tramuntana m\u00e9s pr\u00f2xima a la zona de Monn\u00e0ber<\/em><\/p>\n<p>[\/vc_column_text][\/vc_column][\/vc_row][vc_row][vc_column width=&#8221;1\/2&#8243;][vc_column_text]<\/p>\n<h2 style=\"text-align: center;\"><a class=\"button button_theme\" href=\"\/?page_id=7751\">Lluc \u2013 Binifaldo<\/a><\/h2>\n<p><a href=\"\/?page_id=7719\"><img loading=\"lazy\" decoding=\"async\" class=\"aligncenter wp-image-3573 size-medium\" src=\"\/wp-content\/uploads\/2019\/06\/CIMG1053web.jpg\" alt=\"- -\" width=\"300\" height=\"163\" title=\"- -\"><\/a><\/p>\n<p><em>La m\u00edstica i la bellesa natural de la Serra de Tramuntana s&#8217;uneixen en un lloc concret de l&#8217;illa de Mallorca, aquest lloc \u00e9s Lluc. Una visita obligada per poder sentir el cor de l&#8217;illa i respirar la Mallorca m\u00e9s natural<\/em>[\/vc_column_text][\/vc_column][vc_column width=&#8221;1\/2&#8243;][vc_column_text]<\/p>\n<h2 style=\"text-align: center;\"><a class=\"button button_theme\" href=\"\/?page_id=7752\">Puig Galileu<\/a><\/h2>\n<p><a href=\"\/?page_id=7706\"><img loading=\"lazy\" decoding=\"async\" class=\"aligncenter wp-image-3573 size-medium\" src=\"\/wp-content\/uploads\/2019\/06\/CIMG1024web.jpg\" alt=\"- -\" width=\"300\" height=\"163\" title=\"- -\"><\/a><\/p>\n<p style=\"text-align: center;\"><em>El que avui \u00e9s una de les rutes excursionistes per Excel\u00b7l\u00e8ncia de la Serra de Tramuntana, temps enrere era el cam\u00ed que empraven els nostres avantpassats quan an\u00e0veu a peu de Lluc a S\u00f3ller, o amb carro a cercar carb\u00f3, o amb una somera o bou per nevatejar.<\/em><\/p>\n<p>[\/vc_column_text][\/vc_column][\/vc_row][vc_row][vc_column][vc_column_text]<\/p>\n<p style=\"text-align: center;\">L&#8217;hotel \u00e9s la base perfecta per explorar la incomparable Serra de Tramuntana. Les seves rutes i miradors ben definits faran de les seves passejades o excursions una sortida inoblidable.<\/p>\n<p style=\"text-align: center;\"><strong>El nostre personal estar\u00e0 encantat d&#8217;ajudar a organitzar la ruta que desitgis.<\/strong><\/p>\n<p>[\/vc_column_text][\/vc_column][\/vc_row][vc_row][vc_column][vc_video link=&#8221;https:\/\/vimeo.com\/33121164&#8243;][\/vc_column][\/vc_row]<\/p>\n<\/div>","protected":false},"excerpt":{"rendered":"<p>[vc_row][vc_column][\/vc_column][\/vc_row][vc_row][vc_column width=&#8221;1\/2&#8243;][vc_column_text] Campanet Descobrir Campanet pels carrers, camins, llocs dels propis habitants. Una de les millors portes d&#8217;entrada a la serra de Tramuntanta (Patrimoni de la<span class=\"excerpt-hellip\"> [\u2026]<\/span><\/p>\n","protected":false},"author":1,"featured_media":0,"parent":2737,"menu_order":0,"comment_status":"open","ping_status":"open","template":"","meta":{"footnotes":""},"class_list":["post-2750","page","type-page","status-publish","hentry"],"_links":{"self":[{"href":"https:\/\/monnaber.com\/ca\/wp-json\/wp\/v2\/pages\/2750","targetHints":{"allow":["GET"]}}],"collection":[{"href":"https:\/\/monnaber.com\/ca\/wp-json\/wp\/v2\/pages"}],"about":[{"href":"https:\/\/monnaber.com\/ca\/wp-json\/wp\/v2\/types\/page"}],"author":[{"embeddable":true,"href":"https:\/\/monnaber.com\/ca\/wp-json\/wp\/v2\/users\/1"}],"replies":[{"embeddable":true,"href":"https:\/\/monnaber.com\/ca\/wp-json\/wp\/v2\/comments?post=2750"}],"version-history":[{"count":0,"href":"https:\/\/monnaber.com\/ca\/wp-json\/wp\/v2\/pages\/2750\/revisions"}],"up":[{"embeddable":true,"href":"https:\/\/monnaber.com\/ca\/wp-json\/wp\/v2\/pages\/2737"}],"wp:attachment":[{"href":"https:\/\/monnaber.com\/ca\/wp-json\/wp\/v2\/media?parent=2750"}],"curies":[{"name":"wp","href":"https:\/\/api.w.org\/{rel}","templated":true}]}}