{"id":2653,"date":"2015-05-11T19:23:31","date_gmt":"2015-05-11T17:23:31","guid":{"rendered":"http:\/\/monnaber.com\/ca\/allotjament\/deluxe-standard\/standard-room\/"},"modified":"2025-02-19T18:45:36","modified_gmt":"2025-02-19T17:45:36","slug":"habitacio-standard","status":"publish","type":"page","link":"https:\/\/monnaber.com\/ca\/hotel-rural-agroturisme-luxe-mallorca\/deluxe-standard\/habitacio-standard\/","title":{"rendered":"Standard"},"content":{"rendered":"<div class=\"wpb-content-wrapper\"><p>[vc_row][vc_column][vc_widget_sidebar sidebar_id=&#8221;sidebar-book-ca&#8221;][\/vc_column][\/vc_row][vc_row css=&#8221;.vc_custom_1431360458683{margin-top: 10px !important;}&#8221;][vc_column width=&#8221;2\/3&#8243;]<div class=\"fancy_heading fancy_heading_line\"><div class=\"fh-top\"><\/div><h1 class=\"title \">Habitaci\u00f3 amb balc\u00f3 o terrassa de l'hotel rural Monnaber Nou<\/h1><\/div>\n[vc_column_text]Habitacions acollidores, decorades amb estil r\u00fastic mallorqu\u00ed, amb balc\u00f3 o terrassa i \u00e0mpliament equipades com les habitacions Deluxe per satisfer plenament la seva estada i amb una superf\u00edcie aproximada de 25m\u00b2.<\/p>\n<p>Situades a 600 metres des del nucli principal, trob\u00e9s, a la mateixa finca, l&#8217;encantadora casa rural de &#8220;s&#8217;hort de Monnaber&#8221; amb servei de Esmorzar i Poolbar.[\/vc_column_text][\/vc_column][vc_column width=&#8221;1\/3&#8243;][vc_empty_space][vc_single_image image=&#8221;3177&#8243; img_size=&#8221;&#8221; alignment=&#8221;center&#8221;][\/vc_column][\/vc_row][vc_row][vc_column width=&#8221;2\/3&#8243;][vc_gallery interval=&#8221;3&#8243; images=&#8221;9658,9663,9668,9673,9678&#8243; img_size=&#8221;full&#8221;][\/vc_column][vc_column width=&#8221;1\/3&#8243;]<div class=\"infobox\" ><h3 class=\"title \">\nServeis i instal.lacions de l'habitaci\u00f3 Est\u00e0ndard\n<\/h3><div class=\"infobox_wrapper\"><span class=\"ib-desc\"><\/p>\n<ul>\n<li>TV Sat\u00e8l.lit<\/li>\n<li>Caixa Fort<\/li>\n<li>Aire Condicionat<\/li>\n<li>Calefacci\u00f3<\/li>\n<li>Minibar<\/li>\n<li>Tel\u00e8fon<\/li>\n<li>Eixugador de Cabells<\/li>\n<li>Bany completament equipat.<\/li>\n<li>Joc de tovalloles i Barn\u00fas.<\/li>\n<li>Conexi\u00f3 a internet wireless<\/li>\n<\/ul>\n<p><\/span><\/div><\/div>\n[\/vc_column][\/vc_row][vc_row][vc_column]<div class=\"fancy_heading fancy_heading_line\"><div class=\"fh-top\"><span class=\"slogan\">Combining Elegance and Comfort<\/span><\/div><h1 class=\"title \">360\u00ba Virtual Tour<\/h1><\/div>\n[vc_raw_html css=&#8221;&#8221;]JTNDaWZyYW1lJTIwaWQlM0QlMjJ2dF9pZnJhbWVfNmY0OTIyZjQ1NTY4MTYxYThjZGY0YWQyMjk5ZjZkMjMlMjIlMjBhbGxvdyUzRCUyMmFjY2VsZXJvbWV0ZXIlM0IlMjBjYW1lcmElM0IlMjBkaXNwbGF5LWNhcHR1cmUlM0IlMjBmdWxsc2NyZWVuJTNCJTIwZ2VvbG9jYXRpb24lM0IlMjBneXJvc2NvcGUlM0IlMjBtYWduZXRvbWV0ZXIlM0IlMjBtaWNyb3Bob25lJTNCJTIwbWlkaSUzQiUyMHhyLXNwYXRpYWwtdHJhY2tpbmclM0IlMjIlMjB3aWR0aCUzRCUyMjEwMCUyNSUyMiUyMGhlaWdodCUzRCUyMjYwMHB4JTIyJTIwZnJhbWVib3JkZXIlM0QlMjIwJTIyJTIwc2Nyb2xsaW5nJTNEJTIybm8lMjIlMjBtYXJnaW5oZWlnaHQlM0QlMjIwJTIyJTIwbWFyZ2lud2lkdGglM0QlMjIwJTIyJTIwc3JjJTNEJTIyaHR0cHMlM0ElMkYlMkZ2cjM2MC5tYWxsb3JjYS51cyUyRnZpZXdlciUyRmluZGV4LnBocCUzRmNvZGUlM0Q2ZjQ5MjJmNDU1NjgxNjFhOGNkZjRhZDIyOTlmNmQyMyUyMiUzRSUzQyUyRmlmcmFtZSUzRQ==[\/vc_raw_html][\/vc_column][\/vc_row][vc_row][vc_column][vc_raw_html]JTNDc2NyaXB0JTNFJTBBJTIwJTIwZ3RhZyUyOCUyN2V2ZW50JTI3JTJDJTIwJTI3Y29udmVyc2lvbiUyNyUyQyUyMCU3QiUyN3NlbmRfdG8lMjclM0ElMjAlMjdBVy0xMDcxMjIyNjc3JTJGN29wdkNLUGF3cXNCRUpXZjV2NEQlMjclN0QlMjklM0IlMEElM0MlMkZzY3JpcHQlM0U=[\/vc_raw_html][\/vc_column][\/vc_row]<\/p>\n<\/div>","protected":false},"excerpt":{"rendered":"<p>[vc_row][vc_column][vc_widget_sidebar sidebar_id=&#8221;sidebar-book-ca&#8221;][\/vc_column][\/vc_row][vc_row css=&#8221;.vc_custom_1431360458683{margin-top: 10px !important;}&#8221;][vc_column width=&#8221;2\/3&#8243;][vc_column_text]Habitacions acollidores, decorades amb estil r\u00fastic mallorqu\u00ed, amb balc\u00f3 o terrassa i \u00e0mpliament equipades com les habitacions Deluxe per satisfer plenament<span class=\"excerpt-hellip\"> [\u2026]<\/span><\/p>\n","protected":false},"author":1,"featured_media":0,"parent":2643,"menu_order":0,"comment_status":"open","ping_status":"open","template":"","meta":{"footnotes":""},"class_list":["post-2653","page","type-page","status-publish","hentry"],"_links":{"self":[{"href":"https:\/\/monnaber.com\/ca\/wp-json\/wp\/v2\/pages\/2653","targetHints":{"allow":["GET"]}}],"collection":[{"href":"https:\/\/monnaber.com\/ca\/wp-json\/wp\/v2\/pages"}],"about":[{"href":"https:\/\/monnaber.com\/ca\/wp-json\/wp\/v2\/types\/page"}],"author":[{"embeddable":true,"href":"https:\/\/monnaber.com\/ca\/wp-json\/wp\/v2\/users\/1"}],"replies":[{"embeddable":true,"href":"https:\/\/monnaber.com\/ca\/wp-json\/wp\/v2\/comments?post=2653"}],"version-history":[{"count":3,"href":"https:\/\/monnaber.com\/ca\/wp-json\/wp\/v2\/pages\/2653\/revisions"}],"predecessor-version":[{"id":15211,"href":"https:\/\/monnaber.com\/ca\/wp-json\/wp\/v2\/pages\/2653\/revisions\/15211"}],"up":[{"embeddable":true,"href":"https:\/\/monnaber.com\/ca\/wp-json\/wp\/v2\/pages\/2643"}],"wp:attachment":[{"href":"https:\/\/monnaber.com\/ca\/wp-json\/wp\/v2\/media?parent=2653"}],"curies":[{"name":"wp","href":"https:\/\/api.w.org\/{rel}","templated":true}]}}