{"id":2650,"date":"2015-05-11T19:18:18","date_gmt":"2015-05-11T17:18:18","guid":{"rendered":"http:\/\/monnaber.com\/ca\/allotjament\/deluxe-standard\/deluxe\/"},"modified":"2025-02-19T18:59:34","modified_gmt":"2025-02-19T17:59:34","slug":"deluxe","status":"publish","type":"page","link":"https:\/\/monnaber.com\/ca\/hotel-rural-agroturisme-luxe-mallorca\/deluxe-standard\/deluxe\/","title":{"rendered":"Deluxe"},"content":{"rendered":"<div class=\"wpb-content-wrapper\"><p>[vc_row][vc_column][vc_widget_sidebar sidebar_id=&#8221;sidebar-book-ca&#8221;][\/vc_column][\/vc_row][vc_row css=&#8221;.vc_custom_1431360458683{margin-top: 10px !important;}&#8221;][vc_column width=&#8221;2\/3&#8243;]<div class=\"fancy_heading fancy_heading_line\"><div class=\"fh-top\"><\/div><h1 class=\"title \">Habitaci\u00f3 Deluxe de l'hotel Agroturisme Monnaber Nou a Mallorca<\/h1><\/div>\n[vc_column_text]Decorades amb eleg\u00e0ncia i igualment equipades que les habitacions est\u00e0ndard per satisfer totes les seves necessitats.<\/p>\n<p>Estan Situades en el nucli principal, respectant la distribuci\u00f3 original de l&#8217;edifici, degut al seu car\u00e0cter hist\u00f2ric que atorga un car\u00e0cter \u00fanic a cada habitaci\u00f3, amb una superf\u00edcie aproximada de 25m\u00b2.[\/vc_column_text][\/vc_column][vc_column width=&#8221;1\/3&#8243;][vc_empty_space][vc_single_image image=&#8221;3177&#8243; img_size=&#8221;&#8221; alignment=&#8221;center&#8221;][\/vc_column][\/vc_row][vc_row][vc_column width=&#8221;2\/3&#8243;][vc_gallery interval=&#8221;3&#8243; images=&#8221;8736,8741,8716,8721,8726,8731&#8243; img_size=&#8221;full&#8221;][\/vc_column][vc_column width=&#8221;1\/3&#8243;]<div class=\"infobox\" ><h3 class=\"title \">\nServeis i instal.lacions de l'Habitaci\u00f3 Deluxe\n<\/h3><div class=\"infobox_wrapper\"><span class=\"ib-desc\"><\/p>\n<ul>\n<li>TV Sat\u00e8l.lit<\/li>\n<li>Caixa Fort<\/li>\n<li>Aire Condicionat<\/li>\n<li>Calefacci\u00f3<\/li>\n<li>Minibar<\/li>\n<li>Tel\u00e8fon<\/li>\n<li>Eixugador de Cabells<\/li>\n<li>Bany completament equipat.<\/li>\n<li>Joc de tovalloles i Barn\u00fas.<\/li>\n<li>Conexi\u00f3 a internet wireless<\/li>\n<\/ul>\n<p><\/span><\/div><\/div>\n[\/vc_column][\/vc_row][vc_row][vc_column]<div class=\"fancy_heading fancy_heading_line\"><div class=\"fh-top\"><span class=\"slogan\">Combining Elegance and Comfort<\/span><\/div><h1 class=\"title \">360\u00ba Virtual Tour<\/h1><\/div>\n[vc_raw_html css=&#8221;&#8221;]JTNDaWZyYW1lJTIwaWQlM0QlMjJ2dF9pZnJhbWVfOWJmMzFjN2ZmMDYyOTM2YTk2ZDNjOGJkMWY4ZjJmZjMlMjIlMjBhbGxvdyUzRCUyMmFjY2VsZXJvbWV0ZXIlM0IlMjBjYW1lcmElM0IlMjBkaXNwbGF5LWNhcHR1cmUlM0IlMjBmdWxsc2NyZWVuJTNCJTIwZ2VvbG9jYXRpb24lM0IlMjBneXJvc2NvcGUlM0IlMjBtYWduZXRvbWV0ZXIlM0IlMjBtaWNyb3Bob25lJTNCJTIwbWlkaSUzQiUyMHhyLXNwYXRpYWwtdHJhY2tpbmclM0IlMjIlMjB3aWR0aCUzRCUyMjEwMCUyNSUyMiUyMGhlaWdodCUzRCUyMjYwMHB4JTIyJTIwZnJhbWVib3JkZXIlM0QlMjIwJTIyJTIwc2Nyb2xsaW5nJTNEJTIybm8lMjIlMjBtYXJnaW5oZWlnaHQlM0QlMjIwJTIyJTIwbWFyZ2lud2lkdGglM0QlMjIwJTIyJTIwc3JjJTNEJTIyaHR0cHMlM0ElMkYlMkZ2cjM2MC5tYWxsb3JjYS51cyUyRnZpZXdlciUyRmluZGV4LnBocCUzRmNvZGUlM0Q5YmYzMWM3ZmYwNjI5MzZhOTZkM2M4YmQxZjhmMmZmMyUyMiUzRSUzQyUyRmlmcmFtZSUzRQ==[\/vc_raw_html][\/vc_column][\/vc_row][vc_row][vc_column][vc_raw_html]JTNDc2NyaXB0JTNFJTBBJTIwJTIwZ3RhZyUyOCUyN2V2ZW50JTI3JTJDJTIwJTI3Y29udmVyc2lvbiUyNyUyQyUyMCU3QiUyN3NlbmRfdG8lMjclM0ElMjAlMjdBVy0xMDcxMjIyNjc3JTJGaTllR0NJbmJ3cXNCRUpXZjV2NEQlMjclN0QlMjklM0IlMEElM0MlMkZzY3JpcHQlM0U=[\/vc_raw_html][\/vc_column][\/vc_row]<\/p>\n<\/div>","protected":false},"excerpt":{"rendered":"<p>[vc_row][vc_column][vc_widget_sidebar sidebar_id=&#8221;sidebar-book-ca&#8221;][\/vc_column][\/vc_row][vc_row css=&#8221;.vc_custom_1431360458683{margin-top: 10px !important;}&#8221;][vc_column width=&#8221;2\/3&#8243;][vc_column_text]Decorades amb eleg\u00e0ncia i igualment equipades que les habitacions est\u00e0ndard per satisfer totes les seves necessitats. Estan Situades en el nucli<span class=\"excerpt-hellip\"> [\u2026]<\/span><\/p>\n","protected":false},"author":1,"featured_media":0,"parent":2643,"menu_order":0,"comment_status":"open","ping_status":"open","template":"","meta":{"footnotes":""},"class_list":["post-2650","page","type-page","status-publish","hentry"],"_links":{"self":[{"href":"https:\/\/monnaber.com\/ca\/wp-json\/wp\/v2\/pages\/2650","targetHints":{"allow":["GET"]}}],"collection":[{"href":"https:\/\/monnaber.com\/ca\/wp-json\/wp\/v2\/pages"}],"about":[{"href":"https:\/\/monnaber.com\/ca\/wp-json\/wp\/v2\/types\/page"}],"author":[{"embeddable":true,"href":"https:\/\/monnaber.com\/ca\/wp-json\/wp\/v2\/users\/1"}],"replies":[{"embeddable":true,"href":"https:\/\/monnaber.com\/ca\/wp-json\/wp\/v2\/comments?post=2650"}],"version-history":[{"count":2,"href":"https:\/\/monnaber.com\/ca\/wp-json\/wp\/v2\/pages\/2650\/revisions"}],"predecessor-version":[{"id":15240,"href":"https:\/\/monnaber.com\/ca\/wp-json\/wp\/v2\/pages\/2650\/revisions\/15240"}],"up":[{"embeddable":true,"href":"https:\/\/monnaber.com\/ca\/wp-json\/wp\/v2\/pages\/2643"}],"wp:attachment":[{"href":"https:\/\/monnaber.com\/ca\/wp-json\/wp\/v2\/media?parent=2650"}],"curies":[{"name":"wp","href":"https:\/\/api.w.org\/{rel}","templated":true}]}}