{"id":2643,"date":"2015-05-11T18:56:08","date_gmt":"2015-05-11T16:56:08","guid":{"rendered":"http:\/\/monnaber.com\/ca\/allotjament\/deluxe-standard\/"},"modified":"2022-02-11T10:29:45","modified_gmt":"2022-02-11T09:29:45","slug":"deluxe-standard","status":"publish","type":"page","link":"https:\/\/monnaber.com\/ca\/hotel-rural-agroturisme-luxe-mallorca\/deluxe-standard\/","title":{"rendered":"Deluxe &#038; Standard"},"content":{"rendered":"<div class=\"wpb-content-wrapper\"><p>[vc_row][vc_column][vc_widget_sidebar sidebar_id=&#8221;sidebar-book-ca&#8221;][\/vc_column][\/vc_row][vc_row css=&#8221;.vc_custom_1431360458683{margin-top: 10px !important;}&#8221;][vc_column]<div class=\"fancy_heading fancy_heading_line\"><div class=\"fh-top\"><\/div><h2 class=\"title\">Habitaci\u00f3 Deluxe &amp; Standard<\/h2><div class=\"inside\">Les nostres confortables i elegants habitacions Deluxe &amp; Standard tamb\u00e9 estan disponibles per \u00fas individual. Totes s\u00f3n diferents respectant la distribuci\u00f3 original de l \u2019edifici i tenen una superf\u00edcie aproximada de 23m\u00b2<\/div><\/div>\n[\/vc_column][\/vc_row][vc_row][vc_column width=&#8221;1\/3&#8243;][vc_column_text]<\/p>\n<h2 style=\"text-align: center;\"><a class=\"button button_theme\" href=\"\/?page_id=2650\">Habitacions\u00a0Deluxe<\/a><\/h2>\n<p><a href=\"\/?page_id=2650\"><img loading=\"lazy\" decoding=\"async\" class=\"aligncenter size-medium wp-image-295\" src=\"http:\/\/monnaber.com\/wp-content\/uploads\/2015\/05\/twin-1-1-300x163.jpg\" alt=\"twin-1 (1)\" width=\"300\" height=\"163\" title=\"- -\" srcset=\"https:\/\/monnaber.com\/wp-content\/uploads\/2015\/05\/twin-1-1-300x163.jpg 300w, https:\/\/monnaber.com\/wp-content\/uploads\/2015\/05\/twin-1-1-260x142.jpg 260w, https:\/\/monnaber.com\/wp-content\/uploads\/2015\/05\/twin-1-1-50x27.jpg 50w, https:\/\/monnaber.com\/wp-content\/uploads\/2015\/05\/twin-1-1-576x314.jpg 576w, https:\/\/monnaber.com\/wp-content\/uploads\/2015\/05\/twin-1-1-138x75.jpg 138w, https:\/\/monnaber.com\/wp-content\/uploads\/2015\/05\/twin-1-1.jpg 793w\" sizes=\"auto, (max-width:767px) 300px, 300px\" \/><\/a><\/p>\n<p style=\"text-align: center;\">Les nostres elegants Habitacions Deluxe tamb\u00e9 estan disponibles per a \u00fas individual. S\u00f3n \u00faniques, respectant la distribuci\u00f3 original de l&#8217;edifici i tenen una superf\u00edcie aproximada de 23m\u00b2 que satisfaran totes les seves necessitats.<\/p>\n<p>[\/vc_column_text][\/vc_column][vc_column width=&#8221;1\/3&#8243;][vc_column_text]<\/p>\n<h2 style=\"text-align: center;\"><a class=\"button button_theme\" href=\"\/?page_id=2653\">Habitacions\u00a0Standard<\/a><\/h2>\n<p><a href=\"\/?page_id=2653\"><img loading=\"lazy\" decoding=\"async\" class=\"aligncenter size-medium wp-image-301\" src=\"http:\/\/monnaber.com\/wp-content\/uploads\/2015\/05\/doble-standard-01-1-300x163.jpg\" alt=\"doble-standard-01 (1)\" width=\"300\" height=\"163\" title=\"- -\" srcset=\"https:\/\/monnaber.com\/wp-content\/uploads\/2015\/05\/doble-standard-01-1-300x163.jpg 300w, https:\/\/monnaber.com\/wp-content\/uploads\/2015\/05\/doble-standard-01-1-260x142.jpg 260w, https:\/\/monnaber.com\/wp-content\/uploads\/2015\/05\/doble-standard-01-1-50x27.jpg 50w, https:\/\/monnaber.com\/wp-content\/uploads\/2015\/05\/doble-standard-01-1-576x314.jpg 576w, https:\/\/monnaber.com\/wp-content\/uploads\/2015\/05\/doble-standard-01-1-138x75.jpg 138w, https:\/\/monnaber.com\/wp-content\/uploads\/2015\/05\/doble-standard-01-1.jpg 793w\" sizes=\"auto, (max-width:767px) 300px, 300px\" \/><\/a><\/p>\n<p style=\"text-align: center;\">Les nostres habitacions Standard tenen totes les comoditats i serveis que la resta, situades a l&#8217;edifici annex i amb superf\u00edcie aproximada de 20m \u00b2.<\/p>\n<p>[\/vc_column_text][\/vc_column][vc_column width=&#8221;1\/3&#8243;]<div class=\"infobox\" ><h3 class=\"title \">Prestacions i Serveis ****<\/h3><div class=\"infobox_wrapper\"><span class=\"ib-desc\"><\/p>\n<ul>\n<li>TV Sat\u00e8l.lit<\/li>\n<li>Caixa Fort<\/li>\n<li>Aire Condicionat<\/li>\n<li>Calefacci\u00f3<\/li>\n<li>Minibar<\/li>\n<li>Tel\u00e8fon<\/li>\n<li>Servei d&#8217;habitacions<\/li>\n<li>Eixugador de Cabells<\/li>\n<li>Bany completament equipat.<\/li>\n<li>Joc de tovalloles i Barn\u00fas.<\/li>\n<li>Conexi\u00f3 a internet wireless<\/li>\n<\/ul>\n<p><\/span><\/div><\/div>\n[\/vc_column][\/vc_row]<\/p>\n<\/div>","protected":false},"excerpt":{"rendered":"<p>[vc_row][vc_column][vc_widget_sidebar sidebar_id=&#8221;sidebar-book-ca&#8221;][\/vc_column][\/vc_row][vc_row css=&#8221;.vc_custom_1431360458683{margin-top: 10px !important;}&#8221;][vc_column][\/vc_column][\/vc_row][vc_row][vc_column width=&#8221;1\/3&#8243;][vc_column_text] Habitacions\u00a0Deluxe Les nostres elegants Habitacions Deluxe tamb\u00e9 estan disponibles per a \u00fas individual. S\u00f3n \u00faniques, respectant la distribuci\u00f3 original de<span class=\"excerpt-hellip\"> [\u2026]<\/span><\/p>\n","protected":false},"author":1,"featured_media":0,"parent":2615,"menu_order":0,"comment_status":"open","ping_status":"open","template":"","meta":{"footnotes":""},"class_list":["post-2643","page","type-page","status-publish","hentry"],"_links":{"self":[{"href":"https:\/\/monnaber.com\/ca\/wp-json\/wp\/v2\/pages\/2643","targetHints":{"allow":["GET"]}}],"collection":[{"href":"https:\/\/monnaber.com\/ca\/wp-json\/wp\/v2\/pages"}],"about":[{"href":"https:\/\/monnaber.com\/ca\/wp-json\/wp\/v2\/types\/page"}],"author":[{"embeddable":true,"href":"https:\/\/monnaber.com\/ca\/wp-json\/wp\/v2\/users\/1"}],"replies":[{"embeddable":true,"href":"https:\/\/monnaber.com\/ca\/wp-json\/wp\/v2\/comments?post=2643"}],"version-history":[{"count":0,"href":"https:\/\/monnaber.com\/ca\/wp-json\/wp\/v2\/pages\/2643\/revisions"}],"up":[{"embeddable":true,"href":"https:\/\/monnaber.com\/ca\/wp-json\/wp\/v2\/pages\/2615"}],"wp:attachment":[{"href":"https:\/\/monnaber.com\/ca\/wp-json\/wp\/v2\/media?parent=2643"}],"curies":[{"name":"wp","href":"https:\/\/api.w.org\/{rel}","templated":true}]}}