{"id":2635,"date":"2015-05-11T18:28:37","date_gmt":"2015-05-11T16:28:37","guid":{"rendered":"http:\/\/monnaber.com\/ca\/allotjament\/apartaments\/family-apartment\/"},"modified":"2025-02-19T18:53:12","modified_gmt":"2025-02-19T17:53:12","slug":"apartament-familiar","status":"publish","type":"page","link":"https:\/\/monnaber.com\/ca\/hotel-rural-agroturisme-luxe-mallorca\/apartaments\/apartament-familiar\/","title":{"rendered":"Apartament Familiar"},"content":{"rendered":"<div class=\"wpb-content-wrapper\"><p>[vc_row][vc_column][vc_widget_sidebar sidebar_id=&#8221;sidebar-book-ca&#8221;][\/vc_column][\/vc_row][vc_row css=&#8221;.vc_custom_1431360458683{margin-top: 0px !important;}&#8221;][vc_column width=&#8221;2\/3&#8243;]<div class=\"fancy_heading fancy_heading_line\"><div class=\"fh-top\"><span class=\"slogan\">Per a un m\u00e0xim de 5 persones<\/span><\/div><h1 class=\"title \">L'apartament Familiar a Mallorca de l'hotel rural Monnaber Nou.<\/h1><\/div>\n[vc_column_text]Ampli apartament amb dos dormitoris separats, sal\u00f3 menjador amb cuina i terrassa privada. L&#8217;opci\u00f3 ideal per gaudir d&#8217;una major independ\u00e8ncia juntament amb la seva fam\u00edlia o amics, i amb tots els serveis de l&#8217;hotel.<\/p>\n<p>Superf\u00edcie aproximada de 52m\u00b2 Situat en un dels edificis del nucli principal.[\/vc_column_text][\/vc_column][vc_column width=&#8221;1\/3&#8243;][vc_empty_space][vc_single_image image=&#8221;243&#8243; img_size=&#8221;full&#8221; alignment=&#8221;center&#8221;][\/vc_column][\/vc_row][vc_row][vc_column width=&#8221;3\/4&#8243;][vc_gallery interval=&#8221;3&#8243; images=&#8221;8596,8591,8566,8571,8581,8576,8586&#8243; img_size=&#8221;full&#8221;][\/vc_column][vc_column width=&#8221;1\/4&#8243;]<div class=\"infobox\" ><h3 class=\"title \">\nAmb 2 dormitoris i terrassa privada juntament amb els Serveis de l'Hotel faran que els seus vacaiones familiars sigui inoblidable.\n<\/h3><div class=\"infobox_wrapper\"><span class=\"ib-desc\"><\/p>\n<ul>\n<li>TV Sat\u00e8l.lit<\/li>\n<li>Caixa Fort<\/li>\n<li>Aire Condicionat<\/li>\n<li>Calefacci\u00f3<\/li>\n<li>Minibar<\/li>\n<li>Tel\u00e8fon<\/li>\n<li>Cuina el\u00e8ctrica<\/li>\n<li>Microones<\/li>\n<li>Eixugador de Cabells<\/li>\n<li>Bany completament equipat.<\/li>\n<li>Joc de tovalloles i Barn\u00fas.<\/li>\n<li>Conexi\u00f3 a internet wireless<\/li>\n<\/ul>\n<p><\/span><\/div><\/div>\n[\/vc_column][\/vc_row][vc_row][vc_column]<div class=\"fancy_heading fancy_heading_line\"><div class=\"fh-top\"><span class=\"slogan\">Combining Elegance and Comfort<\/span><\/div><h1 class=\"title \">360\u00ba Virtual Tour<\/h1><\/div>\n[vc_raw_html css=&#8221;&#8221;]JTNDaWZyYW1lJTIwaWQlM0QlMjJ2dF9pZnJhbWVfYzc0ZDk3YjAxZWFlMjU3ZTQ0YWE5ZDViYWRlOTdiYWYlMjIlMjBhbGxvdyUzRCUyMmFjY2VsZXJvbWV0ZXIlM0IlMjBjYW1lcmElM0IlMjBkaXNwbGF5LWNhcHR1cmUlM0IlMjBmdWxsc2NyZWVuJTNCJTIwZ2VvbG9jYXRpb24lM0IlMjBneXJvc2NvcGUlM0IlMjBtYWduZXRvbWV0ZXIlM0IlMjBtaWNyb3Bob25lJTNCJTIwbWlkaSUzQiUyMHhyLXNwYXRpYWwtdHJhY2tpbmclM0IlMjIlMjB3aWR0aCUzRCUyMjEwMCUyNSUyMiUyMGhlaWdodCUzRCUyMjYwMHB4JTIyJTIwZnJhbWVib3JkZXIlM0QlMjIwJTIyJTIwc2Nyb2xsaW5nJTNEJTIybm8lMjIlMjBtYXJnaW5oZWlnaHQlM0QlMjIwJTIyJTIwbWFyZ2lud2lkdGglM0QlMjIwJTIyJTIwc3JjJTNEJTIyaHR0cHMlM0ElMkYlMkZ2cjM2MC5tYWxsb3JjYS51cyUyRnZpZXdlciUyRmluZGV4LnBocCUzRmNvZGUlM0RjNzRkOTdiMDFlYWUyNTdlNDRhYTlkNWJhZGU5N2JhZiUyMiUzRSUzQyUyRmlmcmFtZSUzRQ==[\/vc_raw_html][\/vc_column][\/vc_row][vc_row][vc_column][vc_raw_html]JTNDc2NyaXB0JTNFJTBBJTIwJTIwZ3RhZyUyOCUyN2V2ZW50JTI3JTJDJTIwJTI3Y29udmVyc2lvbiUyNyUyQyUyMCU3QiUyN3NlbmRfdG8lMjclM0ElMjAlMjdBVy0xMDcxMjIyNjc3JTJGQWZWTENOYmd3cXNCRUpXZjV2NEQlMjclN0QlMjklM0IlMEElM0MlMkZzY3JpcHQlM0U=[\/vc_raw_html][\/vc_column][\/vc_row]<\/p>\n<\/div>","protected":false},"excerpt":{"rendered":"<p>[vc_row][vc_column][vc_widget_sidebar sidebar_id=&#8221;sidebar-book-ca&#8221;][\/vc_column][\/vc_row][vc_row css=&#8221;.vc_custom_1431360458683{margin-top: 0px !important;}&#8221;][vc_column width=&#8221;2\/3&#8243;][vc_column_text]Ampli apartament amb dos dormitoris separats, sal\u00f3 menjador amb cuina i terrassa privada. L&#8217;opci\u00f3 ideal per gaudir d&#8217;una major independ\u00e8ncia juntament<span class=\"excerpt-hellip\"> [\u2026]<\/span><\/p>\n","protected":false},"author":1,"featured_media":0,"parent":2621,"menu_order":0,"comment_status":"open","ping_status":"open","template":"","meta":{"footnotes":""},"class_list":["post-2635","page","type-page","status-publish","hentry"],"_links":{"self":[{"href":"https:\/\/monnaber.com\/ca\/wp-json\/wp\/v2\/pages\/2635","targetHints":{"allow":["GET"]}}],"collection":[{"href":"https:\/\/monnaber.com\/ca\/wp-json\/wp\/v2\/pages"}],"about":[{"href":"https:\/\/monnaber.com\/ca\/wp-json\/wp\/v2\/types\/page"}],"author":[{"embeddable":true,"href":"https:\/\/monnaber.com\/ca\/wp-json\/wp\/v2\/users\/1"}],"replies":[{"embeddable":true,"href":"https:\/\/monnaber.com\/ca\/wp-json\/wp\/v2\/comments?post=2635"}],"version-history":[{"count":2,"href":"https:\/\/monnaber.com\/ca\/wp-json\/wp\/v2\/pages\/2635\/revisions"}],"predecessor-version":[{"id":15230,"href":"https:\/\/monnaber.com\/ca\/wp-json\/wp\/v2\/pages\/2635\/revisions\/15230"}],"up":[{"embeddable":true,"href":"https:\/\/monnaber.com\/ca\/wp-json\/wp\/v2\/pages\/2621"}],"wp:attachment":[{"href":"https:\/\/monnaber.com\/ca\/wp-json\/wp\/v2\/media?parent=2635"}],"curies":[{"name":"wp","href":"https:\/\/api.w.org\/{rel}","templated":true}]}}