{"id":2621,"date":"2015-05-11T17:48:17","date_gmt":"2015-05-11T15:48:17","guid":{"rendered":"http:\/\/monnaber.com\/ca\/allotjament\/apartments\/"},"modified":"2022-02-11T10:20:57","modified_gmt":"2022-02-11T09:20:57","slug":"apartaments","status":"publish","type":"page","link":"https:\/\/monnaber.com\/ca\/hotel-rural-agroturisme-luxe-mallorca\/apartaments\/","title":{"rendered":"Apartaments"},"content":{"rendered":"<div class=\"wpb-content-wrapper\"><p>[vc_row][vc_column][vc_widget_sidebar sidebar_id=&#8221;sidebar-book-ca&#8221;]<div class=\"fancy_heading fancy_heading_line\"><div class=\"fh-top\"><span class=\"slogan\">Com a la vostra llar<\/span><\/div><h2 class=\"title\">Els Nostres Apartaments<\/h2><div class=\"inside\">Els Apartaments per dues, tres i quatre persones, tots amb terrassa o balc\u00f3 privat. Els proporcionaran tota la independ\u00e8ncia que necessita, podent gaudir plenament de totes les instal\u00b7lacions.<\/div><\/div>\n[\/vc_column][\/vc_row][vc_row][vc_column width=&#8221;1\/3&#8243;][vc_column_text]<\/p>\n<h2 style=\"text-align: center;\"><a class=\"button button_theme\" href=\"\/?page_id=2628\">Suite Apartament &#8211; M\u00e0x. 3 persones<\/a><\/h2>\n<p><a href=\"\/?page_id=2628\"><img loading=\"lazy\" decoding=\"async\" class=\"aligncenter size-medium wp-image-157\" src=\"http:\/\/monnaber.com\/wp-content\/uploads\/2015\/05\/apartment-1-1-300x163.jpg\" alt=\"apartment-1 (1)\" width=\"300\" height=\"163\" title=\"- -\" srcset=\"https:\/\/monnaber.com\/wp-content\/uploads\/2015\/05\/apartment-1-1-300x163.jpg 300w, https:\/\/monnaber.com\/wp-content\/uploads\/2015\/05\/apartment-1-1-260x142.jpg 260w, https:\/\/monnaber.com\/wp-content\/uploads\/2015\/05\/apartment-1-1-50x27.jpg 50w, https:\/\/monnaber.com\/wp-content\/uploads\/2015\/05\/apartment-1-1-576x314.jpg 576w, https:\/\/monnaber.com\/wp-content\/uploads\/2015\/05\/apartment-1-1-138x75.jpg 138w, https:\/\/monnaber.com\/wp-content\/uploads\/2015\/05\/apartment-1-1.jpg 793w\" sizes=\"auto, (max-width:767px) 300px, 300px\" \/><\/a><\/p>\n<p style=\"text-align: center;\">Amb dormitori, cuina, bany i balc\u00f3. Amb una superf\u00edcie aproximada de 32m\u00b2.<\/p>\n<p>[\/vc_column_text][\/vc_column][vc_column width=&#8221;1\/3&#8243;][vc_column_text]<\/p>\n<h2 style=\"text-align: center;\"><a class=\"button button_theme\" href=\"\/?page_id=2632\">Apartament Superior- M\u00e0x. 4 persones<\/a><\/h2>\n<p><a href=\"\/?page_id=2632\"><img loading=\"lazy\" decoding=\"async\" class=\"aligncenter size-medium wp-image-163\" src=\"http:\/\/monnaber.com\/wp-content\/uploads\/2015\/05\/apartment3a-1-300x150.jpg\" alt=\"apartment3a-1\" width=\"300\" height=\"163\" title=\"- -\"><\/a><\/p>\n<p>Amb dormitori separat sala d\u2019estar, cuina, bany i terrassa privada. Amb una superf\u00edcie aproximada de 40m\u00b2.[\/vc_column_text][\/vc_column][vc_column width=&#8221;1\/3&#8243;][vc_column_text]<\/p>\n<h2 style=\"text-align: center;\"><a class=\"button button_theme\" href=\"\/?page_id=2635\">Apartament Familiar- M\u00e0x. 5 persones<\/a><\/h2>\n<p><a href=\"\/?page_id=2635\"><img loading=\"lazy\" decoding=\"async\" class=\"aligncenter size-medium wp-image-168\" src=\"http:\/\/monnaber.com\/wp-content\/uploads\/2015\/05\/apartment4a-1-300x163.jpg\" alt=\"apartment4a-1\" width=\"300\" height=\"163\" title=\"- -\" srcset=\"https:\/\/monnaber.com\/wp-content\/uploads\/2015\/05\/apartment4a-1-300x163.jpg 300w, https:\/\/monnaber.com\/wp-content\/uploads\/2015\/05\/apartment4a-1-260x142.jpg 260w, https:\/\/monnaber.com\/wp-content\/uploads\/2015\/05\/apartment4a-1-50x27.jpg 50w, https:\/\/monnaber.com\/wp-content\/uploads\/2015\/05\/apartment4a-1-576x314.jpg 576w, https:\/\/monnaber.com\/wp-content\/uploads\/2015\/05\/apartment4a-1-138x75.jpg 138w, https:\/\/monnaber.com\/wp-content\/uploads\/2015\/05\/apartment4a-1.jpg 793w\" sizes=\"auto, (max-width:767px) 300px, 300px\" \/><\/a><\/p>\n<p>Amb dos dormitoris separats, sala d\u2019estar, cuina, bany i terrassa privada. Amb una superf\u00edcie aproximada de 52m\u00b2.[\/vc_column_text][\/vc_column][\/vc_row][vc_row][vc_column width=&#8221;3\/4&#8243;][vc_video link=&#8221;https:\/\/vimeo.com\/33119478&#8243;][\/vc_column][vc_column width=&#8221;1\/4&#8243;]<div class=\"infobox\" ><h3 class=\"title \">Prestacions i Serveis ****<\/h3><div class=\"infobox_wrapper\"><span class=\"ib-desc\"><\/p>\n<ul>\n<li>TV Sat\u00e8l.lit<\/li>\n<li>Caixa Fort<\/li>\n<li>Aire Condicionat<\/li>\n<li>Calefacci\u00f3<\/li>\n<li>Minibar<\/li>\n<li>Tel\u00e8fon<\/li>\n<li>Servei d&#8217;habitacions<\/li>\n<li>Eixugador de Cabells<\/li>\n<li>Bany completament equipat.<\/li>\n<li>Joc de tovalloles i Barn\u00fas.<\/li>\n<li>Conexi\u00f3 a internet wireless<\/li>\n<\/ul>\n<p><\/span><\/div><\/div>\n[\/vc_column][\/vc_row]<\/p>\n<\/div>","protected":false},"excerpt":{"rendered":"<p>[vc_row][vc_column][vc_widget_sidebar sidebar_id=&#8221;sidebar-book-ca&#8221;][\/vc_column][\/vc_row][vc_row][vc_column width=&#8221;1\/3&#8243;][vc_column_text] Suite Apartament &#8211; M\u00e0x. 3 persones Amb dormitori, cuina, bany i balc\u00f3. Amb una superf\u00edcie aproximada de 32m\u00b2. [\/vc_column_text][\/vc_column][vc_column width=&#8221;1\/3&#8243;][vc_column_text] Apartament Superior- M\u00e0x.<span class=\"excerpt-hellip\"> [\u2026]<\/span><\/p>\n","protected":false},"author":1,"featured_media":0,"parent":2615,"menu_order":0,"comment_status":"open","ping_status":"open","template":"","meta":{"footnotes":""},"class_list":["post-2621","page","type-page","status-publish","hentry"],"_links":{"self":[{"href":"https:\/\/monnaber.com\/ca\/wp-json\/wp\/v2\/pages\/2621","targetHints":{"allow":["GET"]}}],"collection":[{"href":"https:\/\/monnaber.com\/ca\/wp-json\/wp\/v2\/pages"}],"about":[{"href":"https:\/\/monnaber.com\/ca\/wp-json\/wp\/v2\/types\/page"}],"author":[{"embeddable":true,"href":"https:\/\/monnaber.com\/ca\/wp-json\/wp\/v2\/users\/1"}],"replies":[{"embeddable":true,"href":"https:\/\/monnaber.com\/ca\/wp-json\/wp\/v2\/comments?post=2621"}],"version-history":[{"count":0,"href":"https:\/\/monnaber.com\/ca\/wp-json\/wp\/v2\/pages\/2621\/revisions"}],"up":[{"embeddable":true,"href":"https:\/\/monnaber.com\/ca\/wp-json\/wp\/v2\/pages\/2615"}],"wp:attachment":[{"href":"https:\/\/monnaber.com\/ca\/wp-json\/wp\/v2\/media?parent=2621"}],"curies":[{"name":"wp","href":"https:\/\/api.w.org\/{rel}","templated":true}]}}