{"id":2615,"date":"2015-05-06T18:20:09","date_gmt":"2015-05-06T16:20:09","guid":{"rendered":"http:\/\/monnaber.com\/ca\/accomodation\/"},"modified":"2024-04-10T18:21:53","modified_gmt":"2024-04-10T16:21:53","slug":"hotel-rural-agroturisme-luxe-mallorca","status":"publish","type":"page","link":"https:\/\/monnaber.com\/ca\/hotel-rural-agroturisme-luxe-mallorca\/","title":{"rendered":"Allotjament"},"content":{"rendered":"<div class=\"wpb-content-wrapper\"><p>[vc_row][vc_column][vc_widget_sidebar sidebar_id=&#8221;sidebar-book-ca&#8221;]<div class=\"fancy_heading fancy_heading_line\"><div class=\"fh-top\"><\/div><h1 class=\"title \">Habitacions, Suites i apartaments de l'hotel agroturisme Monnaber Nou a Mallorca<\/h1><\/div>\n[\/vc_column][\/vc_row][vc_row][vc_column width=&#8221;1\/3&#8243;][vc_column_text]<\/p>\n<h2 style=\"text-align: center;\"><a class=\"button button_theme\" href=\"\/?page_id=2653\">Habitaci\u00f3 amb balc\u00f3 o terrassa<\/a><\/h2>\n<p><a href=\"\/?page_id=2653\"><img loading=\"lazy\" decoding=\"async\" class=\"aligncenter wp-image-3577 size-medium\" src=\"http:\/\/monnaber.com\/wp-content\/uploads\/2015\/05\/monnaber_nou_accomodation_standard_1-300x163.jpg\" alt=\"- -\" width=\"300\" height=\"163\" title=\"- -\" srcset=\"https:\/\/monnaber.com\/wp-content\/uploads\/2015\/05\/monnaber_nou_accomodation_standard_1-300x163.jpg 300w, https:\/\/monnaber.com\/wp-content\/uploads\/2015\/05\/monnaber_nou_accomodation_standard_1-260x141.jpg 260w, https:\/\/monnaber.com\/wp-content\/uploads\/2015\/05\/monnaber_nou_accomodation_standard_1-50x27.jpg 50w, https:\/\/monnaber.com\/wp-content\/uploads\/2015\/05\/monnaber_nou_accomodation_standard_1-138x75.jpg 138w, https:\/\/monnaber.com\/wp-content\/uploads\/2015\/05\/monnaber_nou_accomodation_standard_1.jpg 700w\" sizes=\"auto, (max-width:767px) 300px, 300px\" \/><\/a><\/p>\n<p style=\"text-align: center;\">Les nostres Habitaci\u00f3ns amb balc\u00f3 o terrassa tenen totes les comoditats i serveis que la resta, situades a l\u2019edifici annexa a 600m del nucli principal i amb superf\u00edcie aproximada de 23m \u00b2.<\/p>\n<p>[\/vc_column_text][\/vc_column][vc_column width=&#8221;1\/3&#8243;][vc_column_text]<\/p>\n<h2 style=\"text-align: center;\"><a class=\"button button_theme\" href=\"\/?page_id=2650\">Habitaci\u00f3 Deluxe<\/a><\/h2>\n<p><a href=\"\/?page_id=2650\"><img loading=\"lazy\" decoding=\"async\" class=\"aligncenter wp-image-3583 size-medium\" src=\"http:\/\/monnaber.com\/wp-content\/uploads\/2015\/05\/monnaber_nou_accomodation_deluxe-300x163.jpg\" alt=\"- -\" width=\"300\" height=\"163\" title=\"- -\" srcset=\"https:\/\/monnaber.com\/wp-content\/uploads\/2015\/05\/monnaber_nou_accomodation_deluxe-300x163.jpg 300w, https:\/\/monnaber.com\/wp-content\/uploads\/2015\/05\/monnaber_nou_accomodation_deluxe-260x141.jpg 260w, https:\/\/monnaber.com\/wp-content\/uploads\/2015\/05\/monnaber_nou_accomodation_deluxe-50x27.jpg 50w, https:\/\/monnaber.com\/wp-content\/uploads\/2015\/05\/monnaber_nou_accomodation_deluxe-138x75.jpg 138w, https:\/\/monnaber.com\/wp-content\/uploads\/2015\/05\/monnaber_nou_accomodation_deluxe.jpg 700w\" sizes=\"auto, (max-width:767px) 300px, 300px\" \/><\/a><\/p>\n<p style=\"text-align: center;\">Les nostres elegants Habitacions Deluxe tamb\u00e9 estan disponibles per a \u00fas individual. S\u00f3n \u00faniques, respectant la distribuci\u00f3 original de l\u2019edifici i tenen una superf\u00edcie aproximada de 25m\u00b2 que satisfaran totes les seves necessitats.<\/p>\n<p>[\/vc_column_text][\/vc_column][vc_column width=&#8221;1\/3&#8243;][vc_column_text]<\/p>\n<h2 style=\"text-align: center;\"><a class=\"button button_theme\" href=\"\/?page_id=2660\">Suite<\/a><\/h2>\n<p style=\"text-align: center;\"><a href=\"\/?page_id=2660\"><img loading=\"lazy\" decoding=\"async\" class=\"aligncenter wp-image-113 size-medium\" src=\"http:\/\/monnaber.com\/wp-content\/uploads\/2015\/05\/suite-1-300x163.jpg\" alt=\"suite-1\" width=\"300\" height=\"163\" title=\"- -\" srcset=\"https:\/\/monnaber.com\/wp-content\/uploads\/2015\/05\/suite-1-300x163.jpg 300w, https:\/\/monnaber.com\/wp-content\/uploads\/2015\/05\/suite-1-260x142.jpg 260w, https:\/\/monnaber.com\/wp-content\/uploads\/2015\/05\/suite-1-50x27.jpg 50w, https:\/\/monnaber.com\/wp-content\/uploads\/2015\/05\/suite-1-576x314.jpg 576w, https:\/\/monnaber.com\/wp-content\/uploads\/2015\/05\/suite-1-138x75.jpg 138w, https:\/\/monnaber.com\/wp-content\/uploads\/2015\/05\/suite-1.jpg 793w\" sizes=\"auto, (max-width:767px) 300px, 300px\" \/><\/a><br \/>\nPer tots aquells que prefereixen m\u00e9s intimidat i una major superf\u00edcie de aproximadament 35m\u00b2 les nostres Suites tenen sala d\u00b4estar i dormitori separat decorades amb estil r\u00fastic mallorqu\u00ed sense oblidar que gaudiran de les millors vistes panor\u00e0miques.<\/p>\n<p>[\/vc_column_text][\/vc_column][\/vc_row][vc_row][vc_column width=&#8221;1\/3&#8243;][vc_column_text]<\/p>\n<h2 style=\"text-align: center;\"><a class=\"button button_theme\" href=\"\/?page_id=2628\">Apartament Suite<\/a><\/h2>\n<p style=\"text-align: center;\"><a href=\"\/?page_id=2628\"><img loading=\"lazy\" decoding=\"async\" class=\"aligncenter wp-image-118 size-medium\" src=\"http:\/\/monnaber.com\/wp-content\/uploads\/2015\/05\/apartment2a-1-300x163.jpg\" alt=\"apartment2a-1\" width=\"300\" height=\"163\" title=\"- -\" srcset=\"https:\/\/monnaber.com\/wp-content\/uploads\/2015\/05\/apartment2a-1-300x163.jpg 300w, https:\/\/monnaber.com\/wp-content\/uploads\/2015\/05\/apartment2a-1-260x142.jpg 260w, https:\/\/monnaber.com\/wp-content\/uploads\/2015\/05\/apartment2a-1-50x27.jpg 50w, https:\/\/monnaber.com\/wp-content\/uploads\/2015\/05\/apartment2a-1-576x314.jpg 576w, https:\/\/monnaber.com\/wp-content\/uploads\/2015\/05\/apartment2a-1-138x75.jpg 138w, https:\/\/monnaber.com\/wp-content\/uploads\/2015\/05\/apartment2a-1.jpg 793w\" sizes=\"auto, (max-width:767px) 300px, 300px\" \/><\/a><br \/>\nAmb dormitori, cuina, bany i balc\u00f3. Amb una superf\u00edcie aproximada de 32m\u00b2.<\/p>\n<p>[\/vc_column_text][\/vc_column][vc_column width=&#8221;1\/3&#8243;][vc_column_text]<\/p>\n<h2 style=\"text-align: center;\"><a class=\"button button_theme\" href=\"\/?page_id=2632\">Apartament Superior<\/a><\/h2>\n<p style=\"text-align: center;\"><a href=\"\/?page_id=2632\"><img loading=\"lazy\" decoding=\"async\" class=\"aligncenter wp-image-3593 size-medium\" src=\"http:\/\/monnaber.com\/wp-content\/uploads\/2015\/05\/monnaber_nou_accomodation_ap_superior-300x163.jpg\" alt=\"- -\" width=\"300\" height=\"163\" title=\"- -\" srcset=\"https:\/\/monnaber.com\/wp-content\/uploads\/2015\/05\/monnaber_nou_accomodation_ap_superior-300x163.jpg 300w, https:\/\/monnaber.com\/wp-content\/uploads\/2015\/05\/monnaber_nou_accomodation_ap_superior-260x142.jpg 260w, https:\/\/monnaber.com\/wp-content\/uploads\/2015\/05\/monnaber_nou_accomodation_ap_superior-50x27.jpg 50w, https:\/\/monnaber.com\/wp-content\/uploads\/2015\/05\/monnaber_nou_accomodation_ap_superior-138x75.jpg 138w, https:\/\/monnaber.com\/wp-content\/uploads\/2015\/05\/monnaber_nou_accomodation_ap_superior.jpg 700w\" sizes=\"auto, (max-width:767px) 300px, 300px\" \/><\/a><br \/>\nAmb dormitori separat sala d\u2019estar, cuina, bany i terrassa privada. Amb una superf\u00edcie aproximada de 40m\u00b2.<\/p>\n<p>[\/vc_column_text][\/vc_column][vc_column width=&#8221;1\/3&#8243;][vc_column_text]<\/p>\n<h2 style=\"text-align: center;\"><a class=\"button button_theme\" href=\"\/?page_id=2635\">Apartament Familiar<\/a><\/h2>\n<p style=\"text-align: center;\"><a href=\"\/?page_id=2635\"><img loading=\"lazy\" decoding=\"async\" class=\"aligncenter wp-image-3599 size-medium\" src=\"http:\/\/monnaber.com\/wp-content\/uploads\/2015\/05\/monnaber_nou_accomodation_ap_familiar-300x163.jpg\" alt=\"- -\" width=\"300\" height=\"163\" title=\"- -\" srcset=\"https:\/\/monnaber.com\/wp-content\/uploads\/2015\/05\/monnaber_nou_accomodation_ap_familiar-300x163.jpg 300w, https:\/\/monnaber.com\/wp-content\/uploads\/2015\/05\/monnaber_nou_accomodation_ap_familiar-260x141.jpg 260w, https:\/\/monnaber.com\/wp-content\/uploads\/2015\/05\/monnaber_nou_accomodation_ap_familiar-50x27.jpg 50w, https:\/\/monnaber.com\/wp-content\/uploads\/2015\/05\/monnaber_nou_accomodation_ap_familiar-138x75.jpg 138w, https:\/\/monnaber.com\/wp-content\/uploads\/2015\/05\/monnaber_nou_accomodation_ap_familiar.jpg 700w\" sizes=\"auto, (max-width:767px) 300px, 300px\" \/><\/a><br \/>\nAmb dos dormitoris separats, sala d\u2019estar, cuina, bany i terrassa privada. Amb una superf\u00edcie aproximada de 52m\u00b2.<\/p>\n<p>[\/vc_column_text][\/vc_column][\/vc_row][vc_row][vc_column width=&#8221;3\/4&#8243;][vc_column_text]<\/p>\n<h2 style=\"text-align: center;\"><a class=\"button button_theme\" href=\"\/?page_id=5115\">Villa S&#8217;Era<\/a><\/h2>\n<p><a href=\"\/?page_id=5115\"><img loading=\"lazy\" decoding=\"async\" class=\"alignnone wp-image-3595 size-full\" src=\"https:\/\/monnaber.com\/wp-content\/uploads\/2018\/08\/villaera-1principal-1024x684.jpg\" alt=\"- -\" width=\"700\" height=\"380\" title=\"- -\"><\/a><\/p>\n<p>La Vila \u201cS\u2019era\u201d \u00e9s una id\u00edl\u00b7lica i moderna casa de camp (aprox 160m2) situada a la mateixa finca a 700m de la casa principal, amb dos dormitoris separats, dos banys, ampli sal\u00f3, cuina amb menjador, envoltat de paisatge.[\/vc_column_text][\/vc_column][vc_column width=&#8221;1\/4&#8243;]<div class=\"infobox\" ><h3 class=\"title \">Prestacions i Serveis ****<\/h3><div class=\"infobox_wrapper\"><span class=\"ib-desc\"><\/p>\n<ul>\n<li>TV Sat\u00e8l.lit<\/li>\n<li>Caixa Fort<\/li>\n<li>Aire Condicionat<\/li>\n<li>Calefacci\u00f3<\/li>\n<li>Minibar<\/li>\n<li>Tel\u00e8fon<\/li>\n<li>Eixugador de Cabells<\/li>\n<li>Bany completament equipat.<\/li>\n<li>Joc de tovalloles i Barn\u00fas.<\/li>\n<li>Conexi\u00f3 a internet wireless<\/li>\n<\/ul>\n<p><\/span><\/div><\/div>\n[\/vc_column][\/vc_row]<\/p>\n<\/div>","protected":false},"excerpt":{"rendered":"<p>[vc_row][vc_column][vc_widget_sidebar sidebar_id=&#8221;sidebar-book-ca&#8221;][\/vc_column][\/vc_row][vc_row][vc_column width=&#8221;1\/3&#8243;][vc_column_text] Habitaci\u00f3 amb balc\u00f3 o terrassa Les nostres Habitaci\u00f3ns amb balc\u00f3 o terrassa tenen totes les comoditats i serveis que la resta, situades a<span class=\"excerpt-hellip\"> [\u2026]<\/span><\/p>\n","protected":false},"author":1,"featured_media":0,"parent":0,"menu_order":0,"comment_status":"open","ping_status":"closed","template":"","meta":{"footnotes":""},"class_list":["post-2615","page","type-page","status-publish","hentry"],"_links":{"self":[{"href":"https:\/\/monnaber.com\/ca\/wp-json\/wp\/v2\/pages\/2615","targetHints":{"allow":["GET"]}}],"collection":[{"href":"https:\/\/monnaber.com\/ca\/wp-json\/wp\/v2\/pages"}],"about":[{"href":"https:\/\/monnaber.com\/ca\/wp-json\/wp\/v2\/types\/page"}],"author":[{"embeddable":true,"href":"https:\/\/monnaber.com\/ca\/wp-json\/wp\/v2\/users\/1"}],"replies":[{"embeddable":true,"href":"https:\/\/monnaber.com\/ca\/wp-json\/wp\/v2\/comments?post=2615"}],"version-history":[{"count":1,"href":"https:\/\/monnaber.com\/ca\/wp-json\/wp\/v2\/pages\/2615\/revisions"}],"predecessor-version":[{"id":14392,"href":"https:\/\/monnaber.com\/ca\/wp-json\/wp\/v2\/pages\/2615\/revisions\/14392"}],"wp:attachment":[{"href":"https:\/\/monnaber.com\/ca\/wp-json\/wp\/v2\/media?parent=2615"}],"curies":[{"name":"wp","href":"https:\/\/api.w.org\/{rel}","templated":true}]}}