{"id":12289,"date":"2020-01-14T17:57:38","date_gmt":"2020-01-14T16:57:38","guid":{"rendered":"https:\/\/monnaber.com\/summer-offer-hotel-monnaber-nou-majorca\/"},"modified":"2022-07-13T08:43:06","modified_gmt":"2022-07-13T06:43:06","slug":"oferta-estiu-hotel-monnaber-nou-mallorca","status":"publish","type":"page","link":"https:\/\/monnaber.com\/ca\/oferta-estiu-hotel-monnaber-nou-mallorca\/","title":{"rendered":"Que res canvi\u00ef les teves ganes de descobrir Mallorca, t&#8217;esperem molt aviat a Monnaber Nou"},"content":{"rendered":"<div class=\"wpb-content-wrapper\"><p>[vc_row][vc_column][vc_widget_sidebar sidebar_id=&#8221;sidebar-book-ca&#8221;][vc_custom_heading text=&#8221;Viatja segur amb cancel\u00b7laci\u00f3 100% gratu\u00efta.<br \/>\nReserva ara a l&#8217;Hotel Rural &amp; Spa Monnaber nou&#8221; font_container=&#8221;tag:h1|font_size:35px|text_align:center|color:%23000000|line_height:38px&#8221; google_fonts=&#8221;font_family:ABeeZee%3Aregular%2Citalic|font_style:400%20regular%3A400%3Anormal&#8221;][vc_empty_space height=&#8221;5px&#8221;][\/vc_column][\/vc_row][vc_row][vc_column width=&#8221;1\/2&#8243;][vc_column_text]Entenem que \u00e9s dif\u00edcil comprometre amb plans de viatge en aquest moment, aix\u00ed \u00e9s com podem ajudar-te:<\/p>\n<p>T&#8217;oferim una pol\u00edtica de <strong>100% cancel\u00b7laci\u00f3 gratu\u00efta<\/strong> per la propera reserva, sense compromisos. Reserva ara sense preocupacions. Pots cancel\u00b7lar en qualsevol moment fins a 5 dies anterior a la teva arribada per obtenir un reemborsament complet.<\/p>\n<p>I Si cancel\u00b7leu, no et presentes o modifiqueu la reserva fora del termini, l&#8217;establiment carregar\u00e0 nom\u00e9s el total de la primera nit. Quedant l&#8217;import en dip\u00f2sit durant 1 any perqu\u00e8 tinguis l&#8217;oportunitat de venir a visitar-nos.<\/p>\n<p><strong>Paga despr\u00e9s<\/strong>: L&#8217;establiment carregar\u00e0 nom\u00e9s l&#8217;import de la primera nit en el moment d&#8217;efectuar la reserva i la resta es pagar\u00e0 a l&#8217;arribar a l&#8217;hotel.[\/vc_column_text][vc_message message_box_style=&#8221;solid-icon&#8221;]<\/p>\n<h2 style=\"text-align: center;\"><strong>Gaudeix del 5% descompte EXTRA amb el codi: <span style=\"color: #ff0000;\"><em>finca05\u00a0<\/em><\/span><\/strong><\/h2>\n<p>[\/vc_message][vc_column_text]El nostre comprom\u00eds \u00e9s que els nostres clients tinguin les millors condicions i tarifes garantides a la seva disposici\u00f3 amb un 5% de descompte sobre l&#8217;allotjament i esmorzar, sense importar el tipus d&#8217;habitaci\u00f3, la durada de l&#8217;estada o el per\u00edode de el viatge, mentre estigui en vigor la oferta, no sent aquesta acumulable amb una altra oferta o descompte.<\/p>\n<p><span style=\"color: #008000;\">Aprofita el <strong>descompte especial de l&#8217; 5% a l&#8217;reservar directament <\/strong>Introdu\u00efnt aquest codi:\u00a0<em><strong>finca05\u00a0<\/strong><\/em>al fer la reserva:\u00a0<\/span>[\/vc_column_text][vc_btn title=&#8221;CLICK AQU\u00cd PER RESERVAR&#8221; style=&#8221;outline&#8221; color=&#8221;danger&#8221; align=&#8221;center&#8221; i_icon_fontawesome=&#8221;fas fa-hand-point-right&#8221; add_icon=&#8221;true&#8221; link=&#8221;url:https%3A%2F%2Fmonnaber.com%2Fbooking%2Freserva.php%3Flang%3Dca|||&#8221;][vc_column_text]<span style=\"color: #008000;\">Nom\u00e9s cal introduir el codi promocional:\u00a0\u00a0<em><strong>finca05\u00a0<\/strong><\/em>a la casella i despr\u00e9s pr\u00e9mer a &#8220;BUSCAR&#8221; i li realitzar\u00e1 el descompte autom\u00e0ticament.<\/span><\/p>\n<p>* Aquest codi no \u00e9s no combinable amb qualsevol altra oferta o descompte aix\u00ed com no aplicable en festius o vig\u00edlies de festius i esdeveniments organitzats per l&#8217;Hotel.<\/p>\n<p>Molt\u00edssimes gr\u00e0cies i esperem donar-li la benvinguda al nostre establiment,<\/p>\n<p>Equip de Monnaber Nou[\/vc_column_text][\/vc_column][vc_column width=&#8221;1\/2&#8243;][vc_single_image image=&#8221;3318&#8243; img_size=&#8221;full&#8221; onclick=&#8221;link_image&#8221;][vc_single_image image=&#8221;3333&#8243; img_size=&#8221;full&#8221; onclick=&#8221;link_image&#8221;][\/vc_column][\/vc_row]<\/p>\n<\/div>","protected":false},"excerpt":{"rendered":"<p>[vc_row][vc_column][vc_widget_sidebar sidebar_id=&#8221;sidebar-book-ca&#8221;][vc_custom_heading text=&#8221;Viatja segur amb cancel\u00b7laci\u00f3 100% gratu\u00efta. Reserva ara a l&#8217;Hotel Rural &amp; Spa Monnaber nou&#8221; font_container=&#8221;tag:h1|font_size:35px|text_align:center|color:%23000000|line_height:38px&#8221; google_fonts=&#8221;font_family:ABeeZee%3Aregular%2Citalic|font_style:400%20regular%3A400%3Anormal&#8221;][vc_empty_space height=&#8221;5px&#8221;][\/vc_column][\/vc_row][vc_row][vc_column width=&#8221;1\/2&#8243;][vc_column_text]Entenem que \u00e9s dif\u00edcil comprometre amb<span class=\"excerpt-hellip\"> [\u2026]<\/span><\/p>\n","protected":false},"author":1,"featured_media":12291,"parent":0,"menu_order":0,"comment_status":"closed","ping_status":"closed","template":"","meta":{"footnotes":""},"class_list":["post-12289","page","type-page","status-publish","has-post-thumbnail","hentry"],"_links":{"self":[{"href":"https:\/\/monnaber.com\/ca\/wp-json\/wp\/v2\/pages\/12289","targetHints":{"allow":["GET"]}}],"collection":[{"href":"https:\/\/monnaber.com\/ca\/wp-json\/wp\/v2\/pages"}],"about":[{"href":"https:\/\/monnaber.com\/ca\/wp-json\/wp\/v2\/types\/page"}],"author":[{"embeddable":true,"href":"https:\/\/monnaber.com\/ca\/wp-json\/wp\/v2\/users\/1"}],"replies":[{"embeddable":true,"href":"https:\/\/monnaber.com\/ca\/wp-json\/wp\/v2\/comments?post=12289"}],"version-history":[{"count":0,"href":"https:\/\/monnaber.com\/ca\/wp-json\/wp\/v2\/pages\/12289\/revisions"}],"wp:featuredmedia":[{"embeddable":true,"href":"https:\/\/monnaber.com\/ca\/wp-json\/wp\/v2\/media\/12291"}],"wp:attachment":[{"href":"https:\/\/monnaber.com\/ca\/wp-json\/wp\/v2\/media?parent=12289"}],"curies":[{"name":"wp","href":"https:\/\/api.w.org\/{rel}","templated":true}]}}